{"id":329,"date":"2015-08-26T23:22:10","date_gmt":"2015-08-26T22:22:10","guid":{"rendered":"http:\/\/agora.xtec.cat\/ies-manuel-sales\/?page_id=329"},"modified":"2024-10-15T10:15:55","modified_gmt":"2024-10-15T08:15:55","slug":"personal-no-docent","status":"publish","type":"page","link":"https:\/\/agora.xtec.cat\/ies-manuel-sales\/comunitat-educativa\/personal-no-docent\/","title":{"rendered":"PERSONAL NO DOCENT"},"content":{"rendered":"<table>\n<tbody>\n<tr>\n<td style=\"vertical-align: top;\" colspan=\"2\">\n<h4><span style=\"color: #333399;\">PAS I PAE<br \/>\n<\/span><\/h4>\n<p>El Personal d&#8217;Administraci\u00f3 i Serveis est\u00e0 format pels professionals de Consergeria, Secretaria i T\u00e8cnics d&#8217;Atenci\u00f3 Educativa amb tasques pedag\u00f2giques.<\/p>\n<table>\n<tbody>\n<tr>\n<td style=\"background-color: #f2c9c9; width: 300px;\"><strong>Nom<\/strong><\/td>\n<td style=\"background-color: #f2c9c9; width: 300px;\"><strong>Lloc de treball<\/strong><\/td>\n<\/tr>\n<tr>\n<td>Lorena Casals Tom\u00e0s<\/td>\n<td>Administrativa<\/td>\n<\/tr>\n<tr>\n<td>Jos\u00e9 Antonio Nieves Fern\u00e1ndez<\/td>\n<td>Conserge<\/td>\n<\/tr>\n<tr>\n<td>Ma. Neus Tom\u00e0s Talarn<\/td>\n<td>Conserge<\/td>\n<\/tr>\n<tr>\n<td>Gl\u00f2ria Bosch Serra<\/td>\n<td>T\u00e8cnica d&#8217;Integraci\u00f3 Social<\/td>\n<\/tr>\n<tr>\n<td>Neus Gasc\u00f3 Homs<\/td>\n<td>Educadora d&#8217;Educaci\u00f3 Especial<\/td>\n<\/tr>\n<tr>\n<td>\u00c1ngeles Sevilla Haro<\/td>\n<td>Vetlladora<\/td>\n<\/tr>\n<tr>\n<td>Catia Quintana Periche<\/td>\n<td>Vetlladora sanit\u00e0ria<\/td>\n<\/tr>\n<tr>\n<td>Manel Pujol Obiol<\/td>\n<td>Fisioterapeuta<\/td>\n<\/tr>\n<tr>\n<td>Judit Villarroya Prime<\/td>\n<td>Logopeda<\/td>\n<\/tr>\n<\/tbody>\n<\/table>\n<\/td>\n<td style=\"width: 200px; vertical-align: top;\">\n<h4><span style=\"color: #333399;\"><img loading=\"lazy\" decoding=\"async\" class=\"alignleft wp-image-403\" src=\"http:\/\/agora.xtec.cat\/ies-manuel-sales\/wp-content\/uploads\/usu728\/2015\/08\/Conserjeria1-132x300.jpg\" alt=\"Conserjeria1\" width=\"198\" height=\"450\" srcset=\"https:\/\/agora.xtec.cat\/ies-manuel-sales\/wp-content\/uploads\/usu728\/2015\/08\/Conserjeria1-132x300.jpg 132w, https:\/\/agora.xtec.cat\/ies-manuel-sales\/wp-content\/uploads\/usu728\/2015\/08\/Conserjeria1.jpg 219w\" sizes=\"auto, (max-width: 198px) 100vw, 198px\" \/><\/span><\/h4>\n<\/td>\n<\/tr>\n<tr>\n<td style=\"vertical-align: top;\" colspan=\"2\">\n<h4><span style=\"color: #339966;\">SERVEI DE BAR<\/span><\/h4>\n<p align=\"left\">L&#8217;Institut disposa de servei de bar per a la comunitat educativa. Aquest servei est\u00e0 contractat a l&#8217;empresa:<\/p>\n<p align=\"left\"><strong>DANIEL SEMENIUC<\/strong><\/p>\n<\/td>\n<td style=\"vertical-align: top;\"><\/td>\n<\/tr>\n<tr>\n<td style=\"vertical-align: top;\" colspan=\"2\"><\/td>\n<td style=\"vertical-align: top;\"><\/td>\n<\/tr>\n<\/tbody>\n<\/table>\n<p>&nbsp;<\/p>\n<p>&nbsp;<\/p>\n","protected":false},"excerpt":{"rendered":"<p>PAS I PAE<\/p>\n<p>El Personal d&#8217;Administraci\u00f3 i Serveis est\u00e0 format pels professionals de Consergeria, Secretaria i T\u00e8cnics d&#8217;Atenci\u00f3 Educativa amb tasques pedag\u00f2giques.<\/p>\n<p>Nom<br \/>\nLloc de treball<\/p>\n<p>Lorena Casals Tom\u00e0s<br \/>\nAdministrativa<\/p>\n<p>Jos\u00e9 Antonio Nieves Fern\u00e1ndez<br \/>\nConserge<\/p>\n<p>Ma. Neus Tom\u00e0s Talarn<br \/>\nConserge<\/p>\n<p>Gl\u00f2ria Bosch Serra<br \/>\nT\u00e8cnica d&#8217;Integraci\u00f3 Social<\/p>\n<p>Neus Gasc\u00f3 Homs<br \/>\nEducadora d&#8217;Educaci\u00f3 Especial<\/p>\n<p>\u00c1ngeles Sevilla Haro<br \/>\nVetlladora<\/p>\n<p>Catia Quintana Periche<br \/>\nVetlladora sanit\u00e0ria<\/p>\n<p>Manel Pujol&hellip;  <a href=\"https:\/\/agora.xtec.cat\/ies-manuel-sales\/comunitat-educativa\/personal-no-docent\/\" title=\"Read PERSONAL NO DOCENT\">Llegeix m\u00e9s\u00bb<\/a><\/p>\n","protected":false},"author":1,"featured_media":0,"parent":323,"menu_order":40,"comment_status":"closed","ping_status":"closed","template":"page-templates\/side-menu.php","meta":{"_bbp_topic_count":0,"_bbp_reply_count":0,"_bbp_total_topic_count":0,"_bbp_total_reply_count":0,"_bbp_voice_count":0,"_bbp_anonymous_reply_count":0,"_bbp_topic_count_hidden":0,"_bbp_reply_count_hidden":0,"_bbp_forum_subforum_count":0,"footnotes":""},"class_list":["post-329","page","type-page","status-publish","hentry"],"post_mailing_queue_ids":[],"_links":{"self":[{"href":"https:\/\/agora.xtec.cat\/ies-manuel-sales\/wp-json\/wp\/v2\/pages\/329","targetHints":{"allow":["GET"]}}],"collection":[{"href":"https:\/\/agora.xtec.cat\/ies-manuel-sales\/wp-json\/wp\/v2\/pages"}],"about":[{"href":"https:\/\/agora.xtec.cat\/ies-manuel-sales\/wp-json\/wp\/v2\/types\/page"}],"author":[{"embeddable":true,"href":"https:\/\/agora.xtec.cat\/ies-manuel-sales\/wp-json\/wp\/v2\/users\/1"}],"replies":[{"embeddable":true,"href":"https:\/\/agora.xtec.cat\/ies-manuel-sales\/wp-json\/wp\/v2\/comments?post=329"}],"version-history":[{"count":5,"href":"https:\/\/agora.xtec.cat\/ies-manuel-sales\/wp-json\/wp\/v2\/pages\/329\/revisions"}],"predecessor-version":[{"id":6398,"href":"https:\/\/agora.xtec.cat\/ies-manuel-sales\/wp-json\/wp\/v2\/pages\/329\/revisions\/6398"}],"up":[{"embeddable":true,"href":"https:\/\/agora.xtec.cat\/ies-manuel-sales\/wp-json\/wp\/v2\/pages\/323"}],"wp:attachment":[{"href":"https:\/\/agora.xtec.cat\/ies-manuel-sales\/wp-json\/wp\/v2\/media?parent=329"}],"curies":[{"name":"wp","href":"https:\/\/api.w.org\/{rel}","templated":true}]}}