{"id":325,"date":"2015-08-26T23:16:20","date_gmt":"2015-08-26T22:16:20","guid":{"rendered":"http:\/\/agora.xtec.cat\/ies-manuel-sales\/?page_id=325"},"modified":"2024-10-11T11:38:47","modified_gmt":"2024-10-11T09:38:47","slug":"claustre-del-professorat","status":"publish","type":"page","link":"https:\/\/agora.xtec.cat\/ies-manuel-sales\/comunitat-educativa\/claustre-del-professorat\/","title":{"rendered":"CLAUSTRE"},"content":{"rendered":"<table>\n<tbody>\n<tr>\n<td style=\"vertical-align: top;\" colspan=\"2\">El Claustre del Professorat integra tot l&#8217;equip docent del centre d&#8217;acord amb el seg\u00fcent llistat agrupat per mat\u00e8ries.<\/p>\n<table style=\"height: 1417px;\">\n<tbody>\n<tr style=\"height: 89px;\">\n<td style=\"width: 250px; height: 89px;\">Llengua catalana<\/td>\n<td style=\"height: 89px;\">\n<ul>\n<li>\u00c0ngela Buj Alfara<\/li>\n<li>Anna Forcadell Geira<\/li>\n<li>Amanda Prats Fabra (Aula d&#8217;Acollida)<\/li>\n<li>No\u00e8lia Sans Barber\u00e0<\/li>\n<li>Gemma Abril L\u00f3pez<\/li>\n<\/ul>\n<\/td>\n<\/tr>\n<tr style=\"height: 128px;\">\n<td style=\"height: 128px;\">Llengua castellana<\/td>\n<td style=\"height: 128px;\">\n<ul>\n<li>Ma. Adela Mart\u00ed Bort (Perfil Biblioteca)<\/li>\n<li>Maria Millan Callarisa<\/li>\n<li>Ma. Pietat Tallada Marin\u00e9<\/li>\n<li>Ma. Teresa Aliaga Cervera<\/li>\n<\/ul>\n<\/td>\n<\/tr>\n<tr style=\"height: 89px;\">\n<td style=\"height: 89px;\">Angl\u00e8s<\/td>\n<td style=\"height: 89px;\">\n<ul>\n<li>Nat\u00e0lia Gras Subirats<\/li>\n<li>Marta Red\u00f3 Capsir<\/li>\n<li>Gemma Revert\u00e9 Guarch<\/li>\n<li>Laia Burguera Mi\u00f1ana<\/li>\n<li>Ariadna Asn\u00e0 \u00c1lvarez<\/li>\n<li>Inmaculada Juani Revert\u00e9<\/li>\n<\/ul>\n<\/td>\n<\/tr>\n<tr style=\"height: 50px;\">\n<td style=\"height: 50px;\">Franc\u00e8s<\/td>\n<td style=\"height: 50px;\">\n<ul>\n<li>Mireia Bel Garrit<\/li>\n<\/ul>\n<\/td>\n<\/tr>\n<tr style=\"height: 50px;\">\n<td style=\"height: 50px;\">Llat\u00ed<\/td>\n<td style=\"height: 50px;\">\n<ul>\n<li>Carla Arb\u00f3 Nieto<\/li>\n<\/ul>\n<\/td>\n<\/tr>\n<tr style=\"height: 109px;\">\n<td style=\"height: 109px;\">Geografia i Hist\u00f2ria<\/td>\n<td style=\"height: 109px;\">\n<ul>\n<li>Maite Sanmart\u00edn Bustos<\/li>\n<li>Francesc Rocamora Riquelme<\/li>\n<li>Toni Forcadell Vericat<\/li>\n<li>Ana Maria Fabregat Gorriz<\/li>\n<\/ul>\n<\/td>\n<\/tr>\n<tr style=\"height: 89px;\">\n<td style=\"height: 89px;\">Biologia i Geologia<\/td>\n<td style=\"height: 89px;\">\n<ul>\n<li>Enric Salt Mundina<\/li>\n<li>Rosa Ma. Mir\u00f3 Fonollosa<\/li>\n<li>Milena Rot Pla (At. Diversitat)<\/li>\n<\/ul>\n<\/td>\n<\/tr>\n<tr style=\"height: 69px;\">\n<td style=\"height: 69px;\">F\u00edsica i Qu\u00edmica<\/td>\n<td style=\"height: 69px;\">\n<ul>\n<li>Rosa Bort Bordenave (Perfil Angl\u00e8s)<\/li>\n<li>Anna Tom\u00e0s Caudet<\/li>\n<li>Gema Esparducer Mart\u00ed<\/li>\n<\/ul>\n<\/td>\n<\/tr>\n<tr style=\"height: 89px;\">\n<td style=\"height: 89px;\">Educaci\u00f3 F\u00edsica<\/td>\n<td style=\"height: 89px;\">\n<ul>\n<li>Francisco Le\u00f3n Floro<\/li>\n<li>Laura Campins Chavalera<\/li>\n<li>Shaila Su\u00e1rez Beteta<\/li>\n<\/ul>\n<\/td>\n<\/tr>\n<tr style=\"height: 50px;\">\n<td style=\"height: 50px;\">M\u00fasica<\/td>\n<td style=\"height: 50px;\">\n<ul>\n<li>Susan Muria Beltri<\/li>\n<\/ul>\n<\/td>\n<\/tr>\n<tr style=\"height: 69px;\">\n<td style=\"height: 69px;\">Dibuix<\/td>\n<td style=\"height: 69px;\">\n<ul>\n<li>Maria Jos\u00e9 Camarasa Codina<\/li>\n<li>Maria Ll\u00e0tser Rodr\u00edguez<\/li>\n<\/ul>\n<\/td>\n<\/tr>\n<tr style=\"height: 109px;\">\n<td style=\"height: 109px;\">Tecnologia<\/td>\n<td style=\"height: 109px;\">\n<ul>\n<li>Ignasi Tal Subirats<\/li>\n<li>J. Rafel Revert\u00e9 Vidal<\/li>\n<li>Lluc Ulldemolins Nolla (Perfil Angl\u00e8s)<\/li>\n<li>Alexandre Pla Guinart<\/li>\n<\/ul>\n<\/td>\n<\/tr>\n<tr style=\"height: 50px;\">\n<td style=\"height: 50px;\">Filosofia<\/td>\n<td style=\"height: 50px;\">\n<ul>\n<li>Pere Conesa Casanova<\/li>\n<\/ul>\n<\/td>\n<\/tr>\n<tr style=\"height: 89px;\">\n<td style=\"height: 89px;\">Matem\u00e0tiques<\/td>\n<td style=\"height: 89px;\">\n<ul>\n<li>Rosa Saura Soriano<\/li>\n<li>R. Albert Roca Gas (Perfil angles)<\/li>\n<li>Jennifer Gonz\u00e1lez Ausejo (Perfil angl\u00e8s)<\/li>\n<li>Ma. Trinidad Canet Catal\u00e0<\/li>\n<li>Dom\u00e8nech Benavent Codina<\/li>\n<\/ul>\n<\/td>\n<\/tr>\n<tr style=\"height: 50px;\">\n<td style=\"height: 50px;\">Economia<\/td>\n<td style=\"height: 50px;\">\n<ul>\n<li>Marian Rol\u00edndez Garayoa<\/li>\n<\/ul>\n<\/td>\n<\/tr>\n<tr style=\"height: 69px;\">\n<td style=\"height: 69px;\">Inform\u00e0tica<\/td>\n<td style=\"height: 69px;\">\n<ul>\n<li>Josep Ausensi Guimer\u00e0<\/li>\n<li>Fede Grang\u00e9 Borr\u00e0s<\/li>\n<\/ul>\n<\/td>\n<\/tr>\n<tr style=\"height: 50px;\">\n<td style=\"height: 50px;\">Sistemes inform\u00e0tics<\/td>\n<td style=\"height: 50px;\">\n<ul>\n<li>Jovita Escu\u00edn Sebasti\u00e0<\/li>\n<li>Raquel Alcalde Espi\u00f1eira<\/li>\n<\/ul>\n<\/td>\n<\/tr>\n<tr>\n<td>Formaci\u00f3 i Orientaci\u00f3 Laboral<\/td>\n<td>\n<ul>\n<li>Leonardo Aren\u00f3s Bordils<\/li>\n<\/ul>\n<\/td>\n<\/tr>\n<tr style=\"height: 69px;\">\n<td style=\"height: 69px;\">Psicopedagogia<\/td>\n<td style=\"height: 69px;\">\n<ul>\n<li>N\u00faria Sansano Ort\u00edz<\/li>\n<li>Martina Sancho Salvador (SIEI)<\/li>\n<li>Nieves P\u00e9rez (SIEI)<\/li>\n<li>Tamara Forner Fern\u00e1ndez (SIEI)<\/li>\n<\/ul>\n<\/td>\n<\/tr>\n<tr style=\"height: 50px;\">\n<td style=\"height: 50px;\">Religi\u00f3 cat\u00f2lica<\/td>\n<td style=\"height: 50px;\">\n<ul>\n<li>Joaquim Llagostera Castell<\/li>\n<\/ul>\n<\/td>\n<\/tr>\n<tr>\n<td>Programa de Formaci\u00f3 i Inserci\u00f3<\/td>\n<td>\n<ul>\n<li>J. Manel Mart\u00ed Montesinos<\/li>\n<li>Ma. Costa Sanz Ferreres<\/li>\n<\/ul>\n<\/td>\n<\/tr>\n<\/tbody>\n<\/table>\n<p><span style=\"color: #993366;\"><em>\u00daltima actualitzaci\u00f3: setembre 2024<\/em><\/span><\/td>\n<td style=\"width: 200px; vertical-align: top;\">\n<h4><span style=\"color: #008000;\"><img loading=\"lazy\" decoding=\"async\" class=\"alignleft wp-image-397\" src=\"http:\/\/agora.xtec.cat\/ies-manuel-sales\/wp-content\/uploads\/usu728\/2015\/08\/claustreprofes-108x300.jpg\" alt=\"claustreprofes\" width=\"200\" height=\"556\" \/><\/span><\/h4>\n<\/td>\n<\/tr>\n<tr>\n<td style=\"vertical-align: top;\" colspan=\"2\">\n<h4><span style=\"color: #008000;\">EQUIP DIRECTIU<\/span><\/h4>\n<table style=\"width: 76.604%; height: 192px;\">\n<tbody>\n<tr style=\"height: 49px;\">\n<td style=\"width: 200px; height: 49px;\"><strong>Direcci\u00f3<\/strong><\/td>\n<td style=\"width: 250px; height: 49px;\">Francisco Le\u00f3n Floro<\/td>\n<\/tr>\n<tr style=\"height: 47px;\">\n<td style=\"height: 47px;\"><strong>Cap d&#8217;estudis<\/strong><\/td>\n<td style=\"width: 200px; height: 47px;\">Jennifer Gonz\u00e1lez Ausejo<\/td>\n<\/tr>\n<tr style=\"height: 32px;\">\n<td style=\"height: 32px;\"><strong>Cap d&#8217;estudis adjunt<\/strong><\/td>\n<td style=\"height: 32px;\">Josep Ausensi Guimer\u00e0<\/td>\n<\/tr>\n<tr style=\"height: 32px;\">\n<td style=\"height: 32px;\"><strong>Coordinaci\u00f3 Pedag\u00f2gica<\/strong><\/td>\n<td style=\"height: 32px;\">Anna Forcadell Geira<\/td>\n<\/tr>\n<tr style=\"height: 32px;\">\n<td style=\"height: 32px;\"><strong>Secretaria<\/strong><\/td>\n<td style=\"height: 32px;\">Ignasi Tal Subirats<\/td>\n<\/tr>\n<\/tbody>\n<\/table>\n<\/td>\n<td style=\"vertical-align: top;\">\n<h4><span style=\"color: #008000;\"><img loading=\"lazy\" decoding=\"async\" class=\"alignleft wp-image-185\" src=\"http:\/\/agora.xtec.cat\/ies-manuel-sales\/wp-content\/uploads\/usu728\/2014\/09\/ampa-150x126.png\" alt=\"ampa\" width=\"200\" height=\"168\" \/><\/span><\/h4>\n<\/td>\n<\/tr>\n<tr>\n<td style=\"vertical-align: top;\" colspan=\"2\">\n<h4><span style=\"color: #993300;\">C\u00c0RRECS DE COORDINACI\u00d3<\/span><\/h4>\n<p><strong>CAPS DE DEPARTAMENT DID\u00c0CTIC<\/strong><\/p>\n<table>\n<tbody>\n<tr>\n<td><\/td>\n<td style=\"width: 200px;\"><strong>Departament<\/strong><\/td>\n<td style=\"width: 200px;\"><strong>Nom<\/strong><\/td>\n<\/tr>\n<tr>\n<td>1<\/td>\n<td>Ling\u00fc\u00edstic<\/td>\n<td>Maria Millan Callarisa<\/td>\n<\/tr>\n<tr>\n<td>2<\/td>\n<td>Ll. Estrangeres<\/td>\n<td>Nat\u00e0lia Gras Subirats<\/td>\n<\/tr>\n<tr>\n<td>3<\/td>\n<td>Orientaci\u00f3<\/td>\n<td>N\u00faria Sansano Ortiz<\/td>\n<\/tr>\n<tr>\n<td>4<\/td>\n<td>C. Naturalesa<\/td>\n<td>Enric Salt Mundina<\/td>\n<\/tr>\n<tr>\n<td>5<\/td>\n<td>Art\u00edstic<\/td>\n<td>Ma. Jos\u00e9 Camarasa Codina<\/td>\n<\/tr>\n<tr>\n<td>6<\/td>\n<td>Ed. F\u00edsica<\/td>\n<td>Laura Campins Chavalera<\/td>\n<\/tr>\n<tr>\n<td>7<\/td>\n<td>Ci\u00e8ncies Socials<\/td>\n<td>Francesc Rocamora Riquelme<\/td>\n<\/tr>\n<tr>\n<td>8<\/td>\n<td>Matem\u00e0tiques<\/td>\n<td>Rosa P. Saura Soriano<\/td>\n<\/tr>\n<tr>\n<td>9<\/td>\n<td>Tecnologia<\/td>\n<td>J. Rafel Revert\u00e9 Vidal<\/td>\n<\/tr>\n<tr>\n<td>10<\/td>\n<td>Cicle Formatiu<\/td>\n<td>Jovita Escu\u00edn Sebasti\u00e0<\/td>\n<\/tr>\n<\/tbody>\n<\/table>\n<\/td>\n<td>&nbsp;<\/p>\n<p>&nbsp;<\/p>\n<p>&nbsp;<\/td>\n<\/tr>\n<tr>\n<td style=\"vertical-align: top;\" colspan=\"2\">\u00a0<strong> COORDINACIONS<\/strong><\/p>\n<table>\n<tbody>\n<tr>\n<td><\/td>\n<td style=\"width: 250px;\" width=\"424\"><strong>C\u00e0rrec<\/strong><\/td>\n<td style=\"width: 200px;\" width=\"251\"><strong>Nom<\/strong><\/td>\n<\/tr>\n<tr>\n<td>1<\/td>\n<td style=\"width: 250px;\" width=\"424\">Coordinaci\u00f3 LIC<\/td>\n<td width=\"251\">Mireia Bel Garrit<\/td>\n<\/tr>\n<tr>\n<td>2<\/td>\n<td width=\"424\">Coordinaci\u00f3 Digital<\/td>\n<td width=\"251\">Fede Grang\u00e9 Borr\u00e0s<\/td>\n<\/tr>\n<tr>\n<td>3<\/td>\n<td width=\"424\">Coordinaci\u00f3 Prevenci\u00f3 de Riscos<\/td>\n<td width=\"251\">Marian Rol\u00edndez Garayoa<\/td>\n<\/tr>\n<tr>\n<td>4<\/td>\n<td width=\"424\">Coordinaci\u00f3 Activitats i Serveis<\/td>\n<td width=\"251\">Joaquim Llagostera Castell<\/td>\n<\/tr>\n<tr>\n<td>5<\/td>\n<td width=\"424\">Coordinaci\u00f3 1r ESO i ABP<\/td>\n<td width=\"251\">Laia Burguera Mi\u00f1ana<\/td>\n<\/tr>\n<tr>\n<td>6<\/td>\n<td width=\"424\">Coordinaci\u00f3 2n ESO i ABP<\/td>\n<td width=\"251\">Maria Ll\u00e1tser Rodr\u00edguez<\/td>\n<\/tr>\n<tr>\n<td>7<\/td>\n<td width=\"424\">Coordinaci\u00f3 3r ESO i ABP<\/td>\n<td width=\"251\">Rosa Bort Bordenave<\/td>\n<\/tr>\n<tr>\n<td>8<\/td>\n<td width=\"424\">Coordinaci\u00f3 4t ESO i ABP<\/td>\n<td width=\"251\">J. Rafel Revert\u00e9 Vidal<\/td>\n<\/tr>\n<tr>\n<td>9<\/td>\n<td width=\"424\">Coordinaci\u00f3 Batxillerat<\/td>\n<td width=\"251\">Rosa P. Saura Soriano<\/td>\n<\/tr>\n<tr>\n<td>10<\/td>\n<td width=\"424\">Coordinaci\u00f3 Cicle Formatiu i EDC<\/td>\n<td width=\"251\">Josep Ausensi Guimer\u00e0<\/td>\n<\/tr>\n<tr>\n<td>11<\/td>\n<td width=\"424\">Coordinaci\u00f3 del Programa de Sostenibilitat &#8220;Escoles Verdes&#8221;<\/td>\n<td width=\"251\">Milena Rot Pla<\/td>\n<\/tr>\n<tr>\n<td>12<\/td>\n<td width=\"424\">Coordinaci\u00f3 de Conviv\u00e8ncia, Coeducaci\u00f3 i Benestar de l&#8217;alumnat<\/td>\n<td width=\"251\">Maite Sanmartin Bustos<\/td>\n<\/tr>\n<tr>\n<td>13<\/td>\n<td width=\"424\">Coordinaci\u00f3 del Pla Catal\u00e0 de l\u2019Esport a l\u2019Escola<\/td>\n<td width=\"251\">Francisco Le\u00f3n Floro<\/td>\n<\/tr>\n<tr>\n<td>14<\/td>\n<td width=\"424\">Coordinaci\u00f3 de Lectura i Biblioteca<\/td>\n<td width=\"251\">Ma. Adela Mart\u00ed Bort<\/td>\n<\/tr>\n<tr>\n<td>15<\/td>\n<td>Coordinaci\u00f3 de la Xarxa de Compet\u00e8ncies B\u00e0siques<\/td>\n<td>Rosa Bort Bordenave<\/td>\n<\/tr>\n<tr>\n<td>16<\/td>\n<td>Coordinaci\u00f3 GEP<\/td>\n<td>Nat\u00e0lia Gras Subirats<\/td>\n<\/tr>\n<tr>\n<td>17<\/td>\n<td>Coordinaci\u00f3 de salut<\/td>\n<td>Rosa M. Mir\u00f3 Fonollosa<\/td>\n<\/tr>\n<\/tbody>\n<\/table>\n<\/td>\n<td><\/td>\n<\/tr>\n<\/tbody>\n<\/table>\n<p>&nbsp;<\/p>\n<p>&nbsp;<\/p>\n<p>&nbsp;<\/p>\n","protected":false},"excerpt":{"rendered":"<p>El Claustre del Professorat integra tot l&#8217;equip docent del centre d&#8217;acord amb el seg\u00fcent llistat agrupat per mat\u00e8ries.<\/p>\n<p>Llengua catalana<\/p>\n<ul>\n<li>\u00c0ngela Buj Alfara<\/li>\n<li>Anna Forcadell Geira<\/li>\n<li>Amanda Prats Fabra (Aula d&#8217;Acollida)<\/li>\n<li>No\u00e8lia Sans Barber\u00e0<\/li>\n<li>Gemma Abril L\u00f3pez<\/li>\n<\/ul>\n<p>Llengua castellana<\/p>\n<ul>\n<li>Ma. Adela Mart\u00ed Bort (Perfil Biblioteca)<\/li>\n<li>Maria Millan Callarisa<\/li>\n<li>Ma. Pietat Tallada Marin\u00e9<\/li>\n<li>Ma. Teresa Aliaga Cervera<\/li>\n<\/ul>\n<p>Angl\u00e8s<\/p>\n<ul>\n<li>Nat\u00e0lia&hellip;  <a href=\"https:\/\/agora.xtec.cat\/ies-manuel-sales\/comunitat-educativa\/claustre-del-professorat\/\" title=\"Read CLAUSTRE\">Llegeix m\u00e9s\u00bb<\/a><br \/>\n","protected":false},"author":1,"featured_media":0,"parent":323,"menu_order":20,"comment_status":"closed","ping_status":"closed","template":"page-templates\/side-menu.php","meta":{"_bbp_topic_count":0,"_bbp_reply_count":0,"_bbp_total_topic_count":0,"_bbp_total_reply_count":0,"_bbp_voice_count":0,"_bbp_anonymous_reply_count":0,"_bbp_topic_count_hidden":0,"_bbp_reply_count_hidden":0,"_bbp_forum_subforum_count":0,"footnotes":""},"class_list":["post-325","page","type-page","status-publish","hentry"],"post_mailing_queue_ids":[],"_links":{"self":[{"href":"https:\/\/agora.xtec.cat\/ies-manuel-sales\/wp-json\/wp\/v2\/pages\/325","targetHints":{"allow":["GET"]}}],"collection":[{"href":"https:\/\/agora.xtec.cat\/ies-manuel-sales\/wp-json\/wp\/v2\/pages"}],"about":[{"href":"https:\/\/agora.xtec.cat\/ies-manuel-sales\/wp-json\/wp\/v2\/types\/page"}],"author":[{"embeddable":true,"href":"https:\/\/agora.xtec.cat\/ies-manuel-sales\/wp-json\/wp\/v2\/users\/1"}],"replies":[{"embeddable":true,"href":"https:\/\/agora.xtec.cat\/ies-manuel-sales\/wp-json\/wp\/v2\/comments?post=325"}],"version-history":[{"count":6,"href":"https:\/\/agora.xtec.cat\/ies-manuel-sales\/wp-json\/wp\/v2\/pages\/325\/revisions"}],"predecessor-version":[{"id":6385,"href":"https:\/\/agora.xtec.cat\/ies-manuel-sales\/wp-json\/wp\/v2\/pages\/325\/revisions\/6385"}],"up":[{"embeddable":true,"href":"https:\/\/agora.xtec.cat\/ies-manuel-sales\/wp-json\/wp\/v2\/pages\/323"}],"wp:attachment":[{"href":"https:\/\/agora.xtec.cat\/ies-manuel-sales\/wp-json\/wp\/v2\/media?parent=325"}],"curies":[{"name":"wp","href":"https:\/\/api.w.org\/{rel}","templated":true}]}}