{"id":323,"date":"2015-08-26T23:03:41","date_gmt":"2015-08-26T22:03:41","guid":{"rendered":"http:\/\/agora.xtec.cat\/ies-manuel-sales\/?page_id=323"},"modified":"2022-09-18T19:59:30","modified_gmt":"2022-09-18T17:59:30","slug":"comunitat-educativa","status":"publish","type":"page","link":"https:\/\/agora.xtec.cat\/ies-manuel-sales\/comunitat-educativa\/","title":{"rendered":"COMUNITAT EDUCATIVA"},"content":{"rendered":"<table>\n<tbody>\n<tr>\n<td>\n<p style=\"text-align: justify;\">La comunitat escolar de l&#8217;Institut compr\u00e8n tots els membres que participen de l&#8217;activitat docent. L&#8217;\u00f2rgan m\u00e9s important \u00e9s el Consell Escolar on tots hi s\u00f3n representats. El Claustre del Professorat \u00e9s l&#8217;\u00f2rgan de gesti\u00f3 de l&#8217;activitat acad\u00e8mica. Completen el conjunt el Personal d&#8217;Administraci\u00f3 i Serveis i els alumnes que tenen en els delegats de grup els seus representants.<\/p>\n<ul>\n<li><a href=\"http:\/\/agora.xtec.cat\/ies-manuel-sales\/comunitat-educativa\/consell-escolar\/\">CONSELL ESCOLAR<\/a><\/li>\n<li><a href=\"http:\/\/agora.xtec.cat\/ies-manuel-sales\/comunitat-educativa\/claustre-del-professorat\/\">CLAUSTRE DEL PROFESSORAT<\/a><\/li>\n<li><a href=\"http:\/\/agora.xtec.cat\/ies-manuel-sales\/comunitat-educativa\/personal-no-docent\/\">PERSONAL D&#8217;ADMINISTRACI\u00d3 I SERVEIS I D&#8217;ATENCI\u00d3 EDUCATIVA<\/a><\/li>\n<li><a href=\"http:\/\/agora.xtec.cat\/ies-manuel-sales\/comunitat-educativa\/alumnat\/\">DELEGATS D&#8217;ALUMNES<\/a><\/li>\n<\/ul>\n<\/td>\n<td style=\"width: 200px; vertical-align: top;\"><img loading=\"lazy\" decoding=\"async\" class=\"alignleft wp-image-168\" src=\"http:\/\/agora.xtec.cat\/ies-manuel-sales\/wp-content\/uploads\/usu728\/2014\/09\/classe-150x150.png\" alt=\"classe\" width=\"199\" height=\"199\" \/><\/td>\n<\/tr>\n<tr>\n<td><\/td>\n<td><\/td>\n<\/tr>\n<\/tbody>\n<\/table>\n","protected":false},"excerpt":{"rendered":"<p>La comunitat escolar de l&#8217;Institut compr\u00e8n tots els membres que participen de l&#8217;activitat docent. L&#8217;\u00f2rgan m\u00e9s important \u00e9s el Consell Escolar on tots hi s\u00f3n representats. El Claustre del Professorat \u00e9s l&#8217;\u00f2rgan de gesti\u00f3 de l&#8217;activitat acad\u00e8mica. Completen el conjunt el Personal d&#8217;Administraci\u00f3 i Serveis&hellip;  <a href=\"https:\/\/agora.xtec.cat\/ies-manuel-sales\/comunitat-educativa\/\" title=\"Read COMUNITAT EDUCATIVA\">Llegeix m\u00e9s\u00bb<\/a><\/p>\n","protected":false},"author":1,"featured_media":0,"parent":0,"menu_order":3,"comment_status":"closed","ping_status":"closed","template":"page-templates\/side-menu.php","meta":{"_bbp_topic_count":0,"_bbp_reply_count":0,"_bbp_total_topic_count":0,"_bbp_total_reply_count":0,"_bbp_voice_count":0,"_bbp_anonymous_reply_count":0,"_bbp_topic_count_hidden":0,"_bbp_reply_count_hidden":0,"_bbp_forum_subforum_count":0,"footnotes":""},"class_list":["post-323","page","type-page","status-publish","hentry"],"post_mailing_queue_ids":[],"_links":{"self":[{"href":"https:\/\/agora.xtec.cat\/ies-manuel-sales\/wp-json\/wp\/v2\/pages\/323","targetHints":{"allow":["GET"]}}],"collection":[{"href":"https:\/\/agora.xtec.cat\/ies-manuel-sales\/wp-json\/wp\/v2\/pages"}],"about":[{"href":"https:\/\/agora.xtec.cat\/ies-manuel-sales\/wp-json\/wp\/v2\/types\/page"}],"author":[{"embeddable":true,"href":"https:\/\/agora.xtec.cat\/ies-manuel-sales\/wp-json\/wp\/v2\/users\/1"}],"replies":[{"embeddable":true,"href":"https:\/\/agora.xtec.cat\/ies-manuel-sales\/wp-json\/wp\/v2\/comments?post=323"}],"version-history":[{"count":4,"href":"https:\/\/agora.xtec.cat\/ies-manuel-sales\/wp-json\/wp\/v2\/pages\/323\/revisions"}],"predecessor-version":[{"id":4631,"href":"https:\/\/agora.xtec.cat\/ies-manuel-sales\/wp-json\/wp\/v2\/pages\/323\/revisions\/4631"}],"wp:attachment":[{"href":"https:\/\/agora.xtec.cat\/ies-manuel-sales\/wp-json\/wp\/v2\/media?parent=323"}],"curies":[{"name":"wp","href":"https:\/\/api.w.org\/{rel}","templated":true}]}}