{"id":321,"date":"2015-08-26T22:56:03","date_gmt":"2015-08-26T21:56:03","guid":{"rendered":"http:\/\/agora.xtec.cat\/ies-manuel-sales\/?page_id=321"},"modified":"2025-10-21T14:56:55","modified_gmt":"2025-10-21T12:56:55","slug":"accio-tutorial","status":"publish","type":"page","link":"https:\/\/agora.xtec.cat\/ies-manuel-sales\/estudis\/accio-tutorial\/","title":{"rendered":"ACCI\u00d3 TUTORIAL"},"content":{"rendered":"<table>\n<tbody>\n<tr>\n<td style=\"vertical-align: top;\"><img loading=\"lazy\" decoding=\"async\" class=\"alignleft wp-image-387\" src=\"http:\/\/agora.xtec.cat\/ies-manuel-sales\/wp-content\/uploads\/usu728\/2015\/08\/hora.jpg\" alt=\"hora\" width=\"150\" height=\"224\" \/><\/td>\n<td>\n<h4><span style=\"color: #008000;\">HORARIS DE TUTORIA &#8211; CURS 2023\/24<br \/>\n<\/span><\/h4>\n<p><a href=\"mailto:ies-manuel-sales@xtec.cat\"><strong>Sol\u00b7licitar visita per e-mail<\/strong><\/a> <a href=\"mailto:ies-manuel-sales@xtec.cat\"><img loading=\"lazy\" decoding=\"async\" class=\" wp-image-768 alignleft\" src=\"https:\/\/agora.xtec.cat\/ies-manuel-sales\/wp-content\/uploads\/usu728\/2016\/05\/correo24t.gif\" alt=\"Enviar un correu\" width=\"39\" height=\"43\" \/><\/a><br \/>\nConcerteu pr\u00e8viament les entrevistes. Si l&#8217;horari fixat no us va b\u00e9, parleu amb el tutor per concretar un horari alternatiu.<\/p>\n<p>&nbsp;<\/p>\n<p>1 ESO A\u00a0 \u00a0<strong>Albert Roca Gas<\/strong> \u00a0 &#8211;\u00a0 dimecres, de 13:10 a 14:05<\/p>\n<p>1 ESO B\u00a0\u00a0 <strong>Marta Red\u00f3 Capsir<\/strong> \u00a0 &#8211; divendres, d&#8217;11:45 a 12:40<\/p>\n<p>1 ESO C\u00a0\u00a0 <strong>Ma. Teresa Gonz\u00e1lez Meseguer<\/strong>\u00a0 \u00a0&#8211;\u00a0 dimarts, d&#8217;11:45 a 12:40<\/p>\n<p>2 ESO A\u00a0\u00a0 <strong>Ma. Pietat Tallada Marin\u00e9<\/strong> &#8211; dimecres, de 10:20 a 11:15<\/p>\n<p>2 ESO B\u00a0\u00a0 <strong>Sahila Su\u00e1rez Beteta<\/strong>\u00a0 &#8211;\u00a0 dimarts, d&#8217;11:45 a 12:40<\/p>\n<p>2 ESO C\u00a0\u00a0 <strong>Laia Burguera Mi\u00f1ana<\/strong> \u00a0 &#8211; dilluns, de 10:20 a 11:15<\/p>\n<p>2 ESO D\u00a0 \u00a0<strong>V. Andr\u00e9s Berti Villena<\/strong> \u00a0 &#8211; dimecres, de 9:25 a 10:20<\/p>\n<p>3 ESO A\u00a0\u00a0 <strong>Jennifer Gonz\u00e1lez Ausejo\u00a0<\/strong> &#8211; dimecres, de 10:20 a 11:15<\/p>\n<p>3 ESO B\u00a0\u00a0\u00a0<strong>Rosa Bort Bordenave <\/strong>\u00a0 &#8211;\u00a0 dijous, de 13:10 a 14:05<\/p>\n<p>3 ESO C\u00a0\u00a0 <strong>Maria Mill\u00e1n Callarisa\u00a0<\/strong> &#8211; dilluns, d&#8217;11:45 a 12:40<\/p>\n<p>4 ESO A\u00a0\u00a0<strong> Laura Campins Chavalera <\/strong>\u00a0 &#8211;\u00a0 divendres, de 10:20 a 11:15<\/p>\n<p>4 ESO B\u00a0\u00a0 <strong>J. Rafel Revert\u00e9 Vidal<\/strong>\u00a0 &#8211;\u00a0 dimarts, de 13:10 a 14:05<\/p>\n<p>AULA OBERTA\u00a0\u00a0 <strong>Milena Rot Pla<\/strong> \u00a0 &#8211; dilluns, de 10:20 a 11:15<\/p>\n<p>1 BATX Cient\/Tecnol \u00a0\u00a0 <strong>Nat\u00e0lia Gras Subirats\u00a0<\/strong> &#8211; dimecres, d&#8217;11:45 a 12:40<\/p>\n<p>1 BATX Human\/Social \u00a0\u00a0 <strong>Amanda Prats Fabra<\/strong> &#8211; divendres, de 13:10 a 14:05<\/p>\n<p>2 BATX\u00a0\u00a0 <strong>Pere Conesa Casanova<\/strong> \u00a0 &#8211;\u00a0 dimarts, d&#8217;11:45 a 12:40<\/p>\n<p>1 CFGM\u00a0\u00a0<strong> Jovita Escu\u00edn Sebasti\u00e0<\/strong> \u00a0 &#8211;\u00a0 (demaneu hora)<\/p>\n<p>2 CFGM\u00a0\u00a0<strong> Josep Ausensi Guimer\u00e0\u00a0<\/strong> &#8211;\u00a0 (demaneu hora)<\/p>\n<p>PFI Auxiliar de Construcci\u00f3 \u00a0\u00a0<strong> Maria Costa Sanz Ferreres\u00a0 &#8211;\u00a0 <\/strong>dimarts, de 9:25 a 10:20<\/p>\n<p>AULA D&#8217;ACOLLIDA\u00a0\u00a0 <strong>Mireia Bel Garrit\u00a0<\/strong> (demaneu hora)<\/p>\n<p>ORIENTADORA\u00a0\u00a0 <strong>N\u00faria Sansano Ort\u00edz\u00a0<\/strong> &#8211;\u00a0 dimecres, de 13:10 a 14:05<\/p>\n<p>&nbsp;<\/p>\n<h5><span style=\"color: #0000ff;\">HORES DE VISITA DE L&#8217;EQUIP DIRECTIU<\/span><\/h5>\n<p>DIRECTOR\u00a0\u00a0 <strong>Francisco Le\u00f3n Floro\u00a0 <\/strong>&#8211;\u00a0\u00a0 (demaneu hora)<strong><br \/>\n<\/strong><\/p>\n<p>CAP D&#8217;ESTUDIS\u00a0 <strong>Jennifer Gonz\u00e1lez Ausejo\u00a0 &#8211;\u00a0\u00a0 <\/strong>(demaneu hora)<strong><br \/>\n<\/strong><\/td>\n<\/tr>\n<tr>\n<td style=\"vertical-align: top;\"><img loading=\"lazy\" decoding=\"async\" class=\"alignleft wp-image-390\" src=\"http:\/\/agora.xtec.cat\/ies-manuel-sales\/wp-content\/uploads\/usu728\/2015\/08\/tutoria.gif\" alt=\"tutoria\" width=\"150\" height=\"150\" \/><\/td>\n<td style=\"vertical-align: top;\">\n<h4><span style=\"color: #800080;\">PLA D&#8217;ACCI\u00d3 TUTORIAL<\/span><\/h4>\n<p><span class=\"\">L&#8217;acci\u00f3 tutorial \u00e9s el conjunt d&#8217;accions educatives que contribueixen, en col\u00b7laboraci\u00f3 amb les fam\u00edlies, a l&#8217;assoliment de les <b>compet\u00e8ncies transversals<\/b> de l&#8217;alumne, que s\u00f3n necess\u00e0ries per poder desenvolupar el projecte personal, acad\u00e8mic i professional.<\/span><\/p>\n<p><strong>Document marc del Pla d&#8217;Acci\u00f3 Tutorial (En revisi\u00f3)<\/strong><\/td>\n<\/tr>\n<tr>\n<td style=\"vertical-align: top;\"><\/td>\n<td style=\"vertical-align: top;\">\n<h4><span style=\"color: #993300;\">EL TREBALL DE RECERCA<\/span><\/h4>\n<p>L&#8217;alumnat de Batxillerat ha de fer un Treball de recerca sobre un tema a escollir de forma volunt\u00e0ria. En aquest apartat hi trobareu informaci\u00f3 i recursos que us ajudaran en el proc\u00e9s d&#8217;elaboraci\u00f3 d&#8217;aquest treball.<\/p>\n<p><strong><a href=\"http:\/\/xtec.gencat.cat\/ca\/curriculum\/batxillerat\/treballrecerca\/\">Informaci\u00f3 sobre el Treball de Recerca<\/a><\/strong><\/p>\n<p><strong><a href=\"https:\/\/drive.google.com\/open?id=1a0n7zQfjkOuSjpxUnYtQiQSIA77Jmv3t\">Guia del centre per elaborar el Treball de Recerca <\/a><\/strong><a href=\"https:\/\/drive.google.com\/open?id=1a0n7zQfjkOuSjpxUnYtQiQSIA77Jmv3t\">(actualitzada el curs 2018\/19)<\/a><\/p>\n<p><strong><a href=\"http:\/\/www.edu365.cat\/batxillerat\/recerca\/index.htm\">Propostes de temes per a Treballs de Recerca<\/a><\/strong><\/p>\n<p><strong><a href=\"http:\/\/xtec.gencat.cat\/ca\/curriculum\/batxillerat\/treballrecerca\/premis\/\">Premis convocats<\/a><\/strong><\/td>\n<\/tr>\n<\/tbody>\n<\/table>\n<p>&nbsp;<\/p>\n<p>&nbsp;<\/p>\n<p>&nbsp;<\/p>\n","protected":false},"excerpt":{"rendered":"<p>HORARIS DE TUTORIA &#8211; CURS 2023\/24<\/p>\n<p><a href=\"mailto:ies-manuel-sales@xtec.cat\">Sol\u00b7licitar visita per e-mail<\/a> <a href=\"mailto:ies-manuel-sales@xtec.cat\"><\/a><br \/>\nConcerteu pr\u00e8viament les entrevistes. Si l&#8217;horari fixat no us va b\u00e9, parleu amb el tutor per concretar un horari alternatiu.<br \/>\n&nbsp;<br \/>\n1 ESO A\u00a0 \u00a0Albert Roca Gas \u00a0 &#8211;\u00a0 dimecres, de 13:10 a 14:05<br \/>\n1 ESO B\u00a0\u00a0&hellip;  <a href=\"https:\/\/agora.xtec.cat\/ies-manuel-sales\/estudis\/accio-tutorial\/\" title=\"Read ACCI\u00d3 TUTORIAL\">Llegeix m\u00e9s\u00bb<\/a><\/p>\n","protected":false},"author":1,"featured_media":0,"parent":195,"menu_order":40,"comment_status":"closed","ping_status":"closed","template":"page-templates\/side-menu.php","meta":{"_bbp_topic_count":0,"_bbp_reply_count":0,"_bbp_total_topic_count":0,"_bbp_total_reply_count":0,"_bbp_voice_count":0,"_bbp_anonymous_reply_count":0,"_bbp_topic_count_hidden":0,"_bbp_reply_count_hidden":0,"_bbp_forum_subforum_count":0,"footnotes":""},"class_list":["post-321","page","type-page","status-publish","hentry"],"post_mailing_queue_ids":[],"_links":{"self":[{"href":"https:\/\/agora.xtec.cat\/ies-manuel-sales\/wp-json\/wp\/v2\/pages\/321","targetHints":{"allow":["GET"]}}],"collection":[{"href":"https:\/\/agora.xtec.cat\/ies-manuel-sales\/wp-json\/wp\/v2\/pages"}],"about":[{"href":"https:\/\/agora.xtec.cat\/ies-manuel-sales\/wp-json\/wp\/v2\/types\/page"}],"author":[{"embeddable":true,"href":"https:\/\/agora.xtec.cat\/ies-manuel-sales\/wp-json\/wp\/v2\/users\/1"}],"replies":[{"embeddable":true,"href":"https:\/\/agora.xtec.cat\/ies-manuel-sales\/wp-json\/wp\/v2\/comments?post=321"}],"version-history":[{"count":5,"href":"https:\/\/agora.xtec.cat\/ies-manuel-sales\/wp-json\/wp\/v2\/pages\/321\/revisions"}],"predecessor-version":[{"id":7123,"href":"https:\/\/agora.xtec.cat\/ies-manuel-sales\/wp-json\/wp\/v2\/pages\/321\/revisions\/7123"}],"up":[{"embeddable":true,"href":"https:\/\/agora.xtec.cat\/ies-manuel-sales\/wp-json\/wp\/v2\/pages\/195"}],"wp:attachment":[{"href":"https:\/\/agora.xtec.cat\/ies-manuel-sales\/wp-json\/wp\/v2\/media?parent=321"}],"curies":[{"name":"wp","href":"https:\/\/api.w.org\/{rel}","templated":true}]}}