{"id":319,"date":"2015-08-26T22:50:32","date_gmt":"2015-08-26T21:50:32","guid":{"rendered":"http:\/\/agora.xtec.cat\/ies-manuel-sales\/?page_id=319"},"modified":"2023-05-07T20:55:22","modified_gmt":"2023-05-07T18:55:22","slug":"orientacio-academica","status":"publish","type":"page","link":"https:\/\/agora.xtec.cat\/ies-manuel-sales\/estudis\/orientacio-academica\/","title":{"rendered":"ORIENTACI\u00d3 ACAD\u00c8MICA"},"content":{"rendered":"<table style=\"height: 2437px;\">\n<tbody>\n<tr style=\"height: 139px;\">\n<td style=\"background-color: #cbf5df; height: 139px; width: 990.4px;\" colspan=\"2\">\n<h4><span style=\"color: #008000;\">ORIENTACI\u00d3 ACAD\u00c8MICA 2023\/24<\/span><\/h4>\n<p><strong>A. ESTUDIS POSTOBLIGATORIS (Batxillerat &#8211; Cicle Formatiu de Grau Mitj\u00e0)<\/strong><\/p>\n<p><strong><a href=\"https:\/\/docs.google.com\/presentation\/d\/e\/2PACX-1vSAHVN5SacQSd2g6IEeWVji77cZ_ec5BYm82l5I6Pl0tQMuLuaesDykaD9NRk3RbZqJExBHuF17sJB2\/pub?start=true&amp;loop=true&amp;delayms=5000\" target=\"_blank\" rel=\"noopener\">Presentaci\u00f3 dels itineraris formatius &gt;&gt;&gt;<\/a><span style=\"color: #ff0000;\"><br \/>\n<\/span><\/strong><\/p>\n<p><strong><a href=\"https:\/\/docs.google.com\/forms\/d\/e\/1FAIpQLSf0o2MOFxoTMrCRMVb5h89wnn9dNjDBdPRkbHKE44TGcIxC1A\/viewform?usp=sf_link\" target=\"_blank\" rel=\"noopener\">\ud83d\udcdd Formulari per triar l&#8217;itinerari formatiu i les mat\u00e8ries de 1r de batxillerat &gt;&gt;&gt;<\/a><br \/>\n<\/strong><\/p>\n<p><strong>B. ESO<\/strong><\/p>\n<p><strong><a href=\"https:\/\/docs.google.com\/forms\/d\/e\/1FAIpQLSfvpspEQRuamp4XkJQ6fS7mz9IL2GMpyEkXr45uah0HzNbNzA\/viewform?usp=sf_link\">\ud83d\udcdd <\/a><a href=\"https:\/\/docs.google.com\/forms\/d\/e\/1FAIpQLSeJEPZKCddNmYoPdNQDcq8-HlXRBXDjVOuOwnxzC1dQGyhviA\/viewform?usp=sf_link\" target=\"_blank\" rel=\"noopener\">Formulari per triar les mat\u00e8ries espec\u00edfiques de 4t d&#8217;ESO &gt;&gt;&gt;<\/a><\/strong><\/td>\n<\/tr>\n<tr style=\"height: 401px;\">\n<td style=\"height: 401px; width: 788.4px;\">\n<h4><span style=\"color: #008000;\">PAU<\/span><\/h4>\n<p style=\"text-align: justify;\">L&#8217;alumnat que obt\u00e9 el t\u00edtol de Batxillerat i vol continuar els seus estudis a la universitat ha de superar les <strong>Proves d&#8217;Acc\u00e9s a la Universitat.<\/strong> Els seg\u00fcents enlla\u00e7os us amplien tota la informaci\u00f3 sobre els tr\u00e0mits que cal seguir.<\/p>\n<p style=\"text-align: justify;\"><strong><a href=\"https:\/\/universitats.gencat.cat\/ca\/proves-acces-PAU-PAP\/\" target=\"_blank\" rel=\"noopener noreferrer\">Tot sobre les proves d&#8217;acc\u00e9s a la universitat<\/a><\/strong><\/p>\n<p style=\"text-align: justify;\"><a href=\"https:\/\/universitats.gencat.cat\/ca\/proves-acces-PAU-PAP\/preparat-PAU\/models-examen-anys-anteriors\/\">Models d&#8217;ex\u00e0mens i criteris<\/a><\/p>\n<p style=\"text-align: justify;\"><a href=\"https:\/\/accesuniversitat.gencat.cat\/accesuniversitat\" target=\"_blank\" rel=\"noopener noreferrer\">Portal d&#8217;Acc\u00e9s a la Universitat<\/a><\/p>\n<p><a href=\"https:\/\/universitats.gencat.cat\/ca\/proves-acces-PAU-PAP\/sobre-proves-aptitud-personal\/\">Proves d&#8217;Aptitud Personal (PAP)<\/a><\/p>\n<p style=\"text-align: justify;\">Altres enlla\u00e7os \u00fatils per preparar les proves:<\/p>\n<p style=\"text-align: justify;\"><a href=\"http:\/\/aplicacions.universitats.gencat.cat\/posat\/AppJava\/frontoffice\/?1\" target=\"_blank\" rel=\"noopener noreferrer\">Posa&#8217;t a prova<\/a><\/p>\n<p style=\"text-align: justify;\"><a href=\"https:\/\/seleactivitat.us18.list-manage.com\/track\/click?u=dc73a7eaad0f8ddc17ba8360f&amp;id=6e9683a4f7&amp;e=3b6071cb60\">Seleactivitat.cat<\/a><\/p>\n<\/td>\n<td style=\"width: 200px; vertical-align: top; height: 401px;\">\n<h4><img loading=\"lazy\" decoding=\"async\" class=\"alignright size-large\" src=\"https:\/\/universitats.gencat.cat\/web\/.content\/01_acces_i_admissio\/proves-acces-PAU-PAP\/imatges\/pau_332x332px.jpg_563309836.jpg\" alt=\"Proves PAU\" width=\"500\" height=\"500\" \/><\/h4>\n<\/td>\n<\/tr>\n<tr style=\"height: 687px;\">\n<td style=\"height: 687px; width: 788.4px;\">\n<h4><span style=\"color: #ff6600;\">ORIENTACI\u00d3 UNIVERSIT\u00c0RIA<\/span><\/h4>\n<p style=\"text-align: justify;\">Per accedir als estudis universitaris a Catalunya cal seguir un proc\u00e9s de preinscripci\u00f3 d&#8217;acord amb els estudis realitzats. Tot seguit teniu enlla\u00e7os que us facilitaran aquests tr\u00e0mits.<\/p>\n<p style=\"text-align: justify;\"><a href=\"http:\/\/universitats.gencat.cat\/ca\/inici\/\" target=\"_blank\" rel=\"noopener noreferrer\">Canal Universitats<\/a><\/p>\n<p style=\"text-align: justify;\"><a href=\"https:\/\/universitats.gencat.cat\/ca\/preinscripcions\/\" target=\"_blank\" rel=\"noopener noreferrer\">Tot sobre la Preinscripci\u00f3 Universit\u00e0ria<\/a><\/p>\n<p style=\"text-align: justify;\"><a href=\"https:\/\/universitats.gencat.cat\/ca\/preinscripcions\/sobre-preinscripcio\/notes-tall\/\" target=\"_blank\" rel=\"noopener noreferrer\">Notes de tall<\/a><\/p>\n<p style=\"text-align: justify;\"><a href=\"https:\/\/universitats.gencat.cat\/ca\/preinscripcions\/sobre-preinscripcio\/ponderacions\/\" target=\"_blank\" rel=\"noopener noreferrer\">Taules de ponderaci\u00f3 de mat\u00e8ries<\/a><\/p>\n<p style=\"text-align: justify;\">Enlla\u00e7os a les p\u00e0gines web de les universitats catalanes<\/p>\n<p class=\"Estilo135\" style=\"text-align: justify;\"><a href=\"http:\/\/universitatsirecerca.gencat.cat\/ca\/inici\/\">Secretaria d&#8217;Universitats i Recerca<\/a><\/p>\n<p class=\"Estilo135\" style=\"text-align: justify;\"><a href=\"http:\/\/agaur.gencat.cat\/ca\/inici\/\">Ag\u00e8ncia de Gesti\u00f3 d&#8217;Ajuts Universitaris i Recerca (AGAUR)<\/a><\/p>\n<p style=\"text-align: justify;\"><span class=\"Estilo60\"><a href=\"http:\/\/www.urv.cat\/ca\/\" target=\"_blank\" rel=\"noopener noreferrer\">Universitat Rovira i Virgili. Activitats d&#8217;orientaci\u00f3.<\/a><br \/>\n<a href=\"https:\/\/www.upc.edu\/ca\" target=\"_blank\" rel=\"noopener noreferrer\">Universitat Polit\u00e8cnica de Catalunya. Informaci\u00f3 a l&#8217;alumnat de secund\u00e0ria.<\/a><br \/>\n<a href=\"http:\/\/www.uab.es\/servlet\/Satellite\/Futurs-Estudiants-1088435590085.html\" target=\"_blank\" rel=\"noopener noreferrer\">Universitat Aut\u00f2noma de Barcelona. Futurs estudiants.<\/a><br \/>\n<a href=\"http:\/\/www.ub.edu\/ub\/serveis\/\" target=\"_blank\" rel=\"noopener noreferrer\">Universitat de Barcelona. Serveis als estudiants.<br \/>\n<\/a><a href=\"https:\/\/www.uji.es\/\" target=\"_blank\" rel=\"noopener noreferrer\">Universitat Jaume I. Futurs estudiants.<\/a><br \/>\n<a href=\"https:\/\/www.uv.es\/uvweb\/universitat\/ca\/universitat-valencia-1285845048380.html\" target=\"_blank\" rel=\"noopener noreferrer\">Universitat de Val\u00e8ncia.<\/a><br \/>\n<a href=\"http:\/\/www.upv.es\/estudios\/futuro-alumno\/index-va.html\" target=\"_blank\" rel=\"noopener noreferrer\">Universitat Polit\u00e8cnica de Val\u00e8ncia. Futurs estudiants.<\/a><br \/>\n<a href=\"https:\/\/www.uvic.cat\/\" target=\"_blank\" rel=\"noopener noreferrer\">Universitat de Vic. Futurs estudiants.<br \/>\n<\/a><a href=\"http:\/\/www.uoc.es\/portal\/catala\/estudis\/index.html\" target=\"_blank\" rel=\"noopener noreferrer\">Universitat Oberta de Catalunya. Estudiar a la UOC.<\/a><br \/>\n<a href=\"http:\/\/www.upf.edu\/\" target=\"_blank\" rel=\"noopener noreferrer\">Universitat Pompeu Fabra.<\/a><br \/>\n<a href=\"http:\/\/www.url.es\/\" target=\"_blank\" rel=\"noopener noreferrer\">Universitat Ramon Llull.<\/a><br \/>\n<a href=\"http:\/\/www.unica.edu\/\" target=\"_blank\" rel=\"noopener noreferrer\">Universitat Internacional de Catalunya.<\/a><\/span><\/p>\n<\/td>\n<td style=\"vertical-align: top; height: 687px; width: 200px;\">\n<h4><span style=\"color: #ff6600;\"><img loading=\"lazy\" decoding=\"async\" class=\"alignleft wp-image-381\" src=\"http:\/\/agora.xtec.cat\/ies-manuel-sales\/wp-content\/uploads\/usu728\/2015\/08\/BRUIXOLA-150x150.gif\" alt=\"BRUIXOLA\" width=\"190\" height=\"190\" \/><\/span><\/h4>\n<\/td>\n<\/tr>\n<tr style=\"height: 331px;\">\n<td style=\"height: 331px; width: 788.4px;\">\n<h4>PROGRAMES DE FORMACI\u00d3 I INSERCI\u00d3<\/h4>\n<p>Els <strong>programes de formaci\u00f3 i inserci\u00f3 <\/strong>s\u00f3n voluntaris i estan adre\u00e7ats als joves que compleixin com a m\u00ednim 16 anys d&#8217;edat i com a m\u00e0xim 21 en l&#8217;any d&#8217;inici del programa, que hagin deixat l&#8217;educaci\u00f3 secund\u00e0ria obligat\u00f2ria (ESO) sense obtenir-ne el t\u00edtol i que, en el moment d&#8217;iniciar els programes, no segueixin estudis en el sistema educatiu ni participin en altres accions de formaci\u00f3.<\/p>\n<p>La finalitat d&#8217;aquests programes \u00e9s proporcionar a aquests joves la possibilitat d&#8217;incorporar-se de nou al sistema educatiu per continuar estudis de formaci\u00f3 professional. Han de facilitar, tamb\u00e9, l&#8217;aprenentatge imprescindible per accedir al mercat de treball amb millors possibilitats d&#8217;obtenir una ocupaci\u00f3 qualificada i duradora.<\/p>\n<p>Tenen una <strong>durada<\/strong> total de 1.000 hores, un curs acad\u00e8mic. Al nostre centre s&#8217;imparteix el <strong>PFI d&#8217;Auxiliar de Construcci\u00f3<\/strong>.<\/p>\n<p><a href=\"http:\/\/queestudiar.gencat.cat\/sites\/queestudiar\/ca\/estudis\/pfi\/\" target=\"_blank\" rel=\"noopener noreferrer\">+ INFORMACI\u00d3<\/a><\/td>\n<td style=\"vertical-align: top; height: 331px; width: 200px;\">\n<h4><img loading=\"lazy\" decoding=\"async\" class=\"alignleft wp-image-378\" src=\"http:\/\/agora.xtec.cat\/ies-manuel-sales\/wp-content\/uploads\/usu728\/2015\/08\/operari-150x133.jpg\" alt=\"Formaci\u00f3 Inicial\" width=\"200\" height=\"177\" \/><\/h4>\n<h4><span style=\"color: #ff6600;\">\u00a0<\/span><\/h4>\n<\/td>\n<\/tr>\n<tr style=\"height: 222px;\">\n<td style=\"vertical-align: top; height: 222px; width: 788.4px;\">\n<h4><span style=\"color: #ffcc00;\">ESTUDIS ART\u00cdSTICS<\/span><\/h4>\n<p style=\"text-align: justify;\">Els ensenyaments art\u00edstics proporcionen als alumnes una formaci\u00f3 art\u00edstica de qualitat i garanteixen la qualificaci\u00f3 dels futurs professionals de les arts pl\u00e0stiques, el disseny, la m\u00fasica, la dansa, l&#8217;art dram\u00e0tic i la conservaci\u00f3 i restauraci\u00f3 de b\u00e9ns culturals.<\/p>\n<p style=\"text-align: justify;\"><a href=\"http:\/\/queestudiar.gencat.cat\/ca\/\" target=\"_blank\" rel=\"noopener noreferrer\">+ INFORMACI\u00d3<\/a><\/p>\n<\/td>\n<td style=\"vertical-align: top; height: 222px; width: 200px;\">\n<h4><span style=\"color: #ffcc00;\"><img loading=\"lazy\" decoding=\"async\" class=\"alignleft wp-image-382\" src=\"http:\/\/agora.xtec.cat\/ies-manuel-sales\/wp-content\/uploads\/usu728\/2015\/08\/cine-150x150.jpg\" alt=\"cine\" width=\"182\" height=\"182\" srcset=\"https:\/\/agora.xtec.cat\/ies-manuel-sales\/wp-content\/uploads\/usu728\/2015\/08\/cine-150x150.jpg 150w, https:\/\/agora.xtec.cat\/ies-manuel-sales\/wp-content\/uploads\/usu728\/2015\/08\/cine-251x250.jpg 251w\" sizes=\"auto, (max-width: 182px) 100vw, 182px\" \/><\/span><\/h4>\n<\/td>\n<\/tr>\n<tr style=\"height: 212px;\">\n<td style=\"vertical-align: top; height: 212px; width: 788.4px;\">\n<h4><span style=\"color: #003366;\">ENSENYAMENTS D&#8217;ESPORTS<\/span><\/h4>\n<p style=\"text-align: justify;\">Els cicles d&#8217;ensenyaments esportius capaciten per exercir professionalment la mat\u00e8ria esportiva en la modalitat i especialitat cursada. S\u2019organitzen en cicles de grau mitj\u00e0 o de grau superior.<\/p>\n<p style=\"text-align: justify;\"><a href=\"http:\/\/queestudiar.gencat.cat\/sites\/queestudiar\/ca\/estudis\/esportius\/\" target=\"_blank\" rel=\"noopener noreferrer\">+ INFORMACI\u00d3<\/a><\/p>\n<\/td>\n<td style=\"vertical-align: top; height: 212px; width: 200px;\">\n<h4><span style=\"color: #003366;\"><img loading=\"lazy\" decoding=\"async\" class=\"alignleft wp-image-383\" src=\"http:\/\/agora.xtec.cat\/ies-manuel-sales\/wp-content\/uploads\/usu728\/2015\/08\/iconaesport-150x142.gif\" alt=\"iconaesport\" width=\"187\" height=\"177\" \/><\/span><\/h4>\n<\/td>\n<\/tr>\n<tr style=\"height: 222px;\">\n<td style=\"vertical-align: top; height: 222px; width: 788.4px;\">\n<h4><span style=\"color: #800000;\">ENSENYAMENTS D&#8217;IDIOMES<\/span><\/h4>\n<div>\n<p style=\"text-align: justify;\">Les persones adultes poden estudiar idiomes moderns en r\u00e8gim oficial a les escoles oficials d&#8217;idiomes (EOI) en modalitat presencial o b\u00e9 a dist\u00e0ncia a l&#8217;IOC Idiomes de l&#8217;Institut Obert de Catalunya. La matr\u00edcula oficial a les EOI d\u00f3na dret a assistir a classe i als ex\u00e0mens que permeten obtenir els certificats acreditatius corresponents. Aquests certificats tamb\u00e9 es poden obtenir en r\u00e8gim lliure.<\/p>\n<\/div>\n<p style=\"text-align: justify;\"><a href=\"http:\/\/queestudiar.gencat.cat\/sites\/queestudiar\/ca\/estudis\/idiomes\" target=\"_blank\" rel=\"noopener noreferrer\">+ INFORMACI\u00d3<\/a><\/p>\n<\/td>\n<td style=\"vertical-align: top; height: 222px; width: 200px;\">\n<h4><span style=\"color: #800000;\"><img loading=\"lazy\" decoding=\"async\" class=\"alignleft wp-image-384\" src=\"http:\/\/agora.xtec.cat\/ies-manuel-sales\/wp-content\/uploads\/usu728\/2015\/08\/tribunal.jpg\" alt=\"tribunal\" width=\"185\" height=\"185\" \/><\/span><\/h4>\n<\/td>\n<\/tr>\n<tr style=\"height: 223px;\">\n<td style=\"height: 223px; width: 788.4px;\">\n<h4><span style=\"color: #993366;\">ENLLA\u00c7OS D&#8217;INTER\u00c8S<\/span><\/h4>\n<p><a href=\"http:\/\/ioc.xtec.cat\/educacio\/index.php\" target=\"_blank\" rel=\"noopener noreferrer\">Institut Obert de Catalunya<\/a><\/p>\n<p><a href=\"https:\/\/triaeducativa.gencat.cat\/ca\/inici\/\" target=\"_blank\" rel=\"noopener noreferrer\">Tria Educativa &#8211; Qu\u00e8 estudiar<\/a><\/p>\n<p><a href=\"https:\/\/montsia.us6.list-manage.com\/track\/click?u=43411062438a0a9ad99c1efea&amp;id=f3efb05ba4&amp;e=9dd5e8fbb1\">Guia d&#8217;orientaci\u00f3 dels Itineraris Formatius a les Terres de l&#8217;Ebre<\/a><\/p>\n<p><a href=\"http:\/\/www.qestudio.cat\/\"><img loading=\"lazy\" decoding=\"async\" class=\"alignleft size-thumbnail wp-image-385\" src=\"http:\/\/agora.xtec.cat\/ies-manuel-sales\/wp-content\/uploads\/usu728\/2015\/08\/qestudio-150x30.gif\" alt=\"qestudio\" width=\"150\" height=\"30\" \/><\/a><\/td>\n<td style=\"height: 223px; width: 200px;\"><\/td>\n<\/tr>\n<\/tbody>\n<\/table>\n<p>&nbsp;<\/p>\n<p>&nbsp;<\/p>\n<p>&nbsp;<\/p>\n","protected":false},"excerpt":{"rendered":"<p>ORIENTACI\u00d3 ACAD\u00c8MICA 2023\/24<br \/>\nA. ESTUDIS POSTOBLIGATORIS (Batxillerat &#8211; Cicle Formatiu de Grau Mitj\u00e0)<br \/>\n<a href=\"https:\/\/docs.google.com\/presentation\/d\/e\/2PACX-1vSAHVN5SacQSd2g6IEeWVji77cZ_ec5BYm82l5I6Pl0tQMuLuaesDykaD9NRk3RbZqJExBHuF17sJB2\/pub?start=true&amp;loop=true&amp;delayms=5000\" target=\"_blank\" rel=\"noopener\">Presentaci\u00f3 dels itineraris formatius &gt;&gt;&gt;<\/a><\/p>\n<p><a href=\"https:\/\/docs.google.com\/forms\/d\/e\/1FAIpQLSf0o2MOFxoTMrCRMVb5h89wnn9dNjDBdPRkbHKE44TGcIxC1A\/viewform?usp=sf_link\" target=\"_blank\" rel=\"noopener\">\ud83d\udcdd Formulari per triar l&#8217;itinerari formatiu i les mat\u00e8ries de 1r de batxillerat &gt;&gt;&gt;<\/a><\/p>\n<p>B. ESO<br \/>\n<a href=\"https:\/\/docs.google.com\/forms\/d\/e\/1FAIpQLSfvpspEQRuamp4XkJQ6fS7mz9IL2GMpyEkXr45uah0HzNbNzA\/viewform?usp=sf_link\">\ud83d\udcdd <\/a><a href=\"https:\/\/docs.google.com\/forms\/d\/e\/1FAIpQLSeJEPZKCddNmYoPdNQDcq8-HlXRBXDjVOuOwnxzC1dQGyhviA\/viewform?usp=sf_link\" target=\"_blank\" rel=\"noopener\">Formulari per triar les mat\u00e8ries&hellip;  <a href=\"https:\/\/agora.xtec.cat\/ies-manuel-sales\/estudis\/orientacio-academica\/\" title=\"Read ORIENTACI\u00d3 ACAD\u00c8MICA\">Llegeix m\u00e9s\u00bb<\/a><\/p>\n","protected":false},"author":1,"featured_media":0,"parent":195,"menu_order":30,"comment_status":"closed","ping_status":"closed","template":"page-templates\/side-menu.php","meta":{"_bbp_topic_count":0,"_bbp_reply_count":0,"_bbp_total_topic_count":0,"_bbp_total_reply_count":0,"_bbp_voice_count":0,"_bbp_anonymous_reply_count":0,"_bbp_topic_count_hidden":0,"_bbp_reply_count_hidden":0,"_bbp_forum_subforum_count":0,"footnotes":""},"class_list":["post-319","page","type-page","status-publish","hentry"],"post_mailing_queue_ids":[],"_links":{"self":[{"href":"https:\/\/agora.xtec.cat\/ies-manuel-sales\/wp-json\/wp\/v2\/pages\/319","targetHints":{"allow":["GET"]}}],"collection":[{"href":"https:\/\/agora.xtec.cat\/ies-manuel-sales\/wp-json\/wp\/v2\/pages"}],"about":[{"href":"https:\/\/agora.xtec.cat\/ies-manuel-sales\/wp-json\/wp\/v2\/types\/page"}],"author":[{"embeddable":true,"href":"https:\/\/agora.xtec.cat\/ies-manuel-sales\/wp-json\/wp\/v2\/users\/1"}],"replies":[{"embeddable":true,"href":"https:\/\/agora.xtec.cat\/ies-manuel-sales\/wp-json\/wp\/v2\/comments?post=319"}],"version-history":[{"count":4,"href":"https:\/\/agora.xtec.cat\/ies-manuel-sales\/wp-json\/wp\/v2\/pages\/319\/revisions"}],"predecessor-version":[{"id":377,"href":"https:\/\/agora.xtec.cat\/ies-manuel-sales\/wp-json\/wp\/v2\/pages\/319\/revisions\/377"}],"up":[{"embeddable":true,"href":"https:\/\/agora.xtec.cat\/ies-manuel-sales\/wp-json\/wp\/v2\/pages\/195"}],"wp:attachment":[{"href":"https:\/\/agora.xtec.cat\/ies-manuel-sales\/wp-json\/wp\/v2\/media?parent=319"}],"curies":[{"name":"wp","href":"https:\/\/api.w.org\/{rel}","templated":true}]}}