{"id":317,"date":"2015-08-26T22:45:28","date_gmt":"2015-08-26T21:45:28","guid":{"rendered":"http:\/\/agora.xtec.cat\/ies-manuel-sales\/?page_id=317"},"modified":"2025-07-01T21:03:57","modified_gmt":"2025-07-01T19:03:57","slug":"llibres-de-text-i-lectures","status":"publish","type":"page","link":"https:\/\/agora.xtec.cat\/ies-manuel-sales\/estudis\/llibres-de-text-i-lectures\/","title":{"rendered":"LLIBRES DE TEXT"},"content":{"rendered":"<p style=\"text-align: left;\"><span style=\"color: #008000; font-size: 20px;\"><strong>Curs 2025\/26<\/strong><\/span><\/p>\n<h4>LLIBRES DE TEXT EN PAPER<\/h4>\n<table>\n<tbody>\n<tr>\n<td style=\"text-align: center; vertical-align: top;\">\n<h4><strong>ESO<\/strong><\/h4>\n<\/td>\n<td style=\"vertical-align: top;\">\n<p style=\"text-align: center;\"><a href=\"https:\/\/drive.google.com\/file\/d\/1IsNSf9yLsgnR6Hoc5iNzJTghqMmkep1l\/view?usp=drive_link\" target=\"_blank\" rel=\"noopener noreferrer\"><img loading=\"lazy\" decoding=\"async\" class=\"aligncenter wp-image-370 size-full\" src=\"https:\/\/agora.xtec.cat\/ies-manuel-sales\/wp-content\/uploads\/usu728\/2015\/08\/ico-llibre1.jpg\" alt=\"ico-llibre1\" width=\"115\" height=\"140\" \/><\/a><strong>1 ESO<\/strong><\/p>\n<\/td>\n<td style=\"vertical-align: top; text-align: center;\"><a href=\"https:\/\/drive.google.com\/file\/d\/1zPG6XN9-A_6xfBNqjF7IjS8V_9Tbi9Gw\/view?usp=drive_link\" target=\"_blank\" rel=\"noopener noreferrer\"><img loading=\"lazy\" decoding=\"async\" class=\"aligncenter wp-image-370 size-full\" src=\"https:\/\/agora.xtec.cat\/ies-manuel-sales\/wp-content\/uploads\/usu728\/2015\/08\/ico-llibre1.jpg\" alt=\"ico-llibre1\" width=\"115\" height=\"140\" \/><\/a><strong>2 ESO<\/strong><\/td>\n<td style=\"vertical-align: top; text-align: center;\"><a href=\"https:\/\/drive.google.com\/file\/d\/1XYXSxTgVNzeopqCFEpqL2Jy48EPWQykH\/view?usp=drive_link\" target=\"_blank\" rel=\"noopener noreferrer\"><img loading=\"lazy\" decoding=\"async\" class=\"aligncenter wp-image-370 size-full\" src=\"https:\/\/agora.xtec.cat\/ies-manuel-sales\/wp-content\/uploads\/usu728\/2015\/08\/ico-llibre1.jpg\" alt=\"ico-llibre1\" width=\"115\" height=\"140\" \/><\/a><strong>3 ESO<\/strong><\/td>\n<td style=\"vertical-align: top; text-align: center;\"><a href=\"https:\/\/drive.google.com\/file\/d\/1IBLj3UDWUUnRb3zOV8D9joZzDjebAPQG\/view?usp=drive_link\" target=\"_blank\" rel=\"noopener noreferrer\"><img loading=\"lazy\" decoding=\"async\" class=\"aligncenter wp-image-370 size-full\" src=\"https:\/\/agora.xtec.cat\/ies-manuel-sales\/wp-content\/uploads\/usu728\/2015\/08\/ico-llibre1.jpg\" alt=\"ico-llibre1\" width=\"115\" height=\"140\" \/><\/a><strong>4 ESO<\/strong><\/td>\n<\/tr>\n<tr>\n<td style=\"text-align: center; vertical-align: top;\">\n<h4>BATXILLERAT<\/h4>\n<\/td>\n<td style=\"text-align: center; vertical-align: top;\"><a href=\"https:\/\/drive.google.com\/file\/d\/1U60j0CgRke7IOTaZ4PEoT_A0_dZGwfxF\/view?usp=drive_link\" target=\"_blank\" rel=\"noopener noreferrer\"><img loading=\"lazy\" decoding=\"async\" class=\"aligncenter wp-image-371 size-full\" src=\"https:\/\/agora.xtec.cat\/ies-manuel-sales\/wp-content\/uploads\/usu728\/2015\/08\/ico-llibre2.jpg\" alt=\"ico-llibre2\" width=\"110\" height=\"141\" \/><\/a><strong>1 BAT<\/strong><\/td>\n<td style=\"text-align: center; vertical-align: top;\"><a href=\"https:\/\/drive.google.com\/file\/d\/1ZTX2zVWvkK8RS_p74AtenFfBA4cw929C\/view?usp=drive_link\"><img loading=\"lazy\" decoding=\"async\" class=\"aligncenter wp-image-371 size-full\" src=\"https:\/\/agora.xtec.cat\/ies-manuel-sales\/wp-content\/uploads\/usu728\/2015\/08\/ico-llibre2.jpg\" alt=\"ico-llibre2\" width=\"110\" height=\"141\" \/><\/a><strong>2 BAT<\/strong><\/td>\n<td style=\"background-color: #bab3b3;\"><\/td>\n<td style=\"background-color: #bab3b3;\"><\/td>\n<\/tr>\n<tr>\n<td style=\"text-align: center; vertical-align: top;\">\n<h4>FORMACI\u00d3<\/h4>\n<h4>PROFESSIONAL<\/h4>\n<\/td>\n<td style=\"text-align: center; vertical-align: top;\"><a href=\"https:\/\/drive.google.com\/file\/d\/1jFixDhyPaQZkg1wzvEvSCc9_8AaKua_J\/view?usp=drive_link\"><img loading=\"lazy\" decoding=\"async\" class=\"aligncenter wp-image-372 size-full\" src=\"https:\/\/agora.xtec.cat\/ies-manuel-sales\/wp-content\/uploads\/usu728\/2015\/08\/ico-llibre3.jpg\" alt=\"ico-llibre3\" width=\"115\" height=\"140\" \/><\/a><strong>1 CFGM<\/strong><\/td>\n<td style=\"text-align: center; vertical-align: top;\">\n<p style=\"text-align: center;\"><img loading=\"lazy\" decoding=\"async\" class=\"aligncenter size-large wp-image-372\" src=\"http:\/\/agora.xtec.cat\/ies-manuel-sales\/wp-content\/uploads\/usu728\/2015\/08\/ico-llibre3.jpg\" alt=\"ico-llibre3\" width=\"115\" height=\"140\" \/><strong>2 CFGM<\/strong><\/p>\n<p style=\"text-align: center;\"><span style=\"color: #ff0000;\"><strong><span class=\"Estilo32\">NO HI HA LLIBRES<br \/>\nEN PAPER<\/span><\/strong><\/span><\/p>\n<\/td>\n<td style=\"background-color: #fcfcfc;\">\n<p style=\"text-align: center;\"><img loading=\"lazy\" decoding=\"async\" class=\"aligncenter size-large wp-image-372\" src=\"http:\/\/agora.xtec.cat\/ies-manuel-sales\/wp-content\/uploads\/usu728\/2015\/08\/ico-llibre3.jpg\" alt=\"ico-llibre3\" width=\"115\" height=\"140\" \/><strong>PFI<\/strong><\/p>\n<p style=\"text-align: center;\"><span style=\"color: #ff0000;\"><strong><span class=\"Estilo32\">NO HI HA LLIBRES<br \/>\nEN PAPER<\/span><\/strong><\/span><\/p>\n<\/td>\n<td style=\"background-color: #bab3b3;\"><\/td>\n<\/tr>\n<\/tbody>\n<\/table>\n<h4>LLIBRES DIGITALS<\/h4>\n<table>\n<tbody>\n<tr>\n<td style=\"vertical-align: top;\">\n<p style=\"text-align: justify;\"><span style=\"font-size: 16px;\">Les mat\u00e8ries que no disposin de llibres de text en paper (ESO), seran substitu\u00efdes per l&#8217;adquisici\u00f3 de llic\u00e8ncies digitals a trav\u00e9s d&#8217;internet que donaran acc\u00e9s als continguts d&#8217;aquestes.<\/span><\/p>\n<p style=\"text-align: justify;\"><span style=\"font-size: 16px;\">+ informaci\u00f3 a l&#8217;\u00e0rea Serveis Digitals<\/span><\/p>\n<\/td>\n<td style=\"width: 200px; vertical-align: top;\"><img loading=\"lazy\" decoding=\"async\" class=\"alignnone wp-image-4916 size-full\" src=\"https:\/\/agora.xtec.cat\/ies-manuel-sales\/wp-content\/uploads\/usu728\/2023\/01\/edc.png\" alt=\"Estrat\u00e8gia Digital de Centre\" width=\"366\" height=\"268\" \/><\/td>\n<\/tr>\n<\/tbody>\n<\/table>\n<p>&nbsp;<\/p>\n","protected":false},"excerpt":{"rendered":"<p>Curs 2025\/26<br \/>\nLLIBRES DE TEXT EN PAPER<\/p>\n<p>ESO<\/p>\n<p><a href=\"https:\/\/drive.google.com\/file\/d\/1IsNSf9yLsgnR6Hoc5iNzJTghqMmkep1l\/view?usp=drive_link\" target=\"_blank\" rel=\"noopener noreferrer\"><\/a>1 ESO<\/p>\n<p><a href=\"https:\/\/drive.google.com\/file\/d\/1zPG6XN9-A_6xfBNqjF7IjS8V_9Tbi9Gw\/view?usp=drive_link\" target=\"_blank\" rel=\"noopener noreferrer\"><\/a>2 ESO<br \/>\n<a href=\"https:\/\/drive.google.com\/file\/d\/1XYXSxTgVNzeopqCFEpqL2Jy48EPWQykH\/view?usp=drive_link\" target=\"_blank\" rel=\"noopener noreferrer\"><\/a>3 ESO<br \/>\n<a href=\"https:\/\/drive.google.com\/file\/d\/1IBLj3UDWUUnRb3zOV8D9joZzDjebAPQG\/view?usp=drive_link\" target=\"_blank\" rel=\"noopener noreferrer\"><\/a>4 ESO<\/p>\n<p>BATXILLERAT<\/p>\n<p><a href=\"https:\/\/drive.google.com\/file\/d\/1U60j0CgRke7IOTaZ4PEoT_A0_dZGwfxF\/view?usp=drive_link\" target=\"_blank\" rel=\"noopener noreferrer\"><\/a>1 BAT<br \/>\n<a href=\"https:\/\/drive.google.com\/file\/d\/1ZTX2zVWvkK8RS_p74AtenFfBA4cw929C\/view?usp=drive_link\"><\/a>2 BAT<\/p>\n<p>FORMACI\u00d3<br \/>\nPROFESSIONAL<\/p>\n<p><a href=\"https:\/\/drive.google.com\/file\/d\/1jFixDhyPaQZkg1wzvEvSCc9_8AaKua_J\/view?usp=drive_link\"><\/a>1 CFGM<\/p>\n<p>2 CFGM<br \/>\nNO HI HA LLIBRES<br \/>\nEN PAPER<\/p>\n<p>PFI<br \/>\nNO HI HA LLIBRES<br \/>\nEN PAPER<\/p>\n<p>LLIBRES DIGITALS<\/p>\n<p>Les&hellip;  <a href=\"https:\/\/agora.xtec.cat\/ies-manuel-sales\/estudis\/llibres-de-text-i-lectures\/\" title=\"Read LLIBRES DE TEXT\">Llegeix m\u00e9s\u00bb<\/a><\/p>\n","protected":false},"author":1,"featured_media":0,"parent":195,"menu_order":20,"comment_status":"closed","ping_status":"closed","template":"page-templates\/side-menu.php","meta":{"_bbp_topic_count":0,"_bbp_reply_count":0,"_bbp_total_topic_count":0,"_bbp_total_reply_count":0,"_bbp_voice_count":0,"_bbp_anonymous_reply_count":0,"_bbp_topic_count_hidden":0,"_bbp_reply_count_hidden":0,"_bbp_forum_subforum_count":0,"footnotes":""},"class_list":["post-317","page","type-page","status-publish","hentry"],"post_mailing_queue_ids":[],"_links":{"self":[{"href":"https:\/\/agora.xtec.cat\/ies-manuel-sales\/wp-json\/wp\/v2\/pages\/317","targetHints":{"allow":["GET"]}}],"collection":[{"href":"https:\/\/agora.xtec.cat\/ies-manuel-sales\/wp-json\/wp\/v2\/pages"}],"about":[{"href":"https:\/\/agora.xtec.cat\/ies-manuel-sales\/wp-json\/wp\/v2\/types\/page"}],"author":[{"embeddable":true,"href":"https:\/\/agora.xtec.cat\/ies-manuel-sales\/wp-json\/wp\/v2\/users\/1"}],"replies":[{"embeddable":true,"href":"https:\/\/agora.xtec.cat\/ies-manuel-sales\/wp-json\/wp\/v2\/comments?post=317"}],"version-history":[{"count":7,"href":"https:\/\/agora.xtec.cat\/ies-manuel-sales\/wp-json\/wp\/v2\/pages\/317\/revisions"}],"predecessor-version":[{"id":7040,"href":"https:\/\/agora.xtec.cat\/ies-manuel-sales\/wp-json\/wp\/v2\/pages\/317\/revisions\/7040"}],"up":[{"embeddable":true,"href":"https:\/\/agora.xtec.cat\/ies-manuel-sales\/wp-json\/wp\/v2\/pages\/195"}],"wp:attachment":[{"href":"https:\/\/agora.xtec.cat\/ies-manuel-sales\/wp-json\/wp\/v2\/media?parent=317"}],"curies":[{"name":"wp","href":"https:\/\/api.w.org\/{rel}","templated":true}]}}