{"id":315,"date":"2015-08-26T22:40:15","date_gmt":"2015-08-26T21:40:15","guid":{"rendered":"http:\/\/agora.xtec.cat\/ies-manuel-sales\/?page_id=315"},"modified":"2025-03-13T09:52:08","modified_gmt":"2025-03-13T08:52:08","slug":"cicle-formatiu-de-grau-mitja","status":"publish","type":"page","link":"https:\/\/agora.xtec.cat\/ies-manuel-sales\/estudis\/cicle-formatiu-de-grau-mitja\/","title":{"rendered":"CFGM INFORM\u00c0TICA"},"content":{"rendered":"<h2><\/h2>\n<table style=\"width: 100%;\">\n<tbody>\n<tr>\n<td style=\"width: 67.2065%;\" colspan=\"2\">\n<h5 align=\"justify\"><strong>COM ARRIBAR D&#8217;ALTRES POBLACIONS?<\/strong><\/h5>\n<p><a href=\"https:\/\/www.hife.es\/\" target=\"_blank\" rel=\"noopener\"><img loading=\"lazy\" decoding=\"async\" class=\"alignleft wp-image-6780 size-full\" src=\"https:\/\/agora.xtec.cat\/ies-manuel-sales\/wp-content\/uploads\/usu728\/2025\/03\/hife-e1741852385468.png\" alt=\"\" width=\"213\" height=\"85\" \/><\/a><\/p>\n<p>&nbsp;<\/p>\n<h5><\/h5>\n<p>&nbsp;<\/p>\n<h5><strong>LA S\u00c9NIA &#8211; ULLDECONA<\/strong><\/h5>\n<table style=\"border-collapse: collapse; width: 59.1332%; height: 74px;\">\n<tbody>\n<tr style=\"height: 46px;\">\n<td style=\"width: 25.9603%; height: 46px;\">\n<h3>La S\u00e9nia &#8211; Ulldecona<\/h3>\n<\/td>\n<td style=\"width: 28.9743%; height: 46px;\">\n<h3>Ulldecona &#8211; La S\u00e9nia<\/h3>\n<\/td>\n<\/tr>\n<tr style=\"height: 28px;\">\n<td style=\"width: 25.9603%; height: 28px;\">\n<ul>\n<li><span style=\"font-size: 14px;\">07.50 h &#8211; 08.10 h<\/span><\/li>\n<li><span style=\"font-size: 14px;\">10.15 h &#8211; 10.35 h<\/span><\/li>\n<\/ul>\n<\/td>\n<td style=\"width: 28.9743%; height: 28px;\">\n<ul>\n<li><span style=\"font-size: 14px;\">12.45 h &#8211; 13.15 h<\/span><\/li>\n<li><span style=\"font-size: 14px;\">14.20 h &#8211; 14.40 h<\/span><\/li>\n<li><span style=\"font-size: 14px;\">15.35 h &#8211; 15.55 h<\/span><\/li>\n<li><span style=\"font-size: 14px;\">15.58 h &#8211; 16.10 h<\/span><\/li>\n<\/ul>\n<\/td>\n<\/tr>\n<\/tbody>\n<\/table>\n<h5><strong>VINAR\u00d2S &#8211; ALCANAR &#8211; ULLDECONA<\/strong><\/h5>\n<table style=\"border-collapse: collapse; width: 59.1346%; height: 196px;\">\n<tbody>\n<tr style=\"height: 46px;\">\n<td style=\"width: 27.8243%; height: 46px;\">\n<h3>Vinar\u00f2s &#8211; Alcanar<\/h3>\n<\/td>\n<td style=\"width: 31.311%; height: 46px;\">\n<h3>Alcanar &#8211; Ulldecona<\/h3>\n<\/td>\n<\/tr>\n<tr style=\"height: 52px;\">\n<td style=\"width: 27.8243%; height: 52px;\">&nbsp;<\/p>\n<ul>\n<li><span style=\"font-size: 14px;\">07.50 h &#8211; 08.05 h <span style=\"color: #0000ff;\"><sub>1<\/sub><\/span><\/span><\/li>\n<li><span style=\"font-size: 14px;\">08.45 h &#8211; 09.00 h <span style=\"color: #339966;\"><sub>2<\/sub><\/span><\/span><\/li>\n<\/ul>\n<\/td>\n<td style=\"width: 31.311%; height: 52px;\">\n<ul>\n<li><span style=\"font-size: 14px;\">07.15 h &#8211; 07.30 h<\/span><\/li>\n<li><span style=\"font-size: 14px;\"><span style=\"color: #0000ff;\"><sub>1 <\/sub><\/span>08.25 h &#8211; 08.40 h<\/span><\/li>\n<li><span style=\"font-size: 14px;\"><span style=\"color: #339966;\"><sub>2 <\/sub><\/span>09.00 h &#8211; 09.10 h\u00a0<\/span><\/li>\n<\/ul>\n<\/td>\n<\/tr>\n<tr style=\"height: 49px;\">\n<td style=\"width: 27.8243%; height: 49px;\">\n<h3>Ulldecona &#8211; Alcanar<\/h3>\n<\/td>\n<td style=\"width: 31.311%; height: 49px;\">\n<h3>Alcanar &#8211; Vinar\u00f2s<\/h3>\n<\/td>\n<\/tr>\n<tr style=\"height: 49px;\">\n<td style=\"width: 27.8243%; height: 49px;\">\n<ul>\n<li><span style=\"font-size: 14px;\">13.43 h &#8211; 14.05 h <span style=\"color: #0000ff;\"><sub>1<\/sub><\/span><\/span><\/li>\n<li><span style=\"font-size: 14px;\">15.05 h &#8211; 15.20 h <\/span><\/li>\n<li><span style=\"font-size: 14px;\"><span style=\"color: #339966;\"><sub><span style=\"font-size: 14px; color: #000000;\">15.45 &#8211; 16.00<\/span> 2<\/sub><\/span><\/span><\/li>\n<\/ul>\n<\/td>\n<td style=\"width: 31.311%; height: 49px;\">\n<ul>\n<li><span style=\"font-size: 14px;\"><span style=\"color: #0000ff;\"><sub>1 <\/sub><\/span>14.05 h &#8211; 14.20 h<\/span><\/li>\n<li><span style=\"font-size: 14px;\"><span style=\"color: #339966;\"><sub>2 <\/sub><\/span>16.35 h &#8211; 16.50 h\u00a0<\/span><\/li>\n<\/ul>\n<\/td>\n<\/tr>\n<\/tbody>\n<\/table>\n<p><img loading=\"lazy\" decoding=\"async\" class=\"alignnone wp-image-6781 size-full\" src=\"https:\/\/agora.xtec.cat\/ies-manuel-sales\/wp-content\/uploads\/usu728\/2025\/03\/renfe-e1741853284873.jpg\" alt=\"\" width=\"240\" height=\"79\" \/><\/p>\n<table style=\"border-collapse: collapse; width: 59.1346%;\">\n<tbody>\n<tr>\n<td style=\"width: 28.94%;\">\n<h3>Vinar\u00f2s &#8211; Ulldecona<\/h3>\n<\/td>\n<td style=\"width: 30.1953%;\">\n<h3>Ulldecona &#8211; Vinar\u00f2s<\/h3>\n<\/td>\n<\/tr>\n<tr>\n<td style=\"width: 28.94%;\">\n<ul>\n<li><span style=\"font-size: 14px;\">10.40 a 10.50 h<\/span><\/li>\n<\/ul>\n<\/td>\n<td style=\"width: 30.1953%;\">\n<ul>\n<li><span style=\"font-size: 14px;\">13.14 h a 13.22 h<\/span><\/li>\n<li><span style=\"font-size: 14px;\">14.03 h a 14.13 h<\/span><\/li>\n<\/ul>\n<\/td>\n<\/tr>\n<\/tbody>\n<\/table>\n<p><span style=\"color: #ff0000;\">Els horaris exposats estan subjectes a modificacions per part de la companyia de transport.<\/span><\/td>\n<\/tr>\n<tr>\n<td style=\"width: 67.2065%;\">\n<h2><span style=\"color: #000000;\">Cicle Formatiu de Grau Mitj\u00e0 <strong>&#8220;Sistemes Microinform\u00e0tics i Xarxes&#8221;<\/strong><\/span><\/h2>\n<p>&nbsp;<\/p>\n<h5><strong>QU\u00c8 ESTUDIAR\u00c0S?<\/strong><\/h5>\n<ul>\n<li>Muntatge i manteniment d&#8217;equips<\/li>\n<li>Sistemes operatius monolloc<\/li>\n<li>Aplicacions ofim\u00e0tiques<\/li>\n<li>Sistemes operatius en xarxa<\/li>\n<li>Xarxes locals<\/li>\n<li>Seguretat inform\u00e0tica<\/li>\n<li>Serveis en xarxa<\/li>\n<li>Aplicacions web<\/li>\n<li>Angl\u00e8s professional<\/li>\n<li>Digitalitzaci\u00f3 Aplicada als sectors productius<\/li>\n<li>Sostenibilitat Aplicada al Sistema Productiu<\/li>\n<li>Itinerari personal per a l&#8217;Ocupabilitat I i II<\/li>\n<li>Projecte intermodular i m\u00f2dul professional Optatiu<\/li>\n<\/ul>\n<h5 align=\"justify\"><strong>DURADA DELS ESTUDIS?<\/strong><\/h5>\n<ul>\n<li>2.000 hores &#8211; 2 cursos acad\u00e8mics<\/li>\n<li>1485 hores en el centre educatiu<\/li>\n<li>515 hores en un centre de treball (pr\u00e0ctiques)<\/li>\n<\/ul>\n<h5 align=\"justify\"><strong>ON TREBALLAR\u00c0S?<\/strong><\/h5>\n<p align=\"justify\">En empreses de diversos sectors d&#8217;activitat econ\u00f2mica, en el departament d&#8217;inform\u00e0tica o de processament de dades, departament t\u00e8cnic, entre d&#8217;altres. En empreses prove\u00efdores o distribu\u00efdores de serveis inform\u00e0tics, en el sector de serveis a les empreses; en empreses prove\u00efdores de serveis d&#8217;Internet.<\/p>\n<h5 align=\"justify\"><strong>DE QU\u00c8 TREBALLAR\u00c0S?<\/strong><\/h5>\n<ul>\n<li>T\u00e8cnic\/a instal\u00b7lador\/a i reparador\/a d&#8217;equips inform\u00e0tics<\/li>\n<li>T\u00e8cnic\/a en manteniment de sistemes inform\u00e0tics en entorns monousuari i multiusuari<\/li>\n<li>T\u00e8cnic\/a en manteniment de serveis d&#8217;Internet<\/li>\n<li>T\u00e8cnic\/a de suport inform\u00e0tic<\/li>\n<li>T\u00e8cnic\/a de xarxes de dades<\/li>\n<li>T\u00e8cnic\/a en vendes de TIC per a sectors industrials<\/li>\n<li>Reparador\/a de perif\u00e8rics de sistemes microinform\u00e0tics<\/li>\n<li>Comercial de microinform\u00e0tica<\/li>\n<li>Operador\/a de teleassist\u00e8ncia<\/li>\n<li>Operador\/a de sistemes<\/li>\n<\/ul>\n<h5 align=\"justify\"><strong>HORARI<\/strong><\/h5>\n<ul>\n<li>8.30 h a 15.00 h<\/li>\n<\/ul>\n<\/td>\n<td style=\"width: 31.8488%; text-align: left; vertical-align: middle;\"><img loading=\"lazy\" decoding=\"async\" class=\"alignnone size-large wp-image-6751\" src=\"https:\/\/agora.xtec.cat\/ies-manuel-sales\/wp-content\/uploads\/usu728\/2025\/03\/network-1024x606.jpg\" alt=\"\" width=\"1024\" height=\"606\" srcset=\"https:\/\/agora.xtec.cat\/ies-manuel-sales\/wp-content\/uploads\/usu728\/2025\/03\/network-1024x606.jpg 1024w, https:\/\/agora.xtec.cat\/ies-manuel-sales\/wp-content\/uploads\/usu728\/2025\/03\/network-600x355.jpg 600w, https:\/\/agora.xtec.cat\/ies-manuel-sales\/wp-content\/uploads\/usu728\/2025\/03\/network-768x455.jpg 768w, https:\/\/agora.xtec.cat\/ies-manuel-sales\/wp-content\/uploads\/usu728\/2025\/03\/network.jpg 1280w\" sizes=\"auto, (max-width: 1024px) 100vw, 1024px\" \/> <img loading=\"lazy\" decoding=\"async\" class=\"alignnone size-large wp-image-6750\" src=\"https:\/\/agora.xtec.cat\/ies-manuel-sales\/wp-content\/uploads\/usu728\/2025\/03\/motherboard-1024x682.jpg\" alt=\"\" width=\"1024\" height=\"682\" srcset=\"https:\/\/agora.xtec.cat\/ies-manuel-sales\/wp-content\/uploads\/usu728\/2025\/03\/motherboard-1024x682.jpg 1024w, https:\/\/agora.xtec.cat\/ies-manuel-sales\/wp-content\/uploads\/usu728\/2025\/03\/motherboard-600x400.jpg 600w, https:\/\/agora.xtec.cat\/ies-manuel-sales\/wp-content\/uploads\/usu728\/2025\/03\/motherboard-768x512.jpg 768w, https:\/\/agora.xtec.cat\/ies-manuel-sales\/wp-content\/uploads\/usu728\/2025\/03\/motherboard.jpg 1280w\" sizes=\"auto, (max-width: 1024px) 100vw, 1024px\" \/><img loading=\"lazy\" decoding=\"async\" class=\"alignnone size-large wp-image-6761\" src=\"https:\/\/agora.xtec.cat\/ies-manuel-sales\/wp-content\/uploads\/usu728\/2025\/03\/security-1024x715.jpg\" alt=\"\" width=\"1024\" height=\"715\" srcset=\"https:\/\/agora.xtec.cat\/ies-manuel-sales\/wp-content\/uploads\/usu728\/2025\/03\/security-1024x715.jpg 1024w, https:\/\/agora.xtec.cat\/ies-manuel-sales\/wp-content\/uploads\/usu728\/2025\/03\/security-573x400.jpg 573w, https:\/\/agora.xtec.cat\/ies-manuel-sales\/wp-content\/uploads\/usu728\/2025\/03\/security-768x536.jpg 768w, https:\/\/agora.xtec.cat\/ies-manuel-sales\/wp-content\/uploads\/usu728\/2025\/03\/security.jpg 1280w\" sizes=\"auto, (max-width: 1024px) 100vw, 1024px\" \/> <img loading=\"lazy\" decoding=\"async\" class=\"alignnone size-large wp-image-6763\" src=\"https:\/\/agora.xtec.cat\/ies-manuel-sales\/wp-content\/uploads\/usu728\/2025\/03\/web-1024x768.jpg\" alt=\"\" width=\"1024\" height=\"768\" srcset=\"https:\/\/agora.xtec.cat\/ies-manuel-sales\/wp-content\/uploads\/usu728\/2025\/03\/web-1024x768.jpg 1024w, https:\/\/agora.xtec.cat\/ies-manuel-sales\/wp-content\/uploads\/usu728\/2025\/03\/web-533x400.jpg 533w, https:\/\/agora.xtec.cat\/ies-manuel-sales\/wp-content\/uploads\/usu728\/2025\/03\/web-768x576.jpg 768w, https:\/\/agora.xtec.cat\/ies-manuel-sales\/wp-content\/uploads\/usu728\/2025\/03\/web-200x150.jpg 200w, https:\/\/agora.xtec.cat\/ies-manuel-sales\/wp-content\/uploads\/usu728\/2025\/03\/web.jpg 1280w\" sizes=\"auto, (max-width: 1024px) 100vw, 1024px\" \/> <img loading=\"lazy\" decoding=\"async\" class=\"alignnone size-large wp-image-6764\" src=\"https:\/\/agora.xtec.cat\/ies-manuel-sales\/wp-content\/uploads\/usu728\/2025\/03\/html-1024x683.jpg\" alt=\"\" width=\"1024\" height=\"683\" srcset=\"https:\/\/agora.xtec.cat\/ies-manuel-sales\/wp-content\/uploads\/usu728\/2025\/03\/html-1024x683.jpg 1024w, https:\/\/agora.xtec.cat\/ies-manuel-sales\/wp-content\/uploads\/usu728\/2025\/03\/html-600x400.jpg 600w, https:\/\/agora.xtec.cat\/ies-manuel-sales\/wp-content\/uploads\/usu728\/2025\/03\/html-768x512.jpg 768w, https:\/\/agora.xtec.cat\/ies-manuel-sales\/wp-content\/uploads\/usu728\/2025\/03\/html.jpg 1280w\" sizes=\"auto, (max-width: 1024px) 100vw, 1024px\" \/> <img loading=\"lazy\" decoding=\"async\" class=\"alignnone size-large wp-image-6765\" src=\"https:\/\/agora.xtec.cat\/ies-manuel-sales\/wp-content\/uploads\/usu728\/2025\/03\/cyber-security-1024x682.jpg\" alt=\"\" width=\"1024\" height=\"682\" srcset=\"https:\/\/agora.xtec.cat\/ies-manuel-sales\/wp-content\/uploads\/usu728\/2025\/03\/cyber-security-1024x682.jpg 1024w, https:\/\/agora.xtec.cat\/ies-manuel-sales\/wp-content\/uploads\/usu728\/2025\/03\/cyber-security-600x400.jpg 600w, https:\/\/agora.xtec.cat\/ies-manuel-sales\/wp-content\/uploads\/usu728\/2025\/03\/cyber-security-768x512.jpg 768w, https:\/\/agora.xtec.cat\/ies-manuel-sales\/wp-content\/uploads\/usu728\/2025\/03\/cyber-security.jpg 1280w\" sizes=\"auto, (max-width: 1024px) 100vw, 1024px\" \/> <img loading=\"lazy\" decoding=\"async\" class=\"alignnone size-large wp-image-6766\" src=\"https:\/\/agora.xtec.cat\/ies-manuel-sales\/wp-content\/uploads\/usu728\/2025\/03\/programming-1024x682.jpg\" alt=\"\" width=\"1024\" height=\"682\" srcset=\"https:\/\/agora.xtec.cat\/ies-manuel-sales\/wp-content\/uploads\/usu728\/2025\/03\/programming-1024x682.jpg 1024w, https:\/\/agora.xtec.cat\/ies-manuel-sales\/wp-content\/uploads\/usu728\/2025\/03\/programming-600x400.jpg 600w, https:\/\/agora.xtec.cat\/ies-manuel-sales\/wp-content\/uploads\/usu728\/2025\/03\/programming-768x512.jpg 768w, https:\/\/agora.xtec.cat\/ies-manuel-sales\/wp-content\/uploads\/usu728\/2025\/03\/programming.jpg 1280w\" sizes=\"auto, (max-width: 1024px) 100vw, 1024px\" \/><\/td>\n<\/tr>\n<tr>\n<td style=\"width: 99.0553%;\" colspan=\"2\">\n<h5 style=\"background-color: #f9f9f9;\"><strong>FULLET\u00d3 PROMOCIONAL<\/strong><\/h5>\n<h5><\/h5>\n<h5><img loading=\"lazy\" decoding=\"async\" class=\"alignnone wp-image-6736 size-medium\" src=\"https:\/\/agora.xtec.cat\/ies-manuel-sales\/wp-content\/uploads\/usu728\/2025\/03\/Futlleto_CF_A-283x400.png\" alt=\"\" width=\"283\" height=\"400\" srcset=\"https:\/\/agora.xtec.cat\/ies-manuel-sales\/wp-content\/uploads\/usu728\/2025\/03\/Futlleto_CF_A-283x400.png 283w, https:\/\/agora.xtec.cat\/ies-manuel-sales\/wp-content\/uploads\/usu728\/2025\/03\/Futlleto_CF_A-724x1024.png 724w, https:\/\/agora.xtec.cat\/ies-manuel-sales\/wp-content\/uploads\/usu728\/2025\/03\/Futlleto_CF_A-768x1086.png 768w, https:\/\/agora.xtec.cat\/ies-manuel-sales\/wp-content\/uploads\/usu728\/2025\/03\/Futlleto_CF_A-1086x1536.png 1086w, https:\/\/agora.xtec.cat\/ies-manuel-sales\/wp-content\/uploads\/usu728\/2025\/03\/Futlleto_CF_A-1449x2048.png 1449w, https:\/\/agora.xtec.cat\/ies-manuel-sales\/wp-content\/uploads\/usu728\/2025\/03\/Futlleto_CF_A.png 1600w\" sizes=\"auto, (max-width: 283px) 100vw, 283px\" \/><img loading=\"lazy\" decoding=\"async\" class=\"alignnone wp-image-6737 size-medium\" src=\"https:\/\/agora.xtec.cat\/ies-manuel-sales\/wp-content\/uploads\/usu728\/2025\/03\/Futlleto_CF_B-283x400.png\" alt=\"\" width=\"283\" height=\"400\" srcset=\"https:\/\/agora.xtec.cat\/ies-manuel-sales\/wp-content\/uploads\/usu728\/2025\/03\/Futlleto_CF_B-283x400.png 283w, https:\/\/agora.xtec.cat\/ies-manuel-sales\/wp-content\/uploads\/usu728\/2025\/03\/Futlleto_CF_B-724x1024.png 724w, https:\/\/agora.xtec.cat\/ies-manuel-sales\/wp-content\/uploads\/usu728\/2025\/03\/Futlleto_CF_B-768x1086.png 768w, https:\/\/agora.xtec.cat\/ies-manuel-sales\/wp-content\/uploads\/usu728\/2025\/03\/Futlleto_CF_B-1086x1536.png 1086w, https:\/\/agora.xtec.cat\/ies-manuel-sales\/wp-content\/uploads\/usu728\/2025\/03\/Futlleto_CF_B-1449x2048.png 1449w, https:\/\/agora.xtec.cat\/ies-manuel-sales\/wp-content\/uploads\/usu728\/2025\/03\/Futlleto_CF_B.png 1600w\" sizes=\"auto, (max-width: 283px) 100vw, 283px\" \/><\/h5>\n<\/td>\n<\/tr>\n<tr>\n<td style=\"width: 99.0553%;\" colspan=\"2\">\n<h5 style=\"background-color: #f9f9f9;\"><strong>VOLS SER T\u00c8CNIC EN INFORM\u00c0TICA?<\/strong><\/h5>\n<h5><iframe loading=\"lazy\" src=\"https:\/\/www.youtube.com\/embed\/cmeO_6zPJNQ\" width=\"560\" height=\"315\" frameborder=\"0\" data-mce-fragment=\"1\"><\/iframe><\/h5>\n<h5 style=\"background-color: #f9f9f9;\"><strong>\u00a0<\/strong><\/h5>\n<\/td>\n<\/tr>\n<\/tbody>\n<\/table>\n<p>&nbsp;<\/p>\n","protected":false},"excerpt":{"rendered":"<p>COM ARRIBAR D&#8217;ALTRES POBLACIONS?<br \/>\n<a href=\"https:\/\/www.hife.es\/\" target=\"_blank\" rel=\"noopener\"><\/a><br \/>\n&nbsp;<\/p>\n<p>&nbsp;<br \/>\nLA S\u00c9NIA &#8211; ULLDECONA<\/p>\n<p>La S\u00e9nia &#8211; Ulldecona<\/p>\n<p>Ulldecona &#8211; La S\u00e9nia<\/p>\n<ul>\n<li>07.50 h &#8211; 08.10 h<\/li>\n<li>10.15 h &#8211; 10.35 h<\/li>\n<\/ul>\n<ul>\n<li>12.45 h &#8211; 13.15 h<\/li>\n<li>14.20 h &#8211; 14.40 h<\/li>\n<li>15.35 h &#8211; 15.55 h<\/li>\n<li>15.58 h &#8211; 16.10 h<\/li>\n<\/ul>\n<p>VINAR\u00d2S &#8211; ALCANAR &#8211; ULLDECONA<\/p>\n<p>Vinar\u00f2s &#8211;&hellip;  <a href=\"https:\/\/agora.xtec.cat\/ies-manuel-sales\/estudis\/cicle-formatiu-de-grau-mitja\/\" title=\"Read CFGM INFORM\u00c0TICA\">Llegeix m\u00e9s\u00bb<\/a><\/p>\n","protected":false},"author":1,"featured_media":0,"parent":195,"menu_order":10,"comment_status":"closed","ping_status":"closed","template":"page-templates\/side-menu.php","meta":{"_bbp_topic_count":0,"_bbp_reply_count":0,"_bbp_total_topic_count":0,"_bbp_total_reply_count":0,"_bbp_voice_count":0,"_bbp_anonymous_reply_count":0,"_bbp_topic_count_hidden":0,"_bbp_reply_count_hidden":0,"_bbp_forum_subforum_count":0,"footnotes":""},"class_list":["post-315","page","type-page","status-publish","hentry"],"post_mailing_queue_ids":[],"_links":{"self":[{"href":"https:\/\/agora.xtec.cat\/ies-manuel-sales\/wp-json\/wp\/v2\/pages\/315","targetHints":{"allow":["GET"]}}],"collection":[{"href":"https:\/\/agora.xtec.cat\/ies-manuel-sales\/wp-json\/wp\/v2\/pages"}],"about":[{"href":"https:\/\/agora.xtec.cat\/ies-manuel-sales\/wp-json\/wp\/v2\/types\/page"}],"author":[{"embeddable":true,"href":"https:\/\/agora.xtec.cat\/ies-manuel-sales\/wp-json\/wp\/v2\/users\/1"}],"replies":[{"embeddable":true,"href":"https:\/\/agora.xtec.cat\/ies-manuel-sales\/wp-json\/wp\/v2\/comments?post=315"}],"version-history":[{"count":8,"href":"https:\/\/agora.xtec.cat\/ies-manuel-sales\/wp-json\/wp\/v2\/pages\/315\/revisions"}],"predecessor-version":[{"id":6801,"href":"https:\/\/agora.xtec.cat\/ies-manuel-sales\/wp-json\/wp\/v2\/pages\/315\/revisions\/6801"}],"up":[{"embeddable":true,"href":"https:\/\/agora.xtec.cat\/ies-manuel-sales\/wp-json\/wp\/v2\/pages\/195"}],"wp:attachment":[{"href":"https:\/\/agora.xtec.cat\/ies-manuel-sales\/wp-json\/wp\/v2\/media?parent=315"}],"curies":[{"name":"wp","href":"https:\/\/api.w.org\/{rel}","templated":true}]}}