{"id":3083,"date":"2019-12-18T17:50:49","date_gmt":"2019-12-18T16:50:49","guid":{"rendered":"http:\/\/agora.xtec.cat\/ies-manuel-sales\/?page_id=3083"},"modified":"2021-02-22T20:21:57","modified_gmt":"2021-02-22T19:21:57","slug":"fem-pinya-a-linstitut","status":"publish","type":"page","link":"https:\/\/agora.xtec.cat\/ies-manuel-sales\/serveis\/fem-pinya-a-linstitut\/","title":{"rendered":"FEM PINYA A L&#8217;INSTITUT &#8211; POEFA"},"content":{"rendered":"<table>\n<tbody>\n<tr>\n<td style=\"vertical-align: top;\">\n<p style=\"text-align: justify;\">El projecte <strong>FEM PINYA A L&#8217;INSTITUT<\/strong> neix de la necessitat de promoure la inclusi\u00f3 i afavorir la cohesi\u00f3 social entre l&#8217;alumnat del nostre centre i les seves fam\u00edlies; un alumnat de cultures i proced\u00e8ncies diverses, amb lleng\u00fces diverses i amb situacions personals moltes vegades de dificultat socioecon\u00f2mica evident.<\/p>\n<p style=\"text-align: justify;\">El projecte est\u00e0 integrat per un conjunt d&#8217;activitats acad\u00e8miques i l\u00fadiques, que es duen a terme dins i fora del recinte escolar durant tot el curs, amb un car\u00e0cter transversal, on hi intervenen totes les \u00e0rees curriculars i es consoliden tamb\u00e9 les compet\u00e8ncies digitals, aix\u00ed com les personals i socials.<\/p>\n<p>El projecte FEM PINYA va comen\u00e7ar el curs 2018\/19.<\/p>\n<p>&nbsp;<\/td>\n<td style=\"width: 250px; vertical-align: top;\"><img loading=\"lazy\" decoding=\"async\" class=\"alignright size-full wp-image-3084\" src=\"https:\/\/agora.xtec.cat\/ies-manuel-sales\/wp-content\/uploads\/usu728\/2019\/12\/FemPinya.gif\" alt=\"\" width=\"247\" height=\"285\" \/><\/td>\n<\/tr>\n<tr>\n<td>\n<h3>FEM PINYA 2019\/20 &#8211; POEFA<\/h3>\n<p style=\"text-align: justify;\">Durant el curs 2019\/20 el projecte fou finan\u00e7at pel programa <strong>POEFA (Programa d&#8217;Oportunitats d&#8217;\u00c8xit Educatiu en Favor de l&#8217;Alumnat)<\/strong> patrocinat pel Ministeri d&#8217;Educaci\u00f3 i subvencionat pel Fons Social Europeu.<\/p>\n<p><img loading=\"lazy\" decoding=\"async\" class=\"wp-image-2909 alignnone\" src=\"https:\/\/agora.xtec.cat\/ies-manuel-sales\/wp-content\/uploads\/usu728\/2019\/07\/1280px-Logotipo_del_Ministerio_de_Educaci\u00f3n_y_Formaci\u00f3n_Profesional.svg_-600x150.png\" alt=\"\" width=\"300\" height=\"75\" srcset=\"https:\/\/agora.xtec.cat\/ies-manuel-sales\/wp-content\/uploads\/usu728\/2019\/07\/1280px-Logotipo_del_Ministerio_de_Educaci\u00f3n_y_Formaci\u00f3n_Profesional.svg_-600x150.png 600w, https:\/\/agora.xtec.cat\/ies-manuel-sales\/wp-content\/uploads\/usu728\/2019\/07\/1280px-Logotipo_del_Ministerio_de_Educaci\u00f3n_y_Formaci\u00f3n_Profesional.svg_-768x192.png 768w, https:\/\/agora.xtec.cat\/ies-manuel-sales\/wp-content\/uploads\/usu728\/2019\/07\/1280px-Logotipo_del_Ministerio_de_Educaci\u00f3n_y_Formaci\u00f3n_Profesional.svg_-1024x256.png 1024w, https:\/\/agora.xtec.cat\/ies-manuel-sales\/wp-content\/uploads\/usu728\/2019\/07\/1280px-Logotipo_del_Ministerio_de_Educaci\u00f3n_y_Formaci\u00f3n_Profesional.svg_.png 1280w\" sizes=\"auto, (max-width: 300px) 100vw, 300px\" \/><img loading=\"lazy\" decoding=\"async\" class=\"wp-image-2910 alignnone\" src=\"https:\/\/agora.xtec.cat\/ies-manuel-sales\/wp-content\/uploads\/usu728\/2019\/07\/FSEhor_val-600x137.png\" alt=\"\" width=\"300\" height=\"68\" srcset=\"https:\/\/agora.xtec.cat\/ies-manuel-sales\/wp-content\/uploads\/usu728\/2019\/07\/FSEhor_val-600x137.png 600w, https:\/\/agora.xtec.cat\/ies-manuel-sales\/wp-content\/uploads\/usu728\/2019\/07\/FSEhor_val-768x175.png 768w, https:\/\/agora.xtec.cat\/ies-manuel-sales\/wp-content\/uploads\/usu728\/2019\/07\/FSEhor_val-1024x233.png 1024w, https:\/\/agora.xtec.cat\/ies-manuel-sales\/wp-content\/uploads\/usu728\/2019\/07\/FSEhor_val.png 1536w\" sizes=\"auto, (max-width: 300px) 100vw, 300px\" \/><\/p>\n<h5><\/h5>\n<h5>PROGRAMA D&#8217;ACTIVITATS<\/h5>\n<p>La proposta inicial d&#8217;activitats ha estat modificada a conseq\u00fc\u00e8ncia de les mesures de confinament aplicades a partir del 12 de mar\u00e7 de 2020 per la pand\u00e8mia de la COVID-19. Les accions realitzades han estat finalment les seg\u00fcents.<\/p>\n<p><strong><span style=\"background-color: #ffcc99;\">MODALITAT A<\/span><\/strong><\/p>\n<p style=\"text-align: justify;\">Accions de refor\u00e7 educatiu extern proporcionades, en horari lectiu, per orientadors, docents, professionals o assessors de refor\u00e7 per als alumnes m\u00e9s vulnerables. Inclou activitats personalitzades d\u2019atenci\u00f3, suport a les compet\u00e8ncies b\u00e0siques, orientaci\u00f3 i refor\u00e7 educatiu per als alumnes de necessitats espec\u00edfiques atenci\u00f3 a la diversitat en horari lectiu.<\/p>\n<ul>\n<li>Sortida d&#8217;aprenentatge a una Estaci\u00f3 d&#8217;Esqu\u00ed.<\/li>\n<\/ul>\n<p><img loading=\"lazy\" decoding=\"async\" class=\"size-medium wp-image-3161 aligncenter\" src=\"https:\/\/agora.xtec.cat\/ies-manuel-sales\/wp-content\/uploads\/usu728\/2020\/02\/IMG-20200128-WA0000-533x400.jpg\" alt=\"Esquiada 2020\" width=\"533\" height=\"400\" srcset=\"https:\/\/agora.xtec.cat\/ies-manuel-sales\/wp-content\/uploads\/usu728\/2020\/02\/IMG-20200128-WA0000-533x400.jpg 533w, https:\/\/agora.xtec.cat\/ies-manuel-sales\/wp-content\/uploads\/usu728\/2020\/02\/IMG-20200128-WA0000-768x576.jpg 768w, https:\/\/agora.xtec.cat\/ies-manuel-sales\/wp-content\/uploads\/usu728\/2020\/02\/IMG-20200128-WA0000.jpg 1024w, https:\/\/agora.xtec.cat\/ies-manuel-sales\/wp-content\/uploads\/usu728\/2020\/02\/IMG-20200128-WA0000-200x150.jpg 200w\" sizes=\"auto, (max-width: 533px) 100vw, 533px\" \/><\/p>\n<ul>\n<li>Sortida a Pen\u00edscola &#8211; &#8220;L&#8217;anell del papa Luna&#8221;<\/li>\n<\/ul>\n<p><a href=\"https:\/\/agora.xtec.cat\/ies-manuel-sales\/wp-content\/uploads\/usu728\/2021\/02\/Pen\u00edscola.jpg\"><img loading=\"lazy\" decoding=\"async\" class=\"size-medium wp-image-3704 aligncenter\" src=\"https:\/\/agora.xtec.cat\/ies-manuel-sales\/wp-content\/uploads\/usu728\/2021\/02\/Pen\u00edscola-533x400.jpg\" alt=\"Sortida a Pen\u00edscola 2020\" width=\"533\" height=\"400\" srcset=\"https:\/\/agora.xtec.cat\/ies-manuel-sales\/wp-content\/uploads\/usu728\/2021\/02\/Pen\u00edscola-533x400.jpg 533w, https:\/\/agora.xtec.cat\/ies-manuel-sales\/wp-content\/uploads\/usu728\/2021\/02\/Pen\u00edscola-768x576.jpg 768w, https:\/\/agora.xtec.cat\/ies-manuel-sales\/wp-content\/uploads\/usu728\/2021\/02\/Pen\u00edscola-1024x768.jpg 1024w, https:\/\/agora.xtec.cat\/ies-manuel-sales\/wp-content\/uploads\/usu728\/2021\/02\/Pen\u00edscola-200x150.jpg 200w\" sizes=\"auto, (max-width: 533px) 100vw, 533px\" \/><\/a><\/p>\n<ul>\n<li>Ruta liter\u00e0ria per Val\u00e8ncia.<\/li>\n<\/ul>\n<p><a href=\"https:\/\/agora.xtec.cat\/ies-manuel-sales\/wp-content\/uploads\/usu728\/2021\/02\/Ruta_Val\u00e8ncia.jpg\"><img loading=\"lazy\" decoding=\"async\" class=\"aligncenter size-medium wp-image-3705\" src=\"https:\/\/agora.xtec.cat\/ies-manuel-sales\/wp-content\/uploads\/usu728\/2021\/02\/Ruta_Val\u00e8ncia-434x400.jpg\" alt=\"Ruta liter\u00e0ria Val\u00e8ncia\" width=\"434\" height=\"400\" srcset=\"https:\/\/agora.xtec.cat\/ies-manuel-sales\/wp-content\/uploads\/usu728\/2021\/02\/Ruta_Val\u00e8ncia-434x400.jpg 434w, https:\/\/agora.xtec.cat\/ies-manuel-sales\/wp-content\/uploads\/usu728\/2021\/02\/Ruta_Val\u00e8ncia-768x708.jpg 768w, https:\/\/agora.xtec.cat\/ies-manuel-sales\/wp-content\/uploads\/usu728\/2021\/02\/Ruta_Val\u00e8ncia-1024x944.jpg 1024w, https:\/\/agora.xtec.cat\/ies-manuel-sales\/wp-content\/uploads\/usu728\/2021\/02\/Ruta_Val\u00e8ncia.jpg 1600w\" sizes=\"auto, (max-width: 434px) 100vw, 434px\" \/><\/a><\/p>\n<ul>\n<li>Grup Coral. Musical Maremar a Barcelona.<\/li>\n<\/ul>\n<p><img loading=\"lazy\" decoding=\"async\" class=\" wp-image-3158 aligncenter\" src=\"https:\/\/agora.xtec.cat\/ies-manuel-sales\/wp-content\/uploads\/usu728\/2020\/02\/IMG-20200109-WA0005.jpg\" alt=\"Maremar 2020\" width=\"530\" height=\"397\" srcset=\"https:\/\/agora.xtec.cat\/ies-manuel-sales\/wp-content\/uploads\/usu728\/2020\/02\/IMG-20200109-WA0005.jpg 1600w, https:\/\/agora.xtec.cat\/ies-manuel-sales\/wp-content\/uploads\/usu728\/2020\/02\/IMG-20200109-WA0005-533x400.jpg 533w, https:\/\/agora.xtec.cat\/ies-manuel-sales\/wp-content\/uploads\/usu728\/2020\/02\/IMG-20200109-WA0005-768x576.jpg 768w, https:\/\/agora.xtec.cat\/ies-manuel-sales\/wp-content\/uploads\/usu728\/2020\/02\/IMG-20200109-WA0005-1024x768.jpg 1024w, https:\/\/agora.xtec.cat\/ies-manuel-sales\/wp-content\/uploads\/usu728\/2020\/02\/IMG-20200109-WA0005-200x150.jpg 200w\" sizes=\"auto, (max-width: 530px) 100vw, 530px\" \/><\/p>\n<ul>\n<li>Sortida al MNAC &#8211; Barcelona.<\/li>\n<\/ul>\n<p><a href=\"https:\/\/agora.xtec.cat\/ies-manuel-sales\/wp-content\/uploads\/usu728\/2021\/02\/MNAC_2019.jpg\"><img loading=\"lazy\" decoding=\"async\" class=\"aligncenter wp-image-3706 size-medium\" src=\"https:\/\/agora.xtec.cat\/ies-manuel-sales\/wp-content\/uploads\/usu728\/2021\/02\/MNAC_2019-e1614021320916-538x400.jpg\" alt=\"Sortida al MNAC Barcelona\" width=\"538\" height=\"400\" srcset=\"https:\/\/agora.xtec.cat\/ies-manuel-sales\/wp-content\/uploads\/usu728\/2021\/02\/MNAC_2019-e1614021320916-538x400.jpg 538w, https:\/\/agora.xtec.cat\/ies-manuel-sales\/wp-content\/uploads\/usu728\/2021\/02\/MNAC_2019-e1614021320916-768x571.jpg 768w, https:\/\/agora.xtec.cat\/ies-manuel-sales\/wp-content\/uploads\/usu728\/2021\/02\/MNAC_2019-e1614021320916-1024x761.jpg 1024w, https:\/\/agora.xtec.cat\/ies-manuel-sales\/wp-content\/uploads\/usu728\/2021\/02\/MNAC_2019-e1614021320916-200x150.jpg 200w\" sizes=\"auto, (max-width: 538px) 100vw, 538px\" \/><\/a><\/p>\n<ul>\n<li>Sal\u00f3 del C\u00f2mic a Barcelona.<\/li>\n<\/ul>\n<p><a href=\"https:\/\/agora.xtec.cat\/ies-manuel-sales\/wp-content\/uploads\/usu728\/2021\/02\/Sal\u00f3_C\u00f2mic_2019.jpg\"><img loading=\"lazy\" decoding=\"async\" class=\"aligncenter size-medium wp-image-3707\" src=\"https:\/\/agora.xtec.cat\/ies-manuel-sales\/wp-content\/uploads\/usu728\/2021\/02\/Sal\u00f3_C\u00f2mic_2019-535x400.jpg\" alt=\"Sal\u00f3 del C\u00f2mic 2019\" width=\"535\" height=\"400\" srcset=\"https:\/\/agora.xtec.cat\/ies-manuel-sales\/wp-content\/uploads\/usu728\/2021\/02\/Sal\u00f3_C\u00f2mic_2019-535x400.jpg 535w, https:\/\/agora.xtec.cat\/ies-manuel-sales\/wp-content\/uploads\/usu728\/2021\/02\/Sal\u00f3_C\u00f2mic_2019-768x574.jpg 768w, https:\/\/agora.xtec.cat\/ies-manuel-sales\/wp-content\/uploads\/usu728\/2021\/02\/Sal\u00f3_C\u00f2mic_2019-200x150.jpg 200w, https:\/\/agora.xtec.cat\/ies-manuel-sales\/wp-content\/uploads\/usu728\/2021\/02\/Sal\u00f3_C\u00f2mic_2019.jpg 837w\" sizes=\"auto, (max-width: 535px) 100vw, 535px\" \/><\/a><\/td>\n<td style=\"vertical-align: top;\"><img loading=\"lazy\" decoding=\"async\" class=\"aligncenter size-full wp-image-3715\" src=\"https:\/\/agora.xtec.cat\/ies-manuel-sales\/wp-content\/uploads\/usu728\/2021\/02\/Logo_Fem_Pinya.jpg\" alt=\"Fem Pinya Logo\" width=\"513\" height=\"499\" srcset=\"https:\/\/agora.xtec.cat\/ies-manuel-sales\/wp-content\/uploads\/usu728\/2021\/02\/Logo_Fem_Pinya.jpg 513w, https:\/\/agora.xtec.cat\/ies-manuel-sales\/wp-content\/uploads\/usu728\/2021\/02\/Logo_Fem_Pinya-411x400.jpg 411w\" sizes=\"auto, (max-width: 513px) 100vw, 513px\" \/><\/td>\n<\/tr>\n<tr>\n<td><strong><span style=\"background-color: #cc99ff;\">MODALITAT B<\/span><\/strong><\/p>\n<p style=\"text-align: justify;\">Extensi\u00f3 educativa amb un component l\u00fadic, dins i fora del centre, en horari lectiu, de tarda o extraescolar. Inclou tallers, sortides i activitats l\u00fadiques i motivadores per millorar les compet\u00e8ncies personals i socials a partir de la implicaci\u00f3 dels alumnes en les activitats als barris o municipis i diferents espais educatius (per exemple, biblioteques, museus, camps d\u2019aprenentatge, etc.).<\/p>\n<ul>\n<li>Material did\u00e0ctic de l&#8217;\u00e0mbit cient\u00edfic\/tecnol\u00f2gic.<\/li>\n<\/ul>\n<p><a href=\"https:\/\/agora.xtec.cat\/ies-manuel-sales\/wp-content\/uploads\/usu728\/2020\/03\/Maquetes-1ESO.jpg\"><img loading=\"lazy\" decoding=\"async\" class=\"aligncenter size-medium wp-image-3256\" src=\"https:\/\/agora.xtec.cat\/ies-manuel-sales\/wp-content\/uploads\/usu728\/2020\/03\/Maquetes-1ESO-533x400.jpg\" alt=\"Maquetes 1 ESO 19\/20\" width=\"533\" height=\"400\" srcset=\"https:\/\/agora.xtec.cat\/ies-manuel-sales\/wp-content\/uploads\/usu728\/2020\/03\/Maquetes-1ESO-533x400.jpg 533w, https:\/\/agora.xtec.cat\/ies-manuel-sales\/wp-content\/uploads\/usu728\/2020\/03\/Maquetes-1ESO-768x576.jpg 768w, https:\/\/agora.xtec.cat\/ies-manuel-sales\/wp-content\/uploads\/usu728\/2020\/03\/Maquetes-1ESO-1024x768.jpg 1024w, https:\/\/agora.xtec.cat\/ies-manuel-sales\/wp-content\/uploads\/usu728\/2020\/03\/Maquetes-1ESO-200x150.jpg 200w\" sizes=\"auto, (max-width: 533px) 100vw, 533px\" \/><\/a><\/p>\n<ul>\n<li>La volta al m\u00f3n en 80 dies &#8211; Llibres i Material per al SIEI.<\/li>\n<\/ul>\n<p><a href=\"https:\/\/agora.xtec.cat\/ies-manuel-sales\/wp-content\/uploads\/usu728\/2021\/02\/Llibres_SIEI.jpg\"><img loading=\"lazy\" decoding=\"async\" class=\"aligncenter size-medium wp-image-3708\" src=\"https:\/\/agora.xtec.cat\/ies-manuel-sales\/wp-content\/uploads\/usu728\/2021\/02\/Llibres_SIEI-536x400.jpg\" alt=\"Llibres alumnat SIEI\" width=\"536\" height=\"400\" srcset=\"https:\/\/agora.xtec.cat\/ies-manuel-sales\/wp-content\/uploads\/usu728\/2021\/02\/Llibres_SIEI-536x400.jpg 536w, https:\/\/agora.xtec.cat\/ies-manuel-sales\/wp-content\/uploads\/usu728\/2021\/02\/Llibres_SIEI-768x573.jpg 768w, https:\/\/agora.xtec.cat\/ies-manuel-sales\/wp-content\/uploads\/usu728\/2021\/02\/Llibres_SIEI-200x150.jpg 200w, https:\/\/agora.xtec.cat\/ies-manuel-sales\/wp-content\/uploads\/usu728\/2021\/02\/Llibres_SIEI.jpg 835w\" sizes=\"auto, (max-width: 536px) 100vw, 536px\" \/><\/a><\/p>\n<ul>\n<li>Sortida al teatre &#8220;El lazarillo de Tormes&#8221; a Tarragona.<\/li>\n<\/ul>\n<p><a href=\"https:\/\/agora.xtec.cat\/ies-manuel-sales\/wp-content\/uploads\/usu728\/2019\/05\/Teatre-Tarragona.jpg\"><img loading=\"lazy\" decoding=\"async\" class=\"aligncenter size-medium wp-image-2793\" src=\"https:\/\/agora.xtec.cat\/ies-manuel-sales\/wp-content\/uploads\/usu728\/2019\/05\/Teatre-Tarragona-533x400.jpg\" alt=\"Teatre Tarragona 2019\" width=\"533\" height=\"400\" srcset=\"https:\/\/agora.xtec.cat\/ies-manuel-sales\/wp-content\/uploads\/usu728\/2019\/05\/Teatre-Tarragona-533x400.jpg 533w, https:\/\/agora.xtec.cat\/ies-manuel-sales\/wp-content\/uploads\/usu728\/2019\/05\/Teatre-Tarragona-768x576.jpg 768w, https:\/\/agora.xtec.cat\/ies-manuel-sales\/wp-content\/uploads\/usu728\/2019\/05\/Teatre-Tarragona-1024x768.jpg 1024w, https:\/\/agora.xtec.cat\/ies-manuel-sales\/wp-content\/uploads\/usu728\/2019\/05\/Teatre-Tarragona-200x150.jpg 200w, https:\/\/agora.xtec.cat\/ies-manuel-sales\/wp-content\/uploads\/usu728\/2019\/05\/Teatre-Tarragona.jpg 2000w\" sizes=\"auto, (max-width: 533px) 100vw, 533px\" \/><\/a><\/p>\n<ul>\n<li>Sal\u00f3 Nice One a Barcelona.<\/li>\n<\/ul>\n<p><img loading=\"lazy\" decoding=\"async\" class=\" wp-image-3099 aligncenter\" src=\"https:\/\/agora.xtec.cat\/ies-manuel-sales\/wp-content\/uploads\/usu728\/2019\/12\/NiceOne-Barna-2019.jpg\" alt=\"NiceOne Barcelona 2019\" width=\"513\" height=\"385\" srcset=\"https:\/\/agora.xtec.cat\/ies-manuel-sales\/wp-content\/uploads\/usu728\/2019\/12\/NiceOne-Barna-2019.jpg 2016w, https:\/\/agora.xtec.cat\/ies-manuel-sales\/wp-content\/uploads\/usu728\/2019\/12\/NiceOne-Barna-2019-533x400.jpg 533w, https:\/\/agora.xtec.cat\/ies-manuel-sales\/wp-content\/uploads\/usu728\/2019\/12\/NiceOne-Barna-2019-768x576.jpg 768w, https:\/\/agora.xtec.cat\/ies-manuel-sales\/wp-content\/uploads\/usu728\/2019\/12\/NiceOne-Barna-2019-1024x768.jpg 1024w, https:\/\/agora.xtec.cat\/ies-manuel-sales\/wp-content\/uploads\/usu728\/2019\/12\/NiceOne-Barna-2019-200x150.jpg 200w\" sizes=\"auto, (max-width: 513px) 100vw, 513px\" \/><\/p>\n<ul>\n<li>Material did\u00e0ctic de Tecnologia i Rob\u00f2tica.<\/li>\n<\/ul>\n<p><a href=\"https:\/\/agora.xtec.cat\/ies-manuel-sales\/wp-content\/uploads\/usu728\/2021\/02\/Material_Rob\u00f2tica.jpg\"><img loading=\"lazy\" decoding=\"async\" class=\"aligncenter size-medium wp-image-3709\" src=\"https:\/\/agora.xtec.cat\/ies-manuel-sales\/wp-content\/uploads\/usu728\/2021\/02\/Material_Rob\u00f2tica-549x400.jpg\" alt=\"Material de Rob\u00f2tica 2020\" width=\"549\" height=\"400\" srcset=\"https:\/\/agora.xtec.cat\/ies-manuel-sales\/wp-content\/uploads\/usu728\/2021\/02\/Material_Rob\u00f2tica-549x400.jpg 549w, https:\/\/agora.xtec.cat\/ies-manuel-sales\/wp-content\/uploads\/usu728\/2021\/02\/Material_Rob\u00f2tica-768x560.jpg 768w, https:\/\/agora.xtec.cat\/ies-manuel-sales\/wp-content\/uploads\/usu728\/2021\/02\/Material_Rob\u00f2tica.jpg 896w\" sizes=\"auto, (max-width: 549px) 100vw, 549px\" \/><\/a><\/td>\n<td><\/td>\n<\/tr>\n<tr>\n<td><strong><span style=\"background-color: #cc99ff;\"><span style=\"background-color: #ccffcc;\">MODALITAT C<\/span><\/span><\/strong><\/p>\n<p style=\"text-align: justify;\">Orientaci\u00f3 als alumnes amb talents singulars i necessitats educatives espec\u00edfiques, i atenci\u00f3 a col\u00b7lectius d\u2019alumnes en risc d\u2019exclusi\u00f3, marginalitat, abandonament prematur i desafecci\u00f3 escolar. Inclou activitats d\u2019orientaci\u00f3 amb alumnes destinataris i els seus professors, per assolir les compet\u00e8ncies b\u00e0siques i les compet\u00e8ncies de l\u2019\u00e0mbit personal i social en l\u2019acompanyament als alumnes i en el seu projecte de vida, posant \u00e8mfasi en les transicions educatives.<\/p>\n<ul>\n<li>Llibres de refor\u00e7 de lleng\u00fces i de diversitat.<\/li>\n<\/ul>\n<p><a href=\"https:\/\/agora.xtec.cat\/ies-manuel-sales\/wp-content\/uploads\/usu728\/2021\/02\/Llibres.jpg\"><img loading=\"lazy\" decoding=\"async\" class=\"aligncenter size-medium wp-image-3710\" src=\"https:\/\/agora.xtec.cat\/ies-manuel-sales\/wp-content\/uploads\/usu728\/2021\/02\/Llibres-600x333.jpg\" alt=\"Llibres per a la diversitat\" width=\"600\" height=\"333\" srcset=\"https:\/\/agora.xtec.cat\/ies-manuel-sales\/wp-content\/uploads\/usu728\/2021\/02\/Llibres-600x333.jpg 600w, https:\/\/agora.xtec.cat\/ies-manuel-sales\/wp-content\/uploads\/usu728\/2021\/02\/Llibres-768x427.jpg 768w, https:\/\/agora.xtec.cat\/ies-manuel-sales\/wp-content\/uploads\/usu728\/2021\/02\/Llibres-1024x569.jpg 1024w, https:\/\/agora.xtec.cat\/ies-manuel-sales\/wp-content\/uploads\/usu728\/2021\/02\/Llibres.jpg 1600w\" sizes=\"auto, (max-width: 600px) 100vw, 600px\" \/><\/a><\/p>\n<ul>\n<li>Llibres del projecte &#8220;El gust per la lectura&#8221;<\/li>\n<\/ul>\n<p><a href=\"https:\/\/agora.xtec.cat\/ies-manuel-sales\/wp-content\/uploads\/usu728\/2021\/02\/Lectura.jpg\"><img loading=\"lazy\" decoding=\"async\" class=\"aligncenter size-medium wp-image-3711\" src=\"https:\/\/agora.xtec.cat\/ies-manuel-sales\/wp-content\/uploads\/usu728\/2021\/02\/Lectura-533x400.jpg\" alt=\"Llibres del Gust per la lectura\" width=\"533\" height=\"400\" srcset=\"https:\/\/agora.xtec.cat\/ies-manuel-sales\/wp-content\/uploads\/usu728\/2021\/02\/Lectura-533x400.jpg 533w, https:\/\/agora.xtec.cat\/ies-manuel-sales\/wp-content\/uploads\/usu728\/2021\/02\/Lectura-768x576.jpg 768w, https:\/\/agora.xtec.cat\/ies-manuel-sales\/wp-content\/uploads\/usu728\/2021\/02\/Lectura-1024x768.jpg 1024w, https:\/\/agora.xtec.cat\/ies-manuel-sales\/wp-content\/uploads\/usu728\/2021\/02\/Lectura-200x150.jpg 200w\" sizes=\"auto, (max-width: 533px) 100vw, 533px\" \/><\/a><\/p>\n<ul>\n<li>Material escolar per a l&#8217;alumnat amb dificultats socioecon\u00f2miques.<\/li>\n<\/ul>\n<p><a href=\"https:\/\/agora.xtec.cat\/ies-manuel-sales\/wp-content\/uploads\/usu728\/2021\/02\/Material_Escolar.jpg\"><img loading=\"lazy\" decoding=\"async\" class=\"aligncenter size-medium wp-image-3712\" src=\"https:\/\/agora.xtec.cat\/ies-manuel-sales\/wp-content\/uploads\/usu728\/2021\/02\/Material_Escolar-539x400.jpg\" alt=\"Material Escolar\" width=\"539\" height=\"400\" srcset=\"https:\/\/agora.xtec.cat\/ies-manuel-sales\/wp-content\/uploads\/usu728\/2021\/02\/Material_Escolar-539x400.jpg 539w, https:\/\/agora.xtec.cat\/ies-manuel-sales\/wp-content\/uploads\/usu728\/2021\/02\/Material_Escolar-768x570.jpg 768w, https:\/\/agora.xtec.cat\/ies-manuel-sales\/wp-content\/uploads\/usu728\/2021\/02\/Material_Escolar.jpg 833w\" sizes=\"auto, (max-width: 539px) 100vw, 539px\" \/><\/a><\/td>\n<td><\/td>\n<\/tr>\n<tr>\n<td><span style=\"background-color: #ffcc00;\"><strong>MODALITAT D<\/strong><\/span><\/p>\n<p style=\"text-align: justify;\">Grups interactius per crear una comunitat i xarxa de suport en els centres participants. Inclou tallers, sessions i activitats de suport a les fam\u00edlies i agents educatius de col\u00b7lectius vulnerables, a trav\u00e9s de la seva participaci\u00f3 en la inclusi\u00f3 i acollida a la comunitat educativa.<\/p>\n<ul>\n<li>Taller Educat 1&#215;1 per a fam\u00edlies. Material de formaci\u00f3.<\/li>\n<\/ul>\n<p><a href=\"https:\/\/agora.xtec.cat\/ies-manuel-sales\/wp-content\/uploads\/usu728\/2021\/02\/Taller-EDUCAT-2019.jpg\"><img loading=\"lazy\" decoding=\"async\" class=\"aligncenter size-medium wp-image-3713\" src=\"https:\/\/agora.xtec.cat\/ies-manuel-sales\/wp-content\/uploads\/usu728\/2021\/02\/Taller-EDUCAT-2019-548x400.jpg\" alt=\"Taller Fam\u00edlies Educat 1x1\" width=\"548\" height=\"400\" srcset=\"https:\/\/agora.xtec.cat\/ies-manuel-sales\/wp-content\/uploads\/usu728\/2021\/02\/Taller-EDUCAT-2019-548x400.jpg 548w, https:\/\/agora.xtec.cat\/ies-manuel-sales\/wp-content\/uploads\/usu728\/2021\/02\/Taller-EDUCAT-2019-768x560.jpg 768w, https:\/\/agora.xtec.cat\/ies-manuel-sales\/wp-content\/uploads\/usu728\/2021\/02\/Taller-EDUCAT-2019.jpg 846w\" sizes=\"auto, (max-width: 548px) 100vw, 548px\" \/><\/a><\/p>\n<ul>\n<li>Material did\u00e0ctic d&#8217;Educaci\u00f3 Visual i Pl\u00e0stica.<\/li>\n<\/ul>\n<p><a href=\"https:\/\/agora.xtec.cat\/ies-manuel-sales\/wp-content\/uploads\/usu728\/2021\/02\/Mural_EVP.jpg\"><img loading=\"lazy\" decoding=\"async\" class=\"aligncenter size-medium wp-image-3714\" src=\"https:\/\/agora.xtec.cat\/ies-manuel-sales\/wp-content\/uploads\/usu728\/2021\/02\/Mural_EVP-600x343.jpg\" alt=\"Mural Fem Pinya 2020\" width=\"600\" height=\"343\" srcset=\"https:\/\/agora.xtec.cat\/ies-manuel-sales\/wp-content\/uploads\/usu728\/2021\/02\/Mural_EVP-600x343.jpg 600w, https:\/\/agora.xtec.cat\/ies-manuel-sales\/wp-content\/uploads\/usu728\/2021\/02\/Mural_EVP-768x439.jpg 768w, https:\/\/agora.xtec.cat\/ies-manuel-sales\/wp-content\/uploads\/usu728\/2021\/02\/Mural_EVP-1024x586.jpg 1024w, https:\/\/agora.xtec.cat\/ies-manuel-sales\/wp-content\/uploads\/usu728\/2021\/02\/Mural_EVP.jpg 2000w\" sizes=\"auto, (max-width: 600px) 100vw, 600px\" \/><\/a><\/p>\n<ul>\n<li>Material did\u00e0ctic per a l&#8217;Aula d&#8217;Acollida.<\/li>\n<\/ul>\n<p><a href=\"https:\/\/agora.xtec.cat\/ies-manuel-sales\/wp-content\/uploads\/usu728\/2020\/02\/15B023DF-6E94-4508-AA4F-7EEDAD85CC4A.jpeg\"><img loading=\"lazy\" decoding=\"async\" class=\"aligncenter size-medium wp-image-3193\" src=\"https:\/\/agora.xtec.cat\/ies-manuel-sales\/wp-content\/uploads\/usu728\/2020\/02\/15B023DF-6E94-4508-AA4F-7EEDAD85CC4A-533x400.jpeg\" alt=\"Lleng\u00fces maternes - Aula d'Acollida\" width=\"533\" height=\"400\" srcset=\"https:\/\/agora.xtec.cat\/ies-manuel-sales\/wp-content\/uploads\/usu728\/2020\/02\/15B023DF-6E94-4508-AA4F-7EEDAD85CC4A-533x400.jpeg 533w, https:\/\/agora.xtec.cat\/ies-manuel-sales\/wp-content\/uploads\/usu728\/2020\/02\/15B023DF-6E94-4508-AA4F-7EEDAD85CC4A-768x576.jpeg 768w, https:\/\/agora.xtec.cat\/ies-manuel-sales\/wp-content\/uploads\/usu728\/2020\/02\/15B023DF-6E94-4508-AA4F-7EEDAD85CC4A-1024x768.jpeg 1024w, https:\/\/agora.xtec.cat\/ies-manuel-sales\/wp-content\/uploads\/usu728\/2020\/02\/15B023DF-6E94-4508-AA4F-7EEDAD85CC4A-200x150.jpeg 200w\" sizes=\"auto, (max-width: 533px) 100vw, 533px\" \/><\/a><\/td>\n<td><\/td>\n<\/tr>\n<\/tbody>\n<\/table>\n","protected":false},"excerpt":{"rendered":"<p>El projecte FEM PINYA A L&#8217;INSTITUT neix de la necessitat de promoure la inclusi\u00f3 i afavorir la cohesi\u00f3 social entre l&#8217;alumnat del nostre centre i les seves fam\u00edlies; un alumnat de cultures i proced\u00e8ncies diverses, amb lleng\u00fces diverses i amb situacions personals moltes vegades de&hellip;  <a href=\"https:\/\/agora.xtec.cat\/ies-manuel-sales\/serveis\/fem-pinya-a-linstitut\/\" title=\"Read FEM PINYA A L&#8217;INSTITUT &#8211; POEFA\">Llegeix m\u00e9s\u00bb<\/a><\/p>\n","protected":false},"author":1,"featured_media":0,"parent":63,"menu_order":0,"comment_status":"closed","ping_status":"closed","template":"page-templates\/side-menu.php","meta":{"_bbp_topic_count":0,"_bbp_reply_count":0,"_bbp_total_topic_count":0,"_bbp_total_reply_count":0,"_bbp_voice_count":0,"_bbp_anonymous_reply_count":0,"_bbp_topic_count_hidden":0,"_bbp_reply_count_hidden":0,"_bbp_forum_subforum_count":0,"footnotes":""},"class_list":["post-3083","page","type-page","status-publish","hentry"],"post_mailing_queue_ids":[],"_links":{"self":[{"href":"https:\/\/agora.xtec.cat\/ies-manuel-sales\/wp-json\/wp\/v2\/pages\/3083","targetHints":{"allow":["GET"]}}],"collection":[{"href":"https:\/\/agora.xtec.cat\/ies-manuel-sales\/wp-json\/wp\/v2\/pages"}],"about":[{"href":"https:\/\/agora.xtec.cat\/ies-manuel-sales\/wp-json\/wp\/v2\/types\/page"}],"author":[{"embeddable":true,"href":"https:\/\/agora.xtec.cat\/ies-manuel-sales\/wp-json\/wp\/v2\/users\/1"}],"replies":[{"embeddable":true,"href":"https:\/\/agora.xtec.cat\/ies-manuel-sales\/wp-json\/wp\/v2\/comments?post=3083"}],"version-history":[{"count":3,"href":"https:\/\/agora.xtec.cat\/ies-manuel-sales\/wp-json\/wp\/v2\/pages\/3083\/revisions"}],"predecessor-version":[{"id":3717,"href":"https:\/\/agora.xtec.cat\/ies-manuel-sales\/wp-json\/wp\/v2\/pages\/3083\/revisions\/3717"}],"up":[{"embeddable":true,"href":"https:\/\/agora.xtec.cat\/ies-manuel-sales\/wp-json\/wp\/v2\/pages\/63"}],"wp:attachment":[{"href":"https:\/\/agora.xtec.cat\/ies-manuel-sales\/wp-json\/wp\/v2\/media?parent=3083"}],"curies":[{"name":"wp","href":"https:\/\/api.w.org\/{rel}","templated":true}]}}