{"id":2598,"date":"2019-01-13T20:04:31","date_gmt":"2019-01-13T19:04:31","guid":{"rendered":"http:\/\/agora.xtec.cat\/ies-manuel-sales\/?page_id=2598"},"modified":"2024-01-22T18:00:22","modified_gmt":"2024-01-22T17:00:22","slug":"premis-2016-17","status":"publish","type":"page","link":"https:\/\/agora.xtec.cat\/ies-manuel-sales\/serveis\/premis\/premis-2016-17\/","title":{"rendered":"PREMIS 2016\/17"},"content":{"rendered":"<table>\n<tbody>\n<tr>\n<td><img loading=\"lazy\" decoding=\"async\" class=\"alignleft size-thumbnail wp-image-432\" src=\"http:\/\/agora.xtec.cat\/ies-manuel-sales\/wp-content\/uploads\/usu728\/2015\/09\/medalla-120x150.gif\" alt=\"medalla\" width=\"120\" height=\"150\" \/><\/td>\n<td style=\"vertical-align: top;\">\n<h4><strong>GALERIA DE GUARDONATS<\/strong><\/h4>\n<h4><\/h4>\n<\/td>\n<td style=\"vertical-align: top;\">\n<h4 style=\"text-align: right;\"><strong>Curs 2016\/17<\/strong><\/h4>\n<\/td>\n<\/tr>\n<tr>\n<td style=\"vertical-align: top;\" colspan=\"2\">\n<h4 class=\"entry-title\">PREMI RECERCA JOVE PER A MARIA SORIANO<\/h4>\n<p><strong><br \/>\n<\/strong>En la darrera edici\u00f3 dels <strong>premis <a href=\"http:\/\/agaur.gencat.cat\/ca\/inici\/\">Recerca Jove<\/a><\/strong> per fomentar l\u2019esperit cient\u00edfic del jovent ha estat premiada l\u2019alumna del nostre centre <strong>Maria Soriano Garcia<\/strong> que els curs passat va acabar els estudis de Batxillerat.<\/p>\n<p>El treball <strong>\u201cLa llet materna \u00e9s insubstitu\u00efble. Una llegenda o una realitat?\u201d<\/strong> ha estat guardonat amb el <strong>Premi especial Ramon Faus i Esteve<\/strong> que valora treballs sobre el tema de la fam\u00edlia en col\u00b7laboraci\u00f3 amb el Departament de Treball, Afers Socials i Fam\u00edlies. En l\u2019edici\u00f3 d\u2019aquest curs s\u2019han presentat m\u00e9s de 270 treballs. L\u2019acte de lliurament dels premis es far\u00e0 el proper 22 d\u2019abril de 2017 a L\u2019Auditori de Barcelona.<\/p>\n<p>Moltes felicitats a l\u2019alumna premiada per contribuir a l\u2019\u00e8xit i a la millora en la qualitat educativa del nostre institut.<\/td>\n<td style=\"width: 400px; vertical-align: top;\"><a href=\"https:\/\/agora.xtec.cat\/ies-manuel-sales\/wp-content\/uploads\/usu728\/2017\/02\/IMG-20170422-WA0008.jpg\"><img loading=\"lazy\" decoding=\"async\" class=\"alignleft size-large wp-image-1453\" src=\"https:\/\/agora.xtec.cat\/ies-manuel-sales\/wp-content\/uploads\/usu728\/2017\/02\/IMG-20170422-WA0008-1024x768.jpg\" alt=\"Maria Soriano - Premi RJ2016\" width=\"1024\" height=\"768\" srcset=\"https:\/\/agora.xtec.cat\/ies-manuel-sales\/wp-content\/uploads\/usu728\/2017\/02\/IMG-20170422-WA0008-1024x768.jpg 1024w, https:\/\/agora.xtec.cat\/ies-manuel-sales\/wp-content\/uploads\/usu728\/2017\/02\/IMG-20170422-WA0008-300x225.jpg 300w, https:\/\/agora.xtec.cat\/ies-manuel-sales\/wp-content\/uploads\/usu728\/2017\/02\/IMG-20170422-WA0008-768x576.jpg 768w, https:\/\/agora.xtec.cat\/ies-manuel-sales\/wp-content\/uploads\/usu728\/2017\/02\/IMG-20170422-WA0008-200x150.jpg 200w, https:\/\/agora.xtec.cat\/ies-manuel-sales\/wp-content\/uploads\/usu728\/2017\/02\/IMG-20170422-WA0008.jpg 1600w\" sizes=\"auto, (max-width: 1024px) 100vw, 1024px\" \/><\/a><\/td>\n<\/tr>\n<tr>\n<td style=\"vertical-align: top;\" colspan=\"2\">\n<div>\n<div>\n<h4 class=\"entry-title\">VIOREL CIOHODARU, PREMIAT PER LA SOCIETAT CATALANA DE QU\u00cdMICA<\/h4>\n<p>L\u2019alumne de segon de batxillerat del nostre centre, <strong>Viorel Ciohodaru<\/strong>, ha quedat finalista en la 11a edici\u00f3 dels premis als treballs de recerca dins de l\u2019\u00e0mbit de la qu\u00edmica, premi que convoca la <strong>Societat Catalana de Qu\u00edmica<\/strong> amb el seu treball <strong>\u201cQu\u00e8 bevem? Un estudi sobre la qualitat de l\u2019aigua\u201d <\/strong>tutoritzat per la professora <strong>Dolors Vidal.<\/strong> En reconeixement al seu treball ha estat premiat amb una estada cient\u00edfica en un dels centres adherits a la convocat\u00f2ria.<\/p>\n<\/div>\n<p>Li volem donar la nostra enhorabona i ressaltar el m\u00e8rit del treball que ha realitzat en l\u2019\u00e0mbit de la qu\u00edmica, sent un alumne que cursa el batxillerat de Ci\u00e8ncies Socials, cosa per la qual ha hagut de fer un esfor\u00e7 especial. Felicitats, Viorel!<\/p>\n<p><strong><a href=\"http:\/\/blogs.iec.cat\/scq\/2016\/12\/21\/11a-edicio-dels-premis-als-treballs-de-recerca-de-batxillerat-dins-lambit-de-la-quimica\/\">Web de la Societat Catalana de Qu\u00edmica &gt;&gt;<\/a><\/strong><\/p>\n<p><strong><a href=\"https:\/\/goo.gl\/photos\/48ZHzA2xNt957uBY6\">+ Fotos de l\u2019acte &gt;&gt;<\/a><\/strong><\/p>\n<\/div>\n<\/td>\n<td style=\"width: 400px; vertical-align: top;\"><a href=\"https:\/\/agora.xtec.cat\/ies-manuel-sales\/wp-content\/uploads\/usu728\/2017\/04\/IMG_4477.jpg\"><img loading=\"lazy\" decoding=\"async\" class=\"alignleft size-large wp-image-1485\" src=\"https:\/\/agora.xtec.cat\/ies-manuel-sales\/wp-content\/uploads\/usu728\/2017\/04\/IMG_4477-1024x785.jpg\" alt=\"Premi Qu\u00edmica Viorel Ciohodaru\" width=\"1024\" height=\"785\" srcset=\"https:\/\/agora.xtec.cat\/ies-manuel-sales\/wp-content\/uploads\/usu728\/2017\/04\/IMG_4477-1024x785.jpg 1024w, https:\/\/agora.xtec.cat\/ies-manuel-sales\/wp-content\/uploads\/usu728\/2017\/04\/IMG_4477-300x230.jpg 300w, https:\/\/agora.xtec.cat\/ies-manuel-sales\/wp-content\/uploads\/usu728\/2017\/04\/IMG_4477-768x589.jpg 768w\" sizes=\"auto, (max-width: 1024px) 100vw, 1024px\" \/><\/a><\/td>\n<\/tr>\n<\/tbody>\n<\/table>\n","protected":false},"excerpt":{"rendered":"<p>GALERIA DE GUARDONATS<\/p>\n<p>Curs 2016\/17<\/p>\n<p>PREMI RECERCA JOVE PER A MARIA SORIANO<\/p>\n<p>En la darrera edici\u00f3 dels premis <a href=\"http:\/\/agaur.gencat.cat\/ca\/inici\/\">Recerca Jove<\/a> per fomentar l\u2019esperit cient\u00edfic del jovent ha estat premiada l\u2019alumna del nostre centre Maria Soriano Garcia que els curs passat va acabar els estudis de Batxillerat.<br \/>\nEl treball&hellip;  <a href=\"https:\/\/agora.xtec.cat\/ies-manuel-sales\/serveis\/premis\/premis-2016-17\/\" title=\"Read PREMIS 2016\/17\">Llegeix m\u00e9s\u00bb<\/a><\/p>\n","protected":false},"author":1,"featured_media":0,"parent":431,"menu_order":26,"comment_status":"closed","ping_status":"closed","template":"page-templates\/side-menu.php","meta":{"_bbp_topic_count":0,"_bbp_reply_count":0,"_bbp_total_topic_count":0,"_bbp_total_reply_count":0,"_bbp_voice_count":0,"_bbp_anonymous_reply_count":0,"_bbp_topic_count_hidden":0,"_bbp_reply_count_hidden":0,"_bbp_forum_subforum_count":0,"footnotes":""},"class_list":["post-2598","page","type-page","status-publish","hentry"],"post_mailing_queue_ids":[],"_links":{"self":[{"href":"https:\/\/agora.xtec.cat\/ies-manuel-sales\/wp-json\/wp\/v2\/pages\/2598","targetHints":{"allow":["GET"]}}],"collection":[{"href":"https:\/\/agora.xtec.cat\/ies-manuel-sales\/wp-json\/wp\/v2\/pages"}],"about":[{"href":"https:\/\/agora.xtec.cat\/ies-manuel-sales\/wp-json\/wp\/v2\/types\/page"}],"author":[{"embeddable":true,"href":"https:\/\/agora.xtec.cat\/ies-manuel-sales\/wp-json\/wp\/v2\/users\/1"}],"replies":[{"embeddable":true,"href":"https:\/\/agora.xtec.cat\/ies-manuel-sales\/wp-json\/wp\/v2\/comments?post=2598"}],"version-history":[{"count":2,"href":"https:\/\/agora.xtec.cat\/ies-manuel-sales\/wp-json\/wp\/v2\/pages\/2598\/revisions"}],"predecessor-version":[{"id":2601,"href":"https:\/\/agora.xtec.cat\/ies-manuel-sales\/wp-json\/wp\/v2\/pages\/2598\/revisions\/2601"}],"up":[{"embeddable":true,"href":"https:\/\/agora.xtec.cat\/ies-manuel-sales\/wp-json\/wp\/v2\/pages\/431"}],"wp:attachment":[{"href":"https:\/\/agora.xtec.cat\/ies-manuel-sales\/wp-json\/wp\/v2\/media?parent=2598"}],"curies":[{"name":"wp","href":"https:\/\/api.w.org\/{rel}","templated":true}]}}