{"id":1975,"date":"2018-04-09T20:25:24","date_gmt":"2018-04-09T18:25:24","guid":{"rendered":"http:\/\/agora.xtec.cat\/ies-manuel-sales\/?page_id=1975"},"modified":"2026-02-24T17:11:07","modified_gmt":"2026-02-24T16:11:07","slug":"preinscripcio-i-matricula","status":"publish","type":"page","link":"https:\/\/agora.xtec.cat\/ies-manuel-sales\/secretaria\/preinscripcio-i-matricula\/","title":{"rendered":"PREINSCRIPCI\u00d3 I MATR\u00cdCULA"},"content":{"rendered":"<p>&nbsp;<\/p>\n<p>&nbsp;<\/p>\n<p style=\"text-align: center;\"><strong><span style=\"text-decoration: underline;\"><span style=\"text-decoration: underline; color: #008000;\"><span style=\"font-size: 20px;\">ESO &#8211; PREINSCRIPCI\u00d3 &#8211; Curs 2026-2027<\/span><\/span><\/span><\/strong><\/p>\n<p style=\"text-align: center;\"><strong>OFERTA DEFINITIVA DE PLACES<\/strong><\/p>\n<table>\n<tbody>\n<tr style=\"height: 32px;\">\n<td style=\"height: 32px;\"><strong>Places<\/strong><\/td>\n<td style=\"height: 32px;\"><strong>Ordin\u00e0ries<\/strong><\/td>\n<td style=\"height: 32px;\"><strong>NEE<\/strong><\/td>\n<\/tr>\n<tr style=\"height: 32px;\">\n<td style=\"height: 32px;\">1 ESO<\/td>\n<td style=\"height: 32px;\">54<\/td>\n<td style=\"height: 32px;\">6<\/td>\n<\/tr>\n<tr style=\"height: 32px;\">\n<td style=\"height: 32px;\">2 ESO<\/td>\n<td style=\"height: 32px;\">69<\/td>\n<td style=\"height: 32px;\">21<\/td>\n<\/tr>\n<tr style=\"height: 48px;\">\n<td style=\"height: 48px;\">3 ESO<\/td>\n<td style=\"height: 48px;\">78<\/td>\n<td style=\"height: 48px;\">12<\/td>\n<\/tr>\n<tr style=\"height: 32px;\">\n<td style=\"height: 32px;\">4 ESO<\/td>\n<td style=\"height: 32px;\">66<\/td>\n<td style=\"height: 32px;\">24<\/td>\n<\/tr>\n<\/tbody>\n<\/table>\n<p><em>Nota: encara que no hi hagi places disponibles, es pot demanar a la inspecci\u00f3 una ampliaci\u00f3 de places per ser l\u2019\u00fanic centre educatiu de secund\u00e0ria d\u2019Ulldecona.<\/em><\/p>\n<p>&nbsp;<\/p>\n<p><span style=\"text-decoration: underline;\"><strong>PRESENTACI\u00d3 DE SOL\u00b7LICITUDS<\/strong><\/span><\/p>\n<ul>\n<li>Preinscripci\u00f3 telem\u00e0tica\n<ul>\n<li>Termini:\u00a0<strong>del 6 al 18 de mar\u00e7 de 2026.<\/strong><\/li>\n<\/ul>\n<\/li>\n<li style=\"list-style-type: none;\">\n<ul>\n<li><a href=\"https:\/\/preinscripcio.gencat.cat\/ca\/estudis\/eso\/inici\/\">Instruccions del procediment<\/a><\/li>\n<\/ul>\n<\/li>\n<li><a href=\"https:\/\/educacio.gencat.cat\/ca\/tramits\/tramits-temes\/20483-obligatoris?moda=3\">Enlla\u00e7 a la sol\u00b7licitud telem\u00e0tica &gt;<\/a><\/li>\n<li>Des de l\u2019Institut us acompanyarem en qualsevol dificultat t\u00e8cnica que es pugui presentar. Tamb\u00e9 us deixem un enlla\u00e7 a la guia informativa &#8211;&gt; <a href=\"https:\/\/drive.google.com\/file\/d\/1MGlRiu1hFogY6v-49_mtwLQZqLrWcsn_\/view?usp=sharing\"><strong><span style=\"text-decoration: underline;\">AQU\u00cd<\/span><\/strong><\/a><\/li>\n<\/ul>\n<p style=\"padding-left: 40px;\"><span style=\"font-family: inherit; font-size: 1em;\">Tamb\u00e9 podeu fer arribar els vostres dubtes o suggeriments al correu electr\u00f2nic\u00a0<\/span><a style=\"font-family: inherit; font-size: 1em;\" href=\"mailto:secretaria@institutulldecona.cat\">secretaria@institutulldecona.cat<\/a><span style=\"font-family: inherit; font-size: 1em;\"> o b\u00e9 al tel\u00e8fon de l\u2019Institut, <\/span><strong style=\"font-family: inherit; font-size: 1em; background-color: #ff0000;\">977 57 33 65\u00a0<\/strong><span style=\"font-family: inherit; font-size: 1em;\">de 9\u202fh a 14\u202fh, de dilluns a divendres.<\/span><\/p>\n<p><strong>MATR\u00cdCULA<\/strong><\/p>\n<ul>\n<li>Termini:\u00a0<strong>del 22 al 30 de juny de 2026.<\/strong><\/li>\n<\/ul>\n<p>* La informaci\u00f3 s\u2019anir\u00e0 actualitzant a mesura que vagi avan\u00e7ant el proc\u00e9s.<\/p>\n<p>&#8212;&#8212;&#8212;&#8212;&#8212;&#8212;&#8212;&#8212;&#8212;&#8212;&#8212;&#8212;&#8212;&#8212;&#8212;&#8212;&#8212;&#8212;&#8212;&#8212;&#8212;&#8212;&#8212;&#8212;&#8212;&#8212;&#8212;&#8212;&#8212;&#8212;&#8212;&#8212;&#8212;&#8212;&#8212;&#8212;&#8212;&#8212;&#8212;&#8212;&#8212;&#8212;&#8212;&#8212;&#8212;&#8212;-<\/p>\n<p>&nbsp;<\/p>\n<p style=\"text-align: center;\"><span style=\"text-decoration: underline; color: #008000;\"><span style=\"font-size: 20px;\"><strong>PFI-Auxiliar de construcci\u00f3 &#8211; PREINSCRIPCI\u00d3 Curs 2025-2026<\/strong><\/span><\/span><\/p>\n<p style=\"text-align: center;\"><strong>Del 6 al 13 de maig!<\/strong><\/p>\n<p><img loading=\"lazy\" decoding=\"async\" class=\" wp-image-6955 aligncenter\" src=\"https:\/\/agora.xtec.cat\/ies-manuel-sales\/wp-content\/uploads\/usu728\/2025\/05\/pfi-preinscripcio.png\" alt=\"\" width=\"715\" height=\"402\" srcset=\"https:\/\/agora.xtec.cat\/ies-manuel-sales\/wp-content\/uploads\/usu728\/2025\/05\/pfi-preinscripcio.png 832w, https:\/\/agora.xtec.cat\/ies-manuel-sales\/wp-content\/uploads\/usu728\/2025\/05\/pfi-preinscripcio-600x338.png 600w, https:\/\/agora.xtec.cat\/ies-manuel-sales\/wp-content\/uploads\/usu728\/2025\/05\/pfi-preinscripcio-768x432.png 768w\" sizes=\"auto, (max-width: 715px) 100vw, 715px\" \/><\/p>\n<p><strong>OFERTA DE PLACES<\/strong><\/p>\n<table>\n<tbody>\n<tr>\n<td><strong>Places<\/strong><\/td>\n<td><strong>Ordin\u00e0ries<\/strong><\/td>\n<td><strong>NEE<\/strong><\/td>\n<\/tr>\n<tr>\n<td>PFI<\/td>\n<td>16<\/td>\n<td>1<\/td>\n<\/tr>\n<\/tbody>\n<\/table>\n<p><em>* Nota: encara que no hi hagi places disponibles, es pot demanar a la inspecci\u00f3 una ampliaci\u00f3 de places per ser l\u2019\u00fanic centre educatiu de secund\u00e0ria d\u2019Ulldecona.<\/em><\/p>\n<p><strong><u>PRESENTACI\u00d3 DE SOL\u00b7LICITUDS<\/u><\/strong><\/p>\n<ul>\n<li>Preinscripci\u00f3 telem\u00e0tica\n<ul>\n<li>Termini:\u00a0<strong>del 6 al 13 de maig.<\/strong><\/li>\n<li><a href=\"https:\/\/preinscripcio.gencat.cat\/ca\/estudis\/pfi\/inici\/index.html\">Instruccions del procediment<\/a><\/li>\n<li><a href=\"https:\/\/educacio.gencat.cat\/ca\/tramits\/tramits-temes\/pfi-tramit\">Enlla\u00e7 a la sol\u00b7licitud telem\u00e0tica<\/a><\/li>\n<\/ul>\n<\/li>\n<\/ul>\n<p>Tamb\u00e9 podeu fer arribar els vostres dubtes o suggeriments al correu electr\u00f2nic\u00a0<a href=\"mailto:secretaria@institutulldecona.cat\">secretaria@institutulldecona.cat<\/a>o b\u00e9 al tel\u00e8fon de l\u2019Institut,\u00a0<strong>977 57 33 65\u00a0<\/strong>de 9\u202fh a 14\u202fh, de dilluns a divendres.<\/p>\n<p><strong>MATR\u00cdCULA<\/strong><\/p>\n<ul>\n<li>Termini:\u00a0<strong>del 7 al 11 de juliol.<\/strong><\/li>\n<\/ul>\n<p>* La informaci\u00f3 s\u2019anir\u00e0 actualitzant a mesura que vagi avan\u00e7ant el proc\u00e9s.<\/p>\n<p>&#8212;&#8212;&#8212;&#8212;&#8212;&#8212;&#8212;&#8212;&#8212;&#8212;&#8212;&#8212;&#8212;&#8212;&#8212;&#8212;&#8212;&#8212;&#8212;&#8212;&#8212;&#8212;&#8212;&#8212;&#8212;&#8212;&#8212;&#8212;&#8212;&#8212;&#8212;&#8212;&#8212;&#8212;&#8212;&#8212;&#8212;&#8212;&#8212;&#8212;&#8212;&#8212;&#8212;&#8212;&#8212;&#8212;<\/p>\n<p style=\"text-align: center;\"><span style=\"text-decoration: underline; color: #008000;\"><span style=\"font-size: 20px;\"><strong>ESO &#8211; PREINSCRIPCI\u00d3 Curs 2025-2026 (esborrany)<\/strong><\/span><\/span><\/p>\n<p style=\"text-align: center;\"><strong>OFERTA DEFINITIVA DE PLACES<\/strong><\/p>\n<table style=\"width: 27.6923%; height: 176px;\">\n<tbody>\n<tr style=\"height: 32px;\">\n<td style=\"height: 32px;\"><strong>Places<\/strong><\/td>\n<td style=\"height: 32px;\"><strong>Ordin\u00e0ries<\/strong><\/td>\n<td style=\"height: 32px;\"><strong>NEE<\/strong><\/td>\n<\/tr>\n<tr style=\"height: 32px;\">\n<td style=\"height: 32px;\">1 ESO<\/td>\n<td style=\"height: 32px;\">75<\/td>\n<td style=\"height: 32px;\">12<\/td>\n<\/tr>\n<tr style=\"height: 32px;\">\n<td style=\"height: 32px;\">2 ESO<\/td>\n<td style=\"height: 32px;\">16<\/td>\n<td style=\"height: 32px;\">4<\/td>\n<\/tr>\n<tr style=\"height: 48px;\">\n<td style=\"height: 48px;\">3 ESO*<\/td>\n<td style=\"height: 48px;\">0<\/td>\n<td style=\"height: 48px;\">0<\/td>\n<\/tr>\n<tr style=\"height: 32px;\">\n<td style=\"height: 32px;\">4 ESO<\/td>\n<td style=\"height: 32px;\">6<\/td>\n<td style=\"height: 32px;\">5<\/td>\n<\/tr>\n<\/tbody>\n<\/table>\n<p><em>* Nota: encara que no hi hagi places disponibles, es pot demanar a la inspecci\u00f3 una ampliaci\u00f3 de places per ser l\u2019\u00fanic centre educatiu de secund\u00e0ria d\u2019Ulldecona.<\/em><\/p>\n<p><span style=\"text-decoration: underline;\"><strong>PRESENTACI\u00d3 DE SOL\u00b7LICITUDS<\/strong><\/span><\/p>\n<ul>\n<li>Preinscripci\u00f3 telem\u00e0tica\n<ul>\n<li>Termini:\u00a0<strong>del 14 al 26 de mar\u00e7 de 2025.<\/strong><\/li>\n<\/ul>\n<\/li>\n<li style=\"list-style-type: none;\">\n<ul>\n<li><a href=\"https:\/\/preinscripcio.gencat.cat\/ca\/estudis\/eso\/inici\/\">Instruccions del procediment<\/a><\/li>\n<\/ul>\n<\/li>\n<li><a href=\"https:\/\/educacio.gencat.cat\/ca\/tramits\/tramits-temes\/20483-obligatoris?moda=3\">Enlla\u00e7 a la sol\u00b7licitud telem\u00e0tica &gt;<\/a><\/li>\n<li>Des de l\u2019Institut us acompanyarem en qualsevol dificultat t\u00e8cnica que es pugui presentar. Tamb\u00e9 us deixem un enlla\u00e7 a la guia informativa &#8211;&gt; <a href=\"https:\/\/drive.google.com\/file\/d\/1Sz8bwP8BTl9uNrF9omRPnv0J_7BPC1XO\/view?usp=sharing\"><strong><span style=\"text-decoration: underline;\">AQU\u00cd<\/span><\/strong><\/a><\/li>\n<\/ul>\n<p style=\"padding-left: 40px;\"><span style=\"font-family: inherit; font-size: 1em;\">Tamb\u00e9 podeu fer arribar els vostres dubtes o suggeriments al correu electr\u00f2nic\u00a0<\/span><a style=\"font-family: inherit; font-size: 1em;\" href=\"mailto:secretaria@institutulldecona.cat\">secretaria@institutulldecona.cat<\/a><span style=\"font-family: inherit; font-size: 1em;\"> o b\u00e9 al tel\u00e8fon de l\u2019Institut, <\/span><strong style=\"font-family: inherit; font-size: 1em; background-color: #ff0000;\">977 57 33 65\u00a0<\/strong><span style=\"font-family: inherit; font-size: 1em;\">de 9\u202fh a 14\u202fh, de dilluns a divendres.<\/span><\/p>\n<p><strong>MATR\u00cdCULA<\/strong><\/p>\n<ul>\n<li>Termini:\u00a0<strong>del 25 de juny al 3 de juliol de 2025.<\/strong><\/li>\n<\/ul>\n<p>* La informaci\u00f3 s\u2019anir\u00e0 actualitzant a mesura que vagi avan\u00e7ant el proc\u00e9s.<\/p>\n<p>&#8212;&#8212;&#8212;&#8212;&#8212;&#8212;&#8212;&#8212;&#8212;&#8212;&#8212;&#8212;&#8212;&#8212;&#8212;&#8212;&#8212;&#8212;&#8212;&#8212;&#8212;&#8212;&#8212;&#8212;&#8212;&#8212;&#8212;&#8212;&#8212;&#8212;&#8212;&#8212;&#8212;&#8212;&#8212;&#8212;&#8212;&#8212;&#8212;&#8212;&#8212;&#8212;&#8212;&#8212;&#8212;&#8212;<\/p>\n<p><span style=\"text-decoration: underline; color: #008000;\"><span style=\"font-size: 20px;\"><strong>Matr\u00edcula 1r d&#8217;ESO 2024-25 (Nouvinguts)<\/strong><\/span><\/span><\/p>\n<p><span style=\"text-decoration: underline;\"><strong>TERMINI<\/strong><\/span><\/p>\n<ul>\n<li><strong>Del 18 al 26 de juny<\/strong> <strong>de 9:30 h a 13:30 h<\/strong><\/li>\n<\/ul>\n<p><span style=\"text-decoration: underline;\"><strong>DOCUMENTACI\u00d3 NECESS\u00c0RIA<\/strong><\/span><\/p>\n<ul>\n<li>\n<div>2 fotos de carnet de l&#8217;alumne\/ a<\/div>\n<\/li>\n<li>\n<div>Fotoc\u00f2pia del DNI de l&#8217;alumne\/a<\/div>\n<\/li>\n<li>\n<div>Fotoc\u00f2pia del DNI del pare i tamb\u00e9 de la mare o tutors legals<\/div>\n<\/li>\n<li>Fotoc\u00f2pia de la targeta d&#8217;identificaci\u00f3 sanit\u00e0ria TIS<\/li>\n<li>Llibre de fam\u00edlia i en el cas que els pares estiguin separats, sent\u00e8ncia judicial<\/li>\n<li>\n<div>Certificat d&#8217;empadronament de l&#8217;alumne si resideix fora del municipi d&#8217;Ulldecona.<\/div>\n<\/li>\n<li>\n<div>Registre de vacunes<\/div>\n<\/li>\n<\/ul>\n<div>La resta de documentaci\u00f3 l&#8217;hauran d&#8217;emplenar quan vingui de manera presencial aqu\u00ed al centre.<\/div>\n<p>&nbsp;<\/p>\n<p><span style=\"text-decoration: underline;\"><strong>LLIURAMENT EQUIP DEL CENTRE<\/strong><\/span><\/p>\n<p>Aquesta \u00e9s la documentaci\u00f3 que haureu de signar al centre<\/p>\n<ul>\n<li><a href=\"https:\/\/drive.google.com\/file\/d\/1VI8NeSTI3q804z2lvtkcpkwQZ0rMf1oB\/view?usp=drive_link\">Normes Educat<\/a><\/li>\n<li><a href=\"https:\/\/drive.google.com\/file\/d\/12YKdnhcAEDEWn3Q3D0A8_b_vQTz7EtOT\/view?usp=sharing\">Carta de comprom\u00eds<\/a> per al pr\u00e9stec de l&#8217;equip del centre: manteniment i responsabilitat enfront d&#8217;avaries.<\/li>\n<\/ul>\n<p>Si voleu estar informats al moment, per favor connecteu-vos al canal de difusi\u00f3 de Telegram del nostre centre <a href=\"https:\/\/t.me\/institutulldecona\">https:\/\/t.me\/institutulldecona<\/a><\/p>\n<p><img loading=\"lazy\" decoding=\"async\" class=\"size-full wp-image-6253 aligncenter\" src=\"https:\/\/agora.xtec.cat\/ies-manuel-sales\/wp-content\/uploads\/usu728\/2024\/06\/matriculaeso.png\" alt=\"\" width=\"666\" height=\"371\" srcset=\"https:\/\/agora.xtec.cat\/ies-manuel-sales\/wp-content\/uploads\/usu728\/2024\/06\/matriculaeso.png 666w, https:\/\/agora.xtec.cat\/ies-manuel-sales\/wp-content\/uploads\/usu728\/2024\/06\/matriculaeso-600x334.png 600w\" sizes=\"auto, (max-width: 666px) 100vw, 666px\" \/><\/p>\n<p>&nbsp;<\/p>\n<hr \/>\n<p style=\"text-align: center;\"><span style=\"text-decoration: underline; color: #008000;\"><span style=\"font-size: 20px;\"><strong>Preinscripci\u00f3 CF de grau mitj\u00e0 de sistemes microinform\u00e0tics i xarxes 2024-25<\/strong><\/span><\/span><\/p>\n<p style=\"text-align: center;\"><strong>Del 24 al 30 de maig!<\/strong><\/p>\n<p><img loading=\"lazy\" decoding=\"async\" class=\"size-full wp-image-6216 aligncenter\" src=\"https:\/\/agora.xtec.cat\/ies-manuel-sales\/wp-content\/uploads\/usu728\/2024\/05\/Dates-CFGM.png\" alt=\"\" width=\"665\" height=\"358\" srcset=\"https:\/\/agora.xtec.cat\/ies-manuel-sales\/wp-content\/uploads\/usu728\/2024\/05\/Dates-CFGM.png 665w, https:\/\/agora.xtec.cat\/ies-manuel-sales\/wp-content\/uploads\/usu728\/2024\/05\/Dates-CFGM-600x323.png 600w\" sizes=\"auto, (max-width: 665px) 100vw, 665px\" \/><\/p>\n<p><strong>OFERTA DE PLACES<\/strong><\/p>\n<table>\n<tbody>\n<tr>\n<td><strong>Places<\/strong><\/td>\n<td><strong>Ordin\u00e0ries<\/strong><\/td>\n<td><strong>NEE<\/strong><\/td>\n<\/tr>\n<tr>\n<td>1 CFSMX<\/td>\n<td>20<\/td>\n<td>2<\/td>\n<\/tr>\n<tr>\n<td>2 CFSMX<\/td>\n<td>20<\/td>\n<td>2<\/td>\n<\/tr>\n<\/tbody>\n<\/table>\n<p><em>* Nota: encara que no hi hagi places disponibles, es pot demanar a la inspecci\u00f3 una ampliaci\u00f3 de places per ser l\u2019\u00fanic centre educatiu de secund\u00e0ria d\u2019Ulldecona.<\/em><\/p>\n<p><strong><u>PRESENTACI\u00d3 DE SOL\u00b7LICITUDS<\/u><\/strong><\/p>\n<ul>\n<li>Preinscripci\u00f3 telem\u00e0tica\n<ul>\n<li>Termini:\u00a0<strong>del 24 al 30 de maig.<\/strong><\/li>\n<li><a href=\"https:\/\/preinscripcio.gencat.cat\/ca\/estudis\/fp-grau-mitja\/inici\/index.html\">Instruccions del procediment<\/a><\/li>\n<li><a href=\"https:\/\/preinscripcio.gencat.cat\/ca\/estudis\/fp-grau-mitja\/preinscriute\/sollicitud\/#faq-puc-presentar-mes-d-una-sol-licitud-de-preinscripcio\">Enlla\u00e7 a la sol\u00b7licitud telem\u00e0tica<\/a><\/li>\n<\/ul>\n<\/li>\n<\/ul>\n<p>Tamb\u00e9 podeu fer arribar els vostres dubtes o suggeriments al correu electr\u00f2nic\u00a0<a href=\"mailto:secretaria@institutulldecona.cat\">secretaria@institutulldecona.cat<\/a>o b\u00e9 al tel\u00e8fon de l\u2019Institut,\u00a0<strong>977 57 33 65\u00a0<\/strong>de 9\u202fh a 14\u202fh, de dilluns a divendres.<\/p>\n<p><strong>MATR\u00cdCULA<\/strong><\/p>\n<ul>\n<li>Termini 1\u00aa tanda:\u00a0<strong>del 17 al 22 de juliol.<\/strong><\/li>\n<li>Termini 2\u00aa tanda: <strong>del 2 al 6 de setembre.<\/strong><\/li>\n<\/ul>\n<p>* La informaci\u00f3 s\u2019anir\u00e0 actualitzant a mesura que vagi avan\u00e7ant el proc\u00e9s.<\/p>\n<hr \/>\n<p style=\"text-align: center;\"><span style=\"text-decoration: underline; color: #008000;\"><span style=\"font-size: 20px;\"><strong>PFI-Auxiliar de construcci\u00f3 &#8211; PREINSCRIPCI\u00d3 Curs 2024-2025<\/strong><\/span><\/span><\/p>\n<p style=\"text-align: center;\"><strong>Del 2 al 9 de maig!<\/strong><\/p>\n<p><img loading=\"lazy\" decoding=\"async\" class=\"size-full wp-image-6148 aligncenter\" src=\"https:\/\/agora.xtec.cat\/ies-manuel-sales\/wp-content\/uploads\/usu728\/2024\/04\/Dates.png\" alt=\"\" width=\"664\" height=\"347\" srcset=\"https:\/\/agora.xtec.cat\/ies-manuel-sales\/wp-content\/uploads\/usu728\/2024\/04\/Dates.png 664w, https:\/\/agora.xtec.cat\/ies-manuel-sales\/wp-content\/uploads\/usu728\/2024\/04\/Dates-600x314.png 600w\" sizes=\"auto, (max-width: 664px) 100vw, 664px\" \/><\/p>\n<p><strong>OFERTA DE PLACES<\/strong><\/p>\n<table>\n<tbody>\n<tr>\n<td><strong>Places<\/strong><\/td>\n<td><strong>Ordin\u00e0ries<\/strong><\/td>\n<td><strong>NEE<\/strong><\/td>\n<\/tr>\n<tr>\n<td>PFI<\/td>\n<td>16<\/td>\n<td>1<\/td>\n<\/tr>\n<\/tbody>\n<\/table>\n<p><em>* Nota: encara que no hi hagi places disponibles, es pot demanar a la inspecci\u00f3 una ampliaci\u00f3 de places per ser l\u2019\u00fanic centre educatiu de secund\u00e0ria d\u2019Ulldecona.<\/em><\/p>\n<p><strong><u>PRESENTACI\u00d3 DE SOL\u00b7LICITUDS<\/u><\/strong><\/p>\n<ul>\n<li>Preinscripci\u00f3 telem\u00e0tica\n<ul>\n<li>Termini:\u00a0<strong>del 2 al 9 de maig.<\/strong><\/li>\n<li><a href=\"https:\/\/preinscripcio.gencat.cat\/ca\/estudis\/pfi\/inici\/index.html\">Instruccions del procediment<\/a><\/li>\n<li><a href=\"https:\/\/educacio.gencat.cat\/ca\/tramits\/tramits-temes\/pfi-tramit\">Enlla\u00e7 a la sol\u00b7licitud telem\u00e0tica<\/a><\/li>\n<\/ul>\n<\/li>\n<\/ul>\n<p>Tamb\u00e9 podeu fer arribar els vostres dubtes o suggeriments al correu electr\u00f2nic\u00a0<a href=\"mailto:secretaria@institutulldecona.cat\">secretaria@institutulldecona.cat<\/a>o b\u00e9 al tel\u00e8fon de l\u2019Institut,\u00a0<strong>977 57 33 65\u00a0<\/strong>de 9\u202fh a 14\u202fh, de dilluns a divendres.<\/p>\n<p><strong>MATR\u00cdCULA<\/strong><\/p>\n<ul>\n<li>Termini:\u00a0<strong>del 2 al 8 de juliol.<\/strong><\/li>\n<\/ul>\n<p>* La informaci\u00f3 s\u2019anir\u00e0 actualitzant a mesura que vagi avan\u00e7ant el proc\u00e9s.<\/p>\n<p>&#8212;&#8212;&#8212;&#8212;&#8212;&#8212;&#8212;&#8212;&#8212;&#8212;&#8212;&#8212;&#8212;&#8212;&#8212;&#8212;&#8212;&#8212;&#8212;&#8212;&#8212;&#8212;&#8212;&#8212;&#8212;&#8212;&#8212;&#8212;&#8212;&#8212;&#8212;&#8212;&#8212;&#8212;&#8212;&#8212;&#8212;&#8212;&#8212;&#8212;&#8212;&#8212;&#8212;&#8212;&#8212;&#8212;&#8212;&#8212;&#8212;<\/p>\n<p style=\"text-align: center;\"><span style=\"text-decoration: underline; color: #008000;\"><span style=\"font-size: 20px;\"><strong>BATXILLERAT &#8211; PREINSCRIPCI\u00d3 Curs 2024-2025<\/strong><\/span><\/span><\/p>\n<p><a href=\"https:\/\/agora.xtec.cat\/ies-manuel-sales\/wp-content\/uploads\/usu728\/2024\/04\/batxillerat-bola3-1.png_223078711-1.png\"><img loading=\"lazy\" decoding=\"async\" class=\"wp-image-6035 aligncenter\" src=\"https:\/\/agora.xtec.cat\/ies-manuel-sales\/wp-content\/uploads\/usu728\/2024\/04\/batxillerat-bola3-1.png_223078711-1.png\" alt=\"\" width=\"496\" height=\"279\" srcset=\"https:\/\/agora.xtec.cat\/ies-manuel-sales\/wp-content\/uploads\/usu728\/2024\/04\/batxillerat-bola3-1.png_223078711-1.png 832w, https:\/\/agora.xtec.cat\/ies-manuel-sales\/wp-content\/uploads\/usu728\/2024\/04\/batxillerat-bola3-1.png_223078711-1-600x338.png 600w, https:\/\/agora.xtec.cat\/ies-manuel-sales\/wp-content\/uploads\/usu728\/2024\/04\/batxillerat-bola3-1.png_223078711-1-768x432.png 768w\" sizes=\"auto, (max-width: 496px) 100vw, 496px\" \/><\/a><\/p>\n<p style=\"text-align: center;\"><strong>OFERTA DE PLACES<\/strong><\/p>\n<table>\n<tbody>\n<tr>\n<td><strong>Places<\/strong><\/td>\n<td><strong>Ordin\u00e0ries<\/strong><\/td>\n<td><strong>NEE<\/strong><\/td>\n<\/tr>\n<tr>\n<td>1 Batxillerat<\/td>\n<td>30<\/td>\n<td>0<\/td>\n<\/tr>\n<tr>\n<td>2 Batxillerat<\/td>\n<td>28<\/td>\n<td>1<\/td>\n<\/tr>\n<\/tbody>\n<\/table>\n<p><em>* Nota: encara que no hi hagi places disponibles, es pot demanar a la inspecci\u00f3 una ampliaci\u00f3 de places per ser l\u2019\u00fanic centre educatiu de secund\u00e0ria d\u2019Ulldecona.<\/em><\/p>\n<p><strong><u>PRESENTACI\u00d3 DE SOL\u00b7LICITUDS<\/u><\/strong><\/p>\n<ul>\n<li>Preinscripci\u00f3 telem\u00e0tica\n<ul>\n<li>Termini:\u00a0<strong>del 18 al 25 d\u2019abril de 2024.<\/strong><\/li>\n<li><a href=\"https:\/\/preinscripcio.gencat.cat\/ca\/estudis\/batxillerat\/inici\/\">Instruccions del procediment<\/a><\/li>\n<li><a href=\"https:\/\/educacio.gencat.cat\/ca\/tramits\/tramits-temes\/9388-batxillerat?moda=1\">Enlla\u00e7 a la sol\u00b7licitud telem\u00e0tica<\/a><\/li>\n<\/ul>\n<\/li>\n<\/ul>\n<p>Tamb\u00e9 podeu fer arribar els vostres dubtes o suggeriments al correu electr\u00f2nic\u00a0<a href=\"mailto:secretaria@institutulldecona.cat\">secretaria@institutulldecona.cat<\/a>o b\u00e9 al tel\u00e8fon de l\u2019Institut,\u00a0<strong>977 57 33 65\u00a0<\/strong>de 9\u202fh a 14\u202fh, de dilluns a divendres.<\/p>\n<p><strong>MATR\u00cdCULA<\/strong><\/p>\n<ul>\n<li>Termini:\u00a0<strong>del 21 de juny a l\u20191 de juliol.<\/strong><\/li>\n<\/ul>\n<p>* La informaci\u00f3 s\u2019anir\u00e0 actualitzant a mesura que vagi avan\u00e7ant el proc\u00e9s.<\/p>\n<p>&#8212;&#8212;&#8212;&#8212;&#8212;&#8212;&#8212;&#8212;&#8212;&#8212;&#8212;&#8212;&#8212;&#8212;&#8212;&#8212;&#8212;&#8212;&#8212;&#8212;&#8212;&#8212;&#8212;&#8212;&#8212;&#8212;&#8212;&#8212;&#8212;&#8212;&#8212;&#8212;&#8212;&#8212;&#8212;&#8212;&#8212;&#8212;&#8212;&#8212;&#8212;&#8212;&#8212;&#8212;&#8212;&#8212;&#8212;&#8212;&#8212;<\/p>\n<p style=\"text-align: center;\"><span style=\"text-decoration: underline; color: #008000;\"><span style=\"font-size: 20px;\"><strong>ESO &#8211; PREINSCRIPCI\u00d3 Curs 2024-2025<\/strong><\/span><\/span><\/p>\n<p style=\"text-align: center;\"><strong>OFERTA DEFINITIVA DE PLACES<\/strong><\/p>\n<table>\n<tbody>\n<tr>\n<td><strong>Places<\/strong><\/td>\n<td><strong>Ordin\u00e0ries<\/strong><\/td>\n<td><strong>NEE<\/strong><\/td>\n<\/tr>\n<tr>\n<td>1 ESO<\/td>\n<td>75<\/td>\n<td>12<\/td>\n<\/tr>\n<tr>\n<td>2 ESO<\/td>\n<td>16<\/td>\n<td>4<\/td>\n<\/tr>\n<tr>\n<td>3 ESO*<\/td>\n<td>0<\/td>\n<td>0<\/td>\n<\/tr>\n<tr>\n<td>4 ESO<\/td>\n<td>6<\/td>\n<td>5<\/td>\n<\/tr>\n<\/tbody>\n<\/table>\n<p><em>* Nota: encara que no hi hagi places disponibles, es pot demanar a la inspecci\u00f3 una ampliaci\u00f3 de places per ser l\u2019\u00fanic centre educatiu de secund\u00e0ria d\u2019Ulldecona.<\/em><\/p>\n<p><span style=\"text-decoration: underline;\"><strong>PRESENTACI\u00d3 DE SOL\u00b7LICITUDS<\/strong><\/span><\/p>\n<ul>\n<li>Preinscripci\u00f3 telem\u00e0tica\n<ul>\n<li>Termini:\u00a0<strong>del 8 al 20 de mar\u00e7 de 2024.<\/strong><\/li>\n<\/ul>\n<\/li>\n<\/ul>\n<ul>\n<li style=\"list-style-type: none;\">\n<ul>\n<li><a href=\"https:\/\/preinscripcio.gencat.cat\/ca\/estudis\/eso\/inici\/\">Instruccions del procediment<\/a><\/li>\n<\/ul>\n<\/li>\n<\/ul>\n<ul>\n<li><a href=\"https:\/\/educacio.gencat.cat\/ca\/tramits\/tramits-temes\/20483-obligatoris?moda=3\">Enlla\u00e7 a la sol\u00b7licitud telem\u00e0tica &gt;&gt;<\/a><\/li>\n<\/ul>\n<p>Us indiquem les passes a seguir (veure <a href=\"https:\/\/agora.xtec.cat\/ies-manuel-sales\/wp-content\/uploads\/usu728\/2024\/03\/Carta-families-escola-24-25.pdf\"><strong>circular informativa<\/strong><\/a>), tot i que des de l\u2019Institut us acompanyarem en qualsevol dificultat t\u00e8cnica que es pugui presentar.<\/p>\n<p style=\"padding-left: 40px;\"><span style=\"font-family: inherit; font-size: 1em;\">Tamb\u00e9 podeu fer arribar els vostres dubtes o suggeriments al correu electr\u00f2nic\u00a0<\/span><a style=\"font-family: inherit; font-size: 1em;\" href=\"mailto:secretaria@institutulldecona.cat\">secretaria@institutulldecona.cat<\/a><span style=\"font-family: inherit; font-size: 1em;\">o b\u00e9 al tel\u00e8fon de l\u2019Institut,\u00a0<\/span><strong style=\"font-family: inherit; font-size: 1em;\">977 57 33 65\u00a0<\/strong><span style=\"font-family: inherit; font-size: 1em;\">de 9\u202fh a 14\u202fh, de dilluns a divendres.<\/span><\/p>\n<p><em><br \/>\n<\/em><strong>MATR\u00cdCULA<\/strong><\/p>\n<ul>\n<li>Termini:\u00a0<strong>del 18 al 26 de juny.<\/strong><\/li>\n<\/ul>\n<p>* La informaci\u00f3 s\u2019anir\u00e0 actualitzant a mesura que vagi avan\u00e7ant el proc\u00e9s.<\/p>\n","protected":false},"excerpt":{"rendered":"<p>&nbsp;<br \/>\n&nbsp;<br \/>\nESO &#8211; PREINSCRIPCI\u00d3 &#8211; Curs 2026-2027<br \/>\nOFERTA DEFINITIVA DE PLACES<\/p>\n<p>Places<br \/>\nOrdin\u00e0ries<br \/>\nNEE<\/p>\n<p>1 ESO<br \/>\n54<br \/>\n6<\/p>\n<p>2 ESO<br \/>\n69<br \/>\n21<\/p>\n<p>3 ESO<br \/>\n78<br \/>\n12<\/p>\n<p>4 ESO<br \/>\n66<br \/>\n24<\/p>\n<p>Nota: encara que no hi hagi places disponibles, es pot demanar a la inspecci\u00f3 una ampliaci\u00f3 de places per ser l\u2019\u00fanic centre educatiu de secund\u00e0ria d\u2019Ulldecona.<br \/>\n&nbsp;<br \/>\nPRESENTACI\u00d3 DE SOL\u00b7LICITUDS<\/p>\n<ul>\n<li>Preinscripci\u00f3 telem\u00e0tica\n<ul>\n<li>Termini:\u00a0del 6 al 18 de&hellip;  <a href=\"https:\/\/agora.xtec.cat\/ies-manuel-sales\/secretaria\/preinscripcio-i-matricula\/\" title=\"Read PREINSCRIPCI\u00d3 I MATR\u00cdCULA\">Llegeix m\u00e9s\u00bb<\/a><br \/>\n","protected":false},"author":1,"featured_media":0,"parent":81,"menu_order":50,"comment_status":"closed","ping_status":"closed","template":"page-templates\/side-menu.php","meta":{"_bbp_topic_count":0,"_bbp_reply_count":0,"_bbp_total_topic_count":0,"_bbp_total_reply_count":0,"_bbp_voice_count":0,"_bbp_anonymous_reply_count":0,"_bbp_topic_count_hidden":0,"_bbp_reply_count_hidden":0,"_bbp_forum_subforum_count":0,"footnotes":""},"class_list":["post-1975","page","type-page","status-publish","hentry"],"post_mailing_queue_ids":[],"_links":{"self":[{"href":"https:\/\/agora.xtec.cat\/ies-manuel-sales\/wp-json\/wp\/v2\/pages\/1975","targetHints":{"allow":["GET"]}}],"collection":[{"href":"https:\/\/agora.xtec.cat\/ies-manuel-sales\/wp-json\/wp\/v2\/pages"}],"about":[{"href":"https:\/\/agora.xtec.cat\/ies-manuel-sales\/wp-json\/wp\/v2\/types\/page"}],"author":[{"embeddable":true,"href":"https:\/\/agora.xtec.cat\/ies-manuel-sales\/wp-json\/wp\/v2\/users\/1"}],"replies":[{"embeddable":true,"href":"https:\/\/agora.xtec.cat\/ies-manuel-sales\/wp-json\/wp\/v2\/comments?post=1975"}],"version-history":[{"count":6,"href":"https:\/\/agora.xtec.cat\/ies-manuel-sales\/wp-json\/wp\/v2\/pages\/1975\/revisions"}],"predecessor-version":[{"id":7394,"href":"https:\/\/agora.xtec.cat\/ies-manuel-sales\/wp-json\/wp\/v2\/pages\/1975\/revisions\/7394"}],"up":[{"embeddable":true,"href":"https:\/\/agora.xtec.cat\/ies-manuel-sales\/wp-json\/wp\/v2\/pages\/81"}],"wp:attachment":[{"href":"https:\/\/agora.xtec.cat\/ies-manuel-sales\/wp-json\/wp\/v2\/media?parent=1975"}],"curies":[{"name":"wp","href":"https:\/\/api.w.org\/{rel}","templated":true}]}}