{"id":195,"date":"2014-09-22T10:39:39","date_gmt":"2014-09-22T09:39:39","guid":{"rendered":"http:\/\/agora.xtec.cat\/ies-manuel-sales\/?page_id=195"},"modified":"2022-09-18T19:51:21","modified_gmt":"2022-09-18T17:51:21","slug":"estudis","status":"publish","type":"page","link":"https:\/\/agora.xtec.cat\/ies-manuel-sales\/estudis\/","title":{"rendered":"ESTUDIS"},"content":{"rendered":"<table>\n<tbody>\n<tr>\n<td style=\"background-color: #f5e4c1; vertical-align: top;\">\n<p style=\"text-align: justify;\">L&#8217;oferta formativa del centre comen\u00e7a amb l&#8217;etapa obligat\u00f2ria de l&#8217;<strong>ESO <\/strong>(4 cursos) i es pot completar amb els estudis postobligatoris de <strong>Batxillerat <\/strong>o el <strong>Cicle Formatiu de Grau Mitj\u00e0 &#8220;Sistemes microinform\u00e0tics i xarxes&#8221;<\/strong>.<\/p>\n<p style=\"text-align: justify;\">Tamb\u00e9 s&#8217;imparteixen estudis del <strong>Programa de Formaci\u00f3 i Inserci\u00f3 d&#8217;Auxiliar de Construcci\u00f3<\/strong>, destinats a alumnes majors de 16 anys sense t\u00edtol d&#8217;ESO.<\/p>\n<p style=\"text-align: justify;\">Des del centre tamb\u00e9 es fa un treball d&#8217;orientaci\u00f3, tant per a l&#8217;acc\u00e9s a estudis universitaris o cicles formatius de grau superior com per a l&#8217;acc\u00e9s a cicles formatius de grau mitj\u00e0 a trav\u00e9s de les proves d&#8217;acc\u00e9s o d&#8217;estudis en Programes de Formaci\u00f3 i Inserci\u00f3 i altres estudis no reglats.<\/p>\n<\/td>\n<td style=\"vertical-align: top; background-color: #f5e4c1; width: 300px;\"><img loading=\"lazy\" decoding=\"async\" class=\"aligncenter size-medium wp-image-3710\" src=\"https:\/\/agora.xtec.cat\/ies-manuel-sales\/wp-content\/uploads\/usu728\/2021\/02\/Llibres-600x333.jpg\" alt=\"Llibres per a la diversitat\" width=\"600\" height=\"333\" srcset=\"https:\/\/agora.xtec.cat\/ies-manuel-sales\/wp-content\/uploads\/usu728\/2021\/02\/Llibres-600x333.jpg 600w, https:\/\/agora.xtec.cat\/ies-manuel-sales\/wp-content\/uploads\/usu728\/2021\/02\/Llibres-768x427.jpg 768w, https:\/\/agora.xtec.cat\/ies-manuel-sales\/wp-content\/uploads\/usu728\/2021\/02\/Llibres-1024x569.jpg 1024w, https:\/\/agora.xtec.cat\/ies-manuel-sales\/wp-content\/uploads\/usu728\/2021\/02\/Llibres.jpg 1600w\" sizes=\"auto, (max-width: 600px) 100vw, 600px\" \/><\/td>\n<\/tr>\n<tr>\n<td style=\"vertical-align: top;\">\n<h3 style=\"text-align: justify;\">ESO<\/h3>\n<p style=\"text-align: justify;\">El nostre centre imparteix els 4 cursos de l&#8217;Educaci\u00f3 Secund\u00e0ria Obligat\u00f2ria i dona aquest servei p\u00fablic a tot l&#8217;alumnat d&#8217;Ulldecona, tots els seus barris i acull tamb\u00e9 alumnes de la poblaci\u00f3 de Sant Rafel.<\/p>\n<p style=\"text-align: justify;\">En acabar els estudis l&#8217;alumnat pot aconseguir el t\u00edtol de <strong>Graduat en Educaci\u00f3 Secund\u00e0ria<\/strong>.<\/p>\n<p style=\"text-align: justify;\">Tenim un <strong>Programa de Diversificaci\u00f3 Curricular<\/strong> que garanteix l&#8217;assoliment dels objectius de l&#8217;ESO per a l&#8217;alumnat que requereix una atenci\u00f3 diversificada.<\/p>\n<\/td>\n<td style=\"vertical-align: top; width: 300px;\"><img loading=\"lazy\" decoding=\"async\" class=\"aligncenter size-medium wp-image-3700\" src=\"https:\/\/agora.xtec.cat\/ies-manuel-sales\/wp-content\/uploads\/usu728\/2021\/02\/Taller-Learn-it-Drons-1-ESO-600x283.jpg\" alt=\"Taller de drons Learn it!\" width=\"600\" height=\"283\" srcset=\"https:\/\/agora.xtec.cat\/ies-manuel-sales\/wp-content\/uploads\/usu728\/2021\/02\/Taller-Learn-it-Drons-1-ESO-600x283.jpg 600w, https:\/\/agora.xtec.cat\/ies-manuel-sales\/wp-content\/uploads\/usu728\/2021\/02\/Taller-Learn-it-Drons-1-ESO-768x363.jpg 768w, https:\/\/agora.xtec.cat\/ies-manuel-sales\/wp-content\/uploads\/usu728\/2021\/02\/Taller-Learn-it-Drons-1-ESO-1024x484.jpg 1024w, https:\/\/agora.xtec.cat\/ies-manuel-sales\/wp-content\/uploads\/usu728\/2021\/02\/Taller-Learn-it-Drons-1-ESO.jpg 1599w\" sizes=\"auto, (max-width: 600px) 100vw, 600px\" \/><\/td>\n<\/tr>\n<tr>\n<td style=\"vertical-align: top;\">\n<header>\n<h3>Batxillerat<\/h3>\n<\/header>\n<div class=\"entry-content\">\n<p style=\"text-align: justify;\" align=\"justify\">Al nostre centre s&#8217;imparteixen les seg\u00fcents modalitats de Batxillerat di\u00fcrn:<\/p>\n<ul style=\"text-align: justify;\">\n<li>Batxillerat d&#8217;Humanitats i Ci\u00e8ncies Socials.<\/li>\n<li>Batxillerat de Ci\u00e8ncies i Tecnologia..<\/li>\n<\/ul>\n<p style=\"text-align: justify;\" align=\"justify\">En acabar aquests estudis l&#8217;alumnat pot aconseguir el t\u00edtol de Batxillerat.<\/p>\n<\/div>\n<\/td>\n<td style=\"vertical-align: top; width: 300px;\"><img loading=\"lazy\" decoding=\"async\" class=\"aligncenter size-medium wp-image-2912\" src=\"https:\/\/agora.xtec.cat\/ies-manuel-sales\/wp-content\/uploads\/usu728\/2019\/07\/MG_3097-600x369.jpg\" alt=\"Festa de Graduaci\u00f3 2019 Batxillerat\" width=\"600\" height=\"369\" srcset=\"https:\/\/agora.xtec.cat\/ies-manuel-sales\/wp-content\/uploads\/usu728\/2019\/07\/MG_3097-600x369.jpg 600w, https:\/\/agora.xtec.cat\/ies-manuel-sales\/wp-content\/uploads\/usu728\/2019\/07\/MG_3097-768x472.jpg 768w, https:\/\/agora.xtec.cat\/ies-manuel-sales\/wp-content\/uploads\/usu728\/2019\/07\/MG_3097-1024x630.jpg 1024w, https:\/\/agora.xtec.cat\/ies-manuel-sales\/wp-content\/uploads\/usu728\/2019\/07\/MG_3097.jpg 2000w\" sizes=\"auto, (max-width: 600px) 100vw, 600px\" \/><\/td>\n<\/tr>\n<tr>\n<td style=\"vertical-align: top;\">\n<h3>CFGM<\/h3>\n<p style=\"text-align: justify;\">Des del curs 2007-08 s&#8217;imparteix un Cicle Formatiu de Grau Mitj\u00e0 que ofereix la titulaci\u00f3 de t\u00e8cnic en &#8220;Sistemes microinform\u00e0tics i xarxes&#8221;.<\/p>\n<p style=\"text-align: justify;\">El cicle \u00e9s de 2000 hores lectives i t\u00e9 una durada de 2 cursos escolars.<\/p>\n<p style=\"text-align: justify;\"><strong>+ informaci\u00f3<\/strong> <a href=\"http:\/\/agora.xtec.cat\/ies-manuel-sales\/estudis\/cicle-formatiu-de-grau-mitja\/\"><img loading=\"lazy\" decoding=\"async\" src=\"http:\/\/www.xtec.cat\/ies-manuel-sales\/animacions\/flec0048.gif\" alt=\"Cicle Formatiu de Grau Mitj\u00e0 d'Inform\u00e0tica &gt;&gt;\" width=\"14\" height=\"16\" align=\"absmiddle\" border=\"0\" \/><\/a><\/p>\n<\/td>\n<td style=\"vertical-align: top; width: 300px;\"><img loading=\"lazy\" decoding=\"async\" class=\"aligncenter size-medium wp-image-732\" src=\"https:\/\/agora.xtec.cat\/ies-manuel-sales\/wp-content\/uploads\/usu728\/2016\/05\/Logo_CFGM2016-300x300.jpg\" alt=\"Logo CFGM\" width=\"300\" height=\"300\" srcset=\"https:\/\/agora.xtec.cat\/ies-manuel-sales\/wp-content\/uploads\/usu728\/2016\/05\/Logo_CFGM2016-300x300.jpg 300w, https:\/\/agora.xtec.cat\/ies-manuel-sales\/wp-content\/uploads\/usu728\/2016\/05\/Logo_CFGM2016-150x150.jpg 150w, https:\/\/agora.xtec.cat\/ies-manuel-sales\/wp-content\/uploads\/usu728\/2016\/05\/Logo_CFGM2016.jpg 1000w\" sizes=\"auto, (max-width: 300px) 100vw, 300px\" \/><\/td>\n<\/tr>\n<tr>\n<td style=\"vertical-align: top;\">\n<h3>PFI &#8211; AUXILIAR DE CONSTRUCCI\u00d3<\/h3>\n<p style=\"text-align: justify;\">Des del curs 2020\/21 oferim el <strong>Programa de Formaci\u00f3 i Inserci\u00f3 d&#8217;Auxiliar de Construcci\u00f3<\/strong>, destinat a joves, d\u2019entre <strong>16 i 21 anys<\/strong>, que no tenen el t\u00edtol d\u2019ESO (Graduat en Educaci\u00f3 Secund\u00e0ria Obligat\u00f2ria) i volen formar-se en una professi\u00f3.<\/p>\n<p style=\"text-align: justify;\">El programa \u00e9s de <strong>1000 hores<\/strong>, un curs escolar, de setembre a juny.<\/p>\n<p><strong>+ informaci\u00f3<\/strong> <a href=\"http:\/\/agora.xtec.cat\/ies-manuel-sales\/estudis\/pfi-auxiliar-construccio\/\"><img loading=\"lazy\" decoding=\"async\" src=\"http:\/\/www.xtec.cat\/ies-manuel-sales\/animacions\/flec0048.gif\" alt=\"Cicle Formatiu de Grau Mitj\u00e0 d'Inform\u00e0tica &gt;&gt;\" width=\"14\" height=\"16\" align=\"absmiddle\" border=\"0\" \/><\/a><\/td>\n<td style=\"vertical-align: top; width: 300px;\"><img loading=\"lazy\" decoding=\"async\" class=\"aligncenter size-medium wp-image-3520\" src=\"https:\/\/agora.xtec.cat\/ies-manuel-sales\/wp-content\/uploads\/usu728\/2020\/08\/Logo-PFI-600x338.png\" alt=\"Logo PFIs\" width=\"600\" height=\"338\" srcset=\"https:\/\/agora.xtec.cat\/ies-manuel-sales\/wp-content\/uploads\/usu728\/2020\/08\/Logo-PFI-600x338.png 600w, https:\/\/agora.xtec.cat\/ies-manuel-sales\/wp-content\/uploads\/usu728\/2020\/08\/Logo-PFI-768x432.png 768w, https:\/\/agora.xtec.cat\/ies-manuel-sales\/wp-content\/uploads\/usu728\/2020\/08\/Logo-PFI.png 1024w\" sizes=\"auto, (max-width: 600px) 100vw, 600px\" \/><\/td>\n<\/tr>\n<\/tbody>\n<\/table>\n<header class=\"entry-header\" style=\"color: #444444;\">\u00a0<\/header>\n<div class=\"entry-content\" style=\"color: #444444;\">\n<header><\/header>\n<div class=\"entry-content\">\n<p align=\"justify\">\n<\/div>\n<\/div>\n<header class=\"entry-header\" style=\"color: #444444;\">\u00a0<\/header>\n","protected":false},"excerpt":{"rendered":"<p>L&#8217;oferta formativa del centre comen\u00e7a amb l&#8217;etapa obligat\u00f2ria de l&#8217;ESO (4 cursos) i es pot completar amb els estudis postobligatoris de Batxillerat o el Cicle Formatiu de Grau Mitj\u00e0 &#8220;Sistemes microinform\u00e0tics i xarxes&#8221;.<br \/>\nTamb\u00e9 s&#8217;imparteixen estudis del Programa de Formaci\u00f3 i Inserci\u00f3 d&#8217;Auxiliar de Construcci\u00f3, destinats&hellip;  <a href=\"https:\/\/agora.xtec.cat\/ies-manuel-sales\/estudis\/\" title=\"Read ESTUDIS\">Llegeix m\u00e9s\u00bb<\/a><\/p>\n","protected":false},"author":1,"featured_media":0,"parent":0,"menu_order":2,"comment_status":"closed","ping_status":"closed","template":"page-templates\/side-menu.php","meta":{"_bbp_topic_count":0,"_bbp_reply_count":0,"_bbp_total_topic_count":0,"_bbp_total_reply_count":0,"_bbp_voice_count":0,"_bbp_anonymous_reply_count":0,"_bbp_topic_count_hidden":0,"_bbp_reply_count_hidden":0,"_bbp_forum_subforum_count":0,"footnotes":""},"class_list":["post-195","page","type-page","status-publish","hentry"],"post_mailing_queue_ids":[],"_links":{"self":[{"href":"https:\/\/agora.xtec.cat\/ies-manuel-sales\/wp-json\/wp\/v2\/pages\/195","targetHints":{"allow":["GET"]}}],"collection":[{"href":"https:\/\/agora.xtec.cat\/ies-manuel-sales\/wp-json\/wp\/v2\/pages"}],"about":[{"href":"https:\/\/agora.xtec.cat\/ies-manuel-sales\/wp-json\/wp\/v2\/types\/page"}],"author":[{"embeddable":true,"href":"https:\/\/agora.xtec.cat\/ies-manuel-sales\/wp-json\/wp\/v2\/users\/1"}],"replies":[{"embeddable":true,"href":"https:\/\/agora.xtec.cat\/ies-manuel-sales\/wp-json\/wp\/v2\/comments?post=195"}],"version-history":[{"count":3,"href":"https:\/\/agora.xtec.cat\/ies-manuel-sales\/wp-json\/wp\/v2\/pages\/195\/revisions"}],"predecessor-version":[{"id":3773,"href":"https:\/\/agora.xtec.cat\/ies-manuel-sales\/wp-json\/wp\/v2\/pages\/195\/revisions\/3773"}],"wp:attachment":[{"href":"https:\/\/agora.xtec.cat\/ies-manuel-sales\/wp-json\/wp\/v2\/media?parent=195"}],"curies":[{"name":"wp","href":"https:\/\/api.w.org\/{rel}","templated":true}]}}