{"id":77,"date":"2014-09-18T10:29:25","date_gmt":"2014-09-18T09:29:25","guid":{"rendered":"http:\/\/agora.xtec.cat\/ies-manuel-blancafort\/?page_id=77"},"modified":"2021-02-03T08:13:23","modified_gmt":"2021-02-03T07:13:23","slug":"transport-escolar","status":"publish","type":"page","link":"https:\/\/agora.xtec.cat\/ies-manuel-blancafort\/serveis\/transport-escolar\/","title":{"rendered":"Transport escolar"},"content":{"rendered":"<p>El Consell Comarcal del Vall\u00e8s Oriental gestiona el servei de transport escolar per als alumnes residents a El Figar\u00f3 que assisteixen al nostre institut.<\/p>\n<p>Igualment, \u00e9s el Consell Comarcal qui s&#8217;encarrega del transport sanitari per als alumnes de la SIEI que v\u00e9nen al centre des de diferents pobles ve\u00efns.<\/p>\n<p>Si desitgeu tenir m\u00e9s informaci\u00f3, cliqueu al seg\u00fcent <a href=\"http:\/\/www.vallesoriental.cat\/ambits\/ensenyament\/servei-de-transport-escolar\/\">enlla\u00e7<\/a><\/p>\n","protected":false},"excerpt":{"rendered":"<p>El Consell Comarcal del Vall\u00e8s Oriental gestiona el servei de transport escolar per als alumnes residents a El Figar\u00f3 que assisteixen al nostre institut.<br \/>\nIgualment, \u00e9s el Consell Comarcal qui s&#8217;encarrega del transport sanitari per als alumnes de la SIEI que v\u00e9nen al centre des de&hellip;  <a href=\"https:\/\/agora.xtec.cat\/ies-manuel-blancafort\/serveis\/transport-escolar\/\" title=\"Read Transport escolar\">Llegeix m\u00e9s\u00bb<\/a><\/p>\n","protected":false},"author":1,"featured_media":0,"parent":63,"menu_order":50,"comment_status":"closed","ping_status":"closed","template":"page-templates\/side-menu.php","meta":{"_bbp_topic_count":0,"_bbp_reply_count":0,"_bbp_total_topic_count":0,"_bbp_total_reply_count":0,"_bbp_voice_count":0,"_bbp_anonymous_reply_count":0,"_bbp_topic_count_hidden":0,"_bbp_reply_count_hidden":0,"_bbp_forum_subforum_count":0,"footnotes":""},"class_list":["post-77","page","type-page","status-publish","hentry"],"post_mailing_queue_ids":[],"_links":{"self":[{"href":"https:\/\/agora.xtec.cat\/ies-manuel-blancafort\/wp-json\/wp\/v2\/pages\/77","targetHints":{"allow":["GET"]}}],"collection":[{"href":"https:\/\/agora.xtec.cat\/ies-manuel-blancafort\/wp-json\/wp\/v2\/pages"}],"about":[{"href":"https:\/\/agora.xtec.cat\/ies-manuel-blancafort\/wp-json\/wp\/v2\/types\/page"}],"author":[{"embeddable":true,"href":"https:\/\/agora.xtec.cat\/ies-manuel-blancafort\/wp-json\/wp\/v2\/users\/1"}],"replies":[{"embeddable":true,"href":"https:\/\/agora.xtec.cat\/ies-manuel-blancafort\/wp-json\/wp\/v2\/comments?post=77"}],"version-history":[{"count":3,"href":"https:\/\/agora.xtec.cat\/ies-manuel-blancafort\/wp-json\/wp\/v2\/pages\/77\/revisions"}],"predecessor-version":[{"id":915,"href":"https:\/\/agora.xtec.cat\/ies-manuel-blancafort\/wp-json\/wp\/v2\/pages\/77\/revisions\/915"}],"up":[{"embeddable":true,"href":"https:\/\/agora.xtec.cat\/ies-manuel-blancafort\/wp-json\/wp\/v2\/pages\/63"}],"wp:attachment":[{"href":"https:\/\/agora.xtec.cat\/ies-manuel-blancafort\/wp-json\/wp\/v2\/media?parent=77"}],"curies":[{"name":"wp","href":"https:\/\/api.w.org\/{rel}","templated":true}]}}