{"id":686,"date":"2021-01-13T12:28:25","date_gmt":"2021-01-13T11:28:25","guid":{"rendered":"https:\/\/agora.xtec.cat\/ies-manuel-blancafort\/?page_id=686"},"modified":"2021-03-10T13:27:40","modified_gmt":"2021-03-10T12:27:40","slug":"pagaments-tpv","status":"publish","type":"page","link":"https:\/\/agora.xtec.cat\/ies-manuel-blancafort\/secretaria\/pagaments-tpv\/","title":{"rendered":"Pagaments"},"content":{"rendered":"<p>Els pagaments de quotes, material, sortides i altres activitats es gestionen des de la secretaria del centre a trav\u00e9s de la plataforma TPVEscola.\u00a0 Hi podeu accedir clicant la icona <a href=\"https:\/\/tpvescola.com\/\" target=\"_blank\" rel=\"noopener noreferrer\"><img loading=\"lazy\" decoding=\"async\" class=\"alignnone wp-image-910\" src=\"https:\/\/agora.xtec.cat\/ies-manuel-blancafort\/wp-content\/uploads\/usu2429\/2021\/02\/IMG_20210202_140442.jpg\" alt=\"\" width=\"46\" height=\"45\" srcset=\"https:\/\/agora.xtec.cat\/ies-manuel-blancafort\/wp-content\/uploads\/usu2429\/2021\/02\/IMG_20210202_140442.jpg 386w, https:\/\/agora.xtec.cat\/ies-manuel-blancafort\/wp-content\/uploads\/usu2429\/2021\/02\/IMG_20210202_140442-150x150.jpg 150w, https:\/\/agora.xtec.cat\/ies-manuel-blancafort\/wp-content\/uploads\/usu2429\/2021\/02\/IMG_20210202_140442-300x294.jpg 300w\" sizes=\"auto, (max-width: 46px) 100vw, 46px\" \/><\/a><\/p>\n<p>Si necessiteu m\u00e9s informaci\u00f3 podeu trucar al 93 871 55 03 o enviar un correu a l&#8217;adre\u00e7a del centre: a8035222@xtec.cat<\/p>\n<p>&nbsp;<\/p>\n","protected":false},"excerpt":{"rendered":"<p>Els pagaments de quotes, material, sortides i altres activitats es gestionen des de la secretaria del centre a trav\u00e9s de la plataforma TPVEscola.\u00a0 Hi podeu accedir clicant la icona <a href=\"https:\/\/tpvescola.com\/\" target=\"_blank\" rel=\"noopener noreferrer\"><\/a><br \/>\nSi necessiteu m\u00e9s informaci\u00f3 podeu trucar al 93 871 55 03 o&hellip;  <a href=\"https:\/\/agora.xtec.cat\/ies-manuel-blancafort\/secretaria\/pagaments-tpv\/\" title=\"Read Pagaments\">Llegeix m\u00e9s\u00bb<\/a><\/p>\n","protected":false},"author":1,"featured_media":0,"parent":81,"menu_order":30,"comment_status":"closed","ping_status":"closed","template":"page-templates\/side-menu.php","meta":{"_bbp_topic_count":0,"_bbp_reply_count":0,"_bbp_total_topic_count":0,"_bbp_total_reply_count":0,"_bbp_voice_count":0,"_bbp_anonymous_reply_count":0,"_bbp_topic_count_hidden":0,"_bbp_reply_count_hidden":0,"_bbp_forum_subforum_count":0,"footnotes":""},"class_list":["post-686","page","type-page","status-publish","hentry"],"post_mailing_queue_ids":[],"_links":{"self":[{"href":"https:\/\/agora.xtec.cat\/ies-manuel-blancafort\/wp-json\/wp\/v2\/pages\/686","targetHints":{"allow":["GET"]}}],"collection":[{"href":"https:\/\/agora.xtec.cat\/ies-manuel-blancafort\/wp-json\/wp\/v2\/pages"}],"about":[{"href":"https:\/\/agora.xtec.cat\/ies-manuel-blancafort\/wp-json\/wp\/v2\/types\/page"}],"author":[{"embeddable":true,"href":"https:\/\/agora.xtec.cat\/ies-manuel-blancafort\/wp-json\/wp\/v2\/users\/1"}],"replies":[{"embeddable":true,"href":"https:\/\/agora.xtec.cat\/ies-manuel-blancafort\/wp-json\/wp\/v2\/comments?post=686"}],"version-history":[{"count":3,"href":"https:\/\/agora.xtec.cat\/ies-manuel-blancafort\/wp-json\/wp\/v2\/pages\/686\/revisions"}],"predecessor-version":[{"id":1123,"href":"https:\/\/agora.xtec.cat\/ies-manuel-blancafort\/wp-json\/wp\/v2\/pages\/686\/revisions\/1123"}],"up":[{"embeddable":true,"href":"https:\/\/agora.xtec.cat\/ies-manuel-blancafort\/wp-json\/wp\/v2\/pages\/81"}],"wp:attachment":[{"href":"https:\/\/agora.xtec.cat\/ies-manuel-blancafort\/wp-json\/wp\/v2\/media?parent=686"}],"curies":[{"name":"wp","href":"https:\/\/api.w.org\/{rel}","templated":true}]}}