{"id":684,"date":"2021-01-13T12:27:27","date_gmt":"2021-01-13T11:27:27","guid":{"rendered":"https:\/\/agora.xtec.cat\/ies-manuel-blancafort\/?page_id=684"},"modified":"2026-03-09T14:05:07","modified_gmt":"2026-03-09T13:05:07","slug":"preinscripcio-i-matricula","status":"publish","type":"page","link":"https:\/\/agora.xtec.cat\/ies-manuel-blancafort\/secretaria\/preinscripcio-i-matricula\/","title":{"rendered":"Preinscripci\u00f3 i matr\u00edcula"},"content":{"rendered":"<p><span style=\"font-size: 2.3125em; font-weight: bold;\">PREINSCRIPCI\u00d3 ESO<\/span><\/p>\n<p><strong>Es poden matricular a 1r curs d&#8217;educaci\u00f3 secund\u00e0ria obligat\u00f2ria<\/strong> els alumnes que compleixen 12 anys durant l&#8217;any 2026, i els d&#8217;edat diferent als quals correspongui acad\u00e8micament iniciar aquesta etapa educativa.<\/p>\n<p>Abans de matricular-se s&#8217;ha de fer la\u00a0<strong>preinscripci\u00f3<\/strong>. Amb la preinscripci\u00f3 se sol\u00b7licita l&#8217;admissi\u00f3 en un centre determinat.<\/p>\n<p>Per fer la PREINSCRIPCI\u00d3 cal:<\/p>\n<ul>\n<li>con\u00e8ixer el\u00a0<strong>calendari<\/strong> de tot el proc\u00e9s<\/li>\n<li>consultar\u00a0<strong>els centres<\/strong><\/li>\n<li>con\u00e8ixer i reunir la\u00a0<strong>documentaci\u00f3 i els criteris de prioritat<\/strong> amb qu\u00e8 s&#8217;ordenen les sol\u00b7licituds<\/li>\n<li>presentar la\u00a0<strong>sol\u00b7licitud<\/strong> i la documentaci\u00f3<\/li>\n<li>consultar els\u00a0<strong>resultats\u00a0<\/strong>de la preinscripci\u00f3 quan es publiquen les llistes de sol\u00b7licituds amb la puntuaci\u00f3 provisional i quan es publiquen les llistes de sol\u00b7licituds amb la puntuaci\u00f3 definitiva despr\u00e9s del per\u00edode per presentar reclamacions<\/li>\n<li>consultar el\u00a0<strong>centre assignat<\/strong><\/li>\n<li>fer la\u00a0<strong>matr\u00edcula<\/strong>.\n<ul>\n<li><span style=\"font-family: inherit; font-size: 1em;\">Tamb\u00e9 us podeu informar sobre el proc\u00e9s de la preinscripci\u00f3 i la matr\u00edcula a trav\u00e9s dels seg\u00fcent organismes<\/span><\/li>\n<\/ul>\n<\/li>\n<\/ul>\n<ul>\n<li>ajuntaments,<\/li>\n<li><a class=\"FW_sLinkEWebEditPro FW_lFormat\" title=\"This link will be opened in a new window.\" href=\"http:\/\/www20.gencat.cat\/portal\/site\/ensenyament\/menuitem.75e1c94eb5dd9e184ed22010b0c0e1a0\/?vgnextoid=3ff05c7d4b267110VgnVCM1000008d0c1e0aRCRD&amp;vgnextchannel=3ff05c7d4b267110VgnVCM1000008d0c1e0aRCRD&amp;vgnextfmt=default\" target=\"_blank\" rel=\"noopener noreferrer\">serveis territorials<\/a> i les oficines gestores del Departament d&#8217;Ensenyament<\/li>\n<li>oficines municipals d&#8217;escolaritzaci\u00f3 (OME).<\/li>\n<\/ul>\n<p>L&#8217;oferta del Departament d&#8217;Educaci\u00f3 i Formaci\u00f3 Professional per al 1r curs d&#8217;ESO al municipi de La Garriga \u00e9s de 6 l\u00ednies (3 de les quals al nostre institut).<\/p>\n<p style=\"text-align: left;\"><a style=\"color: #2795b6;\" href=\"https:\/\/preinscripcio.gencat.cat\/ca\/estudis\/eso\/inici\/\" target=\"_blank\" rel=\"noopener\">GUIA PREINSCRIPCI\u00d3 I MATR\u00cdCULA<\/a><\/p>\n<p><a href=\"https:\/\/mapaescolar.gencat.cat\/\" target=\"_blank\" rel=\"noopener\">MAPA ESCOLAR DE CATALUNYA<\/a><\/p>\n<p><a href=\"https:\/\/drive.google.com\/file\/d\/1FvSIXYg7Kq0lH7dW4GIS4LVDTYqv8Tbo\/view?usp=drive_link\" target=\"_blank\" rel=\"noopener\">LLIBRET INFORMATIU INSTITUT<\/a><\/p>\n<p style=\"text-align: left;\"><a href=\"https:\/\/preinscripcio.gencat.cat\/ca\/estudis\/eso\/inici\/\" target=\"_blank\" rel=\"noopener\">\u00a0<\/a><a style=\"color: #2795b6;\" href=\"https:\/\/drive.google.com\/file\/d\/1udYhxgdIIxEZIYutXe2mdDW86Lek2tDm\/view?usp=drive_link\" target=\"_blank\" rel=\"noopener\">CARTA DE COMPROM\u00cdS EDUCATIU<\/a><\/p>\n<p><a href=\"https:\/\/docs.google.com\/document\/d\/19dhlAJTYPnD1HzMuLwwjV_pcfg0vMaN1\/edit?usp=drive_link&amp;ouid=102423226662835556084&amp;rtpof=true&amp;sd=true\" target=\"_blank\" rel=\"noopener\">Informaci\u00f3 religi\u00f3<\/a><\/p>\n<p>&nbsp;<\/p>\n<h2 class=\"western\">PREINSCRIPCI\u00d3 BATXILLERAT<\/h2>\n<ul>\n<li>El proc\u00e9s de preinscripci\u00f3 escolar<strong> s&#8217;inicia a l&#8217;abril i acaba a mitjans de juliol amb la formalitzaci\u00f3 de la matr\u00edcula.<\/strong><\/li>\n<li><strong>Durant tot aquest temps hi ha dates i terminis associats a actuacions clau<\/strong> que has de tenir present, ja que determinen l&#8217;assignaci\u00f3 final de places als centres educatius.<\/li>\n<\/ul>\n<p>Cal estar pendent de les dates i de les gestions espec\u00edfiques de cada moment del proc\u00e9s. Accedeix a aquest <a href=\"https:\/\/preinscripcio.gencat.cat\/ca\/estudis\/batxillerat\/inici\/index.html\" target=\"_blank\" rel=\"noopener\">enlla\u00e7<\/a> on trobar\u00e0s tota la informaci\u00f3 actualitzada en cada fase del proc\u00e9s de preinscripci\u00f3 i matr\u00edcula.<\/p>\n<p>&nbsp;<\/p>\n<p><a href=\"https:\/\/drive.google.com\/file\/d\/16pUpmn8l5AegmOo3hOW1L7jEkHv27-ZC\/view?usp=drive_link\" target=\"_blank\" rel=\"noopener\">Llibret informatiu<\/a><\/p>\n<p><a href=\"https:\/\/drive.google.com\/file\/d\/1X3-iX1xlyTzOP_6Juem4u-i4vZ-Bs9JJ\/view?usp=drive_link\" target=\"_blank\" rel=\"noopener\">Presentaci\u00f3 PORTES OBERTES<\/a><\/p>\n<p>&nbsp;<\/p>\n<p>&nbsp;<\/p>\n<p>&nbsp;<\/p>\n<p>&nbsp;<\/p>\n<p>&nbsp;<\/p>\n<p>&nbsp;<\/p>\n<p>&nbsp;<\/p>\n<ul>\n<li style=\"list-style-type: none;\"><\/li>\n<\/ul>\n","protected":false},"excerpt":{"rendered":"<p>PREINSCRIPCI\u00d3 ESO<br \/>\nEs poden matricular a 1r curs d&#8217;educaci\u00f3 secund\u00e0ria obligat\u00f2ria els alumnes que compleixen 12 anys durant l&#8217;any 2026, i els d&#8217;edat diferent als quals correspongui acad\u00e8micament iniciar aquesta etapa educativa.<br \/>\nAbans de matricular-se s&#8217;ha de fer la\u00a0preinscripci\u00f3. Amb la preinscripci\u00f3 se sol\u00b7licita l&#8217;admissi\u00f3 en un&hellip;  <a href=\"https:\/\/agora.xtec.cat\/ies-manuel-blancafort\/secretaria\/preinscripcio-i-matricula\/\" title=\"Read Preinscripci\u00f3 i matr\u00edcula\">Llegeix m\u00e9s\u00bb<\/a><\/p>\n","protected":false},"author":1,"featured_media":0,"parent":81,"menu_order":20,"comment_status":"closed","ping_status":"closed","template":"page-templates\/side-menu.php","meta":{"_bbp_topic_count":0,"_bbp_reply_count":0,"_bbp_total_topic_count":0,"_bbp_total_reply_count":0,"_bbp_voice_count":0,"_bbp_anonymous_reply_count":0,"_bbp_topic_count_hidden":0,"_bbp_reply_count_hidden":0,"_bbp_forum_subforum_count":0,"footnotes":""},"class_list":["post-684","page","type-page","status-publish","hentry"],"post_mailing_queue_ids":[],"_links":{"self":[{"href":"https:\/\/agora.xtec.cat\/ies-manuel-blancafort\/wp-json\/wp\/v2\/pages\/684","targetHints":{"allow":["GET"]}}],"collection":[{"href":"https:\/\/agora.xtec.cat\/ies-manuel-blancafort\/wp-json\/wp\/v2\/pages"}],"about":[{"href":"https:\/\/agora.xtec.cat\/ies-manuel-blancafort\/wp-json\/wp\/v2\/types\/page"}],"author":[{"embeddable":true,"href":"https:\/\/agora.xtec.cat\/ies-manuel-blancafort\/wp-json\/wp\/v2\/users\/1"}],"replies":[{"embeddable":true,"href":"https:\/\/agora.xtec.cat\/ies-manuel-blancafort\/wp-json\/wp\/v2\/comments?post=684"}],"version-history":[{"count":7,"href":"https:\/\/agora.xtec.cat\/ies-manuel-blancafort\/wp-json\/wp\/v2\/pages\/684\/revisions"}],"predecessor-version":[{"id":3213,"href":"https:\/\/agora.xtec.cat\/ies-manuel-blancafort\/wp-json\/wp\/v2\/pages\/684\/revisions\/3213"}],"up":[{"embeddable":true,"href":"https:\/\/agora.xtec.cat\/ies-manuel-blancafort\/wp-json\/wp\/v2\/pages\/81"}],"wp:attachment":[{"href":"https:\/\/agora.xtec.cat\/ies-manuel-blancafort\/wp-json\/wp\/v2\/media?parent=684"}],"curies":[{"name":"wp","href":"https:\/\/api.w.org\/{rel}","templated":true}]}}