{"id":652,"date":"2021-01-12T12:06:29","date_gmt":"2021-01-12T11:06:29","guid":{"rendered":"https:\/\/agora.xtec.cat\/ies-manuel-blancafort\/?page_id=652"},"modified":"2021-02-03T12:39:54","modified_gmt":"2021-02-03T11:39:54","slug":"trets-didentitat","status":"publish","type":"page","link":"https:\/\/agora.xtec.cat\/ies-manuel-blancafort\/linstitut\/trets-didentitat\/","title":{"rendered":"Trets d&#8217;identitat"},"content":{"rendered":"<p align=\"justify\"><span style=\"color: #000000;\"><span style=\"font-family: Arial, serif;\"><a href=\"https:\/\/agora.xtec.cat\/ies-manuel-blancafort\/wp-content\/uploads\/usu2429\/2021\/02\/IMG_20210203_123304.jpg\"><img loading=\"lazy\" decoding=\"async\" class=\"wp-image-919 alignright\" src=\"https:\/\/agora.xtec.cat\/ies-manuel-blancafort\/wp-content\/uploads\/usu2429\/2021\/02\/IMG_20210203_123304.jpg\" alt=\"\" width=\"578\" height=\"223\" srcset=\"https:\/\/agora.xtec.cat\/ies-manuel-blancafort\/wp-content\/uploads\/usu2429\/2021\/02\/IMG_20210203_123304.jpg 720w, https:\/\/agora.xtec.cat\/ies-manuel-blancafort\/wp-content\/uploads\/usu2429\/2021\/02\/IMG_20210203_123304-300x116.jpg 300w\" sizes=\"auto, (max-width: 578px) 100vw, 578px\" \/><\/a>El Projecte Educatiu de l\u2019institut Manuel Blancafort\u00a0 es fonamenta en els trets d\u2019identitat b\u00e0sics que regeixen el conjunt de la pr\u00e0ctica docent, en l\u2019aspecte acad\u00e8mic, organitzatiu, i convivencial:<\/span><\/span><\/p>\n<p align=\"justify\"><span style=\"color: #000000;\">\u00a0<\/span><span style=\"color: #000000;\"><span style=\"font-family: Arial, serif;\"><u>L\u2019educaci\u00f3 com a proc\u00e9s integral<\/u><\/span><\/span><span style=\"color: #000000;\">\u00a0<\/span><\/p>\n<p align=\"justify\"><span style=\"color: #000000;\"><span style=\"font-family: Arial, serif;\">L\u2019educaci\u00f3 \u00e9s un proc\u00e9s que ha d\u2019incidir tant en l\u2019individu com en la col.lectivitat, i que va m\u00e9s enll\u00e0 de l\u2019assoliment dels continguts d\u2019aprenentatge propis de les diferents mat\u00e8ries.<\/span><\/span><span style=\"color: #000000;\">\u00a0<\/span><\/p>\n<p align=\"justify\"><span style=\"color: #000000;\"><span style=\"font-family: Arial, serif;\">Aix\u00ed, en\u00a0 l\u2019aspecte individual, el nostre institut vol afavorir la formaci\u00f3 de capacitats i h\u00e0bits convenients per a una integraci\u00f3 responsable en la societat adulta: capacitat de raonament, esperit cr\u00edtic, comprom\u00eds, creativitat, compet\u00e8ncia professional i h\u00e0bits de salut.<\/span><\/span><span style=\"color: #000000;\">\u00a0<\/span><\/p>\n<p align=\"justify\"><span style=\"color: #000000;\"><span style=\"font-family: Arial, serif;\">En l\u2019aspecte col.lectiu, volem promoure un entorn favorable a la conviv\u00e8ncia, fomentant la toler\u00e0ncia i el respecte envers totes les persones, independentment del g\u00e8nere, les creences i la diversitat d\u2019idees i d\u2019opinions. Igualment, \u00e9s un objectiu prioritari d\u2019aquesta comunitat educativa promoure la cura de l\u2019entorn natural i del patrimoni cultural del poble i del pa\u00eds.<\/span><\/span><span style=\"color: #000000;\">\u00a0<\/span><\/p>\n<p align=\"justify\"><span style=\"color: #000000;\"><span style=\"font-family: Arial, serif;\">L\u2019educaci\u00f3, tant en l\u2019aspecte individual com en el col.lectiu, es fonamenta en la capacitat de tenir cura d\u2019un mateix i de l\u2019espai que ens envolta, de manera que l\u2019equilibri amb l\u2019entorn f\u00edsic afavoreixi la integraci\u00f3 a l\u2019institut, la conviv\u00e8ncia entre tots els membres de la comunitat educativa i el proc\u00e9s d\u2019aprenentatge.<\/span><\/span><\/p>\n<p align=\"justify\"><span style=\"color: #000000;\">\u00a0<\/span><span style=\"color: #000000;\">\u00a0<b> <\/b><\/span><span style=\"color: #000000;\"><span style=\"font-family: Arial, serif;\"><u><b>Valors<\/b><\/u><\/span><\/span><span style=\"color: #000000;\">\u00a0<\/span><\/p>\n<p align=\"justify\"><span style=\"color: #000000;\"><span style=\"font-family: Arial, serif;\">Entenem per valors educatius el conjunt de criteris que orienten els alumnes i els professionals en el proc\u00e9s de creixement acad\u00e8mic i personal, en les relacions amb les altres persones i en la relaci\u00f3 amb l\u2019entorn f\u00edsic.<\/span><\/span><\/p>\n<p align=\"justify\"><span style=\"color: #000000;\">\u00a0<\/span><span style=\"color: #000000;\"><span style=\"font-family: Arial, serif;\">Distingim tres tipus de valors:<\/span><\/span><span style=\"color: #000000;\">\u00a0<\/span><\/p>\n<ul>\n<li>\n<p align=\"justify\"><span style=\"color: #000000;\"><span style=\"font-family: Arial, serif;\">Epistemol\u00f2gics: s\u2019orienten cap a la consecuci\u00f3 del coneixement. S\u00f3n valors epistemol\u00f2gics la curiositat, la creativitat, la disciplina, la perseveran\u00e7a, el treball, l\u2019organitzaci\u00f3 del temps i de l\u2019espai, &#8230;<\/span><\/span><\/p>\n<\/li>\n<li>\n<p align=\"justify\"><span style=\"color: #000000;\">\u00a0<span style=\"font-family: Arial, serif;\">\u00c8tics: orienten la relaci\u00f3 amb les altres persones i amb un mateix. S\u00f3n valors \u00e8tics la llibertat, la toler\u00e0ncia, la capacitat de dialogar, el respecte, el sentit de l\u2019autoritat, l\u2019acceptaci\u00f3 de la frustraci\u00f3, el coneixement dels l\u00edmits i de les possibilitats pr\u00f2pies,&#8230;<\/span><\/span><\/p>\n<\/li>\n<li>\n<p align=\"justify\"><span style=\"color: #000000;\"><span style=\"font-family: Arial, serif;\">Est\u00e8tics: orienten les relacions amb l\u2019entorn f\u00edsic i amb el propi cos. S\u00f3n valors est\u00e8tics la netedat, la cura del propi cos, el tracte adequat del material privat o p\u00fablic, el respecte envers les instal\u00b7lacions, envers el medi ambient,&#8230;<\/span><\/span><\/p>\n<\/li>\n<\/ul>\n<p align=\"justify\"><span style=\"color: #000000;\"><span style=\"font-family: Arial, serif;\">Aquests valors educatius es troben al centre de la tasca pedag\u00f2gica de l\u2019institut Manuel Blancafort, i es treballen des de tots els vessants de l\u2019acci\u00f3 docent.<\/span><\/span><\/p>\n<p align=\"justify\"><span style=\"color: #000000;\"><span style=\"font-family: Arial, serif;\">El nostre centre es defineix per la seva aconfessionalitat i pel respecte a totes les creences i religions, afavorint el di\u00e0leg entre diferents opcions i valors.<\/span><\/span><\/p>\n<p align=\"justify\">\n","protected":false},"excerpt":{"rendered":"<p><a href=\"https:\/\/agora.xtec.cat\/ies-manuel-blancafort\/wp-content\/uploads\/usu2429\/2021\/02\/IMG_20210203_123304.jpg\"><\/a>El Projecte Educatiu de l\u2019institut Manuel Blancafort\u00a0 es fonamenta en els trets d\u2019identitat b\u00e0sics que regeixen el conjunt de la pr\u00e0ctica docent, en l\u2019aspecte acad\u00e8mic, organitzatiu, i convivencial:<br \/>\n\u00a0L\u2019educaci\u00f3 com a proc\u00e9s integral\u00a0<br \/>\nL\u2019educaci\u00f3 \u00e9s un proc\u00e9s que ha d\u2019incidir tant en l\u2019individu com en la&hellip;  <a href=\"https:\/\/agora.xtec.cat\/ies-manuel-blancafort\/linstitut\/trets-didentitat\/\" title=\"Read Trets d&#8217;identitat\">Llegeix m\u00e9s\u00bb<\/a><\/p>\n","protected":false},"author":1,"featured_media":0,"parent":19,"menu_order":25,"comment_status":"closed","ping_status":"closed","template":"page-templates\/side-menu.php","meta":{"_bbp_topic_count":0,"_bbp_reply_count":0,"_bbp_total_topic_count":0,"_bbp_total_reply_count":0,"_bbp_voice_count":0,"_bbp_anonymous_reply_count":0,"_bbp_topic_count_hidden":0,"_bbp_reply_count_hidden":0,"_bbp_forum_subforum_count":0,"footnotes":""},"class_list":["post-652","page","type-page","status-publish","hentry"],"post_mailing_queue_ids":[],"_links":{"self":[{"href":"https:\/\/agora.xtec.cat\/ies-manuel-blancafort\/wp-json\/wp\/v2\/pages\/652","targetHints":{"allow":["GET"]}}],"collection":[{"href":"https:\/\/agora.xtec.cat\/ies-manuel-blancafort\/wp-json\/wp\/v2\/pages"}],"about":[{"href":"https:\/\/agora.xtec.cat\/ies-manuel-blancafort\/wp-json\/wp\/v2\/types\/page"}],"author":[{"embeddable":true,"href":"https:\/\/agora.xtec.cat\/ies-manuel-blancafort\/wp-json\/wp\/v2\/users\/1"}],"replies":[{"embeddable":true,"href":"https:\/\/agora.xtec.cat\/ies-manuel-blancafort\/wp-json\/wp\/v2\/comments?post=652"}],"version-history":[{"count":4,"href":"https:\/\/agora.xtec.cat\/ies-manuel-blancafort\/wp-json\/wp\/v2\/pages\/652\/revisions"}],"predecessor-version":[{"id":920,"href":"https:\/\/agora.xtec.cat\/ies-manuel-blancafort\/wp-json\/wp\/v2\/pages\/652\/revisions\/920"}],"up":[{"embeddable":true,"href":"https:\/\/agora.xtec.cat\/ies-manuel-blancafort\/wp-json\/wp\/v2\/pages\/19"}],"wp:attachment":[{"href":"https:\/\/agora.xtec.cat\/ies-manuel-blancafort\/wp-json\/wp\/v2\/media?parent=652"}],"curies":[{"name":"wp","href":"https:\/\/api.w.org\/{rel}","templated":true}]}}