{"id":627,"date":"2020-12-21T13:15:11","date_gmt":"2020-12-21T12:15:11","guid":{"rendered":"https:\/\/agora.xtec.cat\/ies-manuel-blancafort\/?page_id=627"},"modified":"2025-10-15T11:46:54","modified_gmt":"2025-10-15T09:46:54","slug":"projecte-guia","status":"publish","type":"page","link":"https:\/\/agora.xtec.cat\/ies-manuel-blancafort\/projecte-educatiu\/projecte-guia\/","title":{"rendered":"Biblioteca"},"content":{"rendered":"<p>Durant el curs 2024-2025, els alumnes de 4t d&#8217;ESO van participar en un projecte transversal amb el qual es va fer una adequaci\u00f3 de la Biblioteca, millorant tant l&#8217;espai f\u00edsic com l&#8217;organitzaci\u00f3 del fons documental.<\/p>\n<p>En aquest <a href=\"https:\/\/drive.google.com\/file\/d\/1AIOzZwJ9EOsKEvAieQC3mzd5LvI-dMp6\/view?usp=drive_link\" target=\"_blank\" rel=\"noopener\">pdf<\/a> hi podeu consultar els detalls d&#8217;aquesta remodelaci\u00f3 i de les activitats i serveis que ofereix la Biblioteca.<\/p>\n<p>I us convidem, tamb\u00e9, a seguir el <a href=\"https:\/\/sites.google.com\/imb.cat\/elracodelblancafort\/cartellera\" target=\"_blank\" rel=\"noopener\">blog<\/a> del Rac\u00f3 del Blancafort per estar al cas de les novetats!<\/p>\n<p><a href=\"https:\/\/agora.xtec.cat\/ies-manuel-blancafort\/wp-content\/uploads\/usu2429\/2025\/10\/Captura.png\"><img loading=\"lazy\" decoding=\"async\" class=\"alignnone size-full wp-image-3116\" src=\"https:\/\/agora.xtec.cat\/ies-manuel-blancafort\/wp-content\/uploads\/usu2429\/2025\/10\/Captura.png\" alt=\"\" width=\"986\" height=\"527\" srcset=\"https:\/\/agora.xtec.cat\/ies-manuel-blancafort\/wp-content\/uploads\/usu2429\/2025\/10\/Captura.png 986w, https:\/\/agora.xtec.cat\/ies-manuel-blancafort\/wp-content\/uploads\/usu2429\/2025\/10\/Captura-300x160.png 300w, https:\/\/agora.xtec.cat\/ies-manuel-blancafort\/wp-content\/uploads\/usu2429\/2025\/10\/Captura-768x410.png 768w\" sizes=\"auto, (max-width: 986px) 100vw, 986px\" \/><\/a><\/p>\n","protected":false},"excerpt":{"rendered":"<p>Durant el curs 2024-2025, els alumnes de 4t d&#8217;ESO van participar en un projecte transversal amb el qual es va fer una adequaci\u00f3 de la Biblioteca, millorant tant l&#8217;espai f\u00edsic com l&#8217;organitzaci\u00f3 del fons documental.<br \/>\nEn aquest <a href=\"https:\/\/drive.google.com\/file\/d\/1AIOzZwJ9EOsKEvAieQC3mzd5LvI-dMp6\/view?usp=drive_link\" target=\"_blank\" rel=\"noopener\">pdf<\/a> hi podeu consultar els detalls&hellip;  <a href=\"https:\/\/agora.xtec.cat\/ies-manuel-blancafort\/projecte-educatiu\/projecte-guia\/\" title=\"Read Biblioteca\">Llegeix m\u00e9s\u00bb<\/a><\/p>\n","protected":false},"author":1,"featured_media":0,"parent":57,"menu_order":90,"comment_status":"closed","ping_status":"closed","template":"page-templates\/side-menu.php","meta":{"_bbp_topic_count":0,"_bbp_reply_count":0,"_bbp_total_topic_count":0,"_bbp_total_reply_count":0,"_bbp_voice_count":0,"_bbp_anonymous_reply_count":0,"_bbp_topic_count_hidden":0,"_bbp_reply_count_hidden":0,"_bbp_forum_subforum_count":0,"footnotes":""},"class_list":["post-627","page","type-page","status-publish","hentry"],"post_mailing_queue_ids":[],"_links":{"self":[{"href":"https:\/\/agora.xtec.cat\/ies-manuel-blancafort\/wp-json\/wp\/v2\/pages\/627","targetHints":{"allow":["GET"]}}],"collection":[{"href":"https:\/\/agora.xtec.cat\/ies-manuel-blancafort\/wp-json\/wp\/v2\/pages"}],"about":[{"href":"https:\/\/agora.xtec.cat\/ies-manuel-blancafort\/wp-json\/wp\/v2\/types\/page"}],"author":[{"embeddable":true,"href":"https:\/\/agora.xtec.cat\/ies-manuel-blancafort\/wp-json\/wp\/v2\/users\/1"}],"replies":[{"embeddable":true,"href":"https:\/\/agora.xtec.cat\/ies-manuel-blancafort\/wp-json\/wp\/v2\/comments?post=627"}],"version-history":[{"count":6,"href":"https:\/\/agora.xtec.cat\/ies-manuel-blancafort\/wp-json\/wp\/v2\/pages\/627\/revisions"}],"predecessor-version":[{"id":3124,"href":"https:\/\/agora.xtec.cat\/ies-manuel-blancafort\/wp-json\/wp\/v2\/pages\/627\/revisions\/3124"}],"up":[{"embeddable":true,"href":"https:\/\/agora.xtec.cat\/ies-manuel-blancafort\/wp-json\/wp\/v2\/pages\/57"}],"wp:attachment":[{"href":"https:\/\/agora.xtec.cat\/ies-manuel-blancafort\/wp-json\/wp\/v2\/media?parent=627"}],"curies":[{"name":"wp","href":"https:\/\/api.w.org\/{rel}","templated":true}]}}