{"id":625,"date":"2020-12-21T13:14:52","date_gmt":"2020-12-21T12:14:52","guid":{"rendered":"https:\/\/agora.xtec.cat\/ies-manuel-blancafort\/?page_id=625"},"modified":"2024-03-05T10:44:30","modified_gmt":"2024-03-05T09:44:30","slug":"treball-per-projectes","status":"publish","type":"page","link":"https:\/\/agora.xtec.cat\/ies-manuel-blancafort\/projecte-educatiu\/treball-per-projectes\/","title":{"rendered":"Treball transversal"},"content":{"rendered":"<p class=\"western\" align=\"justify\"><span style=\"font-family: Times New Roman, serif;\"><span style=\"font-size: medium;\"><span style=\"font-family: Arial, serif;\"><span lang=\"es-ES\"><a href=\"https:\/\/agora.xtec.cat\/ies-manuel-blancafort\/wp-content\/uploads\/usu2429\/2024\/01\/1706522199445.jpg\"><img loading=\"lazy\" decoding=\"async\" class=\"wp-image-2479 alignright\" src=\"https:\/\/agora.xtec.cat\/ies-manuel-blancafort\/wp-content\/uploads\/usu2429\/2024\/01\/1706522199445-827x1024.jpg\" alt=\"\" width=\"356\" height=\"441\" srcset=\"https:\/\/agora.xtec.cat\/ies-manuel-blancafort\/wp-content\/uploads\/usu2429\/2024\/01\/1706522199445-827x1024.jpg 827w, https:\/\/agora.xtec.cat\/ies-manuel-blancafort\/wp-content\/uploads\/usu2429\/2024\/01\/1706522199445-242x300.jpg 242w, https:\/\/agora.xtec.cat\/ies-manuel-blancafort\/wp-content\/uploads\/usu2429\/2024\/01\/1706522199445-768x951.jpg 768w, https:\/\/agora.xtec.cat\/ies-manuel-blancafort\/wp-content\/uploads\/usu2429\/2024\/01\/1706522199445.jpg 1080w\" sizes=\"auto, (max-width: 356px) 100vw, 356px\" \/><\/a> <a href=\"https:\/\/agora.xtec.cat\/ies-manuel-blancafort\/wp-content\/uploads\/usu2429\/2024\/01\/1706522199431.jpg\"><img loading=\"lazy\" decoding=\"async\" class=\"wp-image-2480 alignright\" src=\"https:\/\/agora.xtec.cat\/ies-manuel-blancafort\/wp-content\/uploads\/usu2429\/2024\/01\/1706522199431-819x1024.jpg\" alt=\"\" width=\"363\" height=\"454\" srcset=\"https:\/\/agora.xtec.cat\/ies-manuel-blancafort\/wp-content\/uploads\/usu2429\/2024\/01\/1706522199431-819x1024.jpg 819w, https:\/\/agora.xtec.cat\/ies-manuel-blancafort\/wp-content\/uploads\/usu2429\/2024\/01\/1706522199431-240x300.jpg 240w, https:\/\/agora.xtec.cat\/ies-manuel-blancafort\/wp-content\/uploads\/usu2429\/2024\/01\/1706522199431-768x961.jpg 768w, https:\/\/agora.xtec.cat\/ies-manuel-blancafort\/wp-content\/uploads\/usu2429\/2024\/01\/1706522199431.jpg 1080w\" sizes=\"auto, (max-width: 363px) 100vw, 363px\" \/><\/a>Durant el curs 2010-2011 es va iniciar experimentalment el Treball per projectes al nostre institut. En els seg\u00fcents cursos aquesta manera de treballar s\u2019ha anat ampliant a tots els nivells, i durant el darrer curs s\u2019han dut a terme set projectes:<\/span><\/span><\/span><\/span><\/p>\n<p class=\"western\" align=\"justify\"><span style=\"font-family: Times New Roman, serif;\"><span style=\"font-size: medium;\"><span style=\"font-family: Arial, serif;\"><span lang=\"es-ES-u-co-trad\">Els alumnes treballen per projectes quatre hores a la setmana (de 1r a 3r d&#8217;ESO) i dues hores a la setmana en el cas de 4t.\u00a0<\/span><\/span><\/span><\/span><\/p>\n<p class=\"western\" align=\"left\"><span style=\"font-family: Times New Roman, serif;\"><span style=\"font-size: medium;\"> <span style=\"font-family: Arial, serif;\"><span lang=\"en-US\">Els objectius del treball per projectes s\u00f3n els seg\u00fcents:<\/span><\/span><\/span><\/span><\/p>\n<ul>\n<li>\n<p align=\"left\"><span style=\"font-family: Times New Roman, serif;\"><span style=\"font-size: medium;\"><span style=\"font-family: Arial, serif;\">Potenciar el treball en equip.<\/span><\/span><\/span><\/p>\n<\/li>\n<\/ul>\n<ul>\n<li>\n<p align=\"left\"><span style=\"font-family: Times New Roman, serif;\"><span style=\"font-size: medium;\"><span style=\"font-family: Arial, serif;\">Potenciar el treball aut\u00f2nom.<\/span><\/span><\/span><\/p>\n<\/li>\n<\/ul>\n<ul>\n<li>\n<p align=\"left\"><span style=\"font-family: Times New Roman, serif;\"><span style=\"font-size: medium;\"><span style=\"font-family: Arial, serif;\">Presentar els continguts de cada mat\u00e8ria en un marc transversal i enriquidor.<\/span><\/span><\/span><\/p>\n<\/li>\n<\/ul>\n<ul>\n<li>\n<p align=\"left\"><span style=\"font-family: Times New Roman, serif;\"><span style=\"font-size: medium;\"><span style=\"font-family: Arial, serif;\">Realitzar un treball diversificat i ampli de les compet\u00e8ncies.<\/span><\/span><\/span><\/p>\n<\/li>\n<\/ul>\n<ul>\n<li>\n<p align=\"left\"><span style=\"font-family: Times New Roman, serif;\"><span style=\"font-size: medium;\"><span style=\"font-family: Arial, serif;\">Desenvolupar una avaluaci\u00f3 col\u00b7lectiva de les compet\u00e8ncies.<\/span><\/span><\/span><\/p>\n<\/li>\n<\/ul>\n<ul>\n<li>\n<p align=\"left\"><span style=\"font-family: Times New Roman, serif;\"><span style=\"font-size: medium;\"><span style=\"font-family: Arial, serif;\">Incidir en l\u2019aprenentatge com a proc\u00e9s i no nom\u00e9s com a acompliment de resultats.<\/span><\/span><\/span><\/p>\n<\/li>\n<\/ul>\n<ul>\n<li>\n<p align=\"left\"><span style=\"font-family: Times New Roman, serif;\"><span style=\"font-size: medium;\"><span style=\"font-family: Arial, serif;\">Obrir un marc interactiu, proactiu i constructiu de relaci\u00f3 amb els alumnes.<\/span><\/span><\/span><\/p>\n<\/li>\n<\/ul>\n<ul>\n<li>\n<p align=\"left\"><span style=\"font-family: Times New Roman, serif;\"><span style=\"font-size: medium;\"><span style=\"font-family: Arial, serif;\">Desenvolupar el sentit del treball en equip dels professors.<\/span><\/span><\/span><\/p>\n<\/li>\n<li>\n<h6 align=\"left\">Aquests s\u00f3n els projectes que s&#8217;estan realitzant actualment:<\/h6>\n<\/li>\n<li><a href=\"https:\/\/agora.xtec.cat\/ies-manuel-blancafort\/wp-content\/uploads\/usu2429\/2024\/03\/Captura-projectes.png\"><img loading=\"lazy\" decoding=\"async\" class=\"alignnone size-full wp-image-2537\" src=\"https:\/\/agora.xtec.cat\/ies-manuel-blancafort\/wp-content\/uploads\/usu2429\/2024\/03\/Captura-projectes.png\" alt=\"\" width=\"458\" height=\"297\" srcset=\"https:\/\/agora.xtec.cat\/ies-manuel-blancafort\/wp-content\/uploads\/usu2429\/2024\/03\/Captura-projectes.png 458w, https:\/\/agora.xtec.cat\/ies-manuel-blancafort\/wp-content\/uploads\/usu2429\/2024\/03\/Captura-projectes-300x195.png 300w\" sizes=\"auto, (max-width: 458px) 100vw, 458px\" \/><\/a><\/li>\n<li>\n<h6 align=\"left\">Programa d&#8217;innovaci\u00f3 FAIG<\/h6>\n<\/li>\n<\/ul>\n<p>Des del curs 2023-2024 hem entrat a formar part del Programa d&#8217;Innovaci\u00f3 FAIG (Fent per Aprendre, Imaginant Globalment), juntament amb 75 escoles i instituts de tot Catalunya. \u00c9s un programa basat en el m\u00e8tode maker (fabricaci\u00f3 digital), amb l&#8217;objectiu de fomentar un tipus d&#8217;aprenentatge significatiu i profund, al mateix temps que cerca la implicaci\u00f3 de la comunitat educativa amb l&#8217;entorn.<\/p>\n<p><a href=\"https:\/\/agora.xtec.cat\/ies-manuel-blancafort\/wp-content\/uploads\/usu2429\/2024\/03\/Captura-faig.png\"><img loading=\"lazy\" decoding=\"async\" class=\"alignnone size-full wp-image-2538\" src=\"https:\/\/agora.xtec.cat\/ies-manuel-blancafort\/wp-content\/uploads\/usu2429\/2024\/03\/Captura-faig.png\" alt=\"\" width=\"497\" height=\"512\" srcset=\"https:\/\/agora.xtec.cat\/ies-manuel-blancafort\/wp-content\/uploads\/usu2429\/2024\/03\/Captura-faig.png 497w, https:\/\/agora.xtec.cat\/ies-manuel-blancafort\/wp-content\/uploads\/usu2429\/2024\/03\/Captura-faig-291x300.png 291w\" sizes=\"auto, (max-width: 497px) 100vw, 497px\" \/><\/a><\/p>\n<p>&nbsp;<\/p>\n","protected":false},"excerpt":{"rendered":"<p><a href=\"https:\/\/agora.xtec.cat\/ies-manuel-blancafort\/wp-content\/uploads\/usu2429\/2024\/01\/1706522199445.jpg\"><\/a> <a href=\"https:\/\/agora.xtec.cat\/ies-manuel-blancafort\/wp-content\/uploads\/usu2429\/2024\/01\/1706522199431.jpg\"><\/a>Durant el curs 2010-2011 es va iniciar experimentalment el Treball per projectes al nostre institut. En els seg\u00fcents cursos aquesta manera de treballar s\u2019ha anat ampliant a tots els nivells, i durant el darrer curs s\u2019han dut a terme set projectes:<br \/>\nEls alumnes&hellip;  <a href=\"https:\/\/agora.xtec.cat\/ies-manuel-blancafort\/projecte-educatiu\/treball-per-projectes\/\" title=\"Read Treball transversal\">Llegeix m\u00e9s\u00bb<\/a><\/p>\n","protected":false},"author":1,"featured_media":0,"parent":57,"menu_order":80,"comment_status":"closed","ping_status":"closed","template":"page-templates\/side-menu.php","meta":{"_bbp_topic_count":0,"_bbp_reply_count":0,"_bbp_total_topic_count":0,"_bbp_total_reply_count":0,"_bbp_voice_count":0,"_bbp_anonymous_reply_count":0,"_bbp_topic_count_hidden":0,"_bbp_reply_count_hidden":0,"_bbp_forum_subforum_count":0,"footnotes":""},"class_list":["post-625","page","type-page","status-publish","hentry"],"post_mailing_queue_ids":[],"_links":{"self":[{"href":"https:\/\/agora.xtec.cat\/ies-manuel-blancafort\/wp-json\/wp\/v2\/pages\/625","targetHints":{"allow":["GET"]}}],"collection":[{"href":"https:\/\/agora.xtec.cat\/ies-manuel-blancafort\/wp-json\/wp\/v2\/pages"}],"about":[{"href":"https:\/\/agora.xtec.cat\/ies-manuel-blancafort\/wp-json\/wp\/v2\/types\/page"}],"author":[{"embeddable":true,"href":"https:\/\/agora.xtec.cat\/ies-manuel-blancafort\/wp-json\/wp\/v2\/users\/1"}],"replies":[{"embeddable":true,"href":"https:\/\/agora.xtec.cat\/ies-manuel-blancafort\/wp-json\/wp\/v2\/comments?post=625"}],"version-history":[{"count":6,"href":"https:\/\/agora.xtec.cat\/ies-manuel-blancafort\/wp-json\/wp\/v2\/pages\/625\/revisions"}],"predecessor-version":[{"id":2541,"href":"https:\/\/agora.xtec.cat\/ies-manuel-blancafort\/wp-json\/wp\/v2\/pages\/625\/revisions\/2541"}],"up":[{"embeddable":true,"href":"https:\/\/agora.xtec.cat\/ies-manuel-blancafort\/wp-json\/wp\/v2\/pages\/57"}],"wp:attachment":[{"href":"https:\/\/agora.xtec.cat\/ies-manuel-blancafort\/wp-json\/wp\/v2\/media?parent=625"}],"curies":[{"name":"wp","href":"https:\/\/api.w.org\/{rel}","templated":true}]}}