{"id":619,"date":"2020-12-21T13:13:23","date_gmt":"2020-12-21T12:13:23","guid":{"rendered":"https:\/\/agora.xtec.cat\/ies-manuel-blancafort\/?page_id=619"},"modified":"2022-10-02T19:19:01","modified_gmt":"2022-10-02T17:19:01","slug":"pla-catala-de-lesport","status":"publish","type":"page","link":"https:\/\/agora.xtec.cat\/ies-manuel-blancafort\/projecte-educatiu\/pla-catala-de-lesport\/","title":{"rendered":"Pla catal\u00e0 de l&#8217;esport"},"content":{"rendered":"<p><span style=\"font-weight: 400;\">El departament d\u2019Educaci\u00f3 F\u00edsica \u00e9s membre de la junta directiva del Consell Esportiu del Vall\u00e8s Oriental des de l&#8217;any 1992. <\/span><span style=\"font-weight: 400;\">En aquest llarg per\u00edode, molts alumnes de l\u2019institut han participat en el programa d\u2019esport escolar organitzat per la Secretaria General de l\u2019Esport.<\/span><\/p>\n<p><span style=\"font-weight: 400;\">L&#8217;any 2005 s\u2019inicia A Catalunya el PCEE (Pla Catal\u00e0 de l&#8217;Esporta a l&#8217;Escola). El nostre institut en va comen\u00e7ar a formar part activa el 2006 com centre pilot de La Garriga, en coordinaci\u00f3 amb els consells escolars dels centres, els ajuntaments, el Consell esportiu comarcal i la Secretaria General de l\u2019Esport de Catalunya.<\/span><\/p>\n<p><span style=\"color: #000000;\"><b>Objectius de l\u2019AEE Institut Manuel Blancafort<\/b><\/span><\/p>\n<p><span style=\"font-weight: 400;\">El Pla pret\u00e9n posar a l&#8217;abast de tots els alumnes de prim\u00e0ria i <\/span>secund\u00e0ria la pr\u00e0ctica d&#8217;activitats f\u00edsiques i esportives<span style=\"font-weight: 400;\">, i aprofitar el gran potencial d&#8217;aquestes activitats per contribuir a la formaci\u00f3 personal i c\u00edvica dels nostres infants i joves. <\/span><span style=\"font-weight: 400;\">M\u00e9s concretament, podem destacar els objectius seg\u00fcents:<\/span><\/p>\n<ul>\n<li style=\"font-weight: 400;\" aria-level=\"1\"><span style=\"font-weight: 400;\">Incrementar la participaci\u00f3 en activitats f\u00edsiques i esportives en horari no lectiu de l&#8217;alumnat dels centres educatius de prim\u00e0ria i de secund\u00e0ria, amb una incid\u00e8ncia especial en el col\u00b7lectiu de noies<\/span><span style=\"font-weight: 400;\">.<\/span><\/li>\n<li style=\"font-weight: 400;\" aria-level=\"1\"><span style=\"font-weight: 400;\">Aprofitar el gran potencial educatiu i formatiu de les activitats f\u00edsiques i esportives, cercant la participaci\u00f3 per damunt de la competitivitat.<\/span><\/li>\n<li style=\"font-weight: 400;\" aria-level=\"1\"><span style=\"font-weight: 400;\">Potenciar la funci\u00f3 integradora i de cohesi\u00f3 social de l&#8217;esport escolar, facilitant l&#8217;acc\u00e9s de tots els nens i nenes a la pr\u00e0ctica esportiva escolar, i en especial dels nouvinguts.<\/span><\/li>\n<li style=\"font-weight: 400;\" aria-level=\"1\"><span style=\"font-weight: 400;\">Contribuir mitjan\u00e7ant la pr\u00e0ctica esportiva a la formaci\u00f3 en valors com la toler\u00e0ncia, el respecte als altres i a les regles, la confian\u00e7a en un mateix, l&#8217;esfor\u00e7 de superaci\u00f3, l&#8217;autocr\u00edtica<\/span><span style=\"font-weight: 400;\">, l&#8217;autonomia, la <\/span><span style=\"font-weight: 400;\">capacitat de decisi\u00f3, l&#8217;autogesti\u00f3, la cooperaci\u00f3, el treball en equip, entre d&#8217;altres.<\/span><\/li>\n<li style=\"font-weight: 400;\" aria-level=\"1\"><span style=\"font-weight: 400;\">Fomentar la pr\u00e0ctica regular d&#8217;activitats f\u00edsiques i esportives i l&#8217;adquisici\u00f3 d&#8217;h\u00e0bits saludables que contribueixin a un millor benestar.<\/span><\/li>\n<li style=\"font-weight: 400;\" aria-level=\"1\"><span style=\"font-weight: 400;\">Formar joves en els valors ciutadans mitjan\u00e7ant la seva participaci\u00f3 activa en la gesti\u00f3 de les associacions esportives escolars de nova creaci\u00f3.<\/span><\/li>\n<\/ul>\n<p><strong>Punts clau<\/strong><\/p>\n<p><span style=\"font-weight: 400;\">El Pla es basa en una s\u00e8rie d&#8217;actuacions entre les quals podem destacar les seg\u00fcents:<\/span><\/p>\n<ul>\n<li style=\"font-weight: 400;\" aria-level=\"1\"><span style=\"font-weight: 400;\">Creaci\u00f3 de l\u2019Associaci\u00f3 Esportiva Escolar\u00a0 al centre educatiu, amb la participaci\u00f3 activa dels alumnes de secund\u00e0ria i de la resta de la comunitat educativa (equip directiu i AFA), aix\u00ed com d&#8217;ex-alumnes o d&#8217;altres persones o entitats del municipi.<\/span><\/li>\n<li style=\"font-weight: 400;\" aria-level=\"1\"><span style=\"font-weight: 400;\">Coordinaci\u00f3 de les activitats, per mitj\u00e0 d&#8217;un professor d\u2019Educaci\u00f3 f\u00edsica del centre educatiu (Gl\u00f2ria Vil\u00e0).<\/span><\/li>\n<li style=\"font-weight: 400;\" aria-level=\"1\"><span style=\"font-weight: 400;\">Col\u00b7laboraci\u00f3 entre el centre educatiu, el consell esportiu CEVO i l\u2019ajuntament de La Garriga<\/span><span style=\"font-weight: 400;\">.<\/span><\/li>\n<li style=\"font-weight: 400;\" aria-level=\"1\"><span style=\"font-weight: 400;\">Dinamitzaci\u00f3 per part dels l\u00edders del centre educatiu o del municipi.<\/span><span style=\"font-weight: 400;\"><br \/>\n<\/span><span style=\"font-weight: 400;\">Oferta d&#8217;activitats f\u00edsiques i esportives que responguin als interessos i demandes canviants dels nois i de les noies. Incorporant els alumnes de CIATE com a eina de formaci\u00f3 dels futurs monitors esportius pels centres de prim\u00e0ria, secund\u00e0ria i casals i campus esportius d\u2019estiu. Som un centre\/AEE pioner a Catalunya en integrar el programa formatiu CIATE i Curs de gesti\u00f3 de petites entitats esportives dins del marc curricular de 2<\/span><span style=\"font-weight: 400;\">n<\/span><span style=\"font-weight: 400;\"> de batxillerat.<\/span><\/li>\n<\/ul>\n<p><strong>Drets<\/strong><\/p>\n<ul>\n<li style=\"font-weight: 400;\" aria-level=\"1\"><span style=\"font-weight: 400;\">Assessorament per part de personal de la Secretaria General de l\u2019Esport i del Departament d\u2019Ensenyament, i de les seves respectives Representacions i Serveis Territorials.<\/span><\/li>\n<li style=\"font-weight: 400;\" aria-level=\"1\"><span style=\"font-weight: 400;\">Integraci\u00f3 en el Sistema d\u2019Indicadors de Qualitat de l\u2019Esport Escolar, que s\u2019actualitza peri\u00f2dicament, sempre que es proporcionin les dades requerides a tal efecte mitjan\u00e7ant els informes \u2013 mem\u00f2ria.<\/span><\/li>\n<li style=\"font-weight: 400;\" aria-level=\"1\"><span style=\"font-weight: 400;\">Participaci\u00f3 del coordinador\/a del PCEE en els cursos i seminaris de formaci\u00f3 que organitzin el Consell catal\u00e0 de l\u2019esport, el Departament d\u2019Ensenyament i el consell esportiu corresponent, cursos que podran ser subvencionats parcialment en funci\u00f3 de les disponibilitats pressupost\u00e0ries, i reconeguts pel Departament d\u2019Ensenyament.<\/span><\/li>\n<li style=\"font-weight: 400;\" aria-level=\"1\"><span style=\"font-weight: 400;\">Participaci\u00f3 dels dinamitzadors\/es, t\u00e8cnics\/ques, entrenadors\/es, monitors\/es, \u00e0rbitres, etc., en els cursos de formaci\u00f3 que organitzin el Consell Catal\u00e0 de l\u2019Esport i\/o pel consell esportiu corresponent, cursos que podran ser subvencionats parcialment en funci\u00f3 de les disponibilitats pressupost\u00e0ries.<\/span><\/li>\n<li style=\"font-weight: 400;\" aria-level=\"1\"><span style=\"font-weight: 400;\">Participaci\u00f3 de l\u2019alumnat en les activitats f\u00edsico-esportives que organitzin el Consell catal\u00e0 de l\u2019esport i\/o el consell esportiu corresponent, que podran ser subvencionades parcialment en funci\u00f3 de les disponibilitats pressupost\u00e0ries.<\/span><\/li>\n<li style=\"font-weight: 400;\" aria-level=\"1\"><span style=\"font-weight: 400;\">Rebre informaci\u00f3 directa dels programes de promoci\u00f3 de l\u2019activitat f\u00edsica en edat escolar i dels h\u00e0bits saludables que es portin a terme des del Consell Catal\u00e0 de l\u2019Esport o des d\u2019altres departaments de la Generalitat de Catalunya.<\/span><\/li>\n<li style=\"font-weight: 400;\" aria-level=\"1\"><span style=\"font-weight: 400;\">Rebre informaci\u00f3 sobre les ajudes p\u00fabliques en l\u2019\u00e0mbit de l\u2019esport escolar, per facilitar el desenvolupament de les activitats esportives extraescolars als centres educatius tant de prim\u00e0ria com de secund\u00e0ria, i assessorament per part de les Representacions Territorials de l\u2019Esport, dels Consells Esportius i dels comissionats\/es del Departament d\u2019Ensenyament a l\u2019hora de fer els tr\u00e0mits necessaris.<\/span><\/li>\n<\/ul>\n<p style=\"text-align: center;\"><i><span style=\"font-weight: 400;\">L\u2019Associaci\u00f3 Esportiva Escolar Institut Manuel Blancafort est\u00e0 inscrita\u00a0 al Registre d&#8217;Entitats Esportives de Catalunya <\/span><\/i><i>des del 2006<\/i><\/p>\n","protected":false},"excerpt":{"rendered":"<p>El departament d\u2019Educaci\u00f3 F\u00edsica \u00e9s membre de la junta directiva del Consell Esportiu del Vall\u00e8s Oriental des de l&#8217;any 1992. En aquest llarg per\u00edode, molts alumnes de l\u2019institut han participat en el programa d\u2019esport escolar organitzat per la Secretaria General de l\u2019Esport.<br \/>\nL&#8217;any 2005 s\u2019inicia A&hellip;  <a href=\"https:\/\/agora.xtec.cat\/ies-manuel-blancafort\/projecte-educatiu\/pla-catala-de-lesport\/\" title=\"Read Pla catal\u00e0 de l&#8217;esport\">Llegeix m\u00e9s\u00bb<\/a><\/p>\n","protected":false},"author":1,"featured_media":0,"parent":57,"menu_order":50,"comment_status":"closed","ping_status":"closed","template":"page-templates\/side-menu.php","meta":{"_bbp_topic_count":0,"_bbp_reply_count":0,"_bbp_total_topic_count":0,"_bbp_total_reply_count":0,"_bbp_voice_count":0,"_bbp_anonymous_reply_count":0,"_bbp_topic_count_hidden":0,"_bbp_reply_count_hidden":0,"_bbp_forum_subforum_count":0,"footnotes":""},"class_list":["post-619","page","type-page","status-publish","hentry"],"post_mailing_queue_ids":[],"_links":{"self":[{"href":"https:\/\/agora.xtec.cat\/ies-manuel-blancafort\/wp-json\/wp\/v2\/pages\/619","targetHints":{"allow":["GET"]}}],"collection":[{"href":"https:\/\/agora.xtec.cat\/ies-manuel-blancafort\/wp-json\/wp\/v2\/pages"}],"about":[{"href":"https:\/\/agora.xtec.cat\/ies-manuel-blancafort\/wp-json\/wp\/v2\/types\/page"}],"author":[{"embeddable":true,"href":"https:\/\/agora.xtec.cat\/ies-manuel-blancafort\/wp-json\/wp\/v2\/users\/1"}],"replies":[{"embeddable":true,"href":"https:\/\/agora.xtec.cat\/ies-manuel-blancafort\/wp-json\/wp\/v2\/comments?post=619"}],"version-history":[{"count":4,"href":"https:\/\/agora.xtec.cat\/ies-manuel-blancafort\/wp-json\/wp\/v2\/pages\/619\/revisions"}],"predecessor-version":[{"id":1957,"href":"https:\/\/agora.xtec.cat\/ies-manuel-blancafort\/wp-json\/wp\/v2\/pages\/619\/revisions\/1957"}],"up":[{"embeddable":true,"href":"https:\/\/agora.xtec.cat\/ies-manuel-blancafort\/wp-json\/wp\/v2\/pages\/57"}],"wp:attachment":[{"href":"https:\/\/agora.xtec.cat\/ies-manuel-blancafort\/wp-json\/wp\/v2\/media?parent=619"}],"curies":[{"name":"wp","href":"https:\/\/api.w.org\/{rel}","templated":true}]}}