{"id":614,"date":"2020-12-21T13:11:56","date_gmt":"2020-12-21T12:11:56","guid":{"rendered":"https:\/\/agora.xtec.cat\/ies-manuel-blancafort\/?page_id=614"},"modified":"2021-01-19T13:50:09","modified_gmt":"2021-01-19T12:50:09","slug":"siei","status":"publish","type":"page","link":"https:\/\/agora.xtec.cat\/ies-manuel-blancafort\/projecte-educatiu\/siei\/","title":{"rendered":"SIEI"},"content":{"rendered":"<h6><strong>SUPORT INTENSIU PER A L\u2019ESCOLARITZACI\u00d3 INCLUSIVA<\/strong><\/h6>\n<p>La unitat de suport intensiu per a l\u2019escolaritzaci\u00f3 inclusiva (SIEI) \u00e9s un recurs per facilitar l\u2019atenci\u00f3 educativa i promoure la participaci\u00f3 en entorns escolars ordinaris als alumnes amb discapacitats intel\u00b7lectuals, trastorns generalitzats del desenvolupament i trastorns de l\u2019espectre autista, segons la normativa actual.<\/p>\n<p>Els alumnes han de formar part d\u2019un grup ordinari. En la presa de decisions referides a aquests alumnes hi han de participar els tutors i el professors especialistes per mitj\u00e0 dels equips docents i de la comissi\u00f3 d\u2019atenci\u00f3 a la diversitat.<\/p>\n<p>Els professionals espec\u00edfics de la SIEI del centre s\u00f3n: una psicopedagoga que at\u00e9n els alumnes de 3r i 4t d\u2019ESO, una psicopedagoga que at\u00e9n els alumnes de 1r i 2n d\u2019ESO, i una educadora que fa l\u2019acompanyament i suport a l\u2019aula ordin\u00e0ria.<\/p>\n<p>L\u2019objectiu general es centra en desenvolupar actuacions que facilitin, tant com sigui possible, la participaci\u00f3 de l\u2019alumnat de la SIEI en les activitats de l\u2019aula ordin\u00e0ria i del centre.<\/p>\n<p>Els objectius i\u00a0 les tasques generals a seguir s\u00f3n:<\/p>\n<ul>\n<li>Acollir els alumnes\u00a0 que s\u2019incorporen a la SIEI i a les seves fam\u00edlies, amb col\u00b7laboraci\u00f3\u00a0del tutor\/a del grup ordinari i de l\u2019equip docent corresponent.<\/li>\n<li>Elaborar el Pla Individualitzat: els alumnes de la SIEI tenen com a marc curricular de refer\u00e8ncia, amb car\u00e0cter general, el mateix que s\u2019estipula per al conjunt dels alumnes, reflectit en el projecte educatiu, prioritzant aspectes que afavoreixin la seva autonomia i equilibri personal i el desenvolupament d\u2019habilitats socials. Les adaptacions que es facin per a cada alumne es determinaran en el seu pla individualitzat. Ser\u00e0 l\u2019equip docent qui establir\u00e0 els criteris per a l\u2019atenci\u00f3 i l\u2019avaluaci\u00f3 d\u2019aquests alumnes, treballant de manera coordinada amb la comissi\u00f3 d\u2019atenci\u00f3 a la diversitat.<\/li>\n<li>Elaborar coordinadament amb el professorat del grup ordinari els materials espec\u00edfics o adaptats i la concreci\u00f3 d\u2019estrat\u00e8gies per fer possible la seva participaci\u00f3 a l\u2019aula ordin\u00e0ria.<\/li>\n<li>Acompanyar els alumnes, quan calgui, en les activitats a l\u2019aula ordin\u00e0ria, i col\u00b7laborar en el seu proc\u00e9s educatiu.<\/li>\n<li>Desenvolupar les activitats espec\u00edfiques, individuals o en grup redu\u00eft, quan els alumnes ho requereixen. En el nostre centre les psicopedagogues\u00a0 imparteixen les mat\u00e8ries de Catal\u00e0, Castell\u00e0, Angl\u00e8s i Matem\u00e0tiques als alumnes de la SIEI. La resta de mat\u00e8ries les fan a l\u2019aula ordin\u00e0ria. Dues hores setmanals realitzen l\u2019activitat de nataci\u00f3 a la Piscina Municipal de La Garriga amb el suport de l\u2019educador i la professora d\u2019Educaci\u00f3 F\u00edsica del centre.<\/li>\n<li>Col\u00b7laborar amb el tutor del grup ordinari en la tutoria individual de l\u2019alumnat\u00a0 i en el seguiment del seu proc\u00e9s d\u2019aprenentatge i aportar a la comissi\u00f3 d\u2019avaluaci\u00f3 tota la informaci\u00f3 sobre l\u2019evoluci\u00f3 de l\u2019alumne\/a i els elements per a la valoraci\u00f3 dels aprenentatges i el seu proc\u00e9s de maduresa. Tots els professors que imparteixin doc\u00e8ncia a l\u2019alumne\/a hi han d\u2019aportar les valoracions corresponents.<\/li>\n<\/ul>\n","protected":false},"excerpt":{"rendered":"<p>SUPORT INTENSIU PER A L\u2019ESCOLARITZACI\u00d3 INCLUSIVA<br \/>\nLa unitat de suport intensiu per a l\u2019escolaritzaci\u00f3 inclusiva (SIEI) \u00e9s un recurs per facilitar l\u2019atenci\u00f3 educativa i promoure la participaci\u00f3 en entorns escolars ordinaris als alumnes amb discapacitats intel\u00b7lectuals, trastorns generalitzats del desenvolupament i trastorns de l\u2019espectre autista, segons&hellip;  <a href=\"https:\/\/agora.xtec.cat\/ies-manuel-blancafort\/projecte-educatiu\/siei\/\" title=\"Read SIEI\">Llegeix m\u00e9s\u00bb<\/a><\/p>\n","protected":false},"author":1,"featured_media":0,"parent":57,"menu_order":30,"comment_status":"closed","ping_status":"closed","template":"page-templates\/side-menu.php","meta":{"_bbp_topic_count":0,"_bbp_reply_count":0,"_bbp_total_topic_count":0,"_bbp_total_reply_count":0,"_bbp_voice_count":0,"_bbp_anonymous_reply_count":0,"_bbp_topic_count_hidden":0,"_bbp_reply_count_hidden":0,"_bbp_forum_subforum_count":0,"footnotes":""},"class_list":["post-614","page","type-page","status-publish","hentry"],"post_mailing_queue_ids":[],"_links":{"self":[{"href":"https:\/\/agora.xtec.cat\/ies-manuel-blancafort\/wp-json\/wp\/v2\/pages\/614","targetHints":{"allow":["GET"]}}],"collection":[{"href":"https:\/\/agora.xtec.cat\/ies-manuel-blancafort\/wp-json\/wp\/v2\/pages"}],"about":[{"href":"https:\/\/agora.xtec.cat\/ies-manuel-blancafort\/wp-json\/wp\/v2\/types\/page"}],"author":[{"embeddable":true,"href":"https:\/\/agora.xtec.cat\/ies-manuel-blancafort\/wp-json\/wp\/v2\/users\/1"}],"replies":[{"embeddable":true,"href":"https:\/\/agora.xtec.cat\/ies-manuel-blancafort\/wp-json\/wp\/v2\/comments?post=614"}],"version-history":[{"count":3,"href":"https:\/\/agora.xtec.cat\/ies-manuel-blancafort\/wp-json\/wp\/v2\/pages\/614\/revisions"}],"predecessor-version":[{"id":758,"href":"https:\/\/agora.xtec.cat\/ies-manuel-blancafort\/wp-json\/wp\/v2\/pages\/614\/revisions\/758"}],"up":[{"embeddable":true,"href":"https:\/\/agora.xtec.cat\/ies-manuel-blancafort\/wp-json\/wp\/v2\/pages\/57"}],"wp:attachment":[{"href":"https:\/\/agora.xtec.cat\/ies-manuel-blancafort\/wp-json\/wp\/v2\/media?parent=614"}],"curies":[{"name":"wp","href":"https:\/\/api.w.org\/{rel}","templated":true}]}}