{"id":590,"date":"2020-12-21T12:09:29","date_gmt":"2020-12-21T11:09:29","guid":{"rendered":"https:\/\/agora.xtec.cat\/ies-manuel-blancafort\/?page_id=590"},"modified":"2021-02-03T13:07:56","modified_gmt":"2021-02-03T12:07:56","slug":"premis-i-reconeixements","status":"publish","type":"page","link":"https:\/\/agora.xtec.cat\/ies-manuel-blancafort\/linstitut\/premis-i-reconeixements\/","title":{"rendered":"Premis i reconeixements"},"content":{"rendered":"<p><span style=\"color: #000000;\"><span style=\"font-family: Arial, serif;\">\u00a0\u00a0\u00a0 <span style=\"color: #000000;\">Curs 2018-2019<\/span><\/span><\/span><\/p>\n<ul>\n<li><span style=\"color: #000000;\"><span style=\"font-family: Arial, serif;\">1r premi a Treballs de recerca de batxillerat, atorgat per Premis Conc\u00f2rdia Fedefarma de la UB, pel treball de Recerca\u00a0<\/span><a style=\"color: #000000;\" href=\"http:\/\/institutmanuelblancafort.cat\/ca\/noticias\/pag-1\/498-1r-premi-concordia-fedefarma-per-la-marina-garcia\" target=\"_blank\" rel=\"noopener noreferrer\"><span style=\"font-family: Arial, serif;\"><i>Estudi de les propietats antibi\u00f2tiques d&#8217;extractes de l&#8217;all i la ceba. <\/i><\/span><span style=\"font-family: Arial, serif;\"><b>Marina Garcia Arenas.<\/b><\/span><\/a><\/span><\/li>\n<\/ul>\n<p align=\"justify\"><span style=\"color: #000000;\">\u00a0 \u00a0 <span style=\"font-family: Arial, serif;\">Curs 2017-2018<\/span><\/span><\/p>\n<ul>\n<li><span style=\"color: #000000;\"><span style=\"font-family: Arial, serif;\">Acc\u00e8ssit del\u00a0Premi Osona contra el c\u00e0ncer atorgat per la UVic\u00a0 pel Treball de Recerca\u00a0<\/span><a style=\"color: #000000;\" href=\"http:\/\/institutmanuelblancafort.cat\/ca\/noticias\/pag-1\/429-un-accessit-de-la-uvic\" target=\"_blank\" rel=\"noopener noreferrer\"><span style=\"font-family: Arial, serif;\"><i>El c\u00e0ncer de pulm\u00f3: estudi d&#8217;una mostra de pacients i anatomia patol\u00f2gica.<\/i><\/span><span style=\"font-family: Arial, serif;\">\u00a0<\/span><span style=\"font-family: Arial, serif;\"><b>Cl\u00e0udia Pocurull Villalba.<\/b><\/span><\/a><\/span><\/li>\n<li><span style=\"color: #000000;\">\u00a0<span style=\"font-family: Arial, serif;\">1r premi a Treballs de recerca de Batxillerat, atorgat pel Col\u00b7legi de G<\/span><a style=\"color: #000000;\" href=\"http:\/\/institutmanuelblancafort.cat\/ca\/noticias\/pag-3\/382-1r-premi-del-collegi-de-geolegs-pel-trec-de-la-meritxell-ricart\" target=\"_blank\" rel=\"noopener noreferrer\"><span style=\"font-family: Arial, serif;\">e\u00f2legs de Catalunya:\u00a0\u00a0<\/span><\/a><a style=\"color: #000000;\" href=\"http:\/\/institutmanuelblancafort.cat\/ca\/noticias\/pag-3\/382-1r-premi-del-collegi-de-geolegs-pel-trec-de-la-meritxell-ricart\" target=\"_blank\" rel=\"noopener noreferrer\"><span style=\"font-family: Arial, serif;\"><i>Tots els volcans s\u00f3n iguals?<\/i><\/span><span style=\"font-family: Arial, serif;\">.\u00a0<\/span><span style=\"font-family: Arial, serif;\"><b>Meritxell Ricart Souto.<\/b><\/span><\/a><\/span><\/li>\n<\/ul>\n<p><span style=\"color: #000000;\">\u00a0\u00a0\u00a0 \u00a0 <span style=\"font-family: Arial, serif;\">Curs 2016-2017<\/span><\/span><\/p>\n<ul>\n<li><span style=\"color: #000000;\"> <span style=\"font-family: Arial, serif;\">Premi Recerca Jove, per fomentar l&#8217;esperit cient\u00edfic del jovent (PRJ 2017). Premi ICIP Alfons Banda al treball &#8220;Un Bri d&#8217;Esperan\u00e7a. \u00c9s possible la pau? An\u00e0lisi del conflicte \u00e0rab-israeli\u00e0&#8221;.\u00a0<\/span><span style=\"font-family: Arial, serif;\"><b>Jan Sobrevia Gago<\/b><\/span><\/span><\/li>\n<li><span style=\"color: #000000;\"><span style=\"font-family: Arial, serif;\">Premi Recerca Jove, per fomentar l&#8217;esperit cient\u00edfic del jovent (PRJ 2017) al treball &#8220;The Comedy of Errors. Creaci\u00f3 d&#8217;una lectura adaptada&#8221;.<\/span><span style=\"font-family: Arial, serif;\"><b>\u00a0Athenea Botey Riaza<\/b><\/span><\/span><\/li>\n<li><span style=\"color: #000000;\"><span style=\"font-family: Arial, serif;\">Participaci\u00f3 en el F\u00f2rum de Joves Talents de Catalunya 2017, celebrat a Berga del 28 de juny a l&#8217;1 de juliol de 2017, en la tem\u00e0tica &#8220;Nexe Aigua-Energia&#8221;.\u00a0<\/span><span style=\"font-family: Arial, serif;\"><b>Mar Tortajada Tort<\/b><\/span><\/span><\/li>\n<li><span style=\"color: #000000;\"><span style=\"font-family: Arial, serif;\">Finalista al XIII\u00a0Certamen de Lectura en Veu Alta, del Departament d&#8217;Ensenyament i la Fundaci\u00f3 Enciclop\u00e8dia Catalana, en la categoria de <em>Corsaris<\/em> (1r i 2n d&#8217;ESO),\u00a0<\/span> <span style=\"font-family: Arial, serif;\"><b>\u00cdngrid Jan\u00e9 Curtu<\/b><\/span><\/span><\/li>\n<li><span style=\"color: #000000;\"><span style=\"font-family: Arial, serif;\">Segon premi de la 40a edici\u00f3 Premi Coca-Cola de relat breu &#8211; 57\u00ba Edici\u00f3n Concurso J\u00f3venes Talentos de relato corto de Catalunya.\u00a0<\/span><span style=\"font-family: Arial, serif;\"><b>Judit Mart\u00edn Silvestre<\/b><\/span><\/span><\/li>\n<\/ul>\n<p align=\"justify\"><span style=\"color: #000000;\">\u00a0<\/span><span style=\"color: #000000;\"> \u00a0 <span style=\"font-family: Arial, serif;\">Curs 2015-2016<\/span><\/span><\/p>\n<ul>\n<li><span style=\"color: #000000;\"><span style=\"font-family: Arial, serif;\">Menci\u00f3 Honor\u00edfica a la 13a edici\u00f3 dels Premis Arg\u00f3 de la UAB pel seu Treball de Recerca, <\/span><span style=\"font-family: Arial, serif;\"><i>Construcci\u00f3 d&#8217;un cotxe teledirigit i controlat per bluetooth<\/i><\/span><span style=\"font-family: Arial, serif;\">.\u00a0<\/span><span style=\"font-family: Arial, serif;\"><b>Ernest Porqueras Codina.<\/b><\/span><\/span><\/li>\n<li><span style=\"color: #000000;\"><span style=\"font-family: Arial, serif;\">Un 3r premi Arnau de Vilanova a Treballs de recerca de Batxillerat, atorgat pel Col\u00b7legi Oficial de Doctors i Llicentiats de Catalunya:\u00a0<\/span><span style=\"font-family: Arial, serif;\"><i>Ci\u00e8ncia i Religi\u00f3, una aproximaci\u00f3<\/i><\/span><span style=\"font-family: Arial, serif;\">.\u00a0<\/span><span style=\"font-family: Arial, serif;\"><b>J\u00falia Alerm i Pou.<\/b><\/span><\/span><\/li>\n<li><span style=\"color: #000000;\"><span style=\"font-family: Arial, serif;\">1r\u00a0Premi MC 28 d&#8217;abril en la categoria de Redacci\u00f3, per fomentar la reflexi\u00f3 preventiva entre els estudiants dels centres educatius, i commemorar el Dia Mundial de la Seguretat i la Salut en el Treball:\u00a0<\/span><span style=\"font-family: Arial, serif;\"><i>Martelo Hammer, martillo neum\u00e1tico.\u00a0<\/i><\/span><span style=\"font-family: Arial, serif;\"><b>Jan Sobrevia Gago.<\/b><\/span><\/span><\/li>\n<\/ul>\n<p><span style=\"color: #000000;\">\u00a0<\/span><span style=\"color: #000000;\">\u00a0\u00a0\u00a0\u00a0 <span style=\"font-family: Arial, serif;\">Curs 2014-2015<\/span><\/span><\/p>\n<ul>\n<li><span style=\"color: #000000;\"> <span style=\"font-family: Arial, serif;\">Ajuts Universitaris 2014-2015 per als alumes\u00a0<\/span><span style=\"font-family: Arial, serif;\"><b>Rita Capella, Carla Coll i Joan Sol\u00e0<\/b><\/span><span style=\"font-family: Arial, serif;\">\u00a0de la Fundaci\u00f3 Catalunya La Pedrera per haver obtingut una nota superior a 9 en la fase general de les proves d&#8217;acc\u00e9s a la Universitat el juny 2014.<\/span><\/span><\/li>\n<\/ul>\n<p><span style=\"color: #000000;\">\u00a0<\/span><span style=\"color: #000000;\">\u00a0\u00a0\u00a0\u00a0 <span style=\"font-family: Arial, serif;\">Curs 2013-2014<\/span><\/span><\/p>\n<ul>\n<li><span style=\"color: #000000;\"> <span style=\"font-family: Arial, serif;\">Premi PRBB 2014 (Parc de Recerca Biom\u00e8dica de Barcelona) atorgat per la Facultat de Ci\u00e8ncies i de la Salut de la UPF:\u00a0<\/span><span style=\"font-family: Arial, serif;\"><i>Anima\u2019t, un estudi sobre l\u2019\u00fas de la m\u00fasica i la realitat virtual per a persones amb ansietat i depressi\u00f3.<\/i><\/span><span style=\"font-family: Arial, serif;\">\u00a0<\/span><span style=\"font-family: Arial, serif;\"><b>Laia Guti\u00e9rrez.<\/b><\/span><\/span><\/li>\n<li><span style=\"color: #000000;\"><span style=\"font-family: Arial, serif;\">Treball finalista en el VIII Premi UPF de Treball de Recerca en Enginyeria i Matem\u00e0tica Aplicada.\u00a0<\/span><span style=\"font-family: Arial, serif;\"><i>\u00das del banc \u00f2ptic per l\u2019estudi d\u2019alguns aspectes de l\u2019\u00f2ptica<\/i><\/span><span style=\"font-family: Arial, serif;\">.\u00a0<\/span><span style=\"font-family: Arial, serif;\"><b>Oriol Bellot.<\/b><\/span><\/span><\/li>\n<\/ul>\n<p><span style=\"color: #000000;\">\u00a0<\/span><span style=\"color: #000000;\">\u00a0\u00a0\u00a0\u00a0\u00a0<span style=\"font-family: Arial, serif;\">Curs 2012-2013<\/span><\/span><\/p>\n<ul>\n<li><span style=\"color: #000000;\"><span style=\"font-family: Arial, serif;\">Premi X(p)rimenta. Premi de Comunicaci\u00f3 Cient\u00edfica Audiovisual. Menci\u00f3 d\u2019honor\u00a0 pel v\u00eddeo <\/span><span style=\"font-family: Arial, serif;\"><i>Cremem una avellana<\/i><\/span><span style=\"font-family: Arial, serif;\">.\u00a0<\/span><span style=\"font-family: Arial, serif;\"><b>Xavi Achoubbak, \u00a0Diego Brahim, Txell Enrich i Pol Monpart.<\/b><\/span><\/span><\/li>\n<li><span style=\"color: #000000;\"><span style=\"font-family: Arial, serif;\">Finalistes del IX Certamen de Lectura en veu alta<\/span><span style=\"font-family: Arial, serif;\">, organitzat per Fundaci\u00f3 Enciclop\u00e8dia Catalana, en la categoria\u00a0<em>Tropa de corsaris<\/em><\/span><span style=\"font-family: Arial, serif;\"> (3r i 4t d&#8217;ESO): <\/span><span style=\"font-family: Arial, serif;\"><b>N\u00faria Planas, Laura Roura i Albert Jim\u00e9nez.<br \/>\n<\/b><\/span><\/span><\/li>\n<\/ul>\n<p><span style=\"color: #000000;\">\u00a0<\/span><span style=\"color: #000000;\">\u00a0\u00a0\u00a0\u00a0\u00a0 <span style=\"font-family: Arial, serif;\">Curs 2011-2012<\/span><\/span><\/p>\n<ul>\n<li><span style=\"color: #000000;\"> <span style=\"font-family: Arial, serif;\">Premi Recerca Jove 2012, Generalitat de Catalunya: <\/span><span style=\"font-family: Arial, serif;\"><i>Aigua endins<\/i><\/span><span style=\"font-family: Arial, serif;\">.<\/span><span style=\"font-family: Arial, serif;\"><b>\u00a0Laura Vila.<\/b><\/span><\/span><\/li>\n<li><span style=\"color: #000000;\"><span style=\"font-family: Arial, serif;\">Premi de la Societat Catalana de F\u00edsica 2012 (Institut d\u2019Estudis Catalans)\u00a0i Premi Treballs de Recerca de la Universitat de Vic:\u00a0<\/span><span style=\"font-family: Arial, serif;\"><i>Interacciona amb la llum. Pinces \u00f2ptiques amb materials reciclats.<\/i><\/span><span style=\"font-family: Arial, serif;\">\u00a0<\/span><span style=\"font-family: Arial, serif;\"><b>Gerard Jim\u00e9nez Machado.<\/b><\/span><\/span><\/li>\n<li><span style=\"color: #000000;\"><span style=\"font-family: Arial, serif;\">Menci\u00f3 Premi Cam\u00ed Ral 2012:\u00a0<\/span><span style=\"font-family: Arial, serif;\"><i>Particularitats clim\u00e0tiques a La Garriga<\/i><\/span><span style=\"font-family: Arial, serif;\">.\u00a0<\/span><span style=\"font-family: Arial, serif;\"><b>Mart\u00ed Oliveras.<\/b><\/span><\/span><\/li>\n<li><span style=\"color: #000000;\"><span style=\"font-family: Arial, serif;\">Premi Arg\u00f3 de la UAB:\u00a0<\/span><span style=\"font-family: Arial, serif;\"><i>C\u00f3rrer amb cotxe no \u00e9s nom\u00e9s inflar-li les rodes. El sistema d\u2019adquisici\u00f3 de dades a la F\u00f3rmula 1 i a la GT OPEN<\/i><\/span><span style=\"font-family: Arial, serif;\">.\u00a0<\/span><span style=\"font-family: Arial, serif;\"><b>Llu\u00eds Porqueras.<\/b><\/span><\/span><\/li>\n<li><span style=\"color: #000000;\"><span style=\"font-family: Arial, serif;\">Finalistes del XVII concurs literari El Gust per la Lectura a partir del llibre &#8220;<\/span><span style=\"font-family: Arial, serif;\"><i>Paraules emmetzinades<\/i><\/span><span style=\"font-family: Arial, serif;\">&#8221; de la categoria D, pel treball de grup\u00a0<\/span><span style=\"font-family: Arial, serif;\"><i>Digues prou<\/i><\/span><span style=\"font-family: Arial, serif;\">.<\/span><\/span><\/li>\n<li><span style=\"color: #000000;\"><span style=\"font-family: Arial, serif;\">Programa Joves i Ci\u00e8ncia. Guanyadors de dues places per participar en el programa els propers 3 anys.\u00a0<\/span><span style=\"font-family: Arial, serif;\"><b>Laia Guti\u00e9rrez Tordera i Joan Sol\u00e0 Porta.<\/b><\/span><\/span><\/li>\n<\/ul>\n<p><span style=\"color: #000000;\">\u00a0<\/span><span style=\"color: #000000;\">\u00a0\u00a0\u00a0\u00a0 <span style=\"font-family: Arial, serif;\">Curs 2010-2011<\/span><\/span><\/p>\n<ul>\n<li><span style=\"color: #000000;\"> <span style=\"font-family: Arial, serif;\">Premi Cam\u00ed Ral i 2n Premi Arg\u00f3 (UAB) a Treballs de recerca: <\/span><span style=\"font-family: Arial, serif;\"><i>Amagat a l&#8217;aire de La Garriga.<\/i><\/span><span style=\"font-family: Arial, serif;\">\u00a0<\/span><span style=\"font-family: Arial, serif;\"><b>Eul\u00e0lia Sol\u00e0.<\/b><\/span><\/span><\/li>\n<li><span style=\"color: #000000;\"><span style=\"font-family: Arial, serif;\">1r Premi Arg\u00f3 (UAB) a treballs de recerca i Premi Baldiri Reixach:\u00a0<\/span><span style=\"font-family: Arial, serif;\"><i>Barcelona, un passeig literari.<\/i><\/span><span style=\"font-family: Arial, serif;\">\u00a0<\/span><span style=\"font-family: Arial, serif;\"><b>Cristina Garriga.<\/b><\/span><\/span><\/li>\n<li><span style=\"color: #000000;\"><span style=\"font-family: Arial, serif;\">Premi Arg\u00f3<\/span><span style=\"font-family: Arial, serif;\"><b>\u00a0(<\/b><\/span><span style=\"font-family: Arial, serif;\">UAB<\/span><span style=\"font-family: Arial, serif;\"><b>)<\/b><\/span><span style=\"font-family: Arial, serif;\">\u00a0a treballs de recerca. Menci\u00f3 honor\u00edfica.\u00a0<\/span><span style=\"font-family: Arial, serif;\"><i>Adaptacions dels animals a la temperatura<\/i><\/span><span style=\"font-family: Arial, serif;\">.\u00a0<\/span><span style=\"font-family: Arial, serif;\"><b>\u00d2scar Comino.<\/b><\/span><\/span><\/li>\n<li><span style=\"color: #000000;\"><span style=\"font-family: Arial, serif;\">Premi X(p)rimenta. I Premi de Comunicaci\u00f3 Cient\u00edfica Audiovisual. 2n premi pel v\u00eddeo\u00a0<\/span><span style=\"font-family: Arial, serif;\"><i>Mid\u00f3 i glucosa<\/i><\/span><span style=\"font-family: Arial, serif;\">.\u00a0<\/span><span style=\"font-family: Arial, serif;\"><b>Ferran Jodar, Agn\u00e8s Ramos, M. Isabel Salazar i Laura Vila<\/b><\/span><\/span><\/li>\n<li><span style=\"color: #000000;\"><span style=\"font-family: Arial, serif;\">Premi Arg\u00f3 (UAB) a treballs de recerca. Menci\u00f3 honor\u00edfica.<\/span><\/span><\/li>\n<\/ul>\n<p><span style=\"color: #000000;\">\u00a0<\/span><span style=\"color: #000000;\">\u00a0\u00a0\u00a0\u00a0 <span style=\"font-family: Arial, serif;\">Curs 2009-2010<\/span><\/span><\/p>\n<ul>\n<li><span style=\"color: #000000;\"><span style=\"font-family: Arial, serif;\">1r Premi a Treballs de Recerca. Col\u00b7legi de Ge\u00f2legs de Catalunya. <\/span><span style=\"font-family: Arial, serif;\"><i>Traiem suc de les pedres: una guia per entendre el paisatge<\/i><\/span><span style=\"font-family: Arial, serif;\">.\u00a0<\/span><span style=\"font-family: Arial, serif;\"><b>Eva Serra.<\/b><\/span><\/span><\/li>\n<li><span style=\"color: #000000;\"><span style=\"font-family: Arial, serif;\">Premi Universitat de Girona. Comarca de La Garrotxa.\u00a0<\/span><span style=\"font-family: Arial, serif;\"><i>Les erupcions volc\u00e0niques: dels volcans a les simulacions<\/i><\/span><span style=\"font-family: Arial, serif;\">.\u00a0<\/span><span style=\"font-family: Arial, serif;\"><b>Santi Mestre.<\/b><\/span><\/span><\/li>\n<li><span style=\"color: #000000;\"><span style=\"font-family: Arial, serif;\">Premi CIRIT.\u00a0<\/span><span style=\"font-family: Arial, serif;\"><i>El c\u00e0ncer de coll d\u2019\u00fater sota el microscopi: an\u00e0lisi de les difer\u00e8ncies citol\u00f2giques en el c\u00e0ncer i en les lesions precanceroses<\/i><\/span><span style=\"font-family: Arial, serif;\">.\u00a0<\/span><span style=\"font-family: Arial, serif;\"><b>Laura Raguer.<\/b><\/span><\/span><\/li>\n<li><span style=\"color: #000000;\"><span style=\"font-family: Arial, serif;\">2n Premi Universitat de Vic de recerca de Batxillerat, ex aequo, en l&#8217;apartat Ferran Sors, pel treball\u00a0<\/span><span style=\"font-family: Arial, serif;\"><i>Festival Internacional de M\u00fasica de Cantonigr\u00f3s<\/i><\/span><span style=\"font-family: Arial, serif;\">.\u00a0<\/span><span style=\"font-family: Arial, serif;\"><b>Julieta Torrents Sunyol.<\/b><\/span><\/span><\/li>\n<\/ul>\n<p><span style=\"color: #000000;\">\u00a0\u00a0\u00a0 <span style=\"font-family: Arial, serif;\">Curs 2008-2009<\/span><\/span><\/p>\n<ul>\n<li><span style=\"color: #000000;\"><span style=\"font-family: Arial, serif;\">Premi Universitat de Vic. 2n ex aequo premi Abraham Cresques.\u00a0<\/span><span style=\"font-family: Arial, serif;\"><i>Fagoter\u00e0pia com a alternativa als antibi\u00f2tics en les infeccions bacterianes<\/i><\/span><span style=\"font-family: Arial, serif;\">.\u00a0<\/span><span style=\"font-family: Arial, serif;\"><b>Marina Planas.<\/b><\/span><\/span><\/li>\n<\/ul>\n<p><span style=\"color: #000000;\">\u00a0\u00a0\u00a0 <span style=\"font-family: Arial, serif;\">Curs 2005-2006<\/span><\/span><\/p>\n<ul>\n<li><span style=\"color: #000000;\"> <span style=\"font-family: Arial, serif;\">Premi CIRIT.\u00a0<\/span><span style=\"font-family: Arial, serif;\"><i>La d\u00e8cima. Un relat matem\u00e0ric a partir de la hist\u00f2ria dels decimals<\/i><\/span><span style=\"font-family: Arial, serif;\">.\u00a0<\/span><span style=\"font-family: Arial, serif;\"><b>Irene Alerm.<\/b><\/span><\/span><\/li>\n<\/ul>\n<p><span style=\"color: #000000;\">\u00a0\u00a0\u00a0\u00a0\u00a0 <span style=\"font-family: Arial, serif;\">Curs 2004-2005<\/span><\/span><\/p>\n<ul>\n<li><span style=\"color: #000000;\"> <span style=\"font-family: Arial, serif;\">Premi CIRIT.\u00a0<\/span><span style=\"font-family: Arial, serif;\"><i>Pica o no pica? \u00c9s el picant la caracter\u00edstica fonamental que produeix l\u2019efecte bactericida dels productes vegetals?<\/i><\/span><span style=\"font-family: Arial, serif;\">\u00a0<\/span><span style=\"font-family: Arial, serif;\"><b>Maixa Sol\u00e0.<\/b><\/span><\/span><\/li>\n<li><span style=\"color: #000000;\"><span style=\"font-family: Arial, serif;\">Premi CIRIT. IES Manuel Blancafort. Centre premiat.<\/span><\/span><\/li>\n<\/ul>\n<p><span style=\"color: #000000;\">\u00a0<\/span><span style=\"color: #000000;\">\u00a0\u00a0\u00a0\u00a0 <span style=\"font-family: Arial, serif;\">Curs 2003-2004<\/span><\/span><\/p>\n<ul>\n<li><span style=\"color: #000000;\"><span style=\"font-family: Arial, serif;\">Premi Universitat Vic. <\/span><span style=\"font-family: Arial, serif;\"><i>El mar interior: una immersi\u00f3 en el passat de la Plana de Vic<\/i><\/span><span style=\"font-family: Arial, serif;\">.\u00a0<\/span><span style=\"font-family: Arial, serif;\"><b>Maria Rocasalbas.<\/b><\/span><\/span><\/li>\n<\/ul>\n<p><span style=\"color: #000000;\">\u00a0<\/span><span style=\"color: #000000;\">\u00a0\u00a0\u00a0\u00a0 <span style=\"font-family: Arial, serif;\">Curs 2002-2003<\/span><\/span><\/p>\n<ul>\n<li><span style=\"color: #000000;\"><span style=\"font-family: Arial, serif;\">Premi CIRIT i Premi Universitat de Girona. <\/span><span style=\"font-family: Arial, serif;\"><i>Hist\u00f2ria geol\u00f2gica de la Costa Brava<\/i><\/span><span style=\"font-family: Arial, serif;\">.\u00a0<\/span><span style=\"font-family: Arial, serif;\"><b>Andreu Gonz\u00e1lez Corominas.<\/b><\/span><\/span><\/li>\n<\/ul>\n<p><span style=\"color: #000000;\">\u00a0<\/span><span style=\"color: #000000;\">\u00a0\u00a0\u00a0\u00a0 <span style=\"font-family: Arial, serif;\">Curs 2001-2002<\/span><\/span><\/p>\n<ul>\n<li><span style=\"color: #000000;\"><span style=\"font-family: Arial, serif;\">Premi CIRIT. <\/span><span style=\"font-family: Arial, serif;\"><i>Els efectes dels detergents sobre les plantes<\/i><\/span><span style=\"font-family: Arial, serif;\">. Laura Vila i\u00a0<\/span><span style=\"font-family: Arial, serif;\"><i>La Garriga a l\u2019abast<\/i><\/span><span style=\"font-family: Arial, serif;\">.\u00a0<\/span><span style=\"font-family: Arial, serif;\"><b>Elisenda Barb\u00e9.<\/b><\/span><\/span><\/li>\n<li><span style=\"color: #000000;\"><span style=\"font-family: Arial, serif;\">Premi CIRIT. IES Manuel Blancafort. Centre premiat.<\/span><\/span><\/li>\n<\/ul>\n<p><span style=\"color: #000000;\">\u00a0<\/span><span style=\"color: #000000;\">\u00a0\u00a0\u00a0 <span style=\"font-family: Arial, serif;\">Curs 2000- 2001<\/span><\/span><\/p>\n<ul>\n<li><span style=\"color: #000000;\"><span style=\"font-family: Arial, serif;\">Premi Universitat de Vic. <\/span><span style=\"font-family: Arial, serif;\"><i>Relaci\u00f3 entre la dieta i l\u2019orina<\/i><\/span><span style=\"font-family: Arial, serif;\">.\u00a0<\/span><span style=\"font-family: Arial, serif;\"><b>N\u00faria Soto<\/b><\/span><\/span><\/li>\n<\/ul>\n<p><span style=\"color: #000000;\">\u00a0<\/span><span style=\"color: #000000;\">\u00a0\u00a0\u00a0 <span style=\"font-family: Arial, serif;\">Curs 1999-2000<\/span><\/span><\/p>\n<ul>\n<li><span style=\"color: #000000;\"><span style=\"font-family: Arial, serif;\">Premi CIRIT. <\/span><span style=\"font-family: Arial, serif;\"><i>Les roques ornamental de la Garriga<\/i><\/span><span style=\"font-family: Arial, serif;\">.\u00a0<\/span><span style=\"font-family: Arial, serif;\"><b>Caterina Boixader\u00a0<\/b><\/span><\/span><\/li>\n<\/ul>\n<p><span style=\"color: #000000;\">\u00a0<\/span><span style=\"color: #000000;\">\u00a0\u00a0\u00a0 <span style=\"font-family: Arial, serif;\">Curs 1994-1995<\/span><\/span><\/p>\n<ul>\n<li><span style=\"color: #000000;\"><span style=\"font-family: Arial, serif;\">Premi CIRIT. <\/span><span style=\"font-family: Arial, serif;\"><i>L\u2019alzina \u00e9 mobile<\/i><\/span><span style=\"font-family: Arial, serif;\">.\u00a0<\/span><span style=\"font-family: Arial, serif;\"><b>Alba Barnusell i Mart\u00ed Riera<\/b><\/span><span style=\"font-family: Arial, serif;\">\u00a0(alumnes de 2n de BUP).<\/span><\/span><\/li>\n<\/ul>\n","protected":false},"excerpt":{"rendered":"<p>\u00a0\u00a0\u00a0 Curs 2018-2019<\/p>\n<ul>\n<li>1r premi a Treballs de recerca de batxillerat, atorgat per Premis Conc\u00f2rdia Fedefarma de la UB, pel treball de Recerca\u00a0<a style=\"color: #000000;\" href=\"http:\/\/institutmanuelblancafort.cat\/ca\/noticias\/pag-1\/498-1r-premi-concordia-fedefarma-per-la-marina-garcia\" target=\"_blank\" rel=\"noopener noreferrer\">Estudi de les propietats antibi\u00f2tiques d&#8217;extractes de l&#8217;all i la ceba. Marina Garcia Arenas.<\/a><\/li>\n<\/ul>\n<p>\u00a0 \u00a0 Curs 2017-2018<\/p>\n<ul>\n<li>Acc\u00e8ssit del\u00a0Premi&hellip;  <a href=\"https:\/\/agora.xtec.cat\/ies-manuel-blancafort\/linstitut\/premis-i-reconeixements\/\" title=\"Read Premis i reconeixements\">Llegeix m\u00e9s\u00bb<\/a><br \/>\n","protected":false},"author":1,"featured_media":0,"parent":19,"menu_order":100,"comment_status":"closed","ping_status":"closed","template":"page-templates\/side-menu.php","meta":{"_bbp_topic_count":0,"_bbp_reply_count":0,"_bbp_total_topic_count":0,"_bbp_total_reply_count":0,"_bbp_voice_count":0,"_bbp_anonymous_reply_count":0,"_bbp_topic_count_hidden":0,"_bbp_reply_count_hidden":0,"_bbp_forum_subforum_count":0,"footnotes":""},"class_list":["post-590","page","type-page","status-publish","hentry"],"post_mailing_queue_ids":[],"_links":{"self":[{"href":"https:\/\/agora.xtec.cat\/ies-manuel-blancafort\/wp-json\/wp\/v2\/pages\/590","targetHints":{"allow":["GET"]}}],"collection":[{"href":"https:\/\/agora.xtec.cat\/ies-manuel-blancafort\/wp-json\/wp\/v2\/pages"}],"about":[{"href":"https:\/\/agora.xtec.cat\/ies-manuel-blancafort\/wp-json\/wp\/v2\/types\/page"}],"author":[{"embeddable":true,"href":"https:\/\/agora.xtec.cat\/ies-manuel-blancafort\/wp-json\/wp\/v2\/users\/1"}],"replies":[{"embeddable":true,"href":"https:\/\/agora.xtec.cat\/ies-manuel-blancafort\/wp-json\/wp\/v2\/comments?post=590"}],"version-history":[{"count":4,"href":"https:\/\/agora.xtec.cat\/ies-manuel-blancafort\/wp-json\/wp\/v2\/pages\/590\/revisions"}],"predecessor-version":[{"id":922,"href":"https:\/\/agora.xtec.cat\/ies-manuel-blancafort\/wp-json\/wp\/v2\/pages\/590\/revisions\/922"}],"up":[{"embeddable":true,"href":"https:\/\/agora.xtec.cat\/ies-manuel-blancafort\/wp-json\/wp\/v2\/pages\/19"}],"wp:attachment":[{"href":"https:\/\/agora.xtec.cat\/ies-manuel-blancafort\/wp-json\/wp\/v2\/media?parent=590"}],"curies":[{"name":"wp","href":"https:\/\/api.w.org\/{rel}","templated":true}]}}