{"id":39,"date":"2014-09-17T16:36:44","date_gmt":"2014-09-17T16:36:44","guid":{"rendered":"http:\/\/agora.xtec.cat\/ies-manuel-blancafort\/?page_id=39"},"modified":"2022-11-23T16:42:18","modified_gmt":"2022-11-23T15:42:18","slug":"instal%c2%b7lacions","status":"publish","type":"page","link":"https:\/\/agora.xtec.cat\/ies-manuel-blancafort\/linstitut\/instal%c2%b7lacions\/","title":{"rendered":"Instal\u00b7lacions"},"content":{"rendered":"<p><span style=\"font-family: Calibri, serif;\"><span style=\"font-family: Arial, serif;\"><span style=\"font-size: medium;\"><a href=\"https:\/\/agora.xtec.cat\/ies-manuel-blancafort\/wp-content\/uploads\/usu2429\/2021\/01\/IMG_20210115_123825.jpg\"><img loading=\"lazy\" decoding=\"async\" class=\"wp-image-753 alignright\" src=\"https:\/\/agora.xtec.cat\/ies-manuel-blancafort\/wp-content\/uploads\/usu2429\/2021\/01\/IMG_20210115_123825.jpg\" alt=\"\" width=\"452\" height=\"592\" srcset=\"https:\/\/agora.xtec.cat\/ies-manuel-blancafort\/wp-content\/uploads\/usu2429\/2021\/01\/IMG_20210115_123825.jpg 720w, https:\/\/agora.xtec.cat\/ies-manuel-blancafort\/wp-content\/uploads\/usu2429\/2021\/01\/IMG_20210115_123825-229x300.jpg 229w\" sizes=\"auto, (max-width: 452px) 100vw, 452px\" \/><\/a>L\u2019edifici actual es va inaugurar el curs 1985-1986 per a uns estudis diferents dels d\u2019ara. Des d\u2019aleshores s\u2019ha anat adaptant l\u2019edifici, les aules i els diversos espais a les necessitats educatives de cada moment, sobretot pel que fa a l\u2019equipament tecnol\u00f2gic, esportiu i a la creaci\u00f3 d\u2019espais per al creixement personal.<\/span><\/span><\/span><\/p>\n<p><span style=\"font-family: Calibri, serif;\"><span style=\"font-family: Arial, serif;\"><span style=\"font-size: medium;\">Les instal\u00b7lacions i dotacions actuals s\u00f3n: <\/span><\/span><\/span><\/p>\n<ul>\n<li class=\"western\" lang=\"ca-ES\"><span style=\"color: #000000;\"><span style=\"font-family: Arial, serif;\"><span style=\"font-size: medium;\">22 aules amb equipament inform\u00e0tic: can\u00f3 i pissarra digital interactiva.<\/span><\/span><\/span><\/li>\n<li class=\"western\" lang=\"ca-ES\"><span style=\"color: #000000;\"><span style=\"font-family: Arial, serif;\"><span style=\"font-size: medium;\">1 Sala de professors<\/span><\/span><\/span><\/li>\n<li class=\"western\" lang=\"ca-ES\"><span style=\"color: #000000;\"><span style=\"font-family: Arial, serif;\"><span style=\"font-size: medium;\">1 Aula SIEI (Suport Intensiu per a l\u2019Educaci\u00f3 Inclusiva)<\/span><\/span><\/span><\/li>\n<li lang=\"ca-ES\">1 <span style=\"color: #000000;\"><span style=\"font-family: Arial, serif;\"><span style=\"font-size: medium;\">Aula d&#8217;Acollida<\/span><\/span><\/span><\/li>\n<li><span style=\"color: #000000;\"><span style=\"font-family: Arial, serif;\"><span style=\"font-size: medium;\">1 Laboratori de F\u00edsica i Qu\u00edmica<\/span><\/span><\/span><\/li>\n<li><span style=\"color: #000000;\"><span style=\"font-family: Arial, serif;\"><span style=\"font-size: medium;\">1 Laboratori de Ci\u00e8ncies naturals<\/span><\/span><\/span><\/li>\n<li class=\"western\" lang=\"ca-ES\"><span style=\"color: #000000;\"><span style=\"font-family: Arial, serif;\"><span style=\"font-size: medium;\">1 Taller de tecnologia, amb equipament inform\u00e0tic i can\u00f3 de projecci\u00f3<\/span><\/span><\/span><\/li>\n<li class=\"western\" lang=\"ca-ES\"><span style=\"color: #000000;\"><span style=\"font-family: Arial, serif;\"><span style=\"font-size: medium;\">1 Biblioteca amb can\u00f3 de projecci\u00f3 i pissarra digital<\/span><\/span><\/span><\/li>\n<li class=\"western\" lang=\"ca-ES\"><span style=\"color: #000000;\"><span style=\"font-family: Arial, serif;\"><span style=\"font-size: medium;\">1 Gimn\u00e0s i acc\u00e9s al pavell\u00f3 de Can Viol\u00ed<\/span><\/span><\/span><\/li>\n<li class=\"western\" lang=\"ca-ES\"><span style=\"color: #000000;\"><span style=\"font-family: Arial, serif;\"><span style=\"font-size: medium;\">2 Pistes esportives<\/span><\/span><\/span><\/li>\n<li class=\"western\" lang=\"ca-ES\"><span style=\"color: #000000;\"><span style=\"font-family: Arial, serif;\"><span style=\"font-size: medium;\">1 Pati amb bosc<\/span><\/span><\/span><\/li>\n<li class=\"western\" lang=\"ca-ES\"><span style=\"color: #000000;\"><span style=\"font-family: Arial, serif;\"><span style=\"font-size: medium;\">1 Cantina-menjador amb cuina pr\u00f2pia<\/span><\/span><\/span><\/li>\n<li class=\"western\" lang=\"ca-ES\"><span style=\"color: #000000;\"><span style=\"font-family: Arial, serif;\"><span style=\"font-size: medium;\">3 \u00c0rees de treball per als professors<\/span><\/span><\/span><\/li>\n<li class=\"western\" lang=\"ca-ES\"><span style=\"color: #000000;\"><span style=\"font-family: Arial, serif;\"><span style=\"font-size: medium;\">1 Sala d\u2019actes amb equipament inform\u00e0tic i esc\u00e8nic<\/span><\/span><\/span><\/li>\n<li class=\"western\" lang=\"ca-ES\"><span style=\"color: #000000;\"><span style=\"font-family: Arial, serif;\"><span style=\"font-size: medium;\">4 Sales de reunions i d\u2019entrevistes<\/span><\/span><\/span><\/li>\n<li class=\"western\" lang=\"ca-ES\"><span style=\"color: #000000;\"><span style=\"font-family: Arial, serif;\"><span style=\"font-size: medium;\">Acc\u00e9s Wi-FI a tot el centre<\/span><\/span><\/span><\/li>\n<\/ul>\n","protected":false},"excerpt":{"rendered":"<p><a href=\"https:\/\/agora.xtec.cat\/ies-manuel-blancafort\/wp-content\/uploads\/usu2429\/2021\/01\/IMG_20210115_123825.jpg\"><\/a>L\u2019edifici actual es va inaugurar el curs 1985-1986 per a uns estudis diferents dels d\u2019ara. Des d\u2019aleshores s\u2019ha anat adaptant l\u2019edifici, les aules i els diversos espais a les necessitats educatives de cada moment, sobretot pel que fa a l\u2019equipament tecnol\u00f2gic, esportiu i a&hellip;  <a href=\"https:\/\/agora.xtec.cat\/ies-manuel-blancafort\/linstitut\/instal%c2%b7lacions\/\" title=\"Read Instal\u00b7lacions\">Llegeix m\u00e9s\u00bb<\/a><\/p>\n","protected":false},"author":1,"featured_media":0,"parent":19,"menu_order":30,"comment_status":"closed","ping_status":"closed","template":"page-templates\/side-menu.php","meta":{"_bbp_topic_count":0,"_bbp_reply_count":0,"_bbp_total_topic_count":0,"_bbp_total_reply_count":0,"_bbp_voice_count":0,"_bbp_anonymous_reply_count":0,"_bbp_topic_count_hidden":0,"_bbp_reply_count_hidden":0,"_bbp_forum_subforum_count":0,"footnotes":""},"class_list":["post-39","page","type-page","status-publish","hentry"],"post_mailing_queue_ids":[],"_links":{"self":[{"href":"https:\/\/agora.xtec.cat\/ies-manuel-blancafort\/wp-json\/wp\/v2\/pages\/39","targetHints":{"allow":["GET"]}}],"collection":[{"href":"https:\/\/agora.xtec.cat\/ies-manuel-blancafort\/wp-json\/wp\/v2\/pages"}],"about":[{"href":"https:\/\/agora.xtec.cat\/ies-manuel-blancafort\/wp-json\/wp\/v2\/types\/page"}],"author":[{"embeddable":true,"href":"https:\/\/agora.xtec.cat\/ies-manuel-blancafort\/wp-json\/wp\/v2\/users\/1"}],"replies":[{"embeddable":true,"href":"https:\/\/agora.xtec.cat\/ies-manuel-blancafort\/wp-json\/wp\/v2\/comments?post=39"}],"version-history":[{"count":3,"href":"https:\/\/agora.xtec.cat\/ies-manuel-blancafort\/wp-json\/wp\/v2\/pages\/39\/revisions"}],"predecessor-version":[{"id":2021,"href":"https:\/\/agora.xtec.cat\/ies-manuel-blancafort\/wp-json\/wp\/v2\/pages\/39\/revisions\/2021"}],"up":[{"embeddable":true,"href":"https:\/\/agora.xtec.cat\/ies-manuel-blancafort\/wp-json\/wp\/v2\/pages\/19"}],"wp:attachment":[{"href":"https:\/\/agora.xtec.cat\/ies-manuel-blancafort\/wp-json\/wp\/v2\/media?parent=39"}],"curies":[{"name":"wp","href":"https:\/\/api.w.org\/{rel}","templated":true}]}}