{"id":27,"date":"2014-09-17T16:24:03","date_gmt":"2014-09-17T16:24:03","guid":{"rendered":"http:\/\/agora.xtec.cat\/ies-manuel-blancafort\/?page_id=27"},"modified":"2021-02-03T12:21:01","modified_gmt":"2021-02-03T11:21:01","slug":"historia","status":"publish","type":"page","link":"https:\/\/agora.xtec.cat\/ies-manuel-blancafort\/linstitut\/historia\/","title":{"rendered":"Hist\u00f2ria"},"content":{"rendered":"<p>&nbsp;<\/p>\n<p class=\"western\" align=\"justify\"><span style=\"font-family: Calibri, serif;\"><span style=\"font-family: Arial, serif;\"><span style=\"font-size: medium;\">L\u2019institut Manuel Blancafort va iniciar la seva activitat el curs 1979-1980 per impartir els estudis de BUP i COU. Els primers cinc anys es van fer les classes en part de les depend\u00e8ncies de l\u2019Ajuntament. <\/span><\/span><\/span><\/p>\n<p><span style=\"font-family: Calibri, serif;\"><span style=\"font-family: Arial, serif;\"><span style=\"font-size: medium;\">El setembre de 1985, als terrenys de Can Viol\u00ed, es va inaugurar l&#8217;edifici actual, que va rebre el nom de l&#8217;i<\/span><\/span><\/span><span style=\"font-family: Calibri, serif;\"><span style=\"font-family: Arial, serif;\"><span style=\"font-size: medium;\">l\u00b7lustre compositor garriguenc. <\/span><\/span><\/span><\/p>\n<p><span style=\"font-family: Calibri, serif;\"><span style=\"font-family: Arial, serif;\"><span style=\"font-size: medium;\">A partir del curs 1996-1997 s\u2019inicia l\u2019Educaci\u00f3 Secund\u00e0ria Obligat\u00f2ria (ESO) i el curs 1998-1999 s\u2019inicien els estudis de Batxillerat, en les seg\u00fcents modalitats: Human\u00edstic-Social i Cient\u00edfic-Tecnol\u00f2gic.<\/span><\/span><\/span><\/p>\n<p><a href=\"https:\/\/agora.xtec.cat\/ies-manuel-blancafort\/wp-content\/uploads\/usu2429\/2020\/12\/IMG_20200515_121758.-min-1.jpg\"><img loading=\"lazy\" decoding=\"async\" class=\"alignnone size-large wp-image-526\" src=\"https:\/\/agora.xtec.cat\/ies-manuel-blancafort\/wp-content\/uploads\/usu2429\/2020\/12\/IMG_20200515_121758.-min-1-1024x342.jpg\" alt=\"\" width=\"1024\" height=\"342\" srcset=\"https:\/\/agora.xtec.cat\/ies-manuel-blancafort\/wp-content\/uploads\/usu2429\/2020\/12\/IMG_20200515_121758.-min-1-1024x342.jpg 1024w, https:\/\/agora.xtec.cat\/ies-manuel-blancafort\/wp-content\/uploads\/usu2429\/2020\/12\/IMG_20200515_121758.-min-1-300x100.jpg 300w, https:\/\/agora.xtec.cat\/ies-manuel-blancafort\/wp-content\/uploads\/usu2429\/2020\/12\/IMG_20200515_121758.-min-1-768x256.jpg 768w\" sizes=\"auto, (max-width: 1024px) 100vw, 1024px\" \/><\/a><\/p>\n<p>&nbsp;<\/p>\n<p>&nbsp;<\/p>\n<p>&nbsp;<\/p>\n","protected":false},"excerpt":{"rendered":"<p>&nbsp;<br \/>\nL\u2019institut Manuel Blancafort va iniciar la seva activitat el curs 1979-1980 per impartir els estudis de BUP i COU. Els primers cinc anys es van fer les classes en part de les depend\u00e8ncies de l\u2019Ajuntament.<br \/>\nEl setembre de 1985, als terrenys de Can Viol\u00ed, es&hellip;  <a href=\"https:\/\/agora.xtec.cat\/ies-manuel-blancafort\/linstitut\/historia\/\" title=\"Read Hist\u00f2ria\">Llegeix m\u00e9s\u00bb<\/a><\/p>\n","protected":false},"author":1,"featured_media":0,"parent":19,"menu_order":20,"comment_status":"closed","ping_status":"closed","template":"page-templates\/side-menu.php","meta":{"_bbp_topic_count":0,"_bbp_reply_count":0,"_bbp_total_topic_count":0,"_bbp_total_reply_count":0,"_bbp_voice_count":0,"_bbp_anonymous_reply_count":0,"_bbp_topic_count_hidden":0,"_bbp_reply_count_hidden":0,"_bbp_forum_subforum_count":0,"footnotes":""},"class_list":["post-27","page","type-page","status-publish","hentry"],"post_mailing_queue_ids":[],"_links":{"self":[{"href":"https:\/\/agora.xtec.cat\/ies-manuel-blancafort\/wp-json\/wp\/v2\/pages\/27","targetHints":{"allow":["GET"]}}],"collection":[{"href":"https:\/\/agora.xtec.cat\/ies-manuel-blancafort\/wp-json\/wp\/v2\/pages"}],"about":[{"href":"https:\/\/agora.xtec.cat\/ies-manuel-blancafort\/wp-json\/wp\/v2\/types\/page"}],"author":[{"embeddable":true,"href":"https:\/\/agora.xtec.cat\/ies-manuel-blancafort\/wp-json\/wp\/v2\/users\/1"}],"replies":[{"embeddable":true,"href":"https:\/\/agora.xtec.cat\/ies-manuel-blancafort\/wp-json\/wp\/v2\/comments?post=27"}],"version-history":[{"count":4,"href":"https:\/\/agora.xtec.cat\/ies-manuel-blancafort\/wp-json\/wp\/v2\/pages\/27\/revisions"}],"predecessor-version":[{"id":918,"href":"https:\/\/agora.xtec.cat\/ies-manuel-blancafort\/wp-json\/wp\/v2\/pages\/27\/revisions\/918"}],"up":[{"embeddable":true,"href":"https:\/\/agora.xtec.cat\/ies-manuel-blancafort\/wp-json\/wp\/v2\/pages\/19"}],"wp:attachment":[{"href":"https:\/\/agora.xtec.cat\/ies-manuel-blancafort\/wp-json\/wp\/v2\/media?parent=27"}],"curies":[{"name":"wp","href":"https:\/\/api.w.org\/{rel}","templated":true}]}}