{"id":935,"date":"2017-12-12T09:34:47","date_gmt":"2017-12-12T08:34:47","guid":{"rendered":"http:\/\/agora.xtec.cat\/ies-la-senia\/?page_id=935"},"modified":"2025-10-23T14:02:31","modified_gmt":"2025-10-23T12:02:31","slug":"gestio-administrativa","status":"publish","type":"page","link":"https:\/\/agora.xtec.cat\/ies-la-senia\/estudis\/gestio-administrativa\/","title":{"rendered":"CFGM Gesti\u00f3 administrativa"},"content":{"rendered":"<div class=\"entry-content\">\n<p><span style=\"color: #800000;\"><strong>T\u00e8cnic o t\u00e8cnica en gesti\u00f3 administrativa<\/strong><\/span><\/p>\n<p>Aquests estudis post obligatoris capaciten per exercir tasques de <span style=\"font-weight: 400;\">suport administratiu en l\u2019\u00e0mbit laboral, comptable, comercial, financer i fiscal, aix\u00ed com d\u2019atenci\u00f3 al client\/usuari, tant en empreses p\u00fabliques com en empreses privades, aplicant la normativa vigent i protocols de qualitat, assegurant la satisfacci\u00f3 del client i actuant segons les normes de prevenci\u00f3 de riscos laborals i de protecci\u00f3 ambiental.<\/span><\/p>\n<p><b>Horari i durada\u00a0<\/b><\/p>\n<p><span style=\"font-weight: 400;\">El cicle formatiu consta de 2000 hores, dividit en 2 cursos:<\/span><\/p>\n<p><span style=\"font-weight: 400;\">1485 hores a l\u2019institut<\/span><\/p>\n<p><span style=\"font-weight: 400;\">515 hores de pr\u00e0ctiques en centres de treball (DUAL GENERAL)<\/span><\/p>\n<p><span style=\"font-weight: 400;\">Aquest cicle tamb\u00e9 es pot cursar en formaci\u00f3 DUAL INTENSIVA, amb contracte de treball o beca.<\/span><\/p>\n<p><span style=\"font-weight: 400;\">L\u2019horari dels cursos \u00e9s als matins, fins m\u00e0xim les 14.30 h.<\/span><\/p>\n<p><span style=\"color: #800000;\"><strong>Continguts<\/strong><\/span><b style=\"font-family: inherit; font-size: 1em;\">\u00a0(m\u00f2duls)<\/b><\/p>\n<ul>\n<li><b>0437 Comunicaci\u00f3 empresarial i atenci\u00f3 al client<\/b><\/li>\n<li><b><\/b><b>438 Operacions administratives de compravenda<\/b><\/li>\n<li><b>0439 Empresa i Administraci\u00f3<\/b><\/li>\n<li><b>0440 Tractament inform\u00e0tic de la informaci\u00f3<\/b><\/li>\n<li><b>0441 T\u00e8cnica comptable<\/b><\/li>\n<li><b>0442 Operacions administratives de recursos humans<\/b><\/li>\n<li><b>0443 Tractament de la documentaci\u00f3 comptable<\/b><\/li>\n<li><b>0446 Empresa a l\u2019aula<\/b><\/li>\n<li><b>0448 Operacions auxiliars de gesti\u00f3 de tresoreria<\/b><\/li>\n<li><b>C056 Catal\u00e0 professional<\/b><\/li>\n<li><b>0156 Angl\u00e8s professional<\/b><\/li>\n<li><b>1664 Digitalitzaci\u00f3 aplicada als sectors productius<\/b><\/li>\n<li><b>1708 Sostenibilitat aplicada al sistema productiu<\/b><\/li>\n<li><b>1709 Itinerari personal per a l\u2019ocupabilitat I<\/b><\/li>\n<li><b>1710 Itinerari personal per a l\u2019ocupabilitat II<\/b><\/li>\n<li><b>1713 Projecte intermodular<\/b><\/li>\n<li><b>M\u00f2dul professional optatiu\u00a0<\/b><\/li>\n<\/ul>\n<div class=\"bulletsGenerals\">\n<h3><span style=\"color: #800000;\">Vies acc\u00e9s<\/span><b>\u00a0<\/b><\/h3>\n<p><b>Tenir un d\u2019aquests t\u00edtols:<\/b><\/p>\n<p><b>Graduat\/ada en educaci\u00f3 secund\u00e0ria obligat\u00f2ria.\u00a0<\/b><\/p>\n<p><b>T\u00e8cnic\/a b\u00e0sic\/a.<\/b><\/p>\n<p><b>T\u00e8cnic\/a; T\u00e8cnic\/a superior; T\u00e8cnic\/a auxiliar.\u00a0<\/b><\/p>\n<p><b>Batxillerat superior (plans educatius anteriors a la Llei org\u00e0nica 2\/2006, de 3 de maig).\u00a0<\/b><\/p>\n<p><b>Titulacions equivalents per accedir als cicles formatius de grau superior.\u00a0<\/b><\/p>\n<p>&nbsp;<\/p>\n<p><b>O b\u00e9, haver superat:\u00a0<\/b><\/p>\n<p><b>Una oferta formativa de certificat professional inclosa en el cicle.\u00a0<\/b><\/p>\n<p><b>Un curs de formaci\u00f3 preparatori per a l&#8217;acc\u00e9s als cicles de grau mitj\u00e0. Una prova d&#8217;acc\u00e9s.\u00a0<\/b><\/p>\n<p><b>El segon curs del primer cicle experimental de reforma dels ensenyaments mitjans.\u00a0<\/b><\/p>\n<p><b>El tercer curs del Pla 1963 o segon de comuns experimental dels ensenyaments d&#8217;arts aplicades i oficis art\u00edstics. El segon curs de BUP, amb un m\u00e0xim de dues mat\u00e8ries suspeses.<\/b><\/p>\n<p><b>Haver superat la prova d&#8217;acc\u00e9s a la universitat per a m\u00e9s grans de 25 o de 45 anys, o haver accedit a la universitat per tenir 40 anys o m\u00e9s i acreditar experi\u00e8ncia laboral o professional.\u00a0<\/b><\/p>\n<p><b>Altres estudis o cursos de formaci\u00f3 equivalents acad\u00e8micament.<\/b><\/p>\n<p>&nbsp;<\/p>\n<p>Les persones que superen el cicle formatiu obtenen un t\u00edtol de <strong>t\u00e8cnic o t\u00e8cnica, <\/strong>que els permet accedir:<\/p>\n<div class=\"bulletsGenerals\">\n<ul>\n<li>al batxillerat,<\/li>\n<li>a un cicle de grau superior (cal superar la prova d\u2019acc\u00e9s o el curs d\u2019adaptaci\u00f3 CAS),<\/li>\n<li>al <strong>m\u00f3n laboral<\/strong>, com a:\n<ul>\n<li><b>Auxiliar administratiu o administrativa<\/b><\/li>\n<li><b>Ajudant o ajudanta d\u2019oficina<\/b><\/li>\n<li><b>Auxiliar administratiu o administrativa de cobraments i pagaments<\/b><\/li>\n<li><b>Auxiliar administratiu o administrativa de gesti\u00f3 de personal<\/b><\/li>\n<li><b>Administratiu o administrativa comercial<\/b><\/li>\n<li><b>Auxiliar administratiu o administrativa de les administracions p\u00fabliques<\/b><\/li>\n<li><b>Recepcionista, empleat o empleada d\u2019atenci\u00f3 al p\u00fablic<\/b><\/li>\n<li><b>Empleat o empleada de tresoreria<\/b><\/li>\n<li><b>Empleat o empleada en mitjans de pagament<\/b><\/li>\n<\/ul>\n<\/li>\n<\/ul>\n<\/div>\n<\/div>\n<\/div>\n","protected":false},"excerpt":{"rendered":"<p>T\u00e8cnic o t\u00e8cnica en gesti\u00f3 administrativa Aquests estudis post obligatoris capaciten per exercir tasques de suport administratiu en l\u2019\u00e0mbit laboral, comptable, comercial, financer i fiscal, aix\u00ed com d\u2019atenci\u00f3 al client\/usuari, tant en empreses p\u00fabliques com en empreses privades, aplicant la normativa vigent i protocols de qualitat, assegurant la satisfacci\u00f3 del client i actuant segons les [&hellip;]<\/p>\n","protected":false},"author":1,"featured_media":0,"parent":195,"menu_order":0,"comment_status":"closed","ping_status":"closed","template":"page-templates\/side-menu.php","meta":{"_bbp_topic_count":0,"_bbp_reply_count":0,"_bbp_total_topic_count":0,"_bbp_total_reply_count":0,"_bbp_voice_count":0,"_bbp_anonymous_reply_count":0,"_bbp_topic_count_hidden":0,"_bbp_reply_count_hidden":0,"_bbp_forum_subforum_count":0,"site-sidebar-layout":"default","site-content-layout":"","ast-site-content-layout":"","site-content-style":"default","site-sidebar-style":"default","ast-global-header-display":"","ast-banner-title-visibility":"","ast-main-header-display":"","ast-hfb-above-header-display":"","ast-hfb-below-header-display":"","ast-hfb-mobile-header-display":"","site-post-title":"","ast-breadcrumbs-content":"","ast-featured-img":"","footer-sml-layout":"","theme-transparent-header-meta":"","adv-header-id-meta":"","stick-header-meta":"","header-above-stick-meta":"","header-main-stick-meta":"","header-below-stick-meta":"","astra-migrate-meta-layouts":"default","ast-page-background-enabled":"default","ast-page-background-meta":{"desktop":{"background-color":"var(--ast-global-color-4)","background-image":"","background-repeat":"repeat","background-position":"center center","background-size":"auto","background-attachment":"scroll","background-type":"","background-media":"","overlay-type":"","overlay-color":"","overlay-opacity":"","overlay-gradient":""},"tablet":{"background-color":"","background-image":"","background-repeat":"repeat","background-position":"center center","background-size":"auto","background-attachment":"scroll","background-type":"","background-media":"","overlay-type":"","overlay-color":"","overlay-opacity":"","overlay-gradient":""},"mobile":{"background-color":"","background-image":"","background-repeat":"repeat","background-position":"center center","background-size":"auto","background-attachment":"scroll","background-type":"","background-media":"","overlay-type":"","overlay-color":"","overlay-opacity":"","overlay-gradient":""}},"ast-content-background-meta":{"desktop":{"background-color":"var(--ast-global-color-5)","background-image":"","background-repeat":"repeat","background-position":"center center","background-size":"auto","background-attachment":"scroll","background-type":"","background-media":"","overlay-type":"","overlay-color":"","overlay-opacity":"","overlay-gradient":""},"tablet":{"background-color":"var(--ast-global-color-5)","background-image":"","background-repeat":"repeat","background-position":"center center","background-size":"auto","background-attachment":"scroll","background-type":"","background-media":"","overlay-type":"","overlay-color":"","overlay-opacity":"","overlay-gradient":""},"mobile":{"background-color":"var(--ast-global-color-5)","background-image":"","background-repeat":"repeat","background-position":"center center","background-size":"auto","background-attachment":"scroll","background-type":"","background-media":"","overlay-type":"","overlay-color":"","overlay-opacity":"","overlay-gradient":""}},"footnotes":""},"class_list":["post-935","page","type-page","status-publish","hentry"],"post_mailing_queue_ids":[],"_links":{"self":[{"href":"https:\/\/agora.xtec.cat\/ies-la-senia\/wp-json\/wp\/v2\/pages\/935","targetHints":{"allow":["GET"]}}],"collection":[{"href":"https:\/\/agora.xtec.cat\/ies-la-senia\/wp-json\/wp\/v2\/pages"}],"about":[{"href":"https:\/\/agora.xtec.cat\/ies-la-senia\/wp-json\/wp\/v2\/types\/page"}],"author":[{"embeddable":true,"href":"https:\/\/agora.xtec.cat\/ies-la-senia\/wp-json\/wp\/v2\/users\/1"}],"replies":[{"embeddable":true,"href":"https:\/\/agora.xtec.cat\/ies-la-senia\/wp-json\/wp\/v2\/comments?post=935"}],"version-history":[{"count":5,"href":"https:\/\/agora.xtec.cat\/ies-la-senia\/wp-json\/wp\/v2\/pages\/935\/revisions"}],"predecessor-version":[{"id":4753,"href":"https:\/\/agora.xtec.cat\/ies-la-senia\/wp-json\/wp\/v2\/pages\/935\/revisions\/4753"}],"up":[{"embeddable":true,"href":"https:\/\/agora.xtec.cat\/ies-la-senia\/wp-json\/wp\/v2\/pages\/195"}],"wp:attachment":[{"href":"https:\/\/agora.xtec.cat\/ies-la-senia\/wp-json\/wp\/v2\/media?parent=935"}],"curies":[{"name":"wp","href":"https:\/\/api.w.org\/{rel}","templated":true}]}}