{"id":77,"date":"2014-09-18T10:29:25","date_gmt":"2014-09-18T10:29:25","guid":{"rendered":"http:\/\/agora.xtec.cat\/ies-la-senia\/?page_id=77"},"modified":"2017-12-19T16:50:48","modified_gmt":"2017-12-19T15:50:48","slug":"perfilcontractant","status":"publish","type":"page","link":"https:\/\/agora.xtec.cat\/ies-la-senia\/serveis\/perfilcontractant\/","title":{"rendered":"Perfil del contractant"},"content":{"rendered":"<h5><strong>Servei de neteja any 2018<\/strong><\/h5>\n<table class=\"aligncenter\" style=\"height: 777px; width: 721px;\" border=\"1\" cellspacing=\"0\" cellpadding=\"0\" align=\"left\">\n<tbody>\n<tr style=\"height: 33px;\">\n<td style=\"text-align: left; width: 293px; height: 33px;\" valign=\"top\"><strong>Nom de l\u2019\u00f2rgan de contractaci\u00f3<\/strong><\/td>\n<td style=\"width: 349px; height: 33px;\" valign=\"top\"><strong>Institut de La S\u00e9nia<br \/>\n<\/strong><\/td>\n<\/tr>\n<tr style=\"height: 33px;\">\n<td style=\"width: 293px; height: 33px;\" valign=\"top\"><strong>Adre\u00e7a<\/strong><\/td>\n<td style=\"width: 349px; height: 33px;\" valign=\"top\">C\/ Domenges, s\/n 43560 La S\u00e9nia<\/td>\n<\/tr>\n<tr style=\"height: 33px;\">\n<td style=\"width: 293px; height: 33px;\" valign=\"top\"><strong>Horari de registre i atenci\u00f3 al p\u00fablic<\/strong><\/td>\n<td style=\"width: 349px; height: 33px;\" valign=\"top\">Mat\u00ed: de dilluns a divendres de 9 a 14 hores<\/td>\n<\/tr>\n<tr style=\"height: 33px;\">\n<td style=\"width: 293px; height: 33px;\" valign=\"top\"><strong>Tel\u00e8fon<\/strong><\/td>\n<td style=\"width: 349px; height: 33px;\" valign=\"top\">977 713 065<\/td>\n<\/tr>\n<tr style=\"height: 33px;\">\n<td style=\"width: 293px; height: 33px;\" valign=\"top\"><strong>Fax<\/strong><\/td>\n<td style=\"width: 349px; height: 33px;\" valign=\"top\">977 575 283<\/td>\n<\/tr>\n<tr style=\"height: 33px;\">\n<td style=\"width: 293px; height: 33px;\" valign=\"top\"><strong>Correu electr\u00f2nic<\/strong><\/td>\n<td style=\"width: 349px; height: 33px;\" valign=\"top\">ies-la-senia@xtec.cat<\/td>\n<\/tr>\n<tr style=\"height: 33px;\">\n<td style=\"width: 293px; height: 33px;\" valign=\"top\"><strong>Adre\u00e7a web<\/strong><\/td>\n<td style=\"width: 349px; height: 33px;\" valign=\"top\"><a href=\"http:\/\/agora.xtec.cat\/ies-la-senia\/\">http:\/\/www.inslasenia.cat<\/a><\/td>\n<\/tr>\n<tr style=\"height: 97px;\">\n<td style=\"width: 293px; height: 97px;\" valign=\"top\"><strong>Persona de contacte<\/strong><\/td>\n<td style=\"width: 349px; height: 97px;\" valign=\"top\">Cosme Cruzado Mart\u00ednez \u2013 Secretari<\/p>\n<p>Tel\u00e8fon: 977 713 065<\/td>\n<\/tr>\n<tr style=\"height: 121px;\">\n<td style=\"width: 293px; height: 121px;\" valign=\"top\"><strong>Data publicaci\u00f3 (13\/11\/2017)<\/strong><\/td>\n<td style=\"width: 349px; height: 121px;\" valign=\"top\"><strong><br \/>\n<\/strong><\/p>\n<table style=\"height: 49px; width: 306px;\">\n<tbody>\n<tr>\n<td style=\"width: 153.717px;\"><a href=\"https:\/\/drive.google.com\/file\/d\/1d0EPmyCcrja_kK0gUBf39FUUQVCirzzO\/view?usp=sharing\" target=\"_blank\" rel=\"noopener noreferrer\"><strong>Anunci 1\/2018<\/strong><\/a><\/td>\n<td style=\"width: 144.683px;\"><a href=\"https:\/\/drive.google.com\/file\/d\/1q3ejIc42s-E3Vo3LNEx5PNos8ocLRjv6\/view?usp=sharing\" target=\"_blank\" rel=\"noopener noreferrer\"><strong>Anuncio 1\/2018<\/strong><\/a><\/td>\n<\/tr>\n<tr>\n<td style=\"width: 153.717px;\"><a href=\"https:\/\/drive.google.com\/file\/d\/1HDqBQjCZerN_mRjmfq_jkeey19c0gpwl\/view?usp=sharing\" target=\"_blank\" rel=\"noopener noreferrer\"><strong>Plec Cl\u00e0usules administratives 1\/2018<\/strong><\/a><\/td>\n<td style=\"width: 144.683px;\"><strong><a href=\"https:\/\/drive.google.com\/file\/d\/1Vw3tp0IpNG_lPUxFKs99-jGwG3A7DjNF\/view?usp=sharing\" target=\"_blank\" rel=\"noopener noreferrer\">Plec Prescripcions t\u00e8cniques 1\/2018<\/a><\/strong><\/td>\n<\/tr>\n<\/tbody>\n<\/table>\n<\/td>\n<\/tr>\n<tr style=\"height: 61px;\">\n<td style=\"width: 293px; height: 61px;\" valign=\"top\"><strong>Obertura sobre C<\/strong><\/td>\n<td style=\"width: 349px; height: 61px;\" valign=\"top\"><strong>Tindr\u00e0 lloc el proper dia 11 de desembre a les 12.30h.<\/strong><\/td>\n<\/tr>\n<tr style=\"height: 76px;\">\n<td style=\"width: 293px; height: 76px;\" valign=\"top\"><strong>Resoluci\u00f3 d&#8217;adjudicaci\u00f3<\/strong><\/td>\n<td style=\"width: 349px; height: 76px;\" valign=\"top\">\n<table style=\"width: 217px; height: 23px;\">\n<tbody>\n<tr>\n<td style=\"width: 211.4px;\"><strong><a href=\"https:\/\/drive.google.com\/file\/d\/1lcySpGQUOmBvczz_iiyOrkK-XkhGBs_N\/view?usp=sharing\">Resoluci\u00f3 adjudicaci\u00f3 1\/2018<\/a><\/strong><\/td>\n<\/tr>\n<\/tbody>\n<\/table>\n<\/td>\n<\/tr>\n<\/tbody>\n<\/table>\n<p>&nbsp;<\/p>\n","protected":false},"excerpt":{"rendered":"<p>Servei de neteja any 2018 Nom de l\u2019\u00f2rgan de contractaci\u00f3 Institut de La S\u00e9nia Adre\u00e7a C\/ Domenges, s\/n 43560 La S\u00e9nia Horari de registre i atenci\u00f3 al p\u00fablic Mat\u00ed: de dilluns a divendres de 9 a 14 hores Tel\u00e8fon 977 713 065 Fax 977 575 283 Correu electr\u00f2nic ies-la-senia@xtec.cat Adre\u00e7a web http:\/\/www.inslasenia.cat Persona de contacte [&hellip;]<\/p>\n","protected":false},"author":2,"featured_media":0,"parent":63,"menu_order":50,"comment_status":"closed","ping_status":"closed","template":"page-templates\/side-menu.php","meta":{"_bbp_topic_count":0,"_bbp_reply_count":0,"_bbp_total_topic_count":0,"_bbp_total_reply_count":0,"_bbp_voice_count":0,"_bbp_anonymous_reply_count":0,"_bbp_topic_count_hidden":0,"_bbp_reply_count_hidden":0,"_bbp_forum_subforum_count":0,"site-sidebar-layout":"default","site-content-layout":"","ast-site-content-layout":"","site-content-style":"default","site-sidebar-style":"default","ast-global-header-display":"","ast-banner-title-visibility":"","ast-main-header-display":"","ast-hfb-above-header-display":"","ast-hfb-below-header-display":"","ast-hfb-mobile-header-display":"","site-post-title":"","ast-breadcrumbs-content":"","ast-featured-img":"","footer-sml-layout":"","theme-transparent-header-meta":"","adv-header-id-meta":"","stick-header-meta":"","header-above-stick-meta":"","header-main-stick-meta":"","header-below-stick-meta":"","astra-migrate-meta-layouts":"default","ast-page-background-enabled":"default","ast-page-background-meta":{"desktop":{"background-color":"var(--ast-global-color-4)","background-image":"","background-repeat":"repeat","background-position":"center center","background-size":"auto","background-attachment":"scroll","background-type":"","background-media":"","overlay-type":"","overlay-color":"","overlay-opacity":"","overlay-gradient":""},"tablet":{"background-color":"","background-image":"","background-repeat":"repeat","background-position":"center center","background-size":"auto","background-attachment":"scroll","background-type":"","background-media":"","overlay-type":"","overlay-color":"","overlay-opacity":"","overlay-gradient":""},"mobile":{"background-color":"","background-image":"","background-repeat":"repeat","background-position":"center center","background-size":"auto","background-attachment":"scroll","background-type":"","background-media":"","overlay-type":"","overlay-color":"","overlay-opacity":"","overlay-gradient":""}},"ast-content-background-meta":{"desktop":{"background-color":"var(--ast-global-color-5)","background-image":"","background-repeat":"repeat","background-position":"center center","background-size":"auto","background-attachment":"scroll","background-type":"","background-media":"","overlay-type":"","overlay-color":"","overlay-opacity":"","overlay-gradient":""},"tablet":{"background-color":"var(--ast-global-color-5)","background-image":"","background-repeat":"repeat","background-position":"center center","background-size":"auto","background-attachment":"scroll","background-type":"","background-media":"","overlay-type":"","overlay-color":"","overlay-opacity":"","overlay-gradient":""},"mobile":{"background-color":"var(--ast-global-color-5)","background-image":"","background-repeat":"repeat","background-position":"center center","background-size":"auto","background-attachment":"scroll","background-type":"","background-media":"","overlay-type":"","overlay-color":"","overlay-opacity":"","overlay-gradient":""}},"footnotes":""},"class_list":["post-77","page","type-page","status-publish","hentry"],"post_mailing_queue_ids":[],"_links":{"self":[{"href":"https:\/\/agora.xtec.cat\/ies-la-senia\/wp-json\/wp\/v2\/pages\/77","targetHints":{"allow":["GET"]}}],"collection":[{"href":"https:\/\/agora.xtec.cat\/ies-la-senia\/wp-json\/wp\/v2\/pages"}],"about":[{"href":"https:\/\/agora.xtec.cat\/ies-la-senia\/wp-json\/wp\/v2\/types\/page"}],"author":[{"embeddable":true,"href":"https:\/\/agora.xtec.cat\/ies-la-senia\/wp-json\/wp\/v2\/users\/2"}],"replies":[{"embeddable":true,"href":"https:\/\/agora.xtec.cat\/ies-la-senia\/wp-json\/wp\/v2\/comments?post=77"}],"version-history":[{"count":4,"href":"https:\/\/agora.xtec.cat\/ies-la-senia\/wp-json\/wp\/v2\/pages\/77\/revisions"}],"predecessor-version":[{"id":946,"href":"https:\/\/agora.xtec.cat\/ies-la-senia\/wp-json\/wp\/v2\/pages\/77\/revisions\/946"}],"up":[{"embeddable":true,"href":"https:\/\/agora.xtec.cat\/ies-la-senia\/wp-json\/wp\/v2\/pages\/63"}],"wp:attachment":[{"href":"https:\/\/agora.xtec.cat\/ies-la-senia\/wp-json\/wp\/v2\/media?parent=77"}],"curies":[{"name":"wp","href":"https:\/\/api.w.org\/{rel}","templated":true}]}}