{"id":509,"date":"2016-07-13T07:59:28","date_gmt":"2016-07-13T06:59:28","guid":{"rendered":"http:\/\/agora.xtec.cat\/ies-la-senia\/?page_id=509"},"modified":"2016-07-13T08:47:39","modified_gmt":"2016-07-13T07:47:39","slug":"assessorament-i-econeixement","status":"publish","type":"page","link":"https:\/\/agora.xtec.cat\/ies-la-senia\/serveis\/assessorament-i-econeixement\/","title":{"rendered":"Assessorament i econeixement"},"content":{"rendered":"<div id=\"content_main\">\n<h1>Servei d&#8217;assessorament<\/h1>\n<p class=\"txtImgEsq\"><strong>ASSOLEIX EL TEU OBJECTIU PROFESSIONAL<img loading=\"lazy\" decoding=\"async\" src=\"http:\/\/www.institutbonanova.cat\/media\/upload\/imatges\/Assessorament\/LOGO_Assessorament_ok.jpg\" alt=\"\" width=\"84\" height=\"84\" \/><\/strong><\/p>\n<p>L&#8217;Institut Bonanova ofereix el servei de forma personalitzada, a sol\u00b7licitud de la persona interessada, que consisteix en la identificaci\u00f3 i l&#8217;an\u00e0lisi detallada de les capacitats i expectatives professionals, i la identificaci\u00f3 i valoraci\u00f3 de les ofertes formatives amb les seves variants, i que conclou amb l&#8217;elaboraci\u00f3 i lliurament de <strong>l&#8217;informe d&#8217;assessorament.<\/strong><\/p>\n<h3>A qui s&#8217;adre\u00e7a?<\/h3>\n<p>S&#8217;adre\u00e7a a les persones adultes interessades a obtenir una diagnosi de les seves possibilitats formatives i de promoci\u00f3 professional i con\u00e8ixer l&#8217;itinerari formatiu m\u00e9s adequat per aconseguir l&#8217;objectiu de qualificaci\u00f3 proposat.<\/p>\n<h3>Qu\u00e8 m&#8217;ofereix?<\/h3>\n<ul>\n<li>Disposar de forma individual d&#8217;un assessor especialista en una fam\u00edlia professional que m&#8217;ajudar\u00e0 a identificar les meves capacitats, interessos i el meu objectiu professional al llarg de diferents sessions de treball.<\/li>\n<li>Entendre les possibilitats que m&#8217;ofereix el sistema de Formaci\u00f3 Professional i com puc beneficiar-me&#8217;n.<\/li>\n<li>Saber si la meva experi\u00e8ncia laboral es pot recon\u00e8ixer acad\u00e8micament per continguts d&#8217;un cicle formatiu, i qu\u00e8 he de fer per aconseguir-ho.<\/li>\n<li>Con\u00e8ixer si els cursos de formaci\u00f3 que he realitzat tenen reconeixement acad\u00e8mic i en quina mesura em poden ajudar a assolir un t\u00edtol de Formaci\u00f3 Professional.<\/li>\n<li>Assessorament per decidir l&#8217;estrat\u00e8gia de formaci\u00f3 que millor s&#8217;adapti als meus interessos, traject\u00f2ria professional i al temps de qu\u00e8 disposo.<\/li>\n<li>Disposar d&#8217;un informe d&#8217;assessorament amb un pla de treball personalitzat amb les indicacions sobre les actuacions que he de fer, i informacions pr\u00e0ctiques per assolir un t\u00edtol de Formaci\u00f3 Professional.<\/li>\n<li><strong>L&#8217;informe d\u2019assessorament obtingut \u00e9s un requisit per presentar-se al servei de reconeixement de l\u2019experi\u00e8ncia laboral.<\/strong><\/li>\n<\/ul>\n<h3>Qu\u00e8 \u00e9s?<\/h3>\n<p>\u00c9s un servei personalitzat que ajuda a les persones a definir i assolir el seu objectiu professional mitjan\u00e7ant la identificaci\u00f3 de la formaci\u00f3 amb reconeixement acad\u00e8mic, l&#8217;an\u00e0lisi de les possibilitats de recon\u00e8ixer acad\u00e8micament la seva experi\u00e8ncia laboral i la determinaci\u00f3 d&#8217;un pla de treball per a aconseguir-ho.<\/p>\n<h3>Servei d\u2019assessorament en la formaci\u00f3 professional del sistema educatiu.\u00a0Curs 2016-17<\/h3>\n<p>Fam\u00edlia professional: Sanitat<br \/>\nEspecialitat:<\/p>\n<ul>\n<li>Cicle formatiu de grau mitj\u00e0: <strong>T\u00e8cnic en Gesti\u00f3 administrativa<\/strong>: 5 places<\/li>\n<\/ul>\n<ul>\n<li>Cicle formatiu de grau Superior: <strong>T\u00e8cnic superior en comer\u00e7 internacional<\/strong>: 5 Places<\/li>\n<\/ul>\n<h3>Calendari<\/h3>\n<table>\n<tbody>\n<tr>\n<td>Sol\u00b7licitud al Servei d&#8217;assessorament:<\/p>\n<ul>\n<li><strong>T\u00e8cnic Gesti\u00f3 administrativa<\/strong><\/li>\n<li><strong>T\u00e8cnic superior en Comer\u00e7 internacional<\/strong><\/li>\n<\/ul>\n<\/td>\n<td>Del 26 de setembre al 2 de desembre 2016<\/td>\n<\/tr>\n<tr>\n<td>Llistat d&#8217;admesos<\/p>\n<p>(reclamacions de l&#8217;15 al 17 de desembre)<\/td>\n<td>14 de desembre del 2016.<\/p>\n<p>La sol.litud al servei roman oberta fins a cobrir les places vancants<\/td>\n<\/tr>\n<tr>\n<td>Inscripci\u00f3 al servei i pagament del preu p\u00fablic:<\/p>\n<ul>\n<li><strong>T\u00e8cnic en Gesti\u00f3 administrativa<\/strong><\/li>\n<li><strong>T\u00e8cnic superior en comer\u00e7 internacional<\/strong><\/li>\n<\/ul>\n<\/td>\n<td>Del 11 al 31 de gener del 2017<\/td>\n<\/tr>\n<tr>\n<td>Servei Assessorament<\/td>\n<td>pendent<\/td>\n<\/tr>\n<tr>\n<td>Primera sessi\u00f3 grupal d&#8217;assessorament.<\/td>\n<td>Pendent<\/td>\n<\/tr>\n<\/tbody>\n<\/table>\n<h3>Preu<\/h3>\n<p>El servei d&#8217;assessorament el presta un centre educatiu de forma individualitzada, i t\u00e9 un cost determinat pel preu p\u00fablic de 60,00\u20ac que es far\u00e0 efectiu una vegada el candidat hagi estat adm\u00e8s\/a i abans de l&#8217;inici del proc\u00e9s d&#8217;assessorament.<\/p>\n<p>Seran aplicables, amb la documentaci\u00f3 pr\u00e8via, les exempcions i bonificacions establertes<\/p>\n<h3>Criteris d&#8217;admissi\u00f3<\/h3>\n<p>L&#8217;ordre d\u2019admissi\u00f3, als centres del departament, es realitzar\u00e0 d&#8217;acord amb la major edat de la persona sol\u00b7licitant.<\/p>\n<h3>Documentaci\u00f3 necess\u00e0ria<\/h3>\n<ul>\n<li>Full de sol\u00b7licitud al servei d&#8217;Assessorament<\/li>\n<li>Full d&#8217;inscripci\u00f3 i pagament<\/li>\n<li>Certificat d&#8217;empresa<\/li>\n<li>Informe de vida laboral<\/li>\n<li>Formaci\u00f3 realitzada<\/li>\n<li>Curr\u00edculum Vitae: \u00a0<a href=\"http:\/\/www.institutbonanova.cat\/media\/upload\/arxius\/Acreditat2014\/Plantilla_Cv_Europeu_%28catala%29.doc\">Model de curr\u00edculum Europass<\/a>. Hi ha\u00a0punts d&#8217;informaci\u00f3 i orientaci\u00f3 on es pot demanar ajuda per formalitzar la sol\u00b7licitud i preparar el curr\u00edculum europeu.\u00a0<a href=\"http:\/\/srvcnpbs.xtec.cat\/icqp\/acreditacio\/xarxa_punts.php\">http:\/\/srvcnpbs.xtec.cat\/icqp\/acreditacio\/xarxa_punts.php<\/a><\/li>\n<\/ul>\n<p>(la documentaci\u00f3 s&#8217;ha presentar a la primera sessi\u00f3 d&#8217;assessorament)<\/p>\n<p>Horari de secretaria de 10.00 a 13.00 de dilluns a divendres i de 16.00 a 17.00 hores el dimecres.<\/p>\n<blockquote><p>Carta de comprom\u00eds de qualitat en la prestaci\u00f3 del servei d&#8217;assessorament en la Formaci\u00f3 Professional del sistema educatiu i del servei de reconeixement acad\u00e8mica dels aprenentatges assolits mitjan\u00e7ant l&#8217;experi\u00e8ncia laboral o en activitats socials<\/p><\/blockquote>\n<p><strong>On puc obtenir m\u00e9s informaci\u00f3? <\/strong><\/p>\n<p>A la web del Departament d\u2019Ensenyament:<\/p>\n<p><a href=\"http:\/\/queestudiar.gencat.cat\/ca\/estudis\/formacio_professional\/mesures_flexibilitzadores\/servei_assessorament\/\">http:\/\/queestudiar.gencat.cat\/ca\/estudis\/formacio_professional\/mesures_flexibilitzadores\/servei_assessorament\/<\/a><\/p>\n<p>A qualsevol centre educatiu que ofereixi els serveis d&#8217;assessorament i reconeixement de l\u2019experi\u00e8ncia laboral<\/p>\n<\/div>\n","protected":false},"excerpt":{"rendered":"<p>Servei d&#8217;assessorament ASSOLEIX EL TEU OBJECTIU PROFESSIONAL L&#8217;Institut Bonanova ofereix el servei de forma personalitzada, a sol\u00b7licitud de la persona interessada, que consisteix en la identificaci\u00f3 i l&#8217;an\u00e0lisi detallada de les capacitats i expectatives professionals, i la identificaci\u00f3 i valoraci\u00f3 de les ofertes formatives amb les seves variants, i que conclou amb l&#8217;elaboraci\u00f3 i lliurament [&hellip;]<\/p>\n","protected":false},"author":1,"featured_media":0,"parent":63,"menu_order":0,"comment_status":"closed","ping_status":"closed","template":"","meta":{"_bbp_topic_count":0,"_bbp_reply_count":0,"_bbp_total_topic_count":0,"_bbp_total_reply_count":0,"_bbp_voice_count":0,"_bbp_anonymous_reply_count":0,"_bbp_topic_count_hidden":0,"_bbp_reply_count_hidden":0,"_bbp_forum_subforum_count":0,"site-sidebar-layout":"default","site-content-layout":"","ast-site-content-layout":"","site-content-style":"default","site-sidebar-style":"default","ast-global-header-display":"","ast-banner-title-visibility":"","ast-main-header-display":"","ast-hfb-above-header-display":"","ast-hfb-below-header-display":"","ast-hfb-mobile-header-display":"","site-post-title":"","ast-breadcrumbs-content":"","ast-featured-img":"","footer-sml-layout":"","theme-transparent-header-meta":"","adv-header-id-meta":"","stick-header-meta":"","header-above-stick-meta":"","header-main-stick-meta":"","header-below-stick-meta":"","astra-migrate-meta-layouts":"default","ast-page-background-enabled":"default","ast-page-background-meta":{"desktop":{"background-color":"var(--ast-global-color-4)","background-image":"","background-repeat":"repeat","background-position":"center center","background-size":"auto","background-attachment":"scroll","background-type":"","background-media":"","overlay-type":"","overlay-color":"","overlay-opacity":"","overlay-gradient":""},"tablet":{"background-color":"","background-image":"","background-repeat":"repeat","background-position":"center center","background-size":"auto","background-attachment":"scroll","background-type":"","background-media":"","overlay-type":"","overlay-color":"","overlay-opacity":"","overlay-gradient":""},"mobile":{"background-color":"","background-image":"","background-repeat":"repeat","background-position":"center center","background-size":"auto","background-attachment":"scroll","background-type":"","background-media":"","overlay-type":"","overlay-color":"","overlay-opacity":"","overlay-gradient":""}},"ast-content-background-meta":{"desktop":{"background-color":"var(--ast-global-color-5)","background-image":"","background-repeat":"repeat","background-position":"center center","background-size":"auto","background-attachment":"scroll","background-type":"","background-media":"","overlay-type":"","overlay-color":"","overlay-opacity":"","overlay-gradient":""},"tablet":{"background-color":"var(--ast-global-color-5)","background-image":"","background-repeat":"repeat","background-position":"center center","background-size":"auto","background-attachment":"scroll","background-type":"","background-media":"","overlay-type":"","overlay-color":"","overlay-opacity":"","overlay-gradient":""},"mobile":{"background-color":"var(--ast-global-color-5)","background-image":"","background-repeat":"repeat","background-position":"center center","background-size":"auto","background-attachment":"scroll","background-type":"","background-media":"","overlay-type":"","overlay-color":"","overlay-opacity":"","overlay-gradient":""}},"footnotes":""},"class_list":["post-509","page","type-page","status-publish","hentry"],"post_mailing_queue_ids":[],"_links":{"self":[{"href":"https:\/\/agora.xtec.cat\/ies-la-senia\/wp-json\/wp\/v2\/pages\/509","targetHints":{"allow":["GET"]}}],"collection":[{"href":"https:\/\/agora.xtec.cat\/ies-la-senia\/wp-json\/wp\/v2\/pages"}],"about":[{"href":"https:\/\/agora.xtec.cat\/ies-la-senia\/wp-json\/wp\/v2\/types\/page"}],"author":[{"embeddable":true,"href":"https:\/\/agora.xtec.cat\/ies-la-senia\/wp-json\/wp\/v2\/users\/1"}],"replies":[{"embeddable":true,"href":"https:\/\/agora.xtec.cat\/ies-la-senia\/wp-json\/wp\/v2\/comments?post=509"}],"version-history":[{"count":3,"href":"https:\/\/agora.xtec.cat\/ies-la-senia\/wp-json\/wp\/v2\/pages\/509\/revisions"}],"predecessor-version":[{"id":516,"href":"https:\/\/agora.xtec.cat\/ies-la-senia\/wp-json\/wp\/v2\/pages\/509\/revisions\/516"}],"up":[{"embeddable":true,"href":"https:\/\/agora.xtec.cat\/ies-la-senia\/wp-json\/wp\/v2\/pages\/63"}],"wp:attachment":[{"href":"https:\/\/agora.xtec.cat\/ies-la-senia\/wp-json\/wp\/v2\/media?parent=509"}],"curies":[{"name":"wp","href":"https:\/\/api.w.org\/{rel}","templated":true}]}}