{"id":49,"date":"2014-09-17T16:55:55","date_gmt":"2014-09-17T16:55:55","guid":{"rendered":"http:\/\/agora.xtec.cat\/ies-la-senia\/?page_id=49"},"modified":"2026-03-12T09:56:40","modified_gmt":"2026-03-12T08:56:40","slug":"documents-de-centre","status":"publish","type":"page","link":"https:\/\/agora.xtec.cat\/ies-la-senia\/linstitut\/documents-de-centre\/","title":{"rendered":"Documents de centre (en revisi\u00f3)"},"content":{"rendered":"<p>En aquesta secci\u00f3 podeu consultar el nostre projecte educatiu, aix\u00ed com documents del nostre institut.<\/p>\n<ul>\n<li style=\"list-style-type: none;\">\n<ul style=\"list-style-type: circle;\">\n<li><a href=\"https:\/\/agora.xtec.cat\/ies-la-senia\/wp-content\/uploads\/usu1294\/2025\/05\/PEC-2425.pdf\">PEC 2425<\/a><\/li>\n<\/ul>\n<\/li>\n<\/ul>\n<ul>\n<li style=\"list-style-type: none;\">\n<ul>\n<li><a href=\"https:\/\/agora.xtec.cat\/ies-la-senia\/wp-content\/uploads\/usu1294\/2025\/07\/25-26-CARTA-DE-COMPROMIS-inclou-mobils-NO-EDITEU.docx.pdf\">25-26&#8211;CARTA DE COMPROM\u00cdS inclou m\u00f2bils.docx<\/a><\/li>\n<li><a href=\"https:\/\/agora.xtec.cat\/ies-la-senia\/wp-content\/uploads\/usu1294\/2026\/03\/Proj-Ling-Centre25-26.docx.pdf\">Projecte Ling\u00fc\u00edstic Centre (PLC) 25-26.docx<\/a><\/li>\n<li>Pla d&#8217;Acci\u00f3 Tutorial (PAT) (en elaboraci\u00f3)<\/li>\n<li><a href=\"https:\/\/drive.google.com\/file\/d\/1FJdI01t2ZylIDiK1jm1GwgYmnYXtbXRI\/view?usp=drive_link\">PROJECTE CONVIV\u00c8NCIA<\/a><\/li>\n<li>Criteris d&#8217;avaluaci\u00f3:\n<ul>\n<li><a href=\"https:\/\/drive.google.com\/file\/d\/107TlYL4clVv6FVEP83_LssEz5SfoNMud\/view?usp=sharing\">Biologia ESO i Batxillerat<\/a><\/li>\n<li><a href=\"https:\/\/drive.google.com\/file\/d\/14DBtsavUgvucLmeU-G3vIqUMbfrPNi-z\/view?usp=sharing\">Lleng\u00fces estrangeres ESO i Batxillerat<\/a><\/li>\n<li><a href=\"https:\/\/drive.google.com\/file\/d\/1Gfn5T6paW2zOys4VeQhG7HepcRKe419f\/view?usp=sharing\">Llengua Catalana i Castellana Batxillerat<\/a><\/li>\n<li><a href=\"https:\/\/drive.google.com\/file\/d\/1QCPQsOR6k-_BzUzCvp5RlHt64oSA_Dko\/view?usp=sharing\">Llengua Catalana i Castellana ESO<\/a><\/li>\n<li><a href=\"https:\/\/drive.google.com\/file\/d\/1hhMZNqDywW_aJ1dbIfrMqXFsMcOm44bS\/view?usp=sharing\">Matem\u00e0tiques Batxillerat<\/a><\/li>\n<li><a href=\"https:\/\/drive.google.com\/file\/d\/1iTWNoiaF9iXPaZ-kNV_pMZ2WzEDL5bUN\/view?usp=sharing\">Matem\u00e0tiques ESO<\/a><\/li>\n<li><a href=\"https:\/\/agora.xtec.cat\/ies-la-senia\/wp-content\/uploads\/usu1294\/2025\/06\/Transversals-Criteris-davaluacio.xlsx\">Transversals&#8211;Criteris d&#8217;avaluaci\u00f3<\/a><\/li>\n<li><a href=\"https:\/\/drive.google.com\/file\/d\/19L4V_o24HR6_ZN5QHSGO8-byWosYQXr5\/view?usp=sharing\">M\u00fasica ESO<\/a><\/li>\n<li><a href=\"https:\/\/drive.google.com\/file\/d\/19hZfk09lfuyVdCyg_huiCczhdA7oG1vl\/view?usp=drive_link\">Visual i Pl\u00e0stica ESO<\/a><\/li>\n<li><a href=\"https:\/\/drive.google.com\/file\/d\/1LZ1fvyflsHsetgOhmfAjw2tc12DwCmYP\/view?usp=drive_link\">Visual i Pl\u00e0stica Batxillerat<\/a><\/li>\n<li><a href=\"https:\/\/drive.google.com\/file\/d\/1sGfQ0v1rGoN70MF1pWEsoDF0OyCb4l6J\/view?usp=sharing\">Ci\u00e8ncies Socials Batxillerat<\/a><\/li>\n<li><a href=\"https:\/\/drive.google.com\/file\/d\/1cw0aL9_sTnY_7rUZlVPfBpj4R17V9sZc\/view?usp=sharing\">Ci\u00e8ncies Socials ESO<\/a><\/li>\n<li><a href=\"https:\/\/drive.google.com\/file\/d\/1wIi5qkJmJwH8A6C7JdcPdq72yT6ZgLYG\/view?usp=sharing\">Tecnologia 1 Batxillerat<\/a><\/li>\n<li><a href=\"https:\/\/drive.google.com\/file\/d\/1o37nIPUTYUnnQUr4zOcYNt88X3Cp4Svr\/view?usp=sharing\">Tecnologia 2 Batxillerat<\/a><\/li>\n<li><a href=\"https:\/\/drive.google.com\/file\/d\/1mFu15LlDbIzv5BaOP5UuIwOBJLaN3Qez\/view?usp=sharing\">Tecnologia ESO<\/a><\/li>\n<li><a href=\"https:\/\/drive.google.com\/file\/d\/16LVT8ozSATWh6dwl64fj8qVv7KaZrvwK\/view?usp=sharing\">Digitalitzaci\u00f3<\/a><\/li>\n<\/ul>\n<\/li>\n<\/ul>\n<\/li>\n<li><a href=\"https:\/\/drive.google.com\/file\/d\/1okmXAwQ5J3v6PhQ8OmtFGri0fWYUd0R3\/view?usp=drive_link\">Normes d&#8217;Organitzaci\u00f3 i Funcionament de Centre-v2<\/a><\/li>\n<\/ul>\n","protected":false},"excerpt":{"rendered":"<p>En aquesta secci\u00f3 podeu consultar el nostre projecte educatiu, aix\u00ed com documents del nostre institut. PEC 2425 25-26&#8211;CARTA DE COMPROM\u00cdS inclou m\u00f2bils.docx Projecte Ling\u00fc\u00edstic Centre (PLC) 25-26.docx Pla d&#8217;Acci\u00f3 Tutorial (PAT) (en elaboraci\u00f3) PROJECTE CONVIV\u00c8NCIA Criteris d&#8217;avaluaci\u00f3: Biologia ESO i Batxillerat Lleng\u00fces estrangeres ESO i Batxillerat Llengua Catalana i Castellana Batxillerat Llengua Catalana i Castellana [&hellip;]<\/p>\n","protected":false},"author":1,"featured_media":0,"parent":19,"menu_order":60,"comment_status":"closed","ping_status":"closed","template":"","meta":{"_bbp_topic_count":0,"_bbp_reply_count":0,"_bbp_total_topic_count":0,"_bbp_total_reply_count":0,"_bbp_voice_count":0,"_bbp_anonymous_reply_count":0,"_bbp_topic_count_hidden":0,"_bbp_reply_count_hidden":0,"_bbp_forum_subforum_count":0,"site-sidebar-layout":"default","site-content-layout":"","ast-site-content-layout":"default","site-content-style":"default","site-sidebar-style":"default","ast-global-header-display":"","ast-banner-title-visibility":"","ast-main-header-display":"","ast-hfb-above-header-display":"","ast-hfb-below-header-display":"","ast-hfb-mobile-header-display":"","site-post-title":"","ast-breadcrumbs-content":"","ast-featured-img":"","footer-sml-layout":"","theme-transparent-header-meta":"default","adv-header-id-meta":"","stick-header-meta":"","header-above-stick-meta":"","header-main-stick-meta":"","header-below-stick-meta":"","astra-migrate-meta-layouts":"set","ast-page-background-enabled":"default","ast-page-background-meta":{"desktop":{"background-color":"var(--ast-global-color-4)","background-image":"","background-repeat":"repeat","background-position":"center center","background-size":"auto","background-attachment":"scroll","background-type":"","background-media":"","overlay-type":"","overlay-color":"","overlay-opacity":"","overlay-gradient":""},"tablet":{"background-color":"","background-image":"","background-repeat":"repeat","background-position":"center center","background-size":"auto","background-attachment":"scroll","background-type":"","background-media":"","overlay-type":"","overlay-color":"","overlay-opacity":"","overlay-gradient":""},"mobile":{"background-color":"","background-image":"","background-repeat":"repeat","background-position":"center center","background-size":"auto","background-attachment":"scroll","background-type":"","background-media":"","overlay-type":"","overlay-color":"","overlay-opacity":"","overlay-gradient":""}},"ast-content-background-meta":{"desktop":{"background-color":"var(--ast-global-color-5)","background-image":"","background-repeat":"repeat","background-position":"center center","background-size":"auto","background-attachment":"scroll","background-type":"","background-media":"","overlay-type":"","overlay-color":"","overlay-opacity":"","overlay-gradient":""},"tablet":{"background-color":"var(--ast-global-color-5)","background-image":"","background-repeat":"repeat","background-position":"center center","background-size":"auto","background-attachment":"scroll","background-type":"","background-media":"","overlay-type":"","overlay-color":"","overlay-opacity":"","overlay-gradient":""},"mobile":{"background-color":"var(--ast-global-color-5)","background-image":"","background-repeat":"repeat","background-position":"center center","background-size":"auto","background-attachment":"scroll","background-type":"","background-media":"","overlay-type":"","overlay-color":"","overlay-opacity":"","overlay-gradient":""}},"footnotes":""},"class_list":["post-49","page","type-page","status-publish","hentry"],"post_mailing_queue_ids":[],"_links":{"self":[{"href":"https:\/\/agora.xtec.cat\/ies-la-senia\/wp-json\/wp\/v2\/pages\/49","targetHints":{"allow":["GET"]}}],"collection":[{"href":"https:\/\/agora.xtec.cat\/ies-la-senia\/wp-json\/wp\/v2\/pages"}],"about":[{"href":"https:\/\/agora.xtec.cat\/ies-la-senia\/wp-json\/wp\/v2\/types\/page"}],"author":[{"embeddable":true,"href":"https:\/\/agora.xtec.cat\/ies-la-senia\/wp-json\/wp\/v2\/users\/1"}],"replies":[{"embeddable":true,"href":"https:\/\/agora.xtec.cat\/ies-la-senia\/wp-json\/wp\/v2\/comments?post=49"}],"version-history":[{"count":6,"href":"https:\/\/agora.xtec.cat\/ies-la-senia\/wp-json\/wp\/v2\/pages\/49\/revisions"}],"predecessor-version":[{"id":4394,"href":"https:\/\/agora.xtec.cat\/ies-la-senia\/wp-json\/wp\/v2\/pages\/49\/revisions\/4394"}],"up":[{"embeddable":true,"href":"https:\/\/agora.xtec.cat\/ies-la-senia\/wp-json\/wp\/v2\/pages\/19"}],"wp:attachment":[{"href":"https:\/\/agora.xtec.cat\/ies-la-senia\/wp-json\/wp\/v2\/media?parent=49"}],"curies":[{"name":"wp","href":"https:\/\/api.w.org\/{rel}","templated":true}]}}