{"id":4745,"date":"2025-10-23T12:37:43","date_gmt":"2025-10-23T10:37:43","guid":{"rendered":"https:\/\/agora.xtec.cat\/ies-la-senia\/?page_id=4745"},"modified":"2025-10-28T09:59:32","modified_gmt":"2025-10-28T08:59:32","slug":"pqimc-qualitat","status":"publish","type":"page","link":"https:\/\/agora.xtec.cat\/ies-la-senia\/projectes\/pqimc-qualitat\/","title":{"rendered":"PQiMC &#8211; Qualitat i millora cont\u00ednua"},"content":{"rendered":"<p><b>L\u2019Institut de la S\u00e9nia, entrem a la Xarxa Q1 en el proc\u00e9s d&#8217;implementaci\u00f3 del Projecte de Qualitat i Millora Cont\u00ednua (PQiMC)\u00a0\u00a0\u00a0\u00a0<\/b><\/p>\n<p><b>El treball ben fet i de qualitat \u00e9s una de les eines estrat\u00e8giques del nostre Institut i aquest curs 2025-2026 entrem al PQiMC per implementar la qualitat conforme a la norma ISO 9001 als estudis de formaci\u00f3 professional.\u00a0<\/b><\/p>\n<p><b>La norma ISO 9001 constitueix una eina que garanteix la transpar\u00e8ncia, l&#8217;excel\u00b7l\u00e8ncia i el comprom\u00eds amb la millora de la qualitat educativa.<\/b><\/p>\n<p><b>Gr\u00e0cies a aquest projecte, podem augmentar l&#8217;efic\u00e0cia i l&#8217;efici\u00e8ncia en les activitats docents, organitzatives i de gesti\u00f3, alhora que assegurem la satisfacci\u00f3 tant de l\u2019alumnat com de tota la comunitat educativa.<\/b><\/p>\n<p><b>A m\u00e9s, la participaci\u00f3 en aquest projecte \u00e9s indispensable per poder participar en alguns dels altres programes d&#8217;Innovaci\u00f3 Educativa de la DGFP, com el Programa Mobilitat FP.<\/b><\/p>\n<p><strong>Per tot el que s&#8217;ha exposat anteriorment, la direcci\u00f3 del centre es compromet a tirar endavant el projecte de qualitat i millora cont\u00ednua en l\u2019\u00e0mbit de la Formaci\u00f3 Professional.<\/strong><\/p>\n","protected":false},"excerpt":{"rendered":"<p>L\u2019Institut de la S\u00e9nia, entrem a la Xarxa Q1 en el proc\u00e9s d&#8217;implementaci\u00f3 del Projecte de Qualitat i Millora Cont\u00ednua (PQiMC)\u00a0\u00a0\u00a0\u00a0 El treball ben fet i de qualitat \u00e9s una de les eines estrat\u00e8giques del nostre Institut i aquest curs 2025-2026 entrem al PQiMC per implementar la qualitat conforme a la norma ISO 9001 als [&hellip;]<\/p>\n","protected":false},"author":1,"featured_media":0,"parent":57,"menu_order":1,"comment_status":"closed","ping_status":"closed","template":"page-templates\/side-menu.php","meta":{"_bbp_topic_count":0,"_bbp_reply_count":0,"_bbp_total_topic_count":0,"_bbp_total_reply_count":0,"_bbp_voice_count":0,"_bbp_anonymous_reply_count":0,"_bbp_topic_count_hidden":0,"_bbp_reply_count_hidden":0,"_bbp_forum_subforum_count":0,"site-sidebar-layout":"default","site-content-layout":"","ast-site-content-layout":"","site-content-style":"default","site-sidebar-style":"default","ast-global-header-display":"","ast-banner-title-visibility":"","ast-main-header-display":"","ast-hfb-above-header-display":"","ast-hfb-below-header-display":"","ast-hfb-mobile-header-display":"","site-post-title":"","ast-breadcrumbs-content":"","ast-featured-img":"","footer-sml-layout":"","theme-transparent-header-meta":"","adv-header-id-meta":"","stick-header-meta":"","header-above-stick-meta":"","header-main-stick-meta":"","header-below-stick-meta":"","astra-migrate-meta-layouts":"default","ast-page-background-enabled":"default","ast-page-background-meta":{"desktop":{"background-color":"var(--ast-global-color-4)","background-image":"","background-repeat":"repeat","background-position":"center center","background-size":"auto","background-attachment":"scroll","background-type":"","background-media":"","overlay-type":"","overlay-color":"","overlay-opacity":"","overlay-gradient":""},"tablet":{"background-color":"","background-image":"","background-repeat":"repeat","background-position":"center center","background-size":"auto","background-attachment":"scroll","background-type":"","background-media":"","overlay-type":"","overlay-color":"","overlay-opacity":"","overlay-gradient":""},"mobile":{"background-color":"","background-image":"","background-repeat":"repeat","background-position":"center center","background-size":"auto","background-attachment":"scroll","background-type":"","background-media":"","overlay-type":"","overlay-color":"","overlay-opacity":"","overlay-gradient":""}},"ast-content-background-meta":{"desktop":{"background-color":"var(--ast-global-color-5)","background-image":"","background-repeat":"repeat","background-position":"center center","background-size":"auto","background-attachment":"scroll","background-type":"","background-media":"","overlay-type":"","overlay-color":"","overlay-opacity":"","overlay-gradient":""},"tablet":{"background-color":"var(--ast-global-color-5)","background-image":"","background-repeat":"repeat","background-position":"center center","background-size":"auto","background-attachment":"scroll","background-type":"","background-media":"","overlay-type":"","overlay-color":"","overlay-opacity":"","overlay-gradient":""},"mobile":{"background-color":"var(--ast-global-color-5)","background-image":"","background-repeat":"repeat","background-position":"center center","background-size":"auto","background-attachment":"scroll","background-type":"","background-media":"","overlay-type":"","overlay-color":"","overlay-opacity":"","overlay-gradient":""}},"footnotes":""},"class_list":["post-4745","page","type-page","status-publish","hentry"],"post_mailing_queue_ids":[],"_links":{"self":[{"href":"https:\/\/agora.xtec.cat\/ies-la-senia\/wp-json\/wp\/v2\/pages\/4745","targetHints":{"allow":["GET"]}}],"collection":[{"href":"https:\/\/agora.xtec.cat\/ies-la-senia\/wp-json\/wp\/v2\/pages"}],"about":[{"href":"https:\/\/agora.xtec.cat\/ies-la-senia\/wp-json\/wp\/v2\/types\/page"}],"author":[{"embeddable":true,"href":"https:\/\/agora.xtec.cat\/ies-la-senia\/wp-json\/wp\/v2\/users\/1"}],"replies":[{"embeddable":true,"href":"https:\/\/agora.xtec.cat\/ies-la-senia\/wp-json\/wp\/v2\/comments?post=4745"}],"version-history":[{"count":5,"href":"https:\/\/agora.xtec.cat\/ies-la-senia\/wp-json\/wp\/v2\/pages\/4745\/revisions"}],"predecessor-version":[{"id":4773,"href":"https:\/\/agora.xtec.cat\/ies-la-senia\/wp-json\/wp\/v2\/pages\/4745\/revisions\/4773"}],"up":[{"embeddable":true,"href":"https:\/\/agora.xtec.cat\/ies-la-senia\/wp-json\/wp\/v2\/pages\/57"}],"wp:attachment":[{"href":"https:\/\/agora.xtec.cat\/ies-la-senia\/wp-json\/wp\/v2\/media?parent=4745"}],"curies":[{"name":"wp","href":"https:\/\/api.w.org\/{rel}","templated":true}]}}