{"id":27,"date":"2014-09-17T16:24:03","date_gmt":"2014-09-17T16:24:03","guid":{"rendered":"http:\/\/agora.xtec.cat\/ies-la-senia\/?page_id=27"},"modified":"2018-01-18T12:24:14","modified_gmt":"2018-01-18T11:24:14","slug":"historia","status":"publish","type":"page","link":"https:\/\/agora.xtec.cat\/ies-la-senia\/linstitut\/historia\/","title":{"rendered":"Hist\u00f2ria"},"content":{"rendered":"<p class=\"textverdana_negre11\" align=\"left\">El centre, inicia la seva activitat al curs 75\/76 depenent de l&#8217;Ajuntament de La S\u00e9nia, a partir del tercer trimestre del curs 88\/89 s&#8217;ubicat al carrer Domenges, s\/n.<\/p>\n<p class=\"textverdana_negre11\" align=\"left\">L&#8217;Institut La S\u00e9nia\u00a0 sempre ha donat resposta a les necessitats de formaci\u00f3 de la nostra localitat, per\u00f2 tamb\u00e9 als alumnes que venen de Rossell, La Pobla de Benifass\u00e0, i altres poblacions i barris, ha anat canviant i evolucionant al mateix temps que ho fa la societat.<\/p>\n<p class=\"textverdana_negre11\" align=\"left\">El centre imparteix els estudis de:<\/p>\n<ul>\n<li class=\"textverdana_negre11\"><strong>ESO<\/strong><\/li>\n<li class=\"textverdana_negre11\"><strong>Batxillerat<\/strong><\/li>\n<li>\n<p class=\"textverdana_negre_negrita\"><strong>Cicles Formatius<\/strong>:<\/p>\n<ul>\n<li class=\"textverdana_negre11\"><strong><span style=\"color: #800000;\"><span class=\"textverdana_negre_negrita\">Grau mitj\u00e0 de Gesti\u00f3 administrativa<\/span><\/span><\/strong><\/li>\n<li class=\"textverdana_negre11\"><strong><span style=\"color: #800000;\">G<span class=\"textverdana_negre_negrita\">rau superior de Comer\u00e7 internacional<\/span><\/span><\/strong><\/li>\n<\/ul>\n<\/li>\n<\/ul>\n<p style=\"text-align: center;\"><a href=\"https:\/\/www.preceden.com\/timelines\/344038-ins\"><span style=\"color: #008000;\"><strong>L\u00ednia de temps de l&#8217;Institut La S\u00e9nia<\/strong><\/span><\/a><\/p>\n<p><b><span style=\"color: #cc0000;\">1975-76:<\/span><\/b>\u00a0 Inici d&#8217;activitats com a centre de FP depenent de l&#8217;Ajuntament de la S\u00e9nia.\u00a0 El centre ocupava l&#8217;espai remodelat i adaptat d&#8217;una antiga f\u00e0brica dins el nucli urb\u00e0.<\/p>\n<p><b><span style=\"color: #cc0000;\">1985-86: <\/span><\/b>Canvi de titularitat.\u00a0 Passa al Departament d&#8217;Ensenyament. Experimentaci\u00f3 d&#8217;ensenyament secundari fins als 16 anys: S&#8217;introdueix FP + BUP fins a 2n. curs.\u00a0 Mai no es va impartir COU. Posteriorment, centre experimental de m\u00f2duls professionals.<\/p>\n<p><b><span style=\"color: #cc0000;\">1995-96: <\/span><\/b>Introducci\u00f3 experimental de 3r. ESO.<\/p>\n<p><b><span style=\"color: #cc0000;\">1996-97: <\/span><\/b>1r., 3r. i 4t. ESO.\u00a0 La necessitat d&#8217;espai obliga l&#8217;IES a ocupar, a m\u00e9s, l&#8217;edifici antic de les escoles, que ja disposaven d&#8217;un centre totalment nou adaptat a les necessitats de la LOGSE.\u00a0 Els dos edificis de l&#8217;Institut es troben a una dist\u00e0ncia d&#8217;uns 200 metres l&#8217;un de l&#8217;altre.<\/p>\n<p><b><span style=\"color: #cc0000;\">1997-98: <\/span><\/b>Es completa l&#8217;ensenyament secundari obligatori.<\/p>\n<p><b><span style=\"color: #cc0000;\">1998-99: <\/span><\/b>Durant el segon trimestre finalitzen les obres del nou centre de secund\u00e0ria que \u00e9s ocupat a partir del tercer trimestre del curs. El cicle de Fusta continua al centre vell per la complexitat que suposa traslladar el taller.<\/p>\n<p><b><span style=\"color: #cc0000;\">1999-00: <\/span><\/b>El curs s&#8217;inicia amb la totalitat d&#8217;alumnes i professorat al centre de nova construcci\u00f3.<\/p>\n<p><b><span style=\"color: #cc0000;\">2003-04: <\/span><\/b>Comen\u00e7a a impartir-se el Cicle Formatiu de Grau Superior de Producci\u00f3 de Fusta i Moble<b><\/b><\/p>\n<p><b><span style=\"color: #cc0000;\">2005-06: <\/span><\/b>Comen\u00e7a a impartir-se el Cicle Formatiu de Grau Superior de Comer\u00e7 Internacional<br \/>\n<iframe loading=\"lazy\" src=\"https:\/\/www.preceden.com\/timelines\/344038\/embed\" width=\"800\" height=\"656\" frameborder=\"0\"><br \/>\n<a href=\"https:\/\/www.preceden.com\" target=\"_top\">Preceden Timeline Maker<\/a><br \/>\n<\/iframe><\/p>\n","protected":false},"excerpt":{"rendered":"<p>El centre, inicia la seva activitat al curs 75\/76 depenent de l&#8217;Ajuntament de La S\u00e9nia, a partir del tercer trimestre del curs 88\/89 s&#8217;ubicat al carrer Domenges, s\/n. L&#8217;Institut La S\u00e9nia\u00a0 sempre ha donat resposta a les necessitats de formaci\u00f3 de la nostra localitat, per\u00f2 tamb\u00e9 als alumnes que venen de Rossell, La Pobla de [&hellip;]<\/p>\n","protected":false},"author":1,"featured_media":0,"parent":19,"menu_order":20,"comment_status":"closed","ping_status":"closed","template":"page-templates\/side-menu.php","meta":{"_bbp_topic_count":0,"_bbp_reply_count":0,"_bbp_total_topic_count":0,"_bbp_total_reply_count":0,"_bbp_voice_count":0,"_bbp_anonymous_reply_count":0,"_bbp_topic_count_hidden":0,"_bbp_reply_count_hidden":0,"_bbp_forum_subforum_count":0,"site-sidebar-layout":"default","site-content-layout":"","ast-site-content-layout":"","site-content-style":"default","site-sidebar-style":"default","ast-global-header-display":"","ast-banner-title-visibility":"","ast-main-header-display":"","ast-hfb-above-header-display":"","ast-hfb-below-header-display":"","ast-hfb-mobile-header-display":"","site-post-title":"","ast-breadcrumbs-content":"","ast-featured-img":"","footer-sml-layout":"","theme-transparent-header-meta":"","adv-header-id-meta":"","stick-header-meta":"","header-above-stick-meta":"","header-main-stick-meta":"","header-below-stick-meta":"","astra-migrate-meta-layouts":"default","ast-page-background-enabled":"default","ast-page-background-meta":{"desktop":{"background-color":"var(--ast-global-color-4)","background-image":"","background-repeat":"repeat","background-position":"center center","background-size":"auto","background-attachment":"scroll","background-type":"","background-media":"","overlay-type":"","overlay-color":"","overlay-opacity":"","overlay-gradient":""},"tablet":{"background-color":"","background-image":"","background-repeat":"repeat","background-position":"center center","background-size":"auto","background-attachment":"scroll","background-type":"","background-media":"","overlay-type":"","overlay-color":"","overlay-opacity":"","overlay-gradient":""},"mobile":{"background-color":"","background-image":"","background-repeat":"repeat","background-position":"center center","background-size":"auto","background-attachment":"scroll","background-type":"","background-media":"","overlay-type":"","overlay-color":"","overlay-opacity":"","overlay-gradient":""}},"ast-content-background-meta":{"desktop":{"background-color":"var(--ast-global-color-5)","background-image":"","background-repeat":"repeat","background-position":"center center","background-size":"auto","background-attachment":"scroll","background-type":"","background-media":"","overlay-type":"","overlay-color":"","overlay-opacity":"","overlay-gradient":""},"tablet":{"background-color":"var(--ast-global-color-5)","background-image":"","background-repeat":"repeat","background-position":"center center","background-size":"auto","background-attachment":"scroll","background-type":"","background-media":"","overlay-type":"","overlay-color":"","overlay-opacity":"","overlay-gradient":""},"mobile":{"background-color":"var(--ast-global-color-5)","background-image":"","background-repeat":"repeat","background-position":"center center","background-size":"auto","background-attachment":"scroll","background-type":"","background-media":"","overlay-type":"","overlay-color":"","overlay-opacity":"","overlay-gradient":""}},"footnotes":""},"class_list":["post-27","page","type-page","status-publish","hentry"],"post_mailing_queue_ids":[],"_links":{"self":[{"href":"https:\/\/agora.xtec.cat\/ies-la-senia\/wp-json\/wp\/v2\/pages\/27","targetHints":{"allow":["GET"]}}],"collection":[{"href":"https:\/\/agora.xtec.cat\/ies-la-senia\/wp-json\/wp\/v2\/pages"}],"about":[{"href":"https:\/\/agora.xtec.cat\/ies-la-senia\/wp-json\/wp\/v2\/types\/page"}],"author":[{"embeddable":true,"href":"https:\/\/agora.xtec.cat\/ies-la-senia\/wp-json\/wp\/v2\/users\/1"}],"replies":[{"embeddable":true,"href":"https:\/\/agora.xtec.cat\/ies-la-senia\/wp-json\/wp\/v2\/comments?post=27"}],"version-history":[{"count":4,"href":"https:\/\/agora.xtec.cat\/ies-la-senia\/wp-json\/wp\/v2\/pages\/27\/revisions"}],"predecessor-version":[{"id":967,"href":"https:\/\/agora.xtec.cat\/ies-la-senia\/wp-json\/wp\/v2\/pages\/27\/revisions\/967"}],"up":[{"embeddable":true,"href":"https:\/\/agora.xtec.cat\/ies-la-senia\/wp-json\/wp\/v2\/pages\/19"}],"wp:attachment":[{"href":"https:\/\/agora.xtec.cat\/ies-la-senia\/wp-json\/wp\/v2\/media?parent=27"}],"curies":[{"name":"wp","href":"https:\/\/api.w.org\/{rel}","templated":true}]}}