{"id":21,"date":"2014-09-17T16:14:14","date_gmt":"2014-09-17T16:14:14","guid":{"rendered":"http:\/\/agora.xtec.cat\/ies-la-senia\/?page_id=21"},"modified":"2026-04-08T11:28:11","modified_gmt":"2026-04-08T09:28:11","slug":"on-som","status":"publish","type":"page","link":"https:\/\/agora.xtec.cat\/ies-la-senia\/linstitut\/on-som\/","title":{"rendered":"On som"},"content":{"rendered":"<p style=\"color: #666666;\"><strong>Institut La S\u00e9nia<\/strong><br \/>\nC\/ Domenges, s\/n<br \/>\n43560 La S\u00e9nia<\/p>\n<p><iframe loading=\"lazy\" src=\"https:\/\/www.google.com\/maps\/d\/embed?mid=zAmjompmo9kE.kkCliLJd0HAM\" width=\"640\" height=\"480\"><\/iframe><b><span style=\"color: #cc0000;\"><span style=\"font-size: xx-small;\">1. Situaci\u00f3<\/span><\/span><\/b><\/p>\n<h2 style=\"padding-left: 60px;\"><span style=\"color: #800000;\"><strong>Situaci\u00f3<\/strong><\/span><\/h2>\n<p>La S\u00e9nia \u00e9s un municipi de la comarca del Montsi\u00e0 i un dels m\u00e9s meridionals de Catalunya.\u00a0 Els 108 km2\u00a0 del terme limiten pel costat del Matarranya amb Beseit, pel Baix Maestrat amb Fredes, la Pobla de Benifass\u00e0, el Ballestar i Rossell; amb Ulldecona i el Mas de Barberans pel costat del Montsi\u00e0, i amb Roquetes i Alfara de Carles pel Baix Ebre.\u00a0 El riu de la S\u00e9nia marca la divisi\u00f3 administrativa entre el Principat i el Pa\u00eds Valenci\u00e0, per\u00f2 els mercats d&#8217;influ\u00e8ncia es reparteixen a banda i banda (Tortosa i Vinar\u00f2s).<br \/>\nCinc carreteres radials arriben a la localitat des de Rossell, la Tinen\u00e7a de Benifass\u00e0 (via molt estreta que els seniencs fan servir pr\u00e0cticament nom\u00e9s amb objectius tur\u00edstics), Sant Rafel i Ulldecona, la Galera (les dues darreres han estat condicionades molt recentment) i Mas de Barberans.\u00a0 Hi contrasta fortament la xarxa de pistes forestals que s&#8217;est\u00e9n per la zona muntanyosa del terme tot constituint una zona important pel que fa a les activitats excursionistes que aprofiten l&#8217;avinentesa de llocs propers com la font de Sant Pere, el pant\u00e0 d&#8217;Ulldecona o el mateix mass\u00eds dels Ports, de gran valor natural.<\/p>\n<h2 style=\"padding-left: 60px;\"><span style=\"color: #800000;\"><strong>Dades hist\u00f2riques<\/strong><\/span><\/h2>\n<p>\u00c9s incert l&#8217;origen del poblament.\u00a0 El mot s\u00ednia d\u00f3na lloc al top\u00f2nim actual a partir de l&#8217;arrel \u00e0rab.\u00a0 No se sap si el lloc estava ja organitzat en \u00e8poca sarra\u00efna o amb anterioritat, tot i que el tra\u00e7at\u00a0 d&#8217;alguns carrers recorda l&#8217;estil \u00e0rab.\u00a0 L&#8217;any 1232, Hug de Folcalquer, mestre d&#8217;Amposta, li concedeix la propietat al tortos\u00ed Guillem de Moragues, el qual don\u00e0 carta de poblament a 21 ve\u00efns el 1236.\u00a0 Aix\u00ed mateix, el lloc de Refalgar\u00ed fou donat a repoblar per Guillem de Montcada el 1242 sense \u00e8xit (ja es considera despoblat al s. XVI).\u00a0 Tampoc no va reeixir l&#8217;intent el 1238 de poblament del lloc anomenat la Vallcanera.<br \/>\nEl 1416 marca la fi de la depend\u00e8ncia senienca en relaci\u00f3 a la Comanda d&#8217;Ulldecona quan aquesta capitul\u00e0 davant les tropes de Joan II que en confirm\u00e0 la separaci\u00f3.<br \/>\nDes del s. XIV es tenen dades sobre antics plets per les aig\u00fces del riu de la S\u00e9nia: es conserva, per exemple, un document del canareu Miquel Figueres (advocat) que es queixa, el 1897, de l&#8217;\u00fas que en fan els molins fariners amb la conseg\u00fcent retenci\u00f3 de cabal.\u00a0 El 1963, el Tribunal Suprem d\u00f3na prioritat a la S\u00e9nia en l&#8217;\u00fas d&#8217;aquesta aigua.<br \/>\nA les guerres carlines la S\u00e9nia viu episodis for\u00e7a crus amb l&#8217;actuaci\u00f3 de Ramon Cabrera que ocup\u00e0 el poble (1833 &#8211; 1840) i el fortific\u00e0.\u00a0 La fi de la primera Guerra Carlina ve marcada per la derrota de Cabrera a mans d&#8217;O&#8217;Donnell.\u00a0 D&#8217;aquest any (1840) es recorda especialment l&#8217;anomenada &#8220;acci\u00f3 de la S\u00e9nia&#8221;.<br \/>\nRemarquem, igualment, el naixement del Centre Obrer (1921) amb una considerable tasca cultural fins el tancament despr\u00e9s de la Guerra Civil.<br \/>\nEn sorg\u00ed la candidatura republicana de 1933 que obtingu\u00e9 la majoria absoluta a les eleccions municipals.\u00a0\u00a0 Durant la Guerra Civil cal fer esment d&#8217;una col\u00b7lectivitat de la CNT, nascuda el setembre &#8211; octubre del 36, que comptava amb terres comunit\u00e0ries, una cooperativa, menjadors comunitaris, barberia i un parell de f\u00e0briques.\u00a0 Uns 400 col\u00b7lectivistes hi treballaren fins al maig del 37.<br \/>\nDe la hist\u00f2ria recent hem de recordar, a m\u00e9s, que aquestes terres es van veure afectades pel reequilibri territorial que la Generalitat republicana assaj\u00e0 en dividir-les en el Montsi\u00e0 i el Baix Ebre. Tortosa seguiria sent, encara, el centre hospitalari m\u00e9s proper per a una i altra comarca, el lloc on anar a pagar els impostos o a renovar el D.N.I.\u00a0 Amposta representa, en aquest sentit, una influ\u00e8ncia secund\u00e0ria.\u00a0\u00a0 La situaci\u00f3 geogr\u00e0fica del poble, a cavall entre Catalunya, Val\u00e8ncia i Arag\u00f3 ha propiciat des de sempre intenses relacions (especialment amb el Pa\u00eds Valenci\u00e0). Treballadors i estudiants d&#8217;arreu de les comarques creuen di\u00e0riament unes divisions administratives que no coneixen raons naturals: els pagesos d&#8217;Alcanar tenen moltes finques al terme de Vinar\u00f2s, la gent de Sant Rafel i Rossell ve a treballar a la S\u00e9nia i tots plegats gaudeixen del paisatge dels Ports en el temps de lleure&#8230;<\/p>\n<p><strong>Com arribar-hi:<br \/>\n<\/strong><\/p>\n<ul>\n<li>Per tren: Estaci\u00f3 L&#8217;Aldea-Amposta<\/li>\n<li>Per Autopista: Sortida Ulldecona o Amposta<\/li>\n<\/ul>\n<p><strong>Escoles adscrites a l&#8217;institut:<br \/>\n<\/strong>Escola <strong>Jaume I de La S\u00e9nia i CEIP Lope de Vega de Rossell<\/strong><\/p>\n<p><strong style=\"font-size: medium; font-family: inherit; line-height: 1.6;\">Centre<\/strong><\/p>\n<ul>\n<li><span style=\"font-size: medium;\">Bustia General: <a href=\"mailto:bustia@ins-larany.cat\">ies-la-senia@xtec.cat<\/a><\/span><\/li>\n<li><span style=\"font-size: medium;\">Director: <\/span><span style=\"font-size: medium;\"><a href=\"mailto:bustia@ins-larany.cat\">ies-la-senia@xtec.cat<\/a><\/span><\/li>\n<li>Cap d&#8217;Estudis ESO i Batxillerat: <a href=\"mailto:direccio@ins-larany.cat\">cap.estudis.esobatx@inslasenia<\/a>.cat<\/li>\n<li>Cap d&#8217;Estudis Cicles:\u00a0<span style=\"font-size: medium;\"><a href=\"mailto:bustia@ins-larany.cat\">ies-la-senia@xtec.cat<\/a><\/span><\/li>\n<li>Coordinador Pedag\u00f2gic: <span style=\"color: #008080;\"><span style=\"font-size: medium;\"><a href=\"mailto:bustia@ins-larany.cat\">ies-la-senia@xtec.cat<\/a><\/span><\/span><\/li>\n<li>Secretari:\u00a0<span style=\"font-size: medium;\"><a href=\"mailto:bustia@ins-larany.cat\">ies-la-senia<span class=\"atwho-query\">@xtec.cat<\/span><\/a><\/span><\/li>\n<\/ul>\n","protected":false},"excerpt":{"rendered":"<p>Institut La S\u00e9nia C\/ Domenges, s\/n 43560 La S\u00e9nia 1. Situaci\u00f3 Situaci\u00f3 La S\u00e9nia \u00e9s un municipi de la comarca del Montsi\u00e0 i un dels m\u00e9s meridionals de Catalunya.\u00a0 Els 108 km2\u00a0 del terme limiten pel costat del Matarranya amb Beseit, pel Baix Maestrat amb Fredes, la Pobla de Benifass\u00e0, el Ballestar i Rossell; amb [&hellip;]<\/p>\n","protected":false},"author":1,"featured_media":0,"parent":19,"menu_order":10,"comment_status":"closed","ping_status":"closed","template":"","meta":{"_bbp_topic_count":0,"_bbp_reply_count":0,"_bbp_total_topic_count":0,"_bbp_total_reply_count":0,"_bbp_voice_count":0,"_bbp_anonymous_reply_count":0,"_bbp_topic_count_hidden":0,"_bbp_reply_count_hidden":0,"_bbp_forum_subforum_count":0,"site-sidebar-layout":"default","site-content-layout":"","ast-site-content-layout":"default","site-content-style":"default","site-sidebar-style":"default","ast-global-header-display":"","ast-banner-title-visibility":"","ast-main-header-display":"","ast-hfb-above-header-display":"","ast-hfb-below-header-display":"","ast-hfb-mobile-header-display":"","site-post-title":"","ast-breadcrumbs-content":"","ast-featured-img":"","footer-sml-layout":"","theme-transparent-header-meta":"default","adv-header-id-meta":"","stick-header-meta":"","header-above-stick-meta":"","header-main-stick-meta":"","header-below-stick-meta":"","astra-migrate-meta-layouts":"set","ast-page-background-enabled":"default","ast-page-background-meta":{"desktop":{"background-color":"var(--ast-global-color-4)","background-image":"","background-repeat":"repeat","background-position":"center center","background-size":"auto","background-attachment":"scroll","background-type":"","background-media":"","overlay-type":"","overlay-color":"","overlay-opacity":"","overlay-gradient":""},"tablet":{"background-color":"","background-image":"","background-repeat":"repeat","background-position":"center center","background-size":"auto","background-attachment":"scroll","background-type":"","background-media":"","overlay-type":"","overlay-color":"","overlay-opacity":"","overlay-gradient":""},"mobile":{"background-color":"","background-image":"","background-repeat":"repeat","background-position":"center center","background-size":"auto","background-attachment":"scroll","background-type":"","background-media":"","overlay-type":"","overlay-color":"","overlay-opacity":"","overlay-gradient":""}},"ast-content-background-meta":{"desktop":{"background-color":"var(--ast-global-color-5)","background-image":"","background-repeat":"repeat","background-position":"center center","background-size":"auto","background-attachment":"scroll","background-type":"","background-media":"","overlay-type":"","overlay-color":"","overlay-opacity":"","overlay-gradient":""},"tablet":{"background-color":"var(--ast-global-color-5)","background-image":"","background-repeat":"repeat","background-position":"center center","background-size":"auto","background-attachment":"scroll","background-type":"","background-media":"","overlay-type":"","overlay-color":"","overlay-opacity":"","overlay-gradient":""},"mobile":{"background-color":"var(--ast-global-color-5)","background-image":"","background-repeat":"repeat","background-position":"center center","background-size":"auto","background-attachment":"scroll","background-type":"","background-media":"","overlay-type":"","overlay-color":"","overlay-opacity":"","overlay-gradient":""}},"footnotes":""},"class_list":["post-21","page","type-page","status-publish","hentry"],"post_mailing_queue_ids":[],"_links":{"self":[{"href":"https:\/\/agora.xtec.cat\/ies-la-senia\/wp-json\/wp\/v2\/pages\/21","targetHints":{"allow":["GET"]}}],"collection":[{"href":"https:\/\/agora.xtec.cat\/ies-la-senia\/wp-json\/wp\/v2\/pages"}],"about":[{"href":"https:\/\/agora.xtec.cat\/ies-la-senia\/wp-json\/wp\/v2\/types\/page"}],"author":[{"embeddable":true,"href":"https:\/\/agora.xtec.cat\/ies-la-senia\/wp-json\/wp\/v2\/users\/1"}],"replies":[{"embeddable":true,"href":"https:\/\/agora.xtec.cat\/ies-la-senia\/wp-json\/wp\/v2\/comments?post=21"}],"version-history":[{"count":5,"href":"https:\/\/agora.xtec.cat\/ies-la-senia\/wp-json\/wp\/v2\/pages\/21\/revisions"}],"predecessor-version":[{"id":4945,"href":"https:\/\/agora.xtec.cat\/ies-la-senia\/wp-json\/wp\/v2\/pages\/21\/revisions\/4945"}],"up":[{"embeddable":true,"href":"https:\/\/agora.xtec.cat\/ies-la-senia\/wp-json\/wp\/v2\/pages\/19"}],"wp:attachment":[{"href":"https:\/\/agora.xtec.cat\/ies-la-senia\/wp-json\/wp\/v2\/media?parent=21"}],"curies":[{"name":"wp","href":"https:\/\/api.w.org\/{rel}","templated":true}]}}