{"id":1367,"date":"2018-11-14T14:29:32","date_gmt":"2018-11-14T13:29:32","guid":{"rendered":"http:\/\/agora.xtec.cat\/ies-la-senia\/?page_id=1367"},"modified":"2018-11-27T14:16:31","modified_gmt":"2018-11-27T13:16:31","slug":"projecte-esteamcat","status":"publish","type":"page","link":"https:\/\/agora.xtec.cat\/ies-la-senia\/projecte-esteamcat\/","title":{"rendered":"Projecte STEAMcat"},"content":{"rendered":"<p style=\"text-align: center;\">\r\n\t<div class=\"slideshow_container slideshow_container_style-light\" style=\" \" data-slideshow-id=\"1375\" data-style-name=\"style-light\" data-style-version=\"2.3.1\" >\r\n\r\n\t\t\t\t\t<div class=\"slideshow_loading_icon\"><\/div>\r\n\t\t\r\n\t\t<div class=\"slideshow_content\" style=\"display: none;\">\r\n\r\n\t\t\t<div class=\"slideshow_view\">\r\n\t\t\t\t<div class=\"slideshow_slide slideshow_slide_image\">\r\n\t\t\t\t\t\t\t\t\t\t\t<img src=\"https:\/\/agora.xtec.cat\/ies-la-senia\/wp-content\/uploads\/usu1294\/2018\/11\/steam-e1542269494276.jpg\" alt=\"STEAM\" width=\"600\" height=\"158\" \/>\r\n\t\t\t\t\t\t\t\t\t\t<div class=\"slideshow_description_box slideshow_transparent\">\r\n\t\t\t\t\t\t<div class=\"slideshow_title\">STEAM<\/div>\t\t\t\t\t\t\t\t\t\t\t<\/div>\r\n\t\t\t\t<\/div>\r\n\r\n\t\t\t\t\t\t<div style=\"clear: both;\"><\/div><\/div><div class=\"slideshow_view\">\r\n\t<div class=\"slideshow_slide slideshow_slide_video\">\r\n\t\t<div class=\"slideshow_slide_video_id\" style=\"display: none;\" data-show-related-videos=\"0\">Fjw9NXIpr7s<\/div>\r\n\t<\/div>\r\n<div style=\"clear: both;\"><\/div><\/div><div class=\"slideshow_view\">\r\n\t<div class=\"slideshow_slide slideshow_slide_video\">\r\n\t\t<div class=\"slideshow_slide_video_id\" style=\"display: none;\" data-show-related-videos=\"0\">oa1TpoAin9c<\/div>\r\n\t<\/div>\r\n<div style=\"clear: both;\"><\/div><\/div><div class=\"slideshow_view\">\r\n\t\t\t\t<div class=\"slideshow_slide slideshow_slide_image\">\r\n\t\t\t\t\t\t\t\t\t\t\t<img src=\"https:\/\/agora.xtec.cat\/ies-la-senia\/wp-content\/uploads\/usu1294\/2018\/11\/donesciencia2.png\" alt=\"Dones i ci\u00e8ncia\" width=\"660\" height=\"340\" \/>\r\n\t\t\t\t\t\t\t\t\t\t<div class=\"slideshow_description_box slideshow_transparent\">\r\n\t\t\t\t\t\t<div class=\"slideshow_title\">Dones i ci\u00e8ncia<\/div>\t\t\t\t\t\t\t\t\t\t\t<\/div>\r\n\t\t\t\t<\/div>\r\n\r\n\t\t\t\t\t\t<div style=\"clear: both;\"><\/div><\/div><div class=\"slideshow_view\">\r\n\t\t\t\t<div class=\"slideshow_slide slideshow_slide_image\">\r\n\t\t\t\t\t\t\t\t\t\t\t<img src=\"https:\/\/agora.xtec.cat\/ies-la-senia\/wp-content\/uploads\/usu1294\/2018\/11\/donesciencia.png\" alt=\"Dones i ci\u00e8ncia\" width=\"555\" height=\"290\" \/>\r\n\t\t\t\t\t\t\t\t\t\t<div class=\"slideshow_description_box slideshow_transparent\">\r\n\t\t\t\t\t\t<div class=\"slideshow_title\">Dones i ci\u00e8ncia<\/div>\t\t\t\t\t\t\t\t\t\t\t<\/div>\r\n\t\t\t\t<\/div>\r\n\r\n\t\t\t\t\t\t<div style=\"clear: both;\"><\/div><\/div>\r\n\t\t<\/div>\r\n\r\n\t\t<div class=\"slideshow_controlPanel slideshow_transparent\" style=\"display: none;\"><ul><li class=\"slideshow_togglePlay\" data-play-text=\"Visualitza\" data-pause-text=\"Pausa\"><\/li><\/ul><\/div>\r\n\r\n\t\t<div class=\"slideshow_button slideshow_previous slideshow_transparent\" role=\"button\" data-previous-text=\"Anterior\" style=\"display: none;\"><\/div>\r\n\t\t<div class=\"slideshow_button slideshow_next slideshow_transparent\" role=\"button\" data-next-text=\"Seg\u00fcent\" style=\"display: none;\"><\/div>\r\n\r\n\t\t<div class=\"slideshow_pagination\" style=\"display: none;\" data-go-to-text=\"V\u00e9s a la diapositiva\"><div class=\"slideshow_pagination_center\"><\/div><\/div>\r\n\r\n\t\t<!-- WordPress Slideshow Version 2.3.1 -->\r\n\r\n\t\t\t<\/div>\r\n\r\n<\/p>\n<p>L\u2019<strong>STEAM<\/strong>\u00a0(<em>Science, Technology, Engineering, Arts and Mathematics<\/em>) \u00e9s un nou\u00a0model d\u2019innovaci\u00f3 pedag\u00f2gica i metodol\u00f2gica que vol donar als nois i noies l\u2019oportunitat d\u2019<strong>identificar problemes reals<\/strong>, per\u00a0<strong>trobar solucions realistes<\/strong>\u00a0i\u00a0<strong>acompanyar i conduir el seu propi proc\u00e9s d\u2019aprenentatge<\/strong>. Aquest nou model utilitza par\u00e0metres com la creativitat, el foment de la curiositat, l\u2019an\u00e0lisi personalitzada, l\u2019intercanvi d\u2019idees, el treball en equip i el m\u00e8tode assaig-error, i es basa amb connexions amb el m\u00f3n real, projectes rigorosos com a eix central del curr\u00edculum, el treball coooperatiu, el protagonisme de l\u2019alumnat i la verificaci\u00f3 dels resultats i visi\u00f3 cr\u00edtica.<\/p>\n<p><b><a href=\"https:\/\/onedrive.live.com\/view.aspx?resid=5869D22C0F8767AA%21727609&amp;app=OneNote&amp;authkey=%21ABvc3mFuYibUh6M\" target=\"_blank\" rel=\"noreferrer noopener\">Unitats did\u00e0ctiques i activitats STEM\u00a0<\/a><\/b><br \/>\nRealitza eines i objectes objectes cient\u00edfics de manera assequible per visualitzar les dades a trav\u00e9s de la ci\u00e8ncia, la tecnologia, la enginyeria, i les matem\u00e0tiques (STEM). Unitats did\u00e0ctiques fetes per i per a professors.<br \/>\n<a href=\"https:\/\/www.microsoft.com\/es-xl\/education\/education-workshop\/activity-library.aspx\" target=\"_blank\" rel=\"noreferrer noopener\"><b>Biblioteca Hacking STEM:<\/b><\/a>\u00a0<a href=\"https:\/\/www.microsoft.com\/es-xl\/education\/education-workshop\/activity-library.aspx\" target=\"_blank\" rel=\"noreferrer noopener\"><img loading=\"lazy\" decoding=\"async\" class=\"img-responsive atto_image_button_middle\" src=\"https:\/\/msp2l1160225102310.blob.core.windows.net\/ms-p2-l1-160225-1023-13-assets\/HSTEM_HotWheels_ES_LibraryCover_430x562-01.png\" alt=\"\" width=\"153\" height=\"200\" \/><\/a><\/p>\n","protected":false},"excerpt":{"rendered":"<p>L\u2019STEAM\u00a0(Science, Technology, Engineering, Arts and Mathematics) \u00e9s un nou\u00a0model d\u2019innovaci\u00f3 pedag\u00f2gica i metodol\u00f2gica que vol donar als nois i noies l\u2019oportunitat d\u2019identificar problemes reals, per\u00a0trobar solucions realistes\u00a0i\u00a0acompanyar i conduir el seu propi proc\u00e9s d\u2019aprenentatge. Aquest nou model utilitza par\u00e0metres com la creativitat, el foment de la curiositat, l\u2019an\u00e0lisi personalitzada, l\u2019intercanvi d\u2019idees, el treball en equip [&hellip;]<\/p>\n","protected":false},"author":1,"featured_media":0,"parent":0,"menu_order":0,"comment_status":"closed","ping_status":"closed","template":"","meta":{"_bbp_topic_count":0,"_bbp_reply_count":0,"_bbp_total_topic_count":0,"_bbp_total_reply_count":0,"_bbp_voice_count":0,"_bbp_anonymous_reply_count":0,"_bbp_topic_count_hidden":0,"_bbp_reply_count_hidden":0,"_bbp_forum_subforum_count":0,"site-sidebar-layout":"default","site-content-layout":"","ast-site-content-layout":"","site-content-style":"default","site-sidebar-style":"default","ast-global-header-display":"","ast-banner-title-visibility":"","ast-main-header-display":"","ast-hfb-above-header-display":"","ast-hfb-below-header-display":"","ast-hfb-mobile-header-display":"","site-post-title":"","ast-breadcrumbs-content":"","ast-featured-img":"","footer-sml-layout":"","theme-transparent-header-meta":"","adv-header-id-meta":"","stick-header-meta":"","header-above-stick-meta":"","header-main-stick-meta":"","header-below-stick-meta":"","astra-migrate-meta-layouts":"default","ast-page-background-enabled":"default","ast-page-background-meta":{"desktop":{"background-color":"var(--ast-global-color-4)","background-image":"","background-repeat":"repeat","background-position":"center center","background-size":"auto","background-attachment":"scroll","background-type":"","background-media":"","overlay-type":"","overlay-color":"","overlay-opacity":"","overlay-gradient":""},"tablet":{"background-color":"","background-image":"","background-repeat":"repeat","background-position":"center center","background-size":"auto","background-attachment":"scroll","background-type":"","background-media":"","overlay-type":"","overlay-color":"","overlay-opacity":"","overlay-gradient":""},"mobile":{"background-color":"","background-image":"","background-repeat":"repeat","background-position":"center center","background-size":"auto","background-attachment":"scroll","background-type":"","background-media":"","overlay-type":"","overlay-color":"","overlay-opacity":"","overlay-gradient":""}},"ast-content-background-meta":{"desktop":{"background-color":"var(--ast-global-color-5)","background-image":"","background-repeat":"repeat","background-position":"center center","background-size":"auto","background-attachment":"scroll","background-type":"","background-media":"","overlay-type":"","overlay-color":"","overlay-opacity":"","overlay-gradient":""},"tablet":{"background-color":"var(--ast-global-color-5)","background-image":"","background-repeat":"repeat","background-position":"center center","background-size":"auto","background-attachment":"scroll","background-type":"","background-media":"","overlay-type":"","overlay-color":"","overlay-opacity":"","overlay-gradient":""},"mobile":{"background-color":"var(--ast-global-color-5)","background-image":"","background-repeat":"repeat","background-position":"center center","background-size":"auto","background-attachment":"scroll","background-type":"","background-media":"","overlay-type":"","overlay-color":"","overlay-opacity":"","overlay-gradient":""}},"footnotes":""},"class_list":["post-1367","page","type-page","status-publish","hentry"],"post_mailing_queue_ids":[],"_links":{"self":[{"href":"https:\/\/agora.xtec.cat\/ies-la-senia\/wp-json\/wp\/v2\/pages\/1367","targetHints":{"allow":["GET"]}}],"collection":[{"href":"https:\/\/agora.xtec.cat\/ies-la-senia\/wp-json\/wp\/v2\/pages"}],"about":[{"href":"https:\/\/agora.xtec.cat\/ies-la-senia\/wp-json\/wp\/v2\/types\/page"}],"author":[{"embeddable":true,"href":"https:\/\/agora.xtec.cat\/ies-la-senia\/wp-json\/wp\/v2\/users\/1"}],"replies":[{"embeddable":true,"href":"https:\/\/agora.xtec.cat\/ies-la-senia\/wp-json\/wp\/v2\/comments?post=1367"}],"version-history":[{"count":3,"href":"https:\/\/agora.xtec.cat\/ies-la-senia\/wp-json\/wp\/v2\/pages\/1367\/revisions"}],"predecessor-version":[{"id":1420,"href":"https:\/\/agora.xtec.cat\/ies-la-senia\/wp-json\/wp\/v2\/pages\/1367\/revisions\/1420"}],"wp:attachment":[{"href":"https:\/\/agora.xtec.cat\/ies-la-senia\/wp-json\/wp\/v2\/media?parent=1367"}],"curies":[{"name":"wp","href":"https:\/\/api.w.org\/{rel}","templated":true}]}}