{"id":960,"date":"2020-05-12T13:58:02","date_gmt":"2020-05-12T11:58:02","guid":{"rendered":"https:\/\/agora.xtec.cat\/ies-joan-coromines\/?page_id=960"},"modified":"2020-05-12T13:58:08","modified_gmt":"2020-05-12T11:58:08","slug":"comunicat-families-alarma-sanitaria","status":"publish","type":"page","link":"https:\/\/agora.xtec.cat\/ies-joan-coromines\/comunicat-families-alarma-sanitaria\/","title":{"rendered":"Comunicat fam\u00edlies alarma sanit\u00e0ria"},"content":{"rendered":"<p>Benvolgudes fam\u00edlies,<\/p>\n<p style=\"text-align: justify;\">El Departament d\u2019Educaci\u00f3, seguint instruccions del Departament de Salut i com a mesura excepcional per contenir el coronavirus, va prendre la decisi\u00f3 de tancar els centres educatius a partir del dia 13 de mar\u00e7 i de moment no tenim data concreta de reincorporaci\u00f3 a les aules.<\/p>\n<p style=\"text-align: justify;\">Al llarg d\u2019aquests dies els nostres alumnes han anat rebent online a trav\u00e9s del seu correu electr\u00f2nic corporatiu tot un seguit d\u2019activitats per part dels tutors\/res i professorat per tal de, en la mesura del possible, substituir les classes presencials.<\/p>\n<p style=\"text-align: justify;\"><strong>Agra\u00efm que des de casa l\u2019alumnat pugui fer servir un ordinador amb connexi\u00f3 a internet<\/strong> per poder fer la feina acad\u00e8mica. Tot el professorat estar\u00e0 a la seva disposici\u00f3 per orientar l\u2019alumnat. Davant qualsevol dubte, poden utilitzar el correu corporatiu per posar-se en contacte amb el seu tutor\/a o b\u00e9 amb els seus professors i professores.<\/p>\n<p style=\"text-align: justify;\">Aprofitem per saludar-vos atentament i us agra\u00efm la vostra col\u00b7laboraci\u00f3.<\/p>\n<p>L\u2019Equip Directiu<\/p>\n","protected":false},"excerpt":{"rendered":"<p>Benvolgudes fam\u00edlies,<br \/>\nEl Departament d\u2019Educaci\u00f3, seguint instruccions del Departament de Salut i com a mesura excepcional per contenir el coronavirus, va prendre la decisi\u00f3 de tancar els centres educatius a partir del dia 13 de mar\u00e7 i de moment no tenim data concreta de reincorporaci\u00f3 a&hellip;  <a href=\"https:\/\/agora.xtec.cat\/ies-joan-coromines\/comunicat-families-alarma-sanitaria\/\" title=\"Read Comunicat fam\u00edlies alarma sanit\u00e0ria\">Llegeix m\u00e9s\u00bb<\/a><\/p>\n","protected":false},"author":1,"featured_media":0,"parent":0,"menu_order":0,"comment_status":"closed","ping_status":"closed","template":"","meta":{"_bbp_topic_count":0,"_bbp_reply_count":0,"_bbp_total_topic_count":0,"_bbp_total_reply_count":0,"_bbp_voice_count":0,"_bbp_anonymous_reply_count":0,"_bbp_topic_count_hidden":0,"_bbp_reply_count_hidden":0,"_bbp_forum_subforum_count":0,"footnotes":""},"class_list":["post-960","page","type-page","status-publish","hentry"],"post_mailing_queue_ids":[],"_links":{"self":[{"href":"https:\/\/agora.xtec.cat\/ies-joan-coromines\/wp-json\/wp\/v2\/pages\/960","targetHints":{"allow":["GET"]}}],"collection":[{"href":"https:\/\/agora.xtec.cat\/ies-joan-coromines\/wp-json\/wp\/v2\/pages"}],"about":[{"href":"https:\/\/agora.xtec.cat\/ies-joan-coromines\/wp-json\/wp\/v2\/types\/page"}],"author":[{"embeddable":true,"href":"https:\/\/agora.xtec.cat\/ies-joan-coromines\/wp-json\/wp\/v2\/users\/1"}],"replies":[{"embeddable":true,"href":"https:\/\/agora.xtec.cat\/ies-joan-coromines\/wp-json\/wp\/v2\/comments?post=960"}],"version-history":[{"count":1,"href":"https:\/\/agora.xtec.cat\/ies-joan-coromines\/wp-json\/wp\/v2\/pages\/960\/revisions"}],"predecessor-version":[{"id":961,"href":"https:\/\/agora.xtec.cat\/ies-joan-coromines\/wp-json\/wp\/v2\/pages\/960\/revisions\/961"}],"wp:attachment":[{"href":"https:\/\/agora.xtec.cat\/ies-joan-coromines\/wp-json\/wp\/v2\/media?parent=960"}],"curies":[{"name":"wp","href":"https:\/\/api.w.org\/{rel}","templated":true}]}}