{"id":1004,"date":"2020-05-14T11:30:16","date_gmt":"2020-05-14T09:30:16","guid":{"rendered":"https:\/\/agora.xtec.cat\/ies-joan-coromines\/?page_id=1004"},"modified":"2020-05-14T11:32:46","modified_gmt":"2020-05-14T09:32:46","slug":"qui-som","status":"publish","type":"page","link":"https:\/\/agora.xtec.cat\/ies-joan-coromines\/qui-som\/","title":{"rendered":"Qui som"},"content":{"rendered":"<p style=\"text-align: justify;\"><span style=\"font-weight: 400;\">L\u2019Institut Joan Coromines, ubicat al barri d\u2019Hostafrancs de Barcelona, ofereix tres l\u00ednies d\u2019Educaci\u00f3 Secund\u00e0ria Obligat\u00f2ria i dues l\u00ednies de Batxillerat a cada curs, amb les modalitats tecnol\u00f2gica, cient\u00edfica, social i d\u2019humanitats.<\/span><\/p>\n<p style=\"text-align: justify;\"><span style=\"font-weight: 400;\">A m\u00e9s de seguir els principis educatius marcats per l\u2019Administraci\u00f3, el centre atorga una atenci\u00f3 especial als diferents aspectes pedag\u00f2gics amb la finalitat d\u2019adaptar el curr\u00edculum a la diversitat de l\u2019alumnat i aconseguir dels alumnes els millors resultats possibles.<\/span><\/p>\n<p style=\"text-align: justify;\"><span style=\"font-weight: 400;\">Les principals estrat\u00e8gies educatives del nostre centre s\u00f3n:<\/span><\/p>\n<ul>\n<li style=\"font-weight: 400; text-align: justify;\"><span style=\"font-weight: 400;\">Grups molt redu\u00efts a l\u2019ESO.<\/span><\/li>\n<li style=\"font-weight: 400; text-align: justify;\"><span style=\"font-weight: 400;\">Distribuci\u00f3 dels alumnes en diferents grups d\u2019aprenentatge de les mat\u00e8ries de Matem\u00e0tiques, Llengua catalana, Llengua castellana, Ci\u00e8ncies socials i Ci\u00e8ncies naturals (aula ordin\u00e0ria, refor\u00e7 i aula oberta).<\/span><\/li>\n<li style=\"font-weight: 400; text-align: justify;\"><span style=\"font-weight: 400;\">Distribuci\u00f3 dels alumnes en diferents nivells d\u2019aprenentatge en Llengua anglesa.<\/span><\/li>\n<li style=\"font-weight: 400; text-align: justify;\"><span style=\"font-weight: 400;\">Desdoblament de la resta de mat\u00e8ries, excepte en Educaci\u00f3 f\u00edsica.<\/span><\/li>\n<li style=\"font-weight: 400; text-align: justify;\"><span style=\"font-weight: 400;\">Mat\u00e8ria optativa d\u2019iniciaci\u00f3, refor\u00e7 i ampliaci\u00f3 a tots els cursos de l\u2019ESO.<\/span><\/li>\n<li style=\"font-weight: 400; text-align: justify;\"><span style=\"font-weight: 400;\">Treball amb llibres digitals a tota l\u2019ESO i amb el Moodle del centre a tots els nivells educatius.<\/span><\/li>\n<li style=\"font-weight: 400; text-align: justify;\"><span style=\"font-weight: 400;\">Aula d\u2019acollida per a alumnes nouvinguts que no parlen cap llengua rom\u00e0nica.<\/span><\/li>\n<li style=\"font-weight: 400;\"><span style=\"font-weight: 400;\">Mat\u00e8ries optatives al Batxillerat: Estad\u00edstica, Pr\u00e0ctiques pedag\u00f2giques, Expressi\u00f3 i redacci\u00f3, Ampliaci\u00f3 d\u2019angl\u00e8s i Preparaci\u00f3 de les proves f\u00edsiques d\u2019INEF, entre d\u2019altres.<\/span><\/li>\n<li style=\"font-weight: 400;\"><b>El gust per la lectura<\/b><span style=\"font-weight: 400;\">: cada dia, tots els alumnes disposen de 25 minuts de lectura lliure. Aquesta activitat es vincula amb el cr\u00e8dit de tutoria i amb alguna xerrada conjunta sobre algun tema de les lectures.<\/span><\/li>\n<li style=\"font-weight: 400;\"><b>Sortides culturals i col\u00f2nies<\/b><span style=\"font-weight: 400;\"> a tots els nivells educatius.<\/span><\/li>\n<li style=\"font-weight: 400;\"><b>Ludodeures<\/b><span style=\"font-weight: 400;\">: activitat gratu\u00efta de refor\u00e7 escolar per a l\u2019alumnat.<\/span><\/li>\n<li style=\"font-weight: 400;\"><b>Esports<\/b><span style=\"font-weight: 400;\">: quatre tardes s\u2019ofereix la pr\u00e0ctica esportiva gratu\u00efta a l\u2019alumnat del centre un cop acaben les classes (futbol, b\u00e0squet i tennis de taula).<\/span><\/li>\n<\/ul>\n","protected":false},"excerpt":{"rendered":"<p>L\u2019Institut Joan Coromines, ubicat al barri d\u2019Hostafrancs de Barcelona, ofereix tres l\u00ednies d\u2019Educaci\u00f3 Secund\u00e0ria Obligat\u00f2ria i dues l\u00ednies de Batxillerat a cada curs, amb les modalitats tecnol\u00f2gica, cient\u00edfica, social i d\u2019humanitats.<br \/>\nA m\u00e9s de seguir els principis educatius marcats per l\u2019Administraci\u00f3, el centre atorga una atenci\u00f3&hellip;  <a href=\"https:\/\/agora.xtec.cat\/ies-joan-coromines\/qui-som\/\" title=\"Read Qui som\">Llegeix m\u00e9s\u00bb<\/a><\/p>\n","protected":false},"author":1,"featured_media":0,"parent":0,"menu_order":0,"comment_status":"closed","ping_status":"closed","template":"","meta":{"_bbp_topic_count":0,"_bbp_reply_count":0,"_bbp_total_topic_count":0,"_bbp_total_reply_count":0,"_bbp_voice_count":0,"_bbp_anonymous_reply_count":0,"_bbp_topic_count_hidden":0,"_bbp_reply_count_hidden":0,"_bbp_forum_subforum_count":0,"footnotes":""},"class_list":["post-1004","page","type-page","status-publish","hentry"],"post_mailing_queue_ids":[],"_links":{"self":[{"href":"https:\/\/agora.xtec.cat\/ies-joan-coromines\/wp-json\/wp\/v2\/pages\/1004","targetHints":{"allow":["GET"]}}],"collection":[{"href":"https:\/\/agora.xtec.cat\/ies-joan-coromines\/wp-json\/wp\/v2\/pages"}],"about":[{"href":"https:\/\/agora.xtec.cat\/ies-joan-coromines\/wp-json\/wp\/v2\/types\/page"}],"author":[{"embeddable":true,"href":"https:\/\/agora.xtec.cat\/ies-joan-coromines\/wp-json\/wp\/v2\/users\/1"}],"replies":[{"embeddable":true,"href":"https:\/\/agora.xtec.cat\/ies-joan-coromines\/wp-json\/wp\/v2\/comments?post=1004"}],"version-history":[{"count":2,"href":"https:\/\/agora.xtec.cat\/ies-joan-coromines\/wp-json\/wp\/v2\/pages\/1004\/revisions"}],"predecessor-version":[{"id":1008,"href":"https:\/\/agora.xtec.cat\/ies-joan-coromines\/wp-json\/wp\/v2\/pages\/1004\/revisions\/1008"}],"wp:attachment":[{"href":"https:\/\/agora.xtec.cat\/ies-joan-coromines\/wp-json\/wp\/v2\/media?parent=1004"}],"curies":[{"name":"wp","href":"https:\/\/api.w.org\/{rel}","templated":true}]}}