{"id":57,"date":"2014-09-17T17:01:07","date_gmt":"2014-09-17T17:01:07","guid":{"rendered":"http:\/\/agora.xtec.cat\/ies-isaac-albeniz\/?page_id=57"},"modified":"2022-07-05T13:49:13","modified_gmt":"2022-07-05T11:49:13","slug":"families","status":"publish","type":"page","link":"https:\/\/agora.xtec.cat\/ies-isaac-albeniz\/families\/","title":{"rendered":"Fam\u00edlies"},"content":{"rendered":"<p>En aquest apartat trobareu informacions i documentaci\u00f3 d&#8217;inter\u00e8s per a les fam\u00edlies.<\/p>\n<p>&nbsp;<\/p>\n<p>Recordeu que teniu tota la informaci\u00f3 de l&#8217;AMPA en aquest <a href=\"http:\/\/ampa-albeniz.blogspot.com.es\/\">enlla\u00e7<\/a>.<\/p>\n","protected":false},"excerpt":{"rendered":"<p>En aquest apartat trobareu informacions i documentaci\u00f3 d&#8217;inter\u00e8s per a les fam\u00edlies.<br \/>\n&nbsp;<br \/>\nRecordeu que teniu tota la informaci\u00f3 de l&#8217;AMPA en aquest <a href=\"http:\/\/ampa-albeniz.blogspot.com.es\/\">enlla\u00e7<\/a>.<\/p>\n","protected":false},"author":1,"featured_media":0,"parent":0,"menu_order":0,"comment_status":"closed","ping_status":"closed","template":"page-templates\/side-menu.php","meta":{"_bbp_topic_count":0,"_bbp_reply_count":0,"_bbp_total_topic_count":0,"_bbp_total_reply_count":0,"_bbp_voice_count":0,"_bbp_anonymous_reply_count":0,"_bbp_topic_count_hidden":0,"_bbp_reply_count_hidden":0,"_bbp_forum_subforum_count":0,"footnotes":""},"class_list":["post-57","page","type-page","status-publish","hentry"],"post_mailing_queue_ids":[],"_links":{"self":[{"href":"https:\/\/agora.xtec.cat\/ies-isaac-albeniz\/wp-json\/wp\/v2\/pages\/57","targetHints":{"allow":["GET"]}}],"collection":[{"href":"https:\/\/agora.xtec.cat\/ies-isaac-albeniz\/wp-json\/wp\/v2\/pages"}],"about":[{"href":"https:\/\/agora.xtec.cat\/ies-isaac-albeniz\/wp-json\/wp\/v2\/types\/page"}],"author":[{"embeddable":true,"href":"https:\/\/agora.xtec.cat\/ies-isaac-albeniz\/wp-json\/wp\/v2\/users\/1"}],"replies":[{"embeddable":true,"href":"https:\/\/agora.xtec.cat\/ies-isaac-albeniz\/wp-json\/wp\/v2\/comments?post=57"}],"version-history":[{"count":4,"href":"https:\/\/agora.xtec.cat\/ies-isaac-albeniz\/wp-json\/wp\/v2\/pages\/57\/revisions"}],"predecessor-version":[{"id":3449,"href":"https:\/\/agora.xtec.cat\/ies-isaac-albeniz\/wp-json\/wp\/v2\/pages\/57\/revisions\/3449"}],"wp:attachment":[{"href":"https:\/\/agora.xtec.cat\/ies-isaac-albeniz\/wp-json\/wp\/v2\/media?parent=57"}],"curies":[{"name":"wp","href":"https:\/\/api.w.org\/{rel}","templated":true}]}}