{"id":496,"date":"2016-07-19T17:54:02","date_gmt":"2016-07-19T16:54:02","guid":{"rendered":"http:\/\/agora.xtec.cat\/ies-isaac-albeniz\/?page_id=496"},"modified":"2024-12-07T17:16:30","modified_gmt":"2024-12-07T16:16:30","slug":"documentacio-general","status":"publish","type":"page","link":"https:\/\/agora.xtec.cat\/ies-isaac-albeniz\/families\/documentacio-general\/","title":{"rendered":"Documentaci\u00f3 general"},"content":{"rendered":"<ul>\n<li><a href=\"https:\/\/drive.google.com\/file\/d\/1NgwPJh3yn0zcpmTN6HQwQYPdiMl33LCn\/view?usp=sharing\" target=\"_blank\" rel=\"noopener\">Autoritzacions<\/a><\/li>\n<li><a href=\"https:\/\/drive.google.com\/file\/d\/1n06UznCzX6aK1_3WpR1k5ZsS-K4Bs4_A\/view?usp=sharing\" target=\"_blank\" rel=\"noopener\">Carta de comprom\u00eds educatiu<\/a><\/li>\n<li><a href=\"https:\/\/drive.google.com\/file\/d\/0B_fqGDLVllGrVTRlTHl0N0hFTlk\/view?usp=sharing\" target=\"_blank\" rel=\"noopener\">Full de justificaci\u00f3 de faltes<\/a><\/li>\n<li><a href=\"https:\/\/drive.google.com\/file\/d\/18psdq7iOMOi7-tzfNbFMASFq18kgvmRz\/view?usp=sharing\" target=\"_blank\" rel=\"noopener\">Instruccions per fer els pagaments<\/a><\/li>\n<li><a href=\"https:\/\/drive.google.com\/file\/d\/0B_fqGDLVllGrNFloNXFNUEdXbDA\/view?usp=sharing\" target=\"_blank\" rel=\"noopener\">Sol\u00b7licitud de canvis en el curr\u00edculum de batxillerat<\/a><\/li>\n<li><a href=\"http:\/\/agora.xtec.cat\/ies-isaac-albeniz\/wp-content\/uploads\/usu1344\/2016\/07\/SEFESO-sol\u00b7licitud-convalidaci\u00f3-educaci\u00f3-f\u00edsica-ESO.pdf\" target=\"_blank\" rel=\"noopener\">Sol\u00b7licitud de de reducci\u00f3 d&#8217;EF a l&#8217;ESO per pr\u00e0ctica intensiva de l&#8217;esport<\/a><\/li>\n<li><a href=\"https:\/\/drive.google.com\/file\/d\/0B_fqGDLVllGrQ3dtSzhsaDM0TXc\/view?usp=sharing\" target=\"_blank\" rel=\"noopener\">Sol\u00b7licitud de reducci\u00f3 de mat\u00e8ries de l&#8217;ESO per als alumnes del conservatori\/centre professional\/escola de m\u00fasica autoritzada<\/a><\/li>\n<li><a href=\"https:\/\/drive.google.com\/file\/d\/0B_fqGDLVllGrUXVGRHh3MW5zeWJZcG9jUjNUTGE1Q0tPZnlR\/view?usp=sharing\" target=\"_blank\" rel=\"noopener\">Sol\u00b7licitud de reducci\u00f3 de mat\u00e8ries de la franja d&#8217;espec\u00edfiques de batxillerat per estudis de m\u00fasica en un conservatori o en un centre professional<\/a><\/li>\n<li><a href=\"https:\/\/drive.google.com\/file\/d\/1k9SKrt9Am3oN9ozpz2R8A_jYBXsVxFXw\/view?usp=sharing\" target=\"_blank\" rel=\"noopener\">Full de comprom\u00eds sortides<\/a><\/li>\n<li><a href=\"https:\/\/drive.google.com\/file\/d\/1LOc3bQyEdL7mYojUaMef82mpuOQxNfnW\/view?usp=sharing\" target=\"_blank\" rel=\"noopener\">Fitxa personal i de salut sortides<\/a><\/li>\n<li><a href=\"https:\/\/drive.google.com\/file\/d\/1fur6nt07J5URYrLFfVylKNABt6qp1L0Y\/view?usp=sharing\" target=\"_blank\" rel=\"noopener\">Sol\u00b7licitud de canvi entre Lectura i Religi\u00f3<\/a><\/li>\n<\/ul>\n","protected":false},"excerpt":{"rendered":"<ul>\n<li><a href=\"https:\/\/drive.google.com\/file\/d\/1NgwPJh3yn0zcpmTN6HQwQYPdiMl33LCn\/view?usp=sharing\" target=\"_blank\" rel=\"noopener\">Autoritzacions<\/a><\/li>\n<li><a href=\"https:\/\/drive.google.com\/file\/d\/1n06UznCzX6aK1_3WpR1k5ZsS-K4Bs4_A\/view?usp=sharing\" target=\"_blank\" rel=\"noopener\">Carta de comprom\u00eds educatiu<\/a><\/li>\n<li><a href=\"https:\/\/drive.google.com\/file\/d\/0B_fqGDLVllGrVTRlTHl0N0hFTlk\/view?usp=sharing\" target=\"_blank\" rel=\"noopener\">Full de justificaci\u00f3 de faltes<\/a><\/li>\n<li><a href=\"https:\/\/drive.google.com\/file\/d\/18psdq7iOMOi7-tzfNbFMASFq18kgvmRz\/view?usp=sharing\" target=\"_blank\" rel=\"noopener\">Instruccions per fer els pagaments<\/a><\/li>\n<li><a href=\"https:\/\/drive.google.com\/file\/d\/0B_fqGDLVllGrNFloNXFNUEdXbDA\/view?usp=sharing\" target=\"_blank\" rel=\"noopener\">Sol\u00b7licitud de canvis en el curr\u00edculum de batxillerat<\/a><\/li>\n<li><a href=\"http:\/\/agora.xtec.cat\/ies-isaac-albeniz\/wp-content\/uploads\/usu1344\/2016\/07\/SEFESO-sol\u00b7licitud-convalidaci\u00f3-educaci\u00f3-f\u00edsica-ESO.pdf\" target=\"_blank\" rel=\"noopener\">Sol\u00b7licitud de de reducci\u00f3 d&#8217;EF a l&#8217;ESO per pr\u00e0ctica&hellip;  <a href=\"https:\/\/agora.xtec.cat\/ies-isaac-albeniz\/families\/documentacio-general\/\" title=\"Read Documentaci\u00f3 general\">Llegeix m\u00e9s\u00bb<\/a><br \/>\n","protected":false},"author":1,"featured_media":0,"parent":57,"menu_order":0,"comment_status":"closed","ping_status":"closed","template":"","meta":{"_bbp_topic_count":0,"_bbp_reply_count":0,"_bbp_total_topic_count":0,"_bbp_total_reply_count":0,"_bbp_voice_count":0,"_bbp_anonymous_reply_count":0,"_bbp_topic_count_hidden":0,"_bbp_reply_count_hidden":0,"_bbp_forum_subforum_count":0,"footnotes":""},"class_list":["post-496","page","type-page","status-publish","hentry"],"post_mailing_queue_ids":[],"_links":{"self":[{"href":"https:\/\/agora.xtec.cat\/ies-isaac-albeniz\/wp-json\/wp\/v2\/pages\/496","targetHints":{"allow":["GET"]}}],"collection":[{"href":"https:\/\/agora.xtec.cat\/ies-isaac-albeniz\/wp-json\/wp\/v2\/pages"}],"about":[{"href":"https:\/\/agora.xtec.cat\/ies-isaac-albeniz\/wp-json\/wp\/v2\/types\/page"}],"author":[{"embeddable":true,"href":"https:\/\/agora.xtec.cat\/ies-isaac-albeniz\/wp-json\/wp\/v2\/users\/1"}],"replies":[{"embeddable":true,"href":"https:\/\/agora.xtec.cat\/ies-isaac-albeniz\/wp-json\/wp\/v2\/comments?post=496"}],"version-history":[{"count":6,"href":"https:\/\/agora.xtec.cat\/ies-isaac-albeniz\/wp-json\/wp\/v2\/pages\/496\/revisions"}],"predecessor-version":[{"id":4462,"href":"https:\/\/agora.xtec.cat\/ies-isaac-albeniz\/wp-json\/wp\/v2\/pages\/496\/revisions\/4462"}],"up":[{"embeddable":true,"href":"https:\/\/agora.xtec.cat\/ies-isaac-albeniz\/wp-json\/wp\/v2\/pages\/57"}],"wp:attachment":[{"href":"https:\/\/agora.xtec.cat\/ies-isaac-albeniz\/wp-json\/wp\/v2\/media?parent=496"}],"curies":[{"name":"wp","href":"https:\/\/api.w.org\/{rel}","templated":true}]}}