{"id":467,"date":"2016-07-19T17:34:31","date_gmt":"2016-07-19T16:34:31","guid":{"rendered":"http:\/\/agora.xtec.cat\/ies-isaac-albeniz\/?page_id=467"},"modified":"2025-06-30T18:07:34","modified_gmt":"2025-06-30T16:07:34","slug":"llibres","status":"publish","type":"page","link":"https:\/\/agora.xtec.cat\/ies-isaac-albeniz\/alumnat\/llibres\/","title":{"rendered":"Llibres"},"content":{"rendered":"<h3>Enlla\u00e7 per als llibres de text curs 2025-26<\/h3>\n<p>En aquest enlla\u00e7 podeu consultar la <a href=\"https:\/\/docs.google.com\/spreadsheets\/d\/13imx1b6H1oQh5oHARsu_zbfR-kkmkDU1U0VWyAQia08\/edit?usp=sharing\" target=\"_blank\" rel=\"noopener\">llista dels llibres i material de cara al curs 25-26.<\/a><\/p>\n<p>&nbsp;<\/p>\n<p align=\"justify\">Teniu l\u2019opci\u00f3 de comprar els vostres llibres a trav\u00e9s de l&#8217;empresa de reutilitzaci\u00f3 IDDINK, que proporciona els llibres amb descomptes m\u00e9s grans, per\u00f2 al final de curs cal retornar-los en bon estat. L\u2019empresa es fa c\u00e0rrec de tota la gesti\u00f3: comandes, lliurament i pagament.<\/p>\n<p align=\"justify\">V\u00eddeo informatiu de l&#8217;empresa Iddink :<a href=\"https:\/\/vimeo.com\/manage\/videos\/721037983\" target=\"_blank\" rel=\"noopener\">https:\/\/vimeo.com\/manage\/videos\/721037983<\/a><\/p>\n<p>M\u00e9s informaci\u00f3 de l&#8217;empresa Iddink: <a href=\"https:\/\/vimeo.com\/721379522\" target=\"_blank\" rel=\"noopener\">https:\/\/vimeo.com\/721379522<\/a><\/p>\n<p>&nbsp;<\/p>\n<p align=\"justify\">L&#8217;AMPA de l&#8217;institut t\u00e9 un projecte de socialitzaci\u00f3 de llibres, els llibres socialitzats estan indicats en el mateix llistat.<\/p>\n<p align=\"justify\">M\u00e9s informaci\u00f3 de l&#8217;AMPA en el seu <a href=\"http:\/\/ampa-albeniz.blogspot.com.es\/\">enlla\u00e7<\/a>.<\/p>\n<p>&nbsp;<\/p>\n","protected":false},"excerpt":{"rendered":"<p>Enlla\u00e7 per als llibres de text curs 2025-26<br \/>\nEn aquest enlla\u00e7 podeu consultar la <a href=\"https:\/\/docs.google.com\/spreadsheets\/d\/13imx1b6H1oQh5oHARsu_zbfR-kkmkDU1U0VWyAQia08\/edit?usp=sharing\" target=\"_blank\" rel=\"noopener\">llista dels llibres i material de cara al curs 25-26.<\/a><br \/>\n&nbsp;<br \/>\nTeniu l\u2019opci\u00f3 de comprar els vostres llibres a trav\u00e9s de l&#8217;empresa de reutilitzaci\u00f3 IDDINK, que proporciona els llibres amb descomptes&hellip;  <a href=\"https:\/\/agora.xtec.cat\/ies-isaac-albeniz\/alumnat\/llibres\/\" title=\"Read Llibres\">Llegeix m\u00e9s\u00bb<\/a><\/p>\n","protected":false},"author":1,"featured_media":0,"parent":458,"menu_order":0,"comment_status":"closed","ping_status":"closed","template":"","meta":{"_bbp_topic_count":0,"_bbp_reply_count":0,"_bbp_total_topic_count":0,"_bbp_total_reply_count":0,"_bbp_voice_count":0,"_bbp_anonymous_reply_count":0,"_bbp_topic_count_hidden":0,"_bbp_reply_count_hidden":0,"_bbp_forum_subforum_count":0,"footnotes":""},"class_list":["post-467","page","type-page","status-publish","hentry"],"post_mailing_queue_ids":[],"_links":{"self":[{"href":"https:\/\/agora.xtec.cat\/ies-isaac-albeniz\/wp-json\/wp\/v2\/pages\/467","targetHints":{"allow":["GET"]}}],"collection":[{"href":"https:\/\/agora.xtec.cat\/ies-isaac-albeniz\/wp-json\/wp\/v2\/pages"}],"about":[{"href":"https:\/\/agora.xtec.cat\/ies-isaac-albeniz\/wp-json\/wp\/v2\/types\/page"}],"author":[{"embeddable":true,"href":"https:\/\/agora.xtec.cat\/ies-isaac-albeniz\/wp-json\/wp\/v2\/users\/1"}],"replies":[{"embeddable":true,"href":"https:\/\/agora.xtec.cat\/ies-isaac-albeniz\/wp-json\/wp\/v2\/comments?post=467"}],"version-history":[{"count":7,"href":"https:\/\/agora.xtec.cat\/ies-isaac-albeniz\/wp-json\/wp\/v2\/pages\/467\/revisions"}],"predecessor-version":[{"id":4742,"href":"https:\/\/agora.xtec.cat\/ies-isaac-albeniz\/wp-json\/wp\/v2\/pages\/467\/revisions\/4742"}],"up":[{"embeddable":true,"href":"https:\/\/agora.xtec.cat\/ies-isaac-albeniz\/wp-json\/wp\/v2\/pages\/458"}],"wp:attachment":[{"href":"https:\/\/agora.xtec.cat\/ies-isaac-albeniz\/wp-json\/wp\/v2\/media?parent=467"}],"curies":[{"name":"wp","href":"https:\/\/api.w.org\/{rel}","templated":true}]}}