{"id":3660,"date":"2023-03-08T13:20:15","date_gmt":"2023-03-08T12:20:15","guid":{"rendered":"https:\/\/agora.xtec.cat\/ies-isaac-albeniz\/?page_id=3660"},"modified":"2024-06-10T11:50:48","modified_gmt":"2024-06-10T09:50:48","slug":"estrategia-digital-de-centre","status":"publish","type":"page","link":"https:\/\/agora.xtec.cat\/ies-isaac-albeniz\/linstitut\/estrategia-digital-de-centre\/","title":{"rendered":"Estrat\u00e8gia digital de centre"},"content":{"rendered":"<p>Tota la informaci\u00f3 del centre relacionada amb l&#8217;Estrat\u00e8gia Digital de Centre.<\/p>\n<p><a href=\"https:\/\/sites.google.com\/xtec.cat\/edc-albeniz?usp=sharing\" target=\"_blank\" rel=\"noopener\">Clica aqu\u00ed<\/a><\/p>\n","protected":false},"excerpt":{"rendered":"<p>Tota la informaci\u00f3 del centre relacionada amb l&#8217;Estrat\u00e8gia Digital de Centre.<br \/>\n<a href=\"https:\/\/sites.google.com\/xtec.cat\/edc-albeniz?usp=sharing\" target=\"_blank\" rel=\"noopener\">Clica aqu\u00ed<\/a><\/p>\n","protected":false},"author":1,"featured_media":0,"parent":19,"menu_order":0,"comment_status":"closed","ping_status":"closed","template":"","meta":{"_bbp_topic_count":0,"_bbp_reply_count":0,"_bbp_total_topic_count":0,"_bbp_total_reply_count":0,"_bbp_voice_count":0,"_bbp_anonymous_reply_count":0,"_bbp_topic_count_hidden":0,"_bbp_reply_count_hidden":0,"_bbp_forum_subforum_count":0,"footnotes":""},"class_list":["post-3660","page","type-page","status-publish","hentry"],"post_mailing_queue_ids":[],"_links":{"self":[{"href":"https:\/\/agora.xtec.cat\/ies-isaac-albeniz\/wp-json\/wp\/v2\/pages\/3660","targetHints":{"allow":["GET"]}}],"collection":[{"href":"https:\/\/agora.xtec.cat\/ies-isaac-albeniz\/wp-json\/wp\/v2\/pages"}],"about":[{"href":"https:\/\/agora.xtec.cat\/ies-isaac-albeniz\/wp-json\/wp\/v2\/types\/page"}],"author":[{"embeddable":true,"href":"https:\/\/agora.xtec.cat\/ies-isaac-albeniz\/wp-json\/wp\/v2\/users\/1"}],"replies":[{"embeddable":true,"href":"https:\/\/agora.xtec.cat\/ies-isaac-albeniz\/wp-json\/wp\/v2\/comments?post=3660"}],"version-history":[{"count":2,"href":"https:\/\/agora.xtec.cat\/ies-isaac-albeniz\/wp-json\/wp\/v2\/pages\/3660\/revisions"}],"predecessor-version":[{"id":4286,"href":"https:\/\/agora.xtec.cat\/ies-isaac-albeniz\/wp-json\/wp\/v2\/pages\/3660\/revisions\/4286"}],"up":[{"embeddable":true,"href":"https:\/\/agora.xtec.cat\/ies-isaac-albeniz\/wp-json\/wp\/v2\/pages\/19"}],"wp:attachment":[{"href":"https:\/\/agora.xtec.cat\/ies-isaac-albeniz\/wp-json\/wp\/v2\/media?parent=3660"}],"curies":[{"name":"wp","href":"https:\/\/api.w.org\/{rel}","templated":true}]}}