{"id":3638,"date":"2023-03-02T19:49:08","date_gmt":"2023-03-02T18:49:08","guid":{"rendered":"https:\/\/agora.xtec.cat\/ies-isaac-albeniz\/?page_id=3638"},"modified":"2023-03-02T20:02:16","modified_gmt":"2023-03-02T19:02:16","slug":"lliurament-de-titols","status":"publish","type":"page","link":"https:\/\/agora.xtec.cat\/ies-isaac-albeniz\/secretaria\/lliurament-de-titols\/","title":{"rendered":"Lliurament de t\u00edtols"},"content":{"rendered":"<p>El centre notificar\u00e0 mitjan\u00e7ant correu electr\u00f2nic, a la persona interessada que pot passar a recollir el t\u00edtol personalment o b\u00e9 mitjan\u00e7ant una tercera persona degudament autoritzada, segons el seg\u00fcent model.<\/p>\n<p><a href=\"https:\/\/drive.google.com\/file\/d\/1m0SJrgZbyKYsSG3w2M005E_X21YDY9ph\/view?usp=sharing\" target=\"_blank\" rel=\"noopener\">Autoritzaci\u00f3 de lliurament de t\u00edtol<\/a><\/p>\n","protected":false},"excerpt":{"rendered":"<p>El centre notificar\u00e0 mitjan\u00e7ant correu electr\u00f2nic, a la persona interessada que pot passar a recollir el t\u00edtol personalment o b\u00e9 mitjan\u00e7ant una tercera persona degudament autoritzada, segons el seg\u00fcent model.<br \/>\n<a href=\"https:\/\/drive.google.com\/file\/d\/1m0SJrgZbyKYsSG3w2M005E_X21YDY9ph\/view?usp=sharing\" target=\"_blank\" rel=\"noopener\">Autoritzaci\u00f3 de lliurament de t\u00edtol<\/a><\/p>\n","protected":false},"author":1,"featured_media":0,"parent":81,"menu_order":0,"comment_status":"closed","ping_status":"closed","template":"","meta":{"_bbp_topic_count":0,"_bbp_reply_count":0,"_bbp_total_topic_count":0,"_bbp_total_reply_count":0,"_bbp_voice_count":0,"_bbp_anonymous_reply_count":0,"_bbp_topic_count_hidden":0,"_bbp_reply_count_hidden":0,"_bbp_forum_subforum_count":0,"footnotes":""},"class_list":["post-3638","page","type-page","status-publish","hentry"],"post_mailing_queue_ids":[],"_links":{"self":[{"href":"https:\/\/agora.xtec.cat\/ies-isaac-albeniz\/wp-json\/wp\/v2\/pages\/3638","targetHints":{"allow":["GET"]}}],"collection":[{"href":"https:\/\/agora.xtec.cat\/ies-isaac-albeniz\/wp-json\/wp\/v2\/pages"}],"about":[{"href":"https:\/\/agora.xtec.cat\/ies-isaac-albeniz\/wp-json\/wp\/v2\/types\/page"}],"author":[{"embeddable":true,"href":"https:\/\/agora.xtec.cat\/ies-isaac-albeniz\/wp-json\/wp\/v2\/users\/1"}],"replies":[{"embeddable":true,"href":"https:\/\/agora.xtec.cat\/ies-isaac-albeniz\/wp-json\/wp\/v2\/comments?post=3638"}],"version-history":[{"count":2,"href":"https:\/\/agora.xtec.cat\/ies-isaac-albeniz\/wp-json\/wp\/v2\/pages\/3638\/revisions"}],"predecessor-version":[{"id":3646,"href":"https:\/\/agora.xtec.cat\/ies-isaac-albeniz\/wp-json\/wp\/v2\/pages\/3638\/revisions\/3646"}],"up":[{"embeddable":true,"href":"https:\/\/agora.xtec.cat\/ies-isaac-albeniz\/wp-json\/wp\/v2\/pages\/81"}],"wp:attachment":[{"href":"https:\/\/agora.xtec.cat\/ies-isaac-albeniz\/wp-json\/wp\/v2\/media?parent=3638"}],"curies":[{"name":"wp","href":"https:\/\/api.w.org\/{rel}","templated":true}]}}