{"id":2382,"date":"2020-02-08T09:04:27","date_gmt":"2020-02-08T08:04:27","guid":{"rendered":"http:\/\/agora.xtec.cat\/ies-isaac-albeniz\/?page_id=2382"},"modified":"2025-05-06T16:22:34","modified_gmt":"2025-05-06T14:22:34","slug":"documentacio-del-centre","status":"publish","type":"page","link":"https:\/\/agora.xtec.cat\/ies-isaac-albeniz\/documentacio-del-centre\/","title":{"rendered":"Documentaci\u00f3 del centre"},"content":{"rendered":"<p>Projecte Ling\u00fc\u00edstic del Centre, Projecte\u00a0 Educatiu de Centre i les Normes d&#8217;Organitzaci\u00f3 i Funcionament de Centre.<\/p>\n<ul>\n<li><a href=\"https:\/\/drive.google.com\/file\/d\/1ziCrpXQKQREzjiiuQciTXEszYf18URnr\/view?usp=sharing\">PLC (actualitzat el 2024)<\/a><\/li>\n<li><a href=\"https:\/\/drive.google.com\/file\/d\/1LdsVL1fErybtQCZLy-614jRanE5YHfEo\/view?usp=sharing\" target=\"_blank\" rel=\"noopener noreferrer\">PEC<\/a><\/li>\n<li><a href=\"https:\/\/drive.google.com\/file\/d\/1YtpoOmQVgiYVeuLWfzwyAVzKUDE0FOxy\/view?usp=sharing\" target=\"_blank\" rel=\"noopener\">NOFC<br \/>\n<\/a><\/li>\n<\/ul>\n","protected":false},"excerpt":{"rendered":"<p>Projecte Ling\u00fc\u00edstic del Centre, Projecte\u00a0 Educatiu de Centre i les Normes d&#8217;Organitzaci\u00f3 i Funcionament de Centre.<\/p>\n<ul>\n<li><a href=\"https:\/\/drive.google.com\/file\/d\/1ziCrpXQKQREzjiiuQciTXEszYf18URnr\/view?usp=sharing\">PLC (actualitzat el 2024)<\/a><\/li>\n<li><a href=\"https:\/\/drive.google.com\/file\/d\/1LdsVL1fErybtQCZLy-614jRanE5YHfEo\/view?usp=sharing\" target=\"_blank\" rel=\"noopener noreferrer\">PEC<\/a><\/li>\n<li><a href=\"https:\/\/drive.google.com\/file\/d\/1YtpoOmQVgiYVeuLWfzwyAVzKUDE0FOxy\/view?usp=sharing\" target=\"_blank\" rel=\"noopener\">NOFC<br \/>\n<\/a><\/li>\n<\/ul>\n","protected":false},"author":1,"featured_media":0,"parent":0,"menu_order":0,"comment_status":"closed","ping_status":"closed","template":"","meta":{"_bbp_topic_count":0,"_bbp_reply_count":0,"_bbp_total_topic_count":0,"_bbp_total_reply_count":0,"_bbp_voice_count":0,"_bbp_anonymous_reply_count":0,"_bbp_topic_count_hidden":0,"_bbp_reply_count_hidden":0,"_bbp_forum_subforum_count":0,"footnotes":""},"class_list":["post-2382","page","type-page","status-publish","hentry"],"post_mailing_queue_ids":[],"_links":{"self":[{"href":"https:\/\/agora.xtec.cat\/ies-isaac-albeniz\/wp-json\/wp\/v2\/pages\/2382","targetHints":{"allow":["GET"]}}],"collection":[{"href":"https:\/\/agora.xtec.cat\/ies-isaac-albeniz\/wp-json\/wp\/v2\/pages"}],"about":[{"href":"https:\/\/agora.xtec.cat\/ies-isaac-albeniz\/wp-json\/wp\/v2\/types\/page"}],"author":[{"embeddable":true,"href":"https:\/\/agora.xtec.cat\/ies-isaac-albeniz\/wp-json\/wp\/v2\/users\/1"}],"replies":[{"embeddable":true,"href":"https:\/\/agora.xtec.cat\/ies-isaac-albeniz\/wp-json\/wp\/v2\/comments?post=2382"}],"version-history":[{"count":7,"href":"https:\/\/agora.xtec.cat\/ies-isaac-albeniz\/wp-json\/wp\/v2\/pages\/2382\/revisions"}],"predecessor-version":[{"id":4621,"href":"https:\/\/agora.xtec.cat\/ies-isaac-albeniz\/wp-json\/wp\/v2\/pages\/2382\/revisions\/4621"}],"wp:attachment":[{"href":"https:\/\/agora.xtec.cat\/ies-isaac-albeniz\/wp-json\/wp\/v2\/media?parent=2382"}],"curies":[{"name":"wp","href":"https:\/\/api.w.org\/{rel}","templated":true}]}}