{"id":8471,"date":"2024-05-24T12:50:11","date_gmt":"2024-05-24T10:50:11","guid":{"rendered":"https:\/\/agora.xtec.cat\/ies-gorgs\/?page_id=8471"},"modified":"2024-05-24T18:12:40","modified_gmt":"2024-05-24T16:12:40","slug":"llibres-curs-2024-2025","status":"publish","type":"page","link":"https:\/\/agora.xtec.cat\/ies-gorgs\/curs-2024-2025\/llibres-curs-2024-2025\/","title":{"rendered":"LLibres Curs 2024-2025"},"content":{"rendered":"<figure id=\"attachment_8481\" aria-describedby=\"caption-attachment-8481\" style=\"width: 644px\" class=\"wp-caption aligncenter\"><a href=\"https:\/\/agora.xtec.cat\/ies-gorgs\/wp-content\/uploads\/usu1501\/2024\/05\/apple-256261_640.jpeg\"><img loading=\"lazy\" decoding=\"async\" class=\" wp-image-8481\" src=\"https:\/\/agora.xtec.cat\/ies-gorgs\/wp-content\/uploads\/usu1501\/2024\/05\/apple-256261_640.jpeg\" alt=\"\" width=\"644\" height=\"427\" srcset=\"https:\/\/agora.xtec.cat\/ies-gorgs\/wp-content\/uploads\/usu1501\/2024\/05\/apple-256261_640.jpeg 640w, https:\/\/agora.xtec.cat\/ies-gorgs\/wp-content\/uploads\/usu1501\/2024\/05\/apple-256261_640-300x199.jpeg 300w\" sizes=\"auto, (max-width: 644px) 100vw, 644px\" \/><\/a><figcaption id=\"caption-attachment-8481\" class=\"wp-caption-text\">Imatge lliure de jarmoluk a Pixabay<\/figcaption><\/figure>\n<p>Aquest any des de l&#8217;AFA i el centre s&#8217;ha decidit contractar els serveis de l\u2019empresa <strong>Iddink<\/strong> per tal d\u2019organitzar la compra i la reutilitzaci\u00f3 de llibres de text dels alumnes d\u2019ESO i Batxillerat, ja que \u00e9s una opci\u00f3 que abarateix els costos dels llibres*, alhora que \u00e9s molt m\u00e9s respectuosa amb el medi ambient.<\/p>\n<p>Us adjuntem tota la documentaci\u00f3, que tamb\u00e9 hem entregat en paper als vostres fills i filles referent a la compra del llibres pel curs vinent i la venda de llibres del present curs.<\/p>\n<ul>\n<li><a href=\"https:\/\/agora.xtec.cat\/ies-gorgs\/wp-content\/uploads\/usu1501\/2024\/05\/Carta-als-pares-signada_INS-GORGS.pdf\" target=\"_blank\" rel=\"noopener\">Carta a les fam\u00edlies<\/a><\/li>\n<li><a href=\"https:\/\/agora.xtec.cat\/ies-gorgs\/wp-content\/uploads\/usu1501\/2024\/05\/175-Com-vendre-INS-GORGS.pdf\">COM VENDRE LLIBRES UTILITZATS<\/a><\/li>\n<li><a href=\"https:\/\/agora.xtec.cat\/ies-gorgs\/wp-content\/uploads\/usu1501\/2024\/05\/2024-CAT-COM-COMPRAR-INS-GORGS.pdf\" target=\"_blank\" rel=\"noopener\">COM COMPRAR LLIBRES PER REUTILITZAR<\/a><\/li>\n<\/ul>\n<p style=\"font-weight: 400;\">Si ho desitgeu, tamb\u00e9 disposem d\u2019uns v\u00eddeos explicatius que poden ajudar-vos en el proc\u00e9s:<\/p>\n<table style=\"border-collapse: collapse; width: 100%;\">\n<tbody>\n<tr>\n<td style=\"width: 50%; text-align: center;\"><iframe loading=\"lazy\" src=\"\/\/player.vimeo.com\/video\/418474967?title=0&amp;byline=0&amp;portrait=0&amp;color=8dc7dc\" width=\"425\" height=\"350\" allowfullscreen=\"allowfullscreen\"><\/iframe><\/td>\n<td style=\"width: 50%; text-align: center;\"><iframe loading=\"lazy\" src=\"\/\/player.vimeo.com\/video\/427671538?title=0&amp;byline=0&amp;portrait=0&amp;color=8dc7dc\" width=\"425\" height=\"350\" allowfullscreen=\"allowfullscreen\"><\/iframe><\/td>\n<\/tr>\n<tr>\n<td style=\"width: 50%;\">\n<p style=\"text-align: center;\">Comprar a Iddink llibres, ecoBooks i llic\u00e8ncies digitals<\/p>\n<\/td>\n<td style=\"width: 50%;\">\n<p style=\"text-align: center;\">Com fer una comanda?<\/p>\n<\/td>\n<\/tr>\n<tr>\n<td style=\"width: 50%;\"><iframe loading=\"lazy\" src=\"\/\/player.vimeo.com\/video\/45076699?title=0&amp;byline=0&amp;portrait=0&amp;color=8dc7dc\" width=\"425\" height=\"350\" allowfullscreen=\"allowfullscreen\"><\/iframe><\/td>\n<td style=\"width: 50%;\"><\/td>\n<\/tr>\n<tr>\n<td style=\"width: 50%;\">\n<p style=\"text-align: center;\">Com tractar els ecoBooks?<\/p>\n<\/td>\n<td style=\"width: 50%;\"><\/td>\n<\/tr>\n<\/tbody>\n<\/table>\n<h6><\/h6>\n<h6 style=\"text-align: left;\">Fam\u00edlies <strong>RECORDEU<\/strong> que esteu convocades a una reuni\u00f3 el proper <strong>DIMECRES 29 DE MAIG A LES 18.30h<\/strong>\u00a0al gimn\u00e0s de l&#8217;Institut per donar-vos tota la informaci\u00f3.<\/h6>\n<p>&nbsp;<\/p>\n","protected":false},"excerpt":{"rendered":"<p>Aquest any des de l&#8217;AFA i el centre s&#8217;ha decidit contractar els serveis de l\u2019empresa Iddink per tal d\u2019organitzar la compra i la reutilitzaci\u00f3 de llibres de text dels alumnes d\u2019ESO i Batxillerat, ja que \u00e9s una opci\u00f3 que abarateix els costos dels llibres*, alhora que \u00e9s molt m\u00e9s respectuosa amb el medi ambient. Us [&hellip;]<\/p>\n","protected":false},"author":256,"featured_media":0,"parent":8468,"menu_order":0,"comment_status":"closed","ping_status":"closed","template":"","meta":{"_bbp_topic_count":0,"_bbp_reply_count":0,"_bbp_total_topic_count":0,"_bbp_total_reply_count":0,"_bbp_voice_count":0,"_bbp_anonymous_reply_count":0,"_bbp_topic_count_hidden":0,"_bbp_reply_count_hidden":0,"_bbp_forum_subforum_count":0,"site-sidebar-layout":"default","site-content-layout":"","ast-site-content-layout":"","site-content-style":"default","site-sidebar-style":"default","ast-global-header-display":"","ast-banner-title-visibility":"","ast-main-header-display":"","ast-hfb-above-header-display":"","ast-hfb-below-header-display":"","ast-hfb-mobile-header-display":"","site-post-title":"","ast-breadcrumbs-content":"","ast-featured-img":"","footer-sml-layout":"","theme-transparent-header-meta":"","adv-header-id-meta":"","stick-header-meta":"","header-above-stick-meta":"","header-main-stick-meta":"","header-below-stick-meta":"","astra-migrate-meta-layouts":"default","ast-page-background-enabled":"default","ast-page-background-meta":{"desktop":{"background-color":"var(--ast-global-color-4)","background-image":"","background-repeat":"repeat","background-position":"center center","background-size":"auto","background-attachment":"scroll","background-type":"","background-media":"","overlay-type":"","overlay-color":"","overlay-opacity":"","overlay-gradient":""},"tablet":{"background-color":"","background-image":"","background-repeat":"repeat","background-position":"center center","background-size":"auto","background-attachment":"scroll","background-type":"","background-media":"","overlay-type":"","overlay-color":"","overlay-opacity":"","overlay-gradient":""},"mobile":{"background-color":"","background-image":"","background-repeat":"repeat","background-position":"center center","background-size":"auto","background-attachment":"scroll","background-type":"","background-media":"","overlay-type":"","overlay-color":"","overlay-opacity":"","overlay-gradient":""}},"ast-content-background-meta":{"desktop":{"background-color":"var(--ast-global-color-5)","background-image":"","background-repeat":"repeat","background-position":"center center","background-size":"auto","background-attachment":"scroll","background-type":"","background-media":"","overlay-type":"","overlay-color":"","overlay-opacity":"","overlay-gradient":""},"tablet":{"background-color":"var(--ast-global-color-5)","background-image":"","background-repeat":"repeat","background-position":"center center","background-size":"auto","background-attachment":"scroll","background-type":"","background-media":"","overlay-type":"","overlay-color":"","overlay-opacity":"","overlay-gradient":""},"mobile":{"background-color":"var(--ast-global-color-5)","background-image":"","background-repeat":"repeat","background-position":"center center","background-size":"auto","background-attachment":"scroll","background-type":"","background-media":"","overlay-type":"","overlay-color":"","overlay-opacity":"","overlay-gradient":""}},"footnotes":""},"class_list":["post-8471","page","type-page","status-publish","hentry"],"post_mailing_queue_ids":[],"_links":{"self":[{"href":"https:\/\/agora.xtec.cat\/ies-gorgs\/wp-json\/wp\/v2\/pages\/8471","targetHints":{"allow":["GET"]}}],"collection":[{"href":"https:\/\/agora.xtec.cat\/ies-gorgs\/wp-json\/wp\/v2\/pages"}],"about":[{"href":"https:\/\/agora.xtec.cat\/ies-gorgs\/wp-json\/wp\/v2\/types\/page"}],"author":[{"embeddable":true,"href":"https:\/\/agora.xtec.cat\/ies-gorgs\/wp-json\/wp\/v2\/users\/256"}],"replies":[{"embeddable":true,"href":"https:\/\/agora.xtec.cat\/ies-gorgs\/wp-json\/wp\/v2\/comments?post=8471"}],"version-history":[{"count":6,"href":"https:\/\/agora.xtec.cat\/ies-gorgs\/wp-json\/wp\/v2\/pages\/8471\/revisions"}],"predecessor-version":[{"id":8484,"href":"https:\/\/agora.xtec.cat\/ies-gorgs\/wp-json\/wp\/v2\/pages\/8471\/revisions\/8484"}],"up":[{"embeddable":true,"href":"https:\/\/agora.xtec.cat\/ies-gorgs\/wp-json\/wp\/v2\/pages\/8468"}],"wp:attachment":[{"href":"https:\/\/agora.xtec.cat\/ies-gorgs\/wp-json\/wp\/v2\/media?parent=8471"}],"curies":[{"name":"wp","href":"https:\/\/api.w.org\/{rel}","templated":true}]}}