{"id":69,"date":"2014-09-18T10:15:07","date_gmt":"2014-09-18T09:15:07","guid":{"rendered":"http:\/\/agora.xtec.cat\/ies-gorgs\/?page_id=69"},"modified":"2023-10-04T13:02:01","modified_gmt":"2023-10-04T11:02:01","slug":"menjador-escolar","status":"publish","type":"page","link":"https:\/\/agora.xtec.cat\/ies-gorgs\/historia\/menjador-escolar\/","title":{"rendered":"La cantina del Gorgs"},"content":{"rendered":"<p><a href=\"http:\/\/agora.xtec.cat\/ies-gorgs\/wp-content\/uploads\/usu1501\/2014\/09\/Cantina-Menjador.jpg\"><img loading=\"lazy\" decoding=\"async\" class=\"wp-image-2373 alignleft\" src=\"http:\/\/agora.xtec.cat\/ies-gorgs\/wp-content\/uploads\/usu1501\/2014\/09\/Cantina-Menjador.jpg\" alt=\"\" width=\"412\" height=\"309\" srcset=\"https:\/\/agora.xtec.cat\/ies-gorgs\/wp-content\/uploads\/usu1501\/2014\/09\/Cantina-Menjador.jpg 293w, https:\/\/agora.xtec.cat\/ies-gorgs\/wp-content\/uploads\/usu1501\/2014\/09\/Cantina-Menjador-200x150.jpg 200w\" sizes=\"auto, (max-width: 412px) 100vw, 412px\" \/><\/a>A la cantina del centre podeu trobar una gran oferta per esmorzar. Recordeu que si els alumnes volen alguna cosa especial, cal que ho reservin amb antelaci\u00f3.<\/p>\n<p>Durant l&#8217;esbarjo ofereix uns bon\u00edssims esmorzars (entrepans calents i freds, <em>paninis<\/em>, fruita, pastes &#8230;) que l&#8217;alumnat pot comprar directament o b\u00e9, <strong>reservar des de casa<\/strong>.<\/p>\n<p>La reserva i el pagament d&#8217;aquests productes es pot fer a trav\u00e9s de <strong>BIZUM<\/strong>. Si utilitzeu aquest sistema, estalviareu temps als vostres fills i filles i tindreu la garantia de la reserva de l&#8217;esmorzar.<\/p>\n<p>\u00c9s molt f\u00e0cil, nom\u00e9s heu de fer un <strong>BIZUM<\/strong> al contacte de l&#8217;Ana de la cantina al n\u00famero de <strong>m\u00f2bil 600285196<\/strong>, escriure el nom del vostre fill\/a a &#8220;Concepte&#8221; i el producte que voleu a &#8220;Missatge&#8221;.<a href=\"https:\/\/agora.xtec.cat\/ies-gorgs\/wp-content\/uploads\/usu1501\/2020\/09\/captura-bizum.png\"><br \/>\n<img loading=\"lazy\" decoding=\"async\" class=\"aligncenter wp-image-5068 size-medium\" src=\"https:\/\/agora.xtec.cat\/ies-gorgs\/wp-content\/uploads\/usu1501\/2020\/09\/captura-bizum-263x300.png\" alt=\"\" width=\"263\" height=\"300\" srcset=\"https:\/\/agora.xtec.cat\/ies-gorgs\/wp-content\/uploads\/usu1501\/2020\/09\/captura-bizum-263x300.png 263w, https:\/\/agora.xtec.cat\/ies-gorgs\/wp-content\/uploads\/usu1501\/2020\/09\/captura-bizum.png 440w\" sizes=\"auto, (max-width: 263px) 100vw, 263px\" \/><\/a><strong>Productes que ofereix la cantina i preus:<\/strong><\/p>\n<ul>\n<li><a href=\"https:\/\/agora.xtec.cat\/ies-gorgs\/wp-content\/uploads\/usu1501\/2023\/10\/Preu-entrepans-Cantina-Gorgs.pdf\" target=\"_blank\" rel=\"noopener\">Preu-entrepans-Cantina-Gorgs<\/a><\/li>\n<li><a href=\"https:\/\/agora.xtec.cat\/ies-gorgs\/wp-content\/uploads\/usu1501\/2023\/10\/Preu-pastes-Cantina-Gorgs.pdf\" target=\"_blank\" rel=\"noopener\">Preu-pastes-Cantina-Gorgs<\/a><\/li>\n<li><a href=\"https:\/\/agora.xtec.cat\/ies-gorgs\/wp-content\/uploads\/usu1501\/2023\/10\/Preu-begudes-Cantina-Gorgs.pdf\" target=\"_blank\" rel=\"noopener\">Preu-begudes-Cantina-Gorgs<\/a><\/li>\n<\/ul>\n<p>A banda del servei en horari escolar tamb\u00e9 s&#8217;ofereix servei de c\u00e0tering per a esdeveniments de l&#8217;Associaci\u00f3 Esportiva o l&#8217;AMPA o les diferents festes o esdeveniments que es puguin celebrar al centre.<\/p>\n<p>Pregunteu a l&#8217;Ana per qualsevol dubte o aclariment:<\/p>\n<p><img loading=\"lazy\" decoding=\"async\" class=\"alignnone \" src=\"data:image\/jpeg;base64,\/9j\/4AAQSkZJRgABAQAAAQABAAD\/2wCEAAkGBxAPEhUQEBIVEBAQFRUQDxAXFg8PEBAWFxUWFhcVFxcYHSggGBolHhUVITEhJSkrLi4vFx8zODUsNygtLisBCgoKDg0OGxAQGi0lICYtLSsuLi4tLS0tLSsrLS0tLS0tLS0tLS0tLS0tLS0tLS8rLSstKy0tLS0tLS0tLS0tLf\/AABEIAKoAqgMBEQACEQEDEQH\/xAAcAAABBQEBAQAAAAAAAAAAAAACAwQFBgcBAAj\/xABAEAACAgACBQkFBgQGAwEAAAABAgADBBEFBiExURITMkFhcYGRsQciQlKhIzNicsHRFEOislOSk8Lh8BeC8XP\/xAAaAQACAwEBAAAAAAAAAAAAAAAAAQIEBQMG\/8QAMhEAAgICAAQEBQMDBQEAAAAAAAECAwQREiExQQUTUWEiMnGRsYGh0RVC8BQjM8HhQ\/\/aAAwDAQACEQMRAD8A3GAHoAegBU9YtfcJg80U8\/aPgQjkg9rbvLOVbcuEOS5spXZ1dfJc3\/ncz\/SvtJx1xIrK0LwUZt\/mO3ylGeZZLpyM2zPtl0evoVzE6axVpzsvsfvZjK7nJ9WVZWSl1bY059\/mPmZAgd55\/mPmYCPc6\/zHzMBHedf5j5mAHudf5j5mIDvOP8x8zADnOv8AMfMxjPc6\/wAx8zADhtf5j5mAxWnSF9e1LXXuZhJKTXQkpNdGTmjte9IUZfbGxR8NmT5+J2ztDJsj3LEMu6HSX35l30D7T6LSExScyx2c4ubV+I3j6y5XnJ8prRfq8Ri+Vi17l8w2IS1Q9bB0baGBDA+Il6MlJbRoxkpLaYrGSPQA9AD0AE8Relal3YKijNmOwARSkorbIykorbMe101\/sxRanDE10bi257e\/gOyZN+U58o8kYmTmys+GPJfkou+VCidAiEEBAR0CIR3KAjuUA2dygB3kwA7yYgPcmMD3JgM4UgMArGAJEBgkRjJvVnWjEaPfOtuVWT79RzKN+x7Z1qulW9o7U5E6nuP2Nu1d09Tj6hbSex0PSQ8D+82Kro2R2jfovjdHcSVnU7HoAegBjXtJ1tOJsOGpb7Cs5MR\/NYdfcOqZGVfxvhXQws3J8yXDHov3KLKhRCAiEdAgRCAiEdyiEEBAAgsACAgB3KAHQIAe5MBneTADnIjGCUgADJGMTZYxgEQGSmrWnbcBcLazs3WJ1OvWDOlVjrlxI602yqlxRN+0XpCvE1JdUc0sGY4jiD2g7JtwmpxUkejrsVkVKI7kyZU\/aRp3+DwpVDlbfnWnEDL3m8tnjKuXbwQ0urKWdd5del1f+Mww7ZjmCEBEIICBEICIQQEQggIAP9F6JxGKbk0VNaesge6vex2Dxk4VznyitnSumdj1BbLho32Y4h8jfalQ+VQbXHoPWXIYE38z0aFfhc38z1+5PYb2ZYRenZc570QfRZYWBX3bLUfC6l1bHX\/jrR\/Cz\/UaS\/0NXv8Acn\/TaPf7jfEezTBnoWXIfzI48isi8Cvs2Ql4ZU+jZB6Q9md67aLkt\/CwNTHxGY9Jwn4fJfK9lazwua+R7\/Yqmk9DYjCnK+pq+oMRmh7mGwynOqcPmRQspsrfxrQx5MgcjxWAwGSACTpGMRdYxiZEBmh+yPTpSxsG59yzN6uxwNo8R6CXsK3UuB9\/yaPh93DLgfR\/k1qahtGJ+1XSRuxhrB92hQg4Zna31OXhMfMnxWa9DAz7OK1r05FNAlQpBAQIhgRCCAiEL4ehrGCIpd2OSqASzHgBGk29IcYuT0jStWPZwoAtxvvNvGHB90fnYdLuGzvmnTgrrZ9jZxvDUvit+xenfD4SvaUopT8taCXtxhH0RpNwqj2SKrpP2k4WskUo95HxfdV+bbT5SpPOgvlWyjZ4nXH5Vv8AYr2J9pWLboV1VjtD2H1A+krvPsfRIqS8UtfRJDX\/AMgaQ+av\/TH7yH+tt9vsc\/6jf6r7DvDe0jGL066rB3Oh8wT6SSz7F1SOkfE7V1SZYNG+0fDvkL63oPzD7VPptHlLMM+D+ZaLdfidb+Za\/ctdF9GKrzUpdU2w9F1PYR+hltSjNcuaL0ZQsjy00U7WP2fI+dmDyrffzJ+7b8p+E\/TulK7CT51\/Yzsjw5P4quXt2M6xOFepililHU5MpGREzJRcXpmRKLi9NcxIrERE2SMYhYkBjd1jGK6NxbUXV2qcmrZWHgY4txaaHGTi012Po7DXrYi2KdjqHHcRmPWb8WmtnqIyUkmu587afxBtxN1h+Oxz9TMGb3Js8xZLik36sZCQObDAiIhgRCHOCwj3OtVSl3c8lVG8n9u2SjFyekShBzkox6m0an6p1YBOUcnxDD7Szh+FOC\/Uzax8ZVL3PRYuJGlb6v1\/ga63a714POmkC3EDYR\/Lq\/MRvP4R45SGRlqv4Y82Qys6NXwx5y\/Blmk9J34p+cvsNjdWexV7FXco7pk2WSm9yZh2Wzse5vY1AkTmEBAAgIAEBAZ0CADvR+Otw785S7VsOsHYewjcR3ycJyg9xZOuyVb3F6ZpequuiYnKnEZVXHYp3V2ns+Vuzy4TUx8tT+GXJm1i5ys+GfJ\/syT1n1bqxybfcuUfZ29Y\/C3Ff+idb8eNq9zvk4sbo+\/ZmRY\/A2UWNVavJdDkR6EHrB4zGnBwfDI89OEoScZdRsUkSAhYkBjW1IxjdxAZdsDrTalaICclRVG7qUCd1kSS0WI5UopIpV\/Tb8x9ZXKxxRERFFEREUAgBsHs71YGFqGItH29y55HfUh2he87CfAdU2MTH4I8T6s9BgYvlx45dX+yEvaBrccMDhsOcr2H2jjfSp6h+M\/QbeEWXk8HwR6\/gjnZnl\/BDr+P\/TK9+07Sd535zJMI6BAAgIAEBAYQEADAgBa9XdSnxdPPGzmuVnzQK8rlgb2O3YM93dLlOI7I8W9ehfx8GVsONvXoRGmdBX4NuTcuw9Cwba37jx7DtnG2mdb1Ir3Y86XqSI8CcjgaPqNrQbcsLiGzsH3Vh3uB8LfiHUevv36mJk8XwS69jawczi\/259ezJLXXV8YurnEH29QJT8a7yh\/Tt751yqPMjtdUd83G82O11X+aMpKzGPPiTpABrckYxlYsBklT0R3D0iIkXd0m7z6wA6oiIiiiIRafZ\/oT+LxQLjOqjK2zgTn7i+J29wMtYlXmWc+iLuDR5tvPouZqmtGmVwOHe7e3RqX5nO7w6z2Cat9vlwcjbyblTW5fb6mG3WtYxdyWdyWZjtLE7SZgtuT2zzMpOT2+pwCAggIAGBAYQEACAjAkNB6MbFXpSNnLPvH5VG1j5fpOlVbsmonaip2zUEbZRStahFHJVQFUcABkBN5JJaR6eMVFaQGNwld6Gu1Q6NsKn17D2xSgpLTIzhGceGS5GP6waK\/hL3pzzUZMhO8q20Z9vV4TDur8ubiecyKfKscRjWSpDKSCCCCNhBG4ick9dDinrmjXtV9LjF0Bz94vuWj8Q6+475uY9vmQ337no8W\/zq99+5Rde9EcxfzijKu\/NxwD\/GPQ+MzsyrgntdGZOfT5dnEuj\/JWXSVCiNbkgMYXLGMeVdEdw9IiJG2j3m7z6wA6okSLFQICNj9mOjhTgxYR72IY2E9fJHuoPIE\/+02cKHDXv1PQ+HVcFO\/XmVX2oaUNuJFAPuYddo6i7jM+Q5I8TKmdZxT4fQoeJW8VnAu35KaBKRnBgQAMCAwgIwDAgAQEANA9mGFryttzBszFYX4lXfnl2n+2aWBFc5dzY8MhH4pd+hfJomsegBm3tGA\/il480uf+Zpk53\/IvoYfiX\/KvoVbkykZxZdQseacRzZPuXjkEdXKG1T6jxlvDs4bNepf8Pt4LeHsy367YHnsK5yzarK1fDpfQmX8uHFW\/bmaWdXx0t+nMyxlmKefG9qwAjsQsYxevcO4RESNsHvN3n1iEGsQhRV4b4AfQujcOKaa69wrRU\/yqBPRwjwxSPWVx4YKPojCtKYk3XW2n+ZY7+BY5fTKYFkuKTZ5e2fHNy9WNwJA5hgQGGBGAYEADAgMICADnA4qyhxZUxR13Eeh4jskoTcHuJOFkoPii9M1TVPTZxlRZ1C2IeQ+XROzMEcO6bONd5sdvqb+JkO6G31RNywWzK9csRzuLsy3JlWP\/AFG36kzFypcVr+x57NnxXP25EMFlcqCuGsNbq43owceBz\/SOL4WmSjLhal6GyOotQjerrl4MP+ZvvUkeoepR+pjNlXJJU71JU+Bynn2tcjyzWnob2rACNxSwA7XuHcIiJHWdJu8+sQg1EQh5o9M7axxsQebCSgviRKC3JfVG+6Qfk1WHgjnyUz0M3qLPVWPUW\/YwFBsHhPOnkwwIDDURgGBAAwIDFAIAEBABfDYdrGCIOUzEKoG8kxxi5PSJRi5PS6mt6v6KXCUrUNrdKxvmY7\/DqHdNyipVw4T0mPSqoKP3+otpfHDD0vafhHuj5mOxR55SVs1CDkSutVcHJmROSxLMcyxJJ4knMzBb3zPMttvbOhYAe5MANe0Q2dFR41p\/aJvVPcF9Eempe64\/RGW6WryvtHCx\/wC4zFsWpv6s87ctWS+rI61ZzOZGYsQAFNw7oiJHP0j3n1iAUQRER1g35Lo3yureTAyUXppkovUkz6AxacutlHxKw8wR+s9DJbTR6uS3FowFVy2cNk87o8mGojAUAgAYEBhqIAGBABWqssQqgkk5ADaST1ARpb5Ekm3pGlapauDCrztozvYd4qHyjt4nwmvjY3lril1\/Bu4eJ5S4pfN+CyS2XjPdddL8\/ZzKHOuo+8RuZ9x8Bu85k5l3HLhXRfkw8\/I45cC6L8lbCymUAwsAPFYAa3o5OTVWvyog8lE361qCXsenqWoJeyMu0ieVbY3F3P8AUZh2Pc2\/dnnLXucn7sj7hIECKxkAATcO6IgyNfpHvPrABVIiIsBADeNX8Xz+Gpt+etSe8DJvqDPQUy4oJ+x6mifHXGXsZBrDgeYxV1eWQFhK\/lb3l+hmJdDgsaPPZEOC2UfcYqJzOBYdBap4nFZNlzVR\/mMDtH4V3t9BLNWLOzn0RcowrLefRepftEapYXDZHk87YPjfJvJdwmjVi1w7bZr04VVfPW37kNr1q8CDiqVyI+\/UdY+fLiOvs29Ur5mP\/fH9Srn4vLzI\/r\/JT9H4Gy9glSl2PDcO0ncBKEISm9RRl11yseorZo+rWrKYQct8nvI6Xwp2L+81sfGVfN82bmLhxq5vmywS0XSr626wc0DRSftW2Ow\/lg9X5j9JSysjhXBHqZ2bl8C4Idfx\/wClECzKMUILAYQWADrR2F521Kx8bAHuz2\/TOTrjxSUTpVDjmo+5p+NuFVbv1IrN5DZNycuGLZ6OyXBBy9DKWH\/MwDzA1vgBD4wwATTcO6IgyNfpN3n1gAvXEIXWAGoey\/SXKpfDk+9U3LQfgff5Nn\/mE1cGzcXD0Nvwy3cHB9vwxr7TdFbUxSjZsqt+pQ+o8pDOr6TX0OfidPSxfR\/9FP0Vctd1djqGRHVnUjMEA7dnXKNclGSb6GZVJRmpPps26pwwBU5qQCpG4g7iJvp76HqU01tBRjPEQATpoROgqrntOQC5+USil0RFRUeiDJjJFT1i1qC51YY8ptzW71X8vE9u6UMjLS+GH3MzKzkvhr+\/8FL2k5naTtJ3knjM0yOoQWIAwsACCwAtGpOj83a8jYnuJ+Y7z4D1l\/Cr23Nmn4dVuTsfbkSWueM5FIqHStO38o2n65Cd82eocPqWPELOGvh9fwUZxMoxRjiTEIhMY0AOJuHcIiDI2w+83efWAxaowIjpIgJfVzShwl6XDMqPdsX5kPSH694E7U2eXNSO+Pc6rFL\/ADRseIpqxdJU5PVcu8dYIzBHbuM25KNkddmejlGNsNdmZBpbRj4W1qbN67VbqdTuYf8AeMw7a3XLhZ5u6qVU3GRatStZlqAw+IbJP5Vh3J+BuA4HqlzEyVH4J\/oX8HMUf9ub5dn\/ANF+rsDDNSGHEEEfSaSafQ2E0+gN16IM3ZVHEkKPrByS6sTko9WQmkNbcLVsRjc3BOj4sdnlnK08yuPTmVLM+qHTn9CpaX1hvxXuk83X\/hruP5jvb0mfbkzs5dEZd+XZby6L0IpRK5WFAIAGFgAQWAx1gcG1zrWg2t5AdZPYJOEHOXCiddbskoxNGweGTD1hF2Kg2n6lj6zchBVx0ux6KuEaoKK6Ioem8d\/EWs\/wj3UH4R++\/wAZj32+ZPZg5N3m2OXbsRVpnE4EXi3iEQmLeACtW4dwiIMY6Rq5u6xPldh5GSktPROS02jlRkSA7rMAHKQEXvUHWIV5YW45IT9gx+En4D2Hq7e+X8PI18Ev0NXAyuH\/AG5dO38Ft1j0EmNr5J92xdtVnyngeKnhLt9CtjruaGTjRujrv2ZluOwFmHc12ryWHkRxB6xMacJQepHn7K5Vy4ZLmBWxG4kdxI9JHeiKbQe\/ft79sAFFEAFFEBhqIAKAQAMLGMXwuGe1giAsx3D9ewSUYuT0icISnLhiuZfNB6IXDL1NY3Tb\/aOya9FCqXubuNjKmPuRWtOls86Kz\/8Aqf8AZ+8rZd\/9kf1\/gqZ2T\/8AOP6\/wVZ5nmWMsS8AIbGWRCIbEPARLYfAWFVIXYVBHlHwMPLkxT2iYHmMfbsyWw86vbytp+uc7ZMeG1ljLhwXSX6\/cr9bTgVR3U0BDusxAOEgBf8AVPW\/YKMU27ZXcfoHP+7z4zRxsv8Atn9zXxM7+yx\/R\/yWvSmi6cWnJsXlDerDYy9qn\/ol6yqNi1I0LaYWx1IoultUL6c2r+2r4j7wd69fhMy3DnDmuaMi7AshzjzX7kHycth2EbxuIlUo6DURDFFEAFFEAFFWMZNaN1dutyLDmk4sPePcv7y1Vizn15IuU4Vk+b5IuGjtG1YdeSg2npMdrN3maVVUa1qJr00QqWokPpzT4GddJzbc1g3L2LxPbKuRla+GH3KeVm6+Gv7lUYzNMkb3PACLxd0BELirYhEeFLsFG0sQAO+MD6A0foSquqtGUFkREJ4kKAfSbcKYqKTPRV0RUUmuxU\/a5oU20pikGbU+7Z+QnYfA\/wB0rZ1e0poqeJVbirF25MyVTMwxxzU8BDup4gHdbQEOUMBlh0DrNfhcl+8qH8tj0fynq7t0s05M6+XVFyjMnVy6r0\/gvWi9ZMNiMgH5D\/I+St4HcfCaVeTXPvzNanLqs6PT9GPcZo2i77ytX7SByvPfOk6oT+ZHWdNc\/mWyKt1Qwp3ctO5sx\/UDODwq302VpeH1PptCI1Mp\/wASz+j9pD\/Qw9WQ\/psPVjinVPDLv5b97ZD6ASawq16k4+H1LrtknhdHU1fd1qp45Zt5nbO8KoQ+VFmFNcPlQjjtM0U7GblN8i+83\/HjIWZEIdWQtyq6+r5+hWNKadsvzUfZ1\/KN7d5\/SZ92VKzkuSMq\/MnZyXJESTKpVELLICI\/E3QAiMXfEIir7ICLJ7NdDnE4sWMM68P9ox6i3wjz9DLOLXx2ey5lvCq8y1ei5m2zZN8SxNC2o1bjlI4KsOIIyMUoqS0yMoqSaZget2r76PvNZzNbe9S\/Uy\/uJh3VOuWmecvpdU+F\/oQ6NORxHVVkAHlVkBDup4AOUaAxdTACSwWlsRTsrtdR8ufKXyOydYXTh0Z3hfZD5ZMmKNbsUN\/IfvUj0M7rNsXoWI+IWrrpjka43f4df9f7yX+un6In\/UrPRAWa1Yht3IXuUn1Mi82x9NEX4ha+mkMcRpS+3p2MRwB5I8hOMrrJdWcJ5Fk\/mkxrypyOJwvAYjZdAQxxGIgBF4nEQERd9sQhCih7nWusFnchVUbSSY0m3pAk29I3jU\/QC4DDrVvsb37m4seruG7\/AOzax6fLjrv3PQ4tHkw137k5O5ZPQAitY9BU4+k1WjtRx0kbiP2nK2pWR0zjfRG6PCzDdYdAX4Cw13Ls+Bx0HHEGY1lUq3qR5+2mVUuGRHI85nIc1WQAd1WwAd1WwAdJZAYulkAFleACqvGMMWQA7zsBgm6ACNmIgAzuxMAI+\/EwER912cQhGil7nFdal3Y5KoBJMaTb0hpNvSNh1D1MXAjnrsmxLDvFQPUO3iZq42NwfFLr+Daw8Ty\/il1\/BcpcL56AHoAegA00lo6nEoarkFiHqPV2g9RkJwjNakjnZXGxcMkZlrD7MrUJfBtzib+aYgWDuO5pnW4UlzhzMm7w+cecOa\/cpGKwV1Dcm2tq2HUwIlNxcXpmfKLi9SWgEskRDmu6ADqu+Axwl8AFlvgAoMRGAX8RAYJxMAEnxUQDazFRgNLcREIb5s5yUFidwAJMYFj0JqDjcUQXX+HrO9n2MR2LvlivFsn7It1YVtnbS9zT9XNV8NgF+yXlWHpWttc93AdgmlVjwr6dfU1qMWFPTr6k5O5ZPQA9AD0APQA9AD0AEcRh0sBWxFccGAYeRkZRTXNEZRUlprZkOt+ErSzJK0UZ7gqqN3YJjZCSlyPPZUVGXJFfCDgPISuVQuSOEA2dgGzsA2dzgGz2ZgGzmcA2cMA2c5I4QDY40dUpsAKgjgQDJQ6k4c5Gy6AwNNdSslaIx3lVVSfECbdMIqO0j0VFcVHaSJWdiwegB6AHoAegB\/\/Z\" width=\"26\" height=\"26\" \/> 600 28 51 96 | <img loading=\"lazy\" decoding=\"async\" class=\"alignnone \" src=\"data:image\/png;base64,iVBORw0KGgoAAAANSUhEUgAAAQoAAAC+CAMAAAD6ObEsAAAAdVBMVEX\/\/\/8AAADR0dEFBQXY2NgrKysKCgofHx8VFRUvLy+RkZE1NTWcnJxra2tvb2+dnZ0mJibw8PBmZmbi4uJycnI0NDT4+PhjY2ODg4M6Ojqmpqa3t7etra2UlJR8fHzt7e29vb2KiopPT09bW1tHR0fJyclUVFQ9hgZlAAAIQUlEQVR4nO2da1viMBBGU0FA13UXUFa8LCDq\/\/+Ja8Bgm06SSTKTS9nzTRp80vPMvL3SCgGx2d4s1rNJMzgms8uP3fNyBa51n\/HuR+4Zs3O7Rdh4es09zTRMdxu7iO1l7ikmZGepjOWZVMSJJ2NJ5J5ZehZwYTzknlcOrpaAiT+5Z5WJi56Jt9xTyobu4lxrQjL+nxOKWXsP4wy3HW1eW\/sTueeSm+uTinPbs+qz\/N8eCtUixuOOHbgrVjO3plV9Pyx+Mssamgujia+ysCXFsFzcWdZU7lyMLcuH5cJcE5\/8\/Ryws6poHnKvABk\/res5+RzhOns3lLqw1kQjD0U2jhFDqQtbThy4wexUDKEuoO7oHoLuxU138fR5kHUBmXjpHm9MxKLRPvg1QBdQTlzr206x7v49EgN0AeXEdW83Qkx7KvSeqd4F1B3yWFRXMeqrGJgLk4meCm3MQcWgegTOCQlKxYBcGHJCglMxmB4xdofAZYVkGHVhM9FTod1EcVIxiLqwdIfwUDGAujAn5gG8iurrYgHMv2XCR0XldWHNCYmPiqpd2HNCoquY2VSALv4mXJ9wHDkh8VNRbV44u0N4q6i0RzAmvFVU6cKdExJvFRXmBSInJP4qqssLVHcI1KmbHnXVBdZEkIqq8gKXE5IgFRXVBTInJGEqwLwo0QW6O0SwikpceNREuIoqegSfExJdxW+sigrqwqsmYlQU78J1fkInQkXhLjxrIk5F0S78ckISpaJgF9410Veh3anoUFGsC9+ckOgqrvxUFOoioCbiVRTpwj8nJNEqCnThs7fdIl5FcS5CckJCoKIwF0E5IdFV3AeoKMpFWE5I3PdiYSjHRWBOSGhUgC7ugtcnnNCckBCpKKQugnNCQqWiCBdRJuhUFOAiIickdCqy50VMTkgIVWSui7juELQqstZFtAmaXawT+VzEdoeg2fFukctFZGIeIFaRKS\/iu0PQq8hSFyQm6FVkcEGQExJ6FcldUOSEhEFF4ryg6Q7BoyJpXZCZ4FGR0AVRTkh4VCRzQZUTEiYViVzQdYfgU5HEBakJPhUJXBDmhIRPBbsLypyQMKpgdkHbHYJXBejiNuo\/fkNuglcFowvinJDwqmDrEfqaYFfB5CL8aqAFbhUsPcJREwlUMLhgyAkJvwryHuGpiSQqiF1wmUiigrRHqPcxv0miAnTxM+g\/QTnxQjPJNCrIeoStO0QyFUQ9wmkimQqSHuHLCUkyFQQuGHNCkk5FdI+wdodIqiLSBbeJpCqieoQ3JyRJVUS4YM4JSdxPY3xZaT95P4DpEag7bmjnllbFCn5EuLsuwKfH1qxipXUf2gXUHfQuEqqYm0y4XBhMUIdFOhVz7Y63Dra8sDxbmbQukqkw5ITCXBfWp0xT1kUqFQ4TTbMwfNHYHUcI6yKRCktOKOC6sD+DndRFGhXWnFBAeeF6BjuliyQqnN1xpN8jCBN0LlKogEyMoOdf6C4cOUHsIoEKqDsmS\/CVLN28AJ\/BDl0Yo3HBrwIyMZJvInG5MByVQ4JIXAQ\/4AULmBPHNzhBLv6cvmg8PwG1DYULbhVzswm7C8tROfTWwF+xE2VXYcgJBeTiQy5e7oElpzM1UI\/Eu+BVAe5PtF+HCL7Oan8LiWifs2JxwarCkhMKy6u9zCZ4eoRThTUnFNC7WCC0Ay8GF4wqwJwY94bhXPTO6NL3CJ8KZ04oMC6Ag3FyF2wqEDmhcLsAz\/JT9wiXClROKFwuDCdoiF0wqZgDb3IDckLxaDVhvPID9chj4Iy5VKBzQmFzYbkGRuqCRYVHTijMLqxXA6EeCXUR8MRmJ145oTC5cJzIJXTBoMIzJxSwC+cVYroeoVcBXgNzm4BdIK6Vk7kgVxGQE4r+OT7UXQNUPUKtIignFLoL5AUfIhfEKgJzQtF1gb6ThKZHaFUE54SifS+Kx0VAEhekKiJyQvHtwuvuIooeoVQBXg30M\/HtwvPCMHQq1NMFoYrInFAct6neh1XxPUKnAswJ35qQbB53jxv\/r0W7IFNBkBORQHnx7PF9KhVQToySmojOC69XsJkhyolI4nqERgVZTkQCuUD3CImK\/DmhgHoE64JCBXitPIuJKBcEKsrICUV4j8SrKKc7jgTXRbSKqKNyFkJdxKpw3DWQhUAXkSqgnBhlywlFWF7EqSgtJxRBdRGlorycUIS4iFEBbkWLMBHUIxEqIBNeZ+9Y8XcRrqLUnFBAPfJk+4KuQvuuWUW5OaHwdRGqYlPU3jaMZ48Eqig7JxR+LsJUlJ4TCugcn7FHglSUnxMKn7wIUVHWUbkdqEcMLgJU1JETCryLC03FyKmilpxQoHtkq625816senJCgXXRvdVlqr8fpNHHz\/UBTbk5oUD2yHVnwLqnUBteV04ocC66q77oPWyjW\/q15YQC1SPdxTdadjTNe3swyV0DWUC40DYgWzHXxj+0BteYEwp3j2i\/2pwLPTcvv8eufO9WLgqXi0130VroOdoaXmtOKBw9oi3efX601EbP5seh9eaEwupCv0\/yUO2v2odvK\/lpzTmhsPSIfifx6+FTfRvS3C8NOVFVTUhMLua9Xzpvj1\/od8LdBdQdAfdL5Qb6cfd2+dD77Opr\/DswHuB5fFEdY8wjRZrW3hT4299z4uNURhv34GHTav1ecp4Xnb3QXe7Z5KR9rCHQT5kZInt9s\/ORe0a5eOtvgp3P5homvZqQvOSeVQ4eIBOf25GJ+6sDw3jlbH5mTfJhO5QYv+WeXjquthYRkvcz2ay+We9C+WLzOPhjkvUOfeZlNX7e7df3PyCuLrH8nqKZoZmgASXM7vcvT3BE\/AOOdpmBTgbK7wAAAABJRU5ErkJggg==\" width=\"36\" height=\"26\" \/> <a href=\"mailto:noelius.elir@hotmail.es\">noelius.elir@hotmail.es<\/a><\/p>\n<p>&nbsp;<\/p>\n<p>&nbsp;<\/p>\n","protected":false},"excerpt":{"rendered":"<p>A la cantina del centre podeu trobar una gran oferta per esmorzar. Recordeu que si els alumnes volen alguna cosa especial, cal que ho reservin amb antelaci\u00f3. Durant l&#8217;esbarjo ofereix uns bon\u00edssims esmorzars (entrepans calents i freds, paninis, fruita, pastes &#8230;) que l&#8217;alumnat pot comprar directament o b\u00e9, reservar des de casa. La reserva i [&hellip;]<\/p>\n","protected":false},"author":1,"featured_media":0,"parent":27,"menu_order":4,"comment_status":"closed","ping_status":"closed","template":"page-templates\/side-menu.php","meta":{"_bbp_topic_count":0,"_bbp_reply_count":0,"_bbp_total_topic_count":0,"_bbp_total_reply_count":0,"_bbp_voice_count":0,"_bbp_anonymous_reply_count":0,"_bbp_topic_count_hidden":0,"_bbp_reply_count_hidden":0,"_bbp_forum_subforum_count":0,"site-sidebar-layout":"default","site-content-layout":"","ast-site-content-layout":"","site-content-style":"default","site-sidebar-style":"default","ast-global-header-display":"","ast-banner-title-visibility":"","ast-main-header-display":"","ast-hfb-above-header-display":"","ast-hfb-below-header-display":"","ast-hfb-mobile-header-display":"","site-post-title":"","ast-breadcrumbs-content":"","ast-featured-img":"","footer-sml-layout":"","theme-transparent-header-meta":"","adv-header-id-meta":"","stick-header-meta":"","header-above-stick-meta":"","header-main-stick-meta":"","header-below-stick-meta":"","astra-migrate-meta-layouts":"default","ast-page-background-enabled":"default","ast-page-background-meta":{"desktop":{"background-color":"var(--ast-global-color-4)","background-image":"","background-repeat":"repeat","background-position":"center center","background-size":"auto","background-attachment":"scroll","background-type":"","background-media":"","overlay-type":"","overlay-color":"","overlay-opacity":"","overlay-gradient":""},"tablet":{"background-color":"","background-image":"","background-repeat":"repeat","background-position":"center center","background-size":"auto","background-attachment":"scroll","background-type":"","background-media":"","overlay-type":"","overlay-color":"","overlay-opacity":"","overlay-gradient":""},"mobile":{"background-color":"","background-image":"","background-repeat":"repeat","background-position":"center center","background-size":"auto","background-attachment":"scroll","background-type":"","background-media":"","overlay-type":"","overlay-color":"","overlay-opacity":"","overlay-gradient":""}},"ast-content-background-meta":{"desktop":{"background-color":"var(--ast-global-color-5)","background-image":"","background-repeat":"repeat","background-position":"center center","background-size":"auto","background-attachment":"scroll","background-type":"","background-media":"","overlay-type":"","overlay-color":"","overlay-opacity":"","overlay-gradient":""},"tablet":{"background-color":"var(--ast-global-color-5)","background-image":"","background-repeat":"repeat","background-position":"center center","background-size":"auto","background-attachment":"scroll","background-type":"","background-media":"","overlay-type":"","overlay-color":"","overlay-opacity":"","overlay-gradient":""},"mobile":{"background-color":"var(--ast-global-color-5)","background-image":"","background-repeat":"repeat","background-position":"center center","background-size":"auto","background-attachment":"scroll","background-type":"","background-media":"","overlay-type":"","overlay-color":"","overlay-opacity":"","overlay-gradient":""}},"footnotes":""},"class_list":["post-69","page","type-page","status-publish","hentry"],"post_mailing_queue_ids":[],"_links":{"self":[{"href":"https:\/\/agora.xtec.cat\/ies-gorgs\/wp-json\/wp\/v2\/pages\/69","targetHints":{"allow":["GET"]}}],"collection":[{"href":"https:\/\/agora.xtec.cat\/ies-gorgs\/wp-json\/wp\/v2\/pages"}],"about":[{"href":"https:\/\/agora.xtec.cat\/ies-gorgs\/wp-json\/wp\/v2\/types\/page"}],"author":[{"embeddable":true,"href":"https:\/\/agora.xtec.cat\/ies-gorgs\/wp-json\/wp\/v2\/users\/1"}],"replies":[{"embeddable":true,"href":"https:\/\/agora.xtec.cat\/ies-gorgs\/wp-json\/wp\/v2\/comments?post=69"}],"version-history":[{"count":6,"href":"https:\/\/agora.xtec.cat\/ies-gorgs\/wp-json\/wp\/v2\/pages\/69\/revisions"}],"predecessor-version":[{"id":7404,"href":"https:\/\/agora.xtec.cat\/ies-gorgs\/wp-json\/wp\/v2\/pages\/69\/revisions\/7404"}],"up":[{"embeddable":true,"href":"https:\/\/agora.xtec.cat\/ies-gorgs\/wp-json\/wp\/v2\/pages\/27"}],"wp:attachment":[{"href":"https:\/\/agora.xtec.cat\/ies-gorgs\/wp-json\/wp\/v2\/media?parent=69"}],"curies":[{"name":"wp","href":"https:\/\/api.w.org\/{rel}","templated":true}]}}