{"id":6153,"date":"2022-03-11T07:47:10","date_gmt":"2022-03-11T06:47:10","guid":{"rendered":"https:\/\/agora.xtec.cat\/ies-gorgs\/?page_id=6153"},"modified":"2024-06-12T17:47:27","modified_gmt":"2024-06-12T15:47:27","slug":"afa","status":"publish","type":"page","link":"https:\/\/agora.xtec.cat\/ies-gorgs\/afa\/","title":{"rendered":"AFA GORGS"},"content":{"rendered":"<p>&nbsp;<\/p>\n<p><img loading=\"lazy\" decoding=\"async\" class=\"size-full wp-image-7588 aligncenter\" src=\"https:\/\/agora.xtec.cat\/ies-gorgs\/wp-content\/uploads\/usu1501\/2023\/11\/AFA-GORGS.jpg\" alt=\"\" width=\"498\" height=\"240\" srcset=\"https:\/\/agora.xtec.cat\/ies-gorgs\/wp-content\/uploads\/usu1501\/2023\/11\/AFA-GORGS.jpg 498w, https:\/\/agora.xtec.cat\/ies-gorgs\/wp-content\/uploads\/usu1501\/2023\/11\/AFA-GORGS-300x145.jpg 300w\" sizes=\"auto, (max-width: 498px) 100vw, 498px\" \/><\/p>\n<p><span style=\"font-family: Times New Roman, serif;\"><span style=\"font-size: medium;\"><span style=\"color: #000000;\"><span style=\"font-family: Calibri Light, serif;\">L\u2019Associaci\u00f3 de fam\u00edlies d\u2019alumnes, AFA, \u00e9s l\u2019entitat, sense afany de lucre, que agrupa i representa totes les fam\u00edlies de l\u2019Institut <\/span><\/span><\/span><\/span><\/p>\n<p><span style=\"font-family: Times New Roman, serif;\"><span style=\"font-size: medium;\"><span style=\"color: #000000;\"><span style=\"font-family: Calibri Light, serif;\">T\u00e9 els seus propis estatuts.<\/span><\/span><\/span><\/span><\/p>\n<p><span style=\"font-family: Times New Roman, serif;\"><span style=\"font-size: medium;\"><span style=\"color: #000000;\"><span style=\"font-family: Calibri Light, serif;\">L\u2019objectiu de l\u2019AFA, \u00e9s contribuir a la millora de la qualitat de l\u2019ensenyament. <\/span><\/span><\/span><\/span><\/p>\n<p><span style=\"font-family: Times New Roman, serif;\"><span style=\"font-size: medium;\"><span style=\"color: #444444;\"><span style=\"font-family: Calibri Light, serif;\">La participaci\u00f3 de les fam\u00edlies \u00e9s un dels valors fonamentals de l\u2019ensenyament p\u00fablic. Resulta b\u00e0sic que continuem involucrant-nos en l\u2019educaci\u00f3 dels nostres fills i filles. Aix\u00f2 significa una aportaci\u00f3 col\u00b7lectiva d\u2019idees, opinions i propostes constructives.<\/span><\/span><\/span><\/span><\/p>\n<p><span style=\"font-family: Times New Roman, serif;\"><span style=\"font-size: medium;\"><span style=\"color: #000000;\"><span style=\"font-family: Calibri Light, serif;\">L\u2019AFA fa d\u2019interlocutor amb el professorat i l\u2019equip directiu per tractar temes que afecten i interessen a les fam\u00edlies. Recull les seves opinions i demandes sobre el funcionament del Centre i sobre temes educatius en general. Administra i gestiona els recursos que aporten els associats.<\/span><\/span><\/span><\/span><\/p>\n<p><span style=\"color: #333333;\"><span style=\"font-family: Calibri Light, serif;\"><span style=\"font-size: large;\"><b>Qu\u00e8 fem ?<\/b><\/span><\/span><\/span><\/p>\n<ul>\n<li><span style=\"color: #444444;\"><span style=\"font-family: Calibri Light, serif;\"><span style=\"font-size: medium;\">Ens\u00a0<\/span><\/span><\/span><span style=\"color: #444444;\"><span style=\"font-family: Calibri Light, serif;\"><span style=\"font-size: medium;\"><b>coordinem amb l\u2019equip directiu<\/b><\/span><\/span><\/span><span style=\"color: #444444;\"><span style=\"font-family: Calibri Light, serif;\"><span style=\"font-size: medium;\">\u00a0del centre per contribuir a millorar el projecte educatiu i per afavorir la comunicaci\u00f3 de les fam\u00edlies amb l\u2019equip docent.<\/span><\/span><\/span><\/li>\n<li><span style=\"color: #444444;\"><span style=\"font-family: Calibri Light, serif;\"><span style=\"font-size: medium;\">Promovem el desenvolupament d\u2019<\/span><\/span><\/span><span style=\"color: #444444;\"><span style=\"font-family: Calibri Light, serif;\"><span style=\"font-size: medium;\"><b>activitats diverses per a l\u2019alumnat fora de l\u2019horari lectiu<\/b><\/span><\/span><\/span><span style=\"color: #444444;\"><span style=\"font-family: Calibri Light, serif;\"><span style=\"font-size: medium;\"> com per exemple els tallers d\u2019estudi assistit.<\/span><\/span><\/span><\/li>\n<li><span style=\"color: #444444;\"><span style=\"font-family: Calibri Light, serif;\"><span style=\"font-size: medium;\">Proposem\u00a0<\/span><\/span><\/span><span style=\"color: #444444;\"><span style=\"font-family: Calibri Light, serif;\"><span style=\"font-size: medium;\"><b>activitats de debat, reflexi\u00f3 o formatives<\/b><\/span><\/span><\/span><span style=\"color: #444444;\"><span style=\"font-family: Calibri Light, serif;\"><span style=\"font-size: medium;\">\u00a0per a les fam\u00edlies.<\/span><\/span><\/span><\/li>\n<li><span style=\"color: #444444;\"><span style=\"font-family: Calibri Light, serif;\"><span style=\"font-size: medium;\">Participem en el\u00a0<\/span><\/span><\/span><span style=\"color: #444444;\"><span style=\"font-family: Calibri Light, serif;\"><span style=\"font-size: medium;\"><b>Consell Escolar\u00a0<\/b><\/span><\/span><\/span><span style=\"color: #444444;\"><span style=\"font-family: Calibri Light, serif;\"><span style=\"font-size: medium;\">del centre i en\u00a0<\/span><\/span><\/span><span style=\"color: #444444;\"><span style=\"font-family: Calibri Light, serif;\"><span style=\"font-size: medium;\"><b>altres f\u00f2rums educatius<\/b><\/span><\/span><\/span><span style=\"color: #444444;\"><span style=\"font-family: Calibri Light, serif;\"><span style=\"font-size: medium;\">\u00a0de Cerdanyola.<\/span><\/span><\/span><\/li>\n<li><span style=\"color: #444444;\"><span style=\"font-family: Calibri Light, serif;\"><span style=\"font-size: medium;\">Ens responsabilitzem d\u2019alguns dels\u00a0<\/span><\/span><\/span><span style=\"color: #444444;\"><span style=\"font-family: Calibri Light, serif;\"><span style=\"font-size: medium;\"><b>serveis complementaris<\/b><\/span><\/span><\/span><span style=\"color: #444444;\"><span style=\"font-family: Calibri Light, serif;\"><span style=\"font-size: medium;\">\u00a0(socialitzaci\u00f3 de llibres, armariets\u2026) que puguin facilitar l\u2019acci\u00f3 educativa del centre.<\/span><\/span><\/span><\/li>\n<li><span style=\"color: #444444;\"><span style=\"font-family: Calibri Light, serif;\"><span style=\"font-size: medium;\">Participem i \/o col\u00b7laborarem en els\u00a0<\/span><\/span><\/span><span style=\"color: #444444;\"><span style=\"font-family: Calibri Light, serif;\"><span style=\"font-size: medium;\"><b>actes escolars m\u00e9s significatius<\/b><\/span><\/span><\/span><span style=\"color: #444444;\"><span style=\"font-family: Calibri Light, serif;\"><span style=\"font-size: medium;\">, incloent els de caire festiu i cultural.<\/span><\/span><\/span><\/li>\n<li><span style=\"color: #444444;\"><span style=\"font-family: Calibri Light, serif;\"><span style=\"font-size: medium;\">Si escau, contribu\u00efm\u00a0<\/span><\/span><\/span><span style=\"color: #444444;\"><span style=\"font-family: Calibri Light, serif;\"><span style=\"font-size: medium;\"><b>econ\u00f2micament<\/b><\/span><\/span><\/span><span style=\"color: #444444;\"><span style=\"font-family: Calibri Light, serif;\"><span style=\"font-size: medium;\">\u00a0perqu\u00e8 el centre pugui gaudir de millors instal\u00b7lacions o d\u2019una millora qualitativa en la formaci\u00f3 dels i les alumnes.<\/span><\/span><\/span><\/li>\n<\/ul>\n<p><span style=\"color: #333333;\"><span style=\"font-family: Calibri Light, serif;\"><span style=\"font-size: large;\"><b>Com ho fem ?<\/b><\/span><\/span><\/span><\/p>\n<p><span style=\"color: #444444;\"><span style=\"font-family: Calibri Light, serif;\"><span style=\"font-size: medium;\">Tots els membres de la junta pertanyem, com a m\u00ednim, a una comissi\u00f3 per\u00f2 tamb\u00e9<\/span><\/span><\/span><span style=\"color: #444444;\"><span style=\"font-family: Calibri Light, serif;\"><span style=\"font-size: medium;\"><b>\u00a0s\u2019admet la participaci\u00f3 a l\u2019activitat de les comissions de persones que no formen part de la junta<\/b><\/span><\/span><\/span><span style=\"color: #444444;\"><span style=\"font-family: Calibri Light, serif;\"><span style=\"font-size: medium;\">.<\/span><\/span><\/span><\/p>\n<p><span style=\"color: #444444;\"><span style=\"font-family: Calibri Light, serif;\"><span style=\"font-size: medium;\">Algunes de les comissions s\u00f3n:<\/span><\/span><\/span><\/p>\n<ul>\n<li><span style=\"color: #444444;\"><span style=\"font-family: Calibri Light, serif;\"><span style=\"font-size: medium;\"><b>Activitats<\/b><\/span><\/span><\/span><span style=\"color: #444444;\"><span style=\"font-family: Calibri Light, serif;\"><span style=\"font-size: medium;\">: Sant Jordi, projecte solidari, festa de graduaci\u00f3 als \u00faltims cursos&#8230;<\/span><\/span><\/span><\/li>\n<li><span style=\"color: #444444;\"><span style=\"font-family: Calibri Light, serif;\"><span style=\"font-size: medium;\"><b>Comunicaci\u00f3<\/b><\/span><\/span><\/span><span style=\"color: #444444;\"><span style=\"font-family: Calibri Light, serif;\"><span style=\"font-size: medium;\">: web, XXSS i altres accions de comunicaci\u00f3.<\/span><\/span><\/span><\/li>\n<li><span style=\"color: #444444;\"><span style=\"font-family: Calibri Light, serif;\"><span style=\"font-size: medium;\"><b>Comunitat educativa<\/b><\/span><\/span><\/span><span style=\"color: #444444;\"><span style=\"font-family: Calibri Light, serif;\"><span style=\"font-size: medium;\">: seguiment del projecte educatiu de l\u2019institut. Conviv\u00e8ncia. \u00das del catal\u00e0 (PLC)<\/span><\/span><\/span><\/li>\n<li><span style=\"color: #444444;\"><span style=\"font-family: Calibri Light, serif;\"><span style=\"font-size: medium;\"><b>Escola de fam\u00edlies<\/b><\/span><\/span><\/span><span style=\"color: #444444;\"><span style=\"font-family: Calibri Light, serif;\"><span style=\"font-size: medium;\">: xerrades, tallers o altres propostes formatives.<\/span><\/span><\/span><\/li>\n<li><span style=\"color: #444444;\"><span style=\"font-family: Calibri Light, serif;\"><span style=\"font-size: medium;\"><b>Relacions externes:<\/b><\/span><\/span><\/span><span style=\"color: #444444;\"><span style=\"font-family: Calibri Light, serif;\"><span style=\"font-size: medium;\">\u00a0Consell Escolar Municipal, Plataforma d\u2019ampes\/afas de Cerdanyola (PAC) i altres.<\/span><\/span><\/span><\/li>\n<li><span style=\"color: #444444;\"><span style=\"font-family: Calibri Light, serif;\"><span style=\"font-size: medium;\"><b>Serveis<\/b><\/span><\/span><\/span><span style=\"color: #444444;\"><span style=\"font-family: Calibri Light, serif;\"><span style=\"font-size: medium;\">: socialitzaci\u00f3 de llibres i lloguer d\u2019armariets.(Guixetes)<\/span><\/span><\/span><\/li>\n<\/ul>\n<p><span style=\"color: #444444;\"><span style=\"font-family: Calibri Light, serif;\"><span style=\"font-size: large;\"><b>Com podeu contactar amb nosaltres?<\/b><\/span><\/span><\/span><\/p>\n<p><span style=\"color: #444444;\"><span style=\"font-family: Calibri Light, serif;\"><span style=\"font-size: medium;\">Els nostres correus electr\u00f2nics s\u00f3n:<\/span><\/span><\/span><\/p>\n<p><span style=\"color: #000000;\">\u2022 <\/span><span style=\"color: #000000;\"><span style=\"font-family: Calibri Light, serif;\"><span style=\"font-size: medium;\">Tens algun dubte o\u00a0suggeriment? Tens temps i ganes per col\u00b7laborar a l&#8217;AFA? Escriu-nos aqu\u00ed i et contestarem\u00a0al m\u00e9s aviat possible.<br \/>\n<\/span><\/span><\/span><span style=\"color: #0563c1;\"><u><a href=\"mailto:AFAGorgs@institutgorgs.cat\"><span style=\"font-family: Calibri Light, serif;\"><span style=\"font-size: medium;\">AFAGorgs@institutgorgs.cat<\/span><\/span><\/a><\/u><\/span><\/p>\n<p><span style=\"color: #000000;\"><span style=\"font-family: Calibri Light, serif;\"><span style=\"font-size: medium;\"><br \/>\n\u2022 Per qualsevol tema relacionat amb els tallers d&#8217;estudi assistit que es realitzen al nostre institut dilluns i dimecres de 16 a\u00a017.30\u202fh<br \/>\n<\/span><\/span><\/span><span style=\"color: #0563c1;\"><u><a href=\"mailto:estudiassistit@institutgorgs.cat\"><span style=\"font-family: Calibri Light, serif;\"><span style=\"font-size: medium;\">estudiassistit@institutgorgs.cat<\/span><\/span><\/a><\/u><\/span><\/p>\n<p><span style=\"color: #000000;\"><span style=\"font-family: Calibri Light, serif;\"><span style=\"font-size: medium;\"><br \/>\n\u2022 Portes molts llibres a la motxilla i no vols anar\u00a0tan\u00a0carregat? Has perdut la clau del teu\u00a0armariet\u00a0i necessites una c\u00f2pia? Aquest \u00e9s el teu mail!<br \/>\n<\/span><\/span><\/span><span style=\"color: #0563c1;\"><u><a href=\"mailto:guixetes@institutgorgs.cat\"><span style=\"font-family: Calibri Light, serif;\"><span style=\"font-size: medium;\">guixetes@institutgorgs.cat<\/span><\/span><\/a><\/u><\/span><\/p>\n<p><span style=\"color: #000000;\">\u2022 <\/span><span style=\"color: #0563c1;\"><span style=\"color: #000000;\"><span style=\"font-family: Calibri Light, serif;\"><span style=\"font-size: medium;\">L\u2019 Associaci\u00f3 esportiva gestiona les activitats extraescolars <\/span><\/span><\/span><\/span><span style=\"color: #0563c1;\"><u><a href=\"..\/..\/..\/..\/Downloads\/aeegorgs@institutgorgs.cat\"><span style=\"font-family: Calibri Light, serif;\"><span style=\"font-size: medium;\">aeegorgs@institutgorgs.cat<\/span><\/span><\/a><\/u><\/span><\/p>\n<p><span style=\"color: #000000;\"><span style=\"font-family: Calibri Light, serif;\"><span style=\"font-size: medium;\"><br \/>\nNo tenim un horari d&#8217;atenci\u00f3 presencial establert. Si necessites que ens\u00a0veiem, envia&#8217;ns un correu electr\u00f2nic a <\/span><\/span><\/span><span style=\"color: #0563c1;\"><u><a href=\"mailto:afagorgs@institutgorgs.cat\"><span style=\"font-family: Calibri Light, serif;\"><span style=\"font-size: medium;\">afagorgs@institutgorgs.cat<\/span><\/span><\/a><\/u><\/span><span style=\"color: #000000;\"><span style=\"font-family: Calibri Light, serif;\"><span style=\"font-size: medium;\"> i buscarem\u00a0una hora\u00a0per trobar-nos<\/span><\/span><\/span><span style=\"color: #000000;\"><span style=\"font-family: Calibri Light, serif;\">.<\/span><\/span><\/p>\n","protected":false},"excerpt":{"rendered":"<p>&nbsp; L\u2019Associaci\u00f3 de fam\u00edlies d\u2019alumnes, AFA, \u00e9s l\u2019entitat, sense afany de lucre, que agrupa i representa totes les fam\u00edlies de l\u2019Institut T\u00e9 els seus propis estatuts. L\u2019objectiu de l\u2019AFA, \u00e9s contribuir a la millora de la qualitat de l\u2019ensenyament. La participaci\u00f3 de les fam\u00edlies \u00e9s un dels valors fonamentals de l\u2019ensenyament p\u00fablic. Resulta b\u00e0sic que [&hellip;]<\/p>\n","protected":false},"author":256,"featured_media":0,"parent":0,"menu_order":0,"comment_status":"closed","ping_status":"closed","template":"","meta":{"_bbp_topic_count":0,"_bbp_reply_count":0,"_bbp_total_topic_count":0,"_bbp_total_reply_count":0,"_bbp_voice_count":0,"_bbp_anonymous_reply_count":0,"_bbp_topic_count_hidden":0,"_bbp_reply_count_hidden":0,"_bbp_forum_subforum_count":0,"site-sidebar-layout":"default","site-content-layout":"","ast-site-content-layout":"","site-content-style":"default","site-sidebar-style":"default","ast-global-header-display":"","ast-banner-title-visibility":"","ast-main-header-display":"","ast-hfb-above-header-display":"","ast-hfb-below-header-display":"","ast-hfb-mobile-header-display":"","site-post-title":"","ast-breadcrumbs-content":"","ast-featured-img":"","footer-sml-layout":"","theme-transparent-header-meta":"","adv-header-id-meta":"","stick-header-meta":"","header-above-stick-meta":"","header-main-stick-meta":"","header-below-stick-meta":"","astra-migrate-meta-layouts":"default","ast-page-background-enabled":"default","ast-page-background-meta":{"desktop":{"background-color":"var(--ast-global-color-4)","background-image":"","background-repeat":"repeat","background-position":"center center","background-size":"auto","background-attachment":"scroll","background-type":"","background-media":"","overlay-type":"","overlay-color":"","overlay-opacity":"","overlay-gradient":""},"tablet":{"background-color":"","background-image":"","background-repeat":"repeat","background-position":"center center","background-size":"auto","background-attachment":"scroll","background-type":"","background-media":"","overlay-type":"","overlay-color":"","overlay-opacity":"","overlay-gradient":""},"mobile":{"background-color":"","background-image":"","background-repeat":"repeat","background-position":"center center","background-size":"auto","background-attachment":"scroll","background-type":"","background-media":"","overlay-type":"","overlay-color":"","overlay-opacity":"","overlay-gradient":""}},"ast-content-background-meta":{"desktop":{"background-color":"var(--ast-global-color-5)","background-image":"","background-repeat":"repeat","background-position":"center center","background-size":"auto","background-attachment":"scroll","background-type":"","background-media":"","overlay-type":"","overlay-color":"","overlay-opacity":"","overlay-gradient":""},"tablet":{"background-color":"var(--ast-global-color-5)","background-image":"","background-repeat":"repeat","background-position":"center center","background-size":"auto","background-attachment":"scroll","background-type":"","background-media":"","overlay-type":"","overlay-color":"","overlay-opacity":"","overlay-gradient":""},"mobile":{"background-color":"var(--ast-global-color-5)","background-image":"","background-repeat":"repeat","background-position":"center center","background-size":"auto","background-attachment":"scroll","background-type":"","background-media":"","overlay-type":"","overlay-color":"","overlay-opacity":"","overlay-gradient":""}},"footnotes":""},"class_list":["post-6153","page","type-page","status-publish","hentry"],"post_mailing_queue_ids":[],"_links":{"self":[{"href":"https:\/\/agora.xtec.cat\/ies-gorgs\/wp-json\/wp\/v2\/pages\/6153","targetHints":{"allow":["GET"]}}],"collection":[{"href":"https:\/\/agora.xtec.cat\/ies-gorgs\/wp-json\/wp\/v2\/pages"}],"about":[{"href":"https:\/\/agora.xtec.cat\/ies-gorgs\/wp-json\/wp\/v2\/types\/page"}],"author":[{"embeddable":true,"href":"https:\/\/agora.xtec.cat\/ies-gorgs\/wp-json\/wp\/v2\/users\/256"}],"replies":[{"embeddable":true,"href":"https:\/\/agora.xtec.cat\/ies-gorgs\/wp-json\/wp\/v2\/comments?post=6153"}],"version-history":[{"count":6,"href":"https:\/\/agora.xtec.cat\/ies-gorgs\/wp-json\/wp\/v2\/pages\/6153\/revisions"}],"predecessor-version":[{"id":8509,"href":"https:\/\/agora.xtec.cat\/ies-gorgs\/wp-json\/wp\/v2\/pages\/6153\/revisions\/8509"}],"wp:attachment":[{"href":"https:\/\/agora.xtec.cat\/ies-gorgs\/wp-json\/wp\/v2\/media?parent=6153"}],"curies":[{"name":"wp","href":"https:\/\/api.w.org\/{rel}","templated":true}]}}