{"id":567,"date":"2016-11-01T16:15:59","date_gmt":"2016-11-01T15:15:59","guid":{"rendered":"http:\/\/agora.xtec.cat\/ies-gorgs\/?page_id=567"},"modified":"2018-04-04T14:01:27","modified_gmt":"2018-04-04T12:01:27","slug":"gep","status":"publish","type":"page","link":"https:\/\/agora.xtec.cat\/ies-gorgs\/projecte\/gep\/","title":{"rendered":"GEP"},"content":{"rendered":"<p><img loading=\"lazy\" decoding=\"async\" class=\"aligncenter\" src=\"http:\/\/www.xtec.cat\/img_seccions\/marcpluri_top_540.png\" width=\"540\" height=\"70\" \/><\/p>\n<h5>Projecte GEP i creaci\u00f3 del grup impulsor<\/h5>\n<p>El curs 2016-17 el centre engega el <strong>GEP (Grup d&#8217;Experimentaci\u00f3 Pluriling\u00fce)<\/strong> amb la participaci\u00f3 de 3 professors del centre que tenen l&#8217;objectiu de formar-se per impartir classes de les mat\u00e8ries de tecnologia, ci\u00e8ncies i dibuix en llengua anglesa com a llengua vehicular. Es crea el grup impulsor que durant 3 anys s&#8217;ha de formar i ha d&#8217;acabar consolidant el model pluriling\u00fce al centre.<\/p>\n<table class=\" aligncenter\" style=\"width: 995px;\">\n<tbody>\n<tr>\n<td style=\"width: 520px; text-align: left;\">\n<h5><a href=\"http:\/\/agora.xtec.cat\/ies-gorgs\/categoria\/project\/\"><strong>Projectes GEP<\/strong><\/a><\/h5>\n<\/td>\n<td style=\"width: 466px; text-align: left;\">\n<h5><strong>Grup impulsor<\/strong><\/h5>\n<\/td>\n<\/tr>\n<tr>\n<td style=\"width: 520px;\">Els projectes emmarcats dins del GEP s\u00f3n projectes on es fomenta la metodologia d&#8217;AICLE i l&#8217;ABP. A continuaci\u00f3 teniu un recull de tots els projectes que s&#8217;han dut a terme o s&#8217;estan generant en l&#8217;actualitat:<\/p>\n<h6><strong>Projectes del curs 2016-17:<\/strong><\/h6>\n<ul>\n<li><strong>Ci\u00e8ncies<\/strong>:\n<ul>\n<li>Science Project I: <a href=\"http:\/\/agora.xtec.cat\/ies-gorgs\/categoria\/project\/science\/\">Student competition: the search for the strangest species on Earth<\/a><\/li>\n<li>Science Project II: <a href=\"http:\/\/agora.xtec.cat\/ies-gorgs\/categoria\/project\/gep\/scienceproject2\/\">The six kingdoms<\/a><\/li>\n<\/ul>\n<\/li>\n<li><strong>Tecnologia<\/strong>:\n<ul>\n<li>Technology Project: <a href=\"http:\/\/agora.xtec.cat\/ies-gorgs\/categoria\/project\/gep\/tecproject\/\">The technological design process<\/a><\/li>\n<\/ul>\n<\/li>\n<li><strong>Dibuix<\/strong>:\n<ul>\n<li>Arts &amp; Crafts: <a href=\"http:\/\/agora.xtec.cat\/ies-gorgs\/categoria\/project\/gep\/vipproject\/\">Drawing on the right side of the brain<\/a><\/li>\n<\/ul>\n<\/li>\n<\/ul>\n<h6><strong>Projectes del curs 2017-18:<\/strong><\/h6>\n<ul>\n<li><strong>Ci\u00e8ncies<\/strong>:\n<ul>\n<li><a href=\"http:\/\/agora.xtec.cat\/ies-gorgs\/categoria\/project\/gep\/scienceproject2\/\">The six kingdoms (reloaded)<\/a><\/li>\n<li><a href=\"https:\/\/florenz29.wixsite.com\/felipsportfolio\">We have a BIG problem: How can a teenager save the world?<\/a><\/li>\n<\/ul>\n<\/li>\n<li><strong>Tecnologia<\/strong>:\n<ul>\n<li>Technology Project: <a href=\"http:\/\/naymarescue.wixsite.com\/ardugorgs\">Smartcities<\/a><\/li>\n<\/ul>\n<\/li>\n<\/ul>\n<\/td>\n<td style=\"width: 466px;\">Durant el curs 2017-18 comencen les reunions de coordinaci\u00f3 GEP.<\/p>\n<p>En aquestes reunions el grup impulsor gestiona les diferents activitats que els professors comencen a fer dins del marc del pluriling\u00fcisme en les seves mat\u00e8ries.<\/p>\n<p>Es fa un recull i una posada en com\u00fa de les accions que el professorat comen\u00e7a a treballar dins de les seves mat\u00e8ries.<\/p>\n<p>Amb la coordinaci\u00f3 i la implicaci\u00f3 del professorat es pret\u00e9n que l&#8217;angl\u00e8s esdevingui una llengua vehicular m\u00e9s ja que afavoreix que l&#8217;alumnat estigui en contacte el m\u00e0xim temps possible amb aquesta i la faci servir com a llengua vehicular.<\/td>\n<\/tr>\n<\/tbody>\n<\/table>\n<p><!--more--><\/p>\n<h5><strong>Qu\u00e8 \u00e9s el GEP?<\/strong><\/h5>\n<p>El Grup d&#8217;Experimentaci\u00f3 per al Pluriling\u00fcisme es posa en marxa per assolir els objectius d&#8217;<a href=\"http:\/\/ec.europa.eu\/europe2020\/index_en.htm\" target=\"_blank\" rel=\"noopener noreferrer\">Europa 2020<\/a> vers la competitivitat europea, els principis d&#8217;internacionalitzaci\u00f3 i d&#8217;\u00e8xit escolar de l&#8217;<a href=\"http:\/\/www.govern.cat\/pres_gov\/AppJava\/govern\/govern\/consell-executiu\/acords-govern\/notapremsa-209708.html?mode=static\" target=\"_blank\" rel=\"noopener noreferrer\">acord de govern<\/a>, i s&#8217;alinea amb els compromisos de qualitat del Marc per al Pluriling\u00fcisme del sistema educatiu a Catalunya.<\/p>\n<p>Les actuacions innovadores en els \u00e0mbits d&#8217;organitzaci\u00f3 escolar, disseny curricular i aplicaci\u00f3 metodol\u00f2gica a l&#8217;aula donen continu\u00eftat a l&#8217;autonomia de centre en el seu desplegament i consolidaci\u00f3 al Projecte Ling\u00fc\u00edstic, i les l\u00ednies d&#8217;aplicaci\u00f3 del Pla de Lectura escolar, el treball transversal de les compet\u00e8ncies b\u00e0siques i les accions de col\u00b7laboraci\u00f3 per a la resoluci\u00f3 de problemes previstos en els plantejaments avaluadors de la <a href=\"http:\/\/www.oecd.org\/pisa\/pisaproducts\/pisa2015draftframeworks.htm\" target=\"_blank\" rel=\"noopener noreferrer\">OCDE 2015<\/a>.<\/p>\n<h6>Reflexi\u00f3 en els centres escolars<\/h6>\n<p>El coneixement i l\u2019\u00fas de diferents lleng\u00fces ha esdevingut una necessitat fonamental i un dret per als ciutadans d\u2019una societat global com la nostra. El coneixement d\u2019una o m\u00e9s lleng\u00fces estrangeres, a m\u00e9s de les oficials i\/o pr\u00f2pies de l\u2019individu, garanteix l\u2019adquisici\u00f3 dels processos d\u2019aprenentatge i la millora cont\u00ednua de l\u2019aprenent.<\/p>\n<p>L\u2019\u00fas de diferents lleng\u00fces per a accedir al coneixement \u00e9s una pr\u00e0ctica que l\u2019individu ha de desenvolupar des de l&#8217;edat escolar per tal d\u2019establir les bases que li permetran aprendre qualsevol llengua de forma eficient. Aix\u00ed doncs, es recomana que a les aules, els continguts de les diferents \u00e0rees es treballin mitjan\u00e7ant la utilitzaci\u00f3 d\u2019una tipologia de textos variada, emprant fonts i recursos diferents i sense limitaci\u00f3 en l\u2019\u00fas de les lleng\u00fces.<\/p>\n<p>Els centres escolars treballen en la reflexi\u00f3 i l&#8217;acci\u00f3 per tal d&#8217;establir el paper de les lleng\u00fces en la comunitat educativa:<\/p>\n<p style=\"padding-left: 30px;\">&#8211; Els usos ling\u00fc\u00edstics de la llengua catalana en el centre i el paper de les altres lleng\u00fces oficials.<\/p>\n<p style=\"padding-left: 30px;\">&#8211; El desplegament d&#8217;accions docents per a l&#8217;aprenentatge de les lleng\u00fces estrangeres curriculars.<\/p>\n<p style=\"padding-left: 30px;\">&#8211; Les accions de context per a incorporar a la comunitat educativa l&#8217;aprenentatge de les lleng\u00fces no curriculars que s\u00f3n pr\u00f2pies de l&#8217;alumnat i de les seves fam\u00edlies.<\/p>\n<p>&nbsp;<\/p>\n<div class=\"basic_text_peq col-xs-12\"><\/div>\n<h6 class=\"basic_text_peq col-xs-12\" style=\"text-align: center;\">Centres participants<\/h6>\n<div class=\"basic_text_peq col-xs-12\"><\/div>\n<p style=\"text-align: center;\"><iframe loading=\"lazy\" src=\"https:\/\/www.google.com\/maps\/d\/embed?mid=1CIHtvUtQZ6ptynXocYeAoCX4rfQ\" width=\"640\" height=\"480\"><\/iframe><\/p>\n<p style=\"text-align: center;\">Per m\u00e9s informaci\u00f3 feu <a href=\"http:\/\/xtec.gencat.cat\/ca\/projectes\/plurilinguisme\/\">click<\/a>.<\/p>\n<p style=\"text-align: center;\">Amb el suport de:<\/p>\n<p style=\"text-align: center;\"><a href=\"http:\/\/www.britishcouncil.org\/\" target=\"_blank\" rel=\"noopener noreferrer\"><img decoding=\"async\" src=\"http:\/\/xtec.gencat.cat\/web\/.content\/alfresco\/d\/d\/workspace\/SpacesStore\/0012\/3db50ead-f286-497e-b117-c912b05bf6f3\/logo_-british_council_escalat.jpg\" alt=\"\" \/><\/a> <a href=\"http:\/\/www.cambridge.org\/es\/elt\/?site_locale=es_ES\" target=\"_blank\" rel=\"noopener noreferrer\"><img decoding=\"async\" src=\"http:\/\/xtec.gencat.cat\/web\/.content\/alfresco\/d\/d\/workspace\/SpacesStore\/0059\/829c80c8-cc9a-4f72-a282-9aaa06c85c25\/Logo_Cambridge2.jpg\" alt=\"\" \/><\/a> <a href=\"http:\/\/www.oupe.es\/es\/Paginas\/Home.aspx\" target=\"_blank\" rel=\"noopener noreferrer\"><img decoding=\"async\" src=\"http:\/\/xtec.gencat.cat\/web\/.content\/alfresco\/d\/d\/workspace\/SpacesStore\/0063\/8ffcaa5c-10a7-4fdf-a90d-229099ae3bed\/Logo_OUP_escalat.jpg\" alt=\"\" \/><\/a> <a href=\"http:\/\/www.trinitycollege.co.uk\/site\/?id=623\" target=\"_blank\" rel=\"noopener noreferrer\"><img decoding=\"async\" src=\"http:\/\/xtec.gencat.cat\/web\/.content\/alfresco\/d\/d\/workspace\/SpacesStore\/0055\/70fa38e2-92f5-4e58-b638-058aede22117\/trinity_benescalat.png\" alt=\"\" \/><\/a> <a href=\"http:\/\/grupsderecerca.uab.cat\/clilsi\/\" target=\"_blank\" rel=\"noopener noreferrer\"><img decoding=\"async\" src=\"http:\/\/xtec.gencat.cat\/web\/.content\/alfresco\/d\/d\/workspace\/SpacesStore\/0015\/4f278c06-1668-4700-9350-4abdfe077f64\/clilsi-1.png\" alt=\"\" \/><\/a><\/p>\n","protected":false},"excerpt":{"rendered":"<p>Projecte GEP i creaci\u00f3 del grup impulsor El curs 2016-17 el centre engega el GEP (Grup d&#8217;Experimentaci\u00f3 Pluriling\u00fce) amb la participaci\u00f3 de 3 professors del centre que tenen l&#8217;objectiu de formar-se per impartir classes de les mat\u00e8ries de tecnologia, ci\u00e8ncies i dibuix en llengua anglesa com a llengua vehicular. Es crea el grup impulsor que [&hellip;]<\/p>\n","protected":false},"author":1,"featured_media":0,"parent":57,"menu_order":0,"comment_status":"closed","ping_status":"closed","template":"page-templates\/side-menu.php","meta":{"_bbp_topic_count":0,"_bbp_reply_count":0,"_bbp_total_topic_count":0,"_bbp_total_reply_count":0,"_bbp_voice_count":0,"_bbp_anonymous_reply_count":0,"_bbp_topic_count_hidden":0,"_bbp_reply_count_hidden":0,"_bbp_forum_subforum_count":0,"site-sidebar-layout":"default","site-content-layout":"","ast-site-content-layout":"","site-content-style":"default","site-sidebar-style":"default","ast-global-header-display":"","ast-banner-title-visibility":"","ast-main-header-display":"","ast-hfb-above-header-display":"","ast-hfb-below-header-display":"","ast-hfb-mobile-header-display":"","site-post-title":"","ast-breadcrumbs-content":"","ast-featured-img":"","footer-sml-layout":"","theme-transparent-header-meta":"","adv-header-id-meta":"","stick-header-meta":"","header-above-stick-meta":"","header-main-stick-meta":"","header-below-stick-meta":"","astra-migrate-meta-layouts":"default","ast-page-background-enabled":"default","ast-page-background-meta":{"desktop":{"background-color":"var(--ast-global-color-4)","background-image":"","background-repeat":"repeat","background-position":"center center","background-size":"auto","background-attachment":"scroll","background-type":"","background-media":"","overlay-type":"","overlay-color":"","overlay-opacity":"","overlay-gradient":""},"tablet":{"background-color":"","background-image":"","background-repeat":"repeat","background-position":"center center","background-size":"auto","background-attachment":"scroll","background-type":"","background-media":"","overlay-type":"","overlay-color":"","overlay-opacity":"","overlay-gradient":""},"mobile":{"background-color":"","background-image":"","background-repeat":"repeat","background-position":"center center","background-size":"auto","background-attachment":"scroll","background-type":"","background-media":"","overlay-type":"","overlay-color":"","overlay-opacity":"","overlay-gradient":""}},"ast-content-background-meta":{"desktop":{"background-color":"var(--ast-global-color-5)","background-image":"","background-repeat":"repeat","background-position":"center center","background-size":"auto","background-attachment":"scroll","background-type":"","background-media":"","overlay-type":"","overlay-color":"","overlay-opacity":"","overlay-gradient":""},"tablet":{"background-color":"var(--ast-global-color-5)","background-image":"","background-repeat":"repeat","background-position":"center center","background-size":"auto","background-attachment":"scroll","background-type":"","background-media":"","overlay-type":"","overlay-color":"","overlay-opacity":"","overlay-gradient":""},"mobile":{"background-color":"var(--ast-global-color-5)","background-image":"","background-repeat":"repeat","background-position":"center center","background-size":"auto","background-attachment":"scroll","background-type":"","background-media":"","overlay-type":"","overlay-color":"","overlay-opacity":"","overlay-gradient":""}},"footnotes":""},"class_list":["post-567","page","type-page","status-publish","hentry"],"post_mailing_queue_ids":[],"_links":{"self":[{"href":"https:\/\/agora.xtec.cat\/ies-gorgs\/wp-json\/wp\/v2\/pages\/567","targetHints":{"allow":["GET"]}}],"collection":[{"href":"https:\/\/agora.xtec.cat\/ies-gorgs\/wp-json\/wp\/v2\/pages"}],"about":[{"href":"https:\/\/agora.xtec.cat\/ies-gorgs\/wp-json\/wp\/v2\/types\/page"}],"author":[{"embeddable":true,"href":"https:\/\/agora.xtec.cat\/ies-gorgs\/wp-json\/wp\/v2\/users\/1"}],"replies":[{"embeddable":true,"href":"https:\/\/agora.xtec.cat\/ies-gorgs\/wp-json\/wp\/v2\/comments?post=567"}],"version-history":[{"count":5,"href":"https:\/\/agora.xtec.cat\/ies-gorgs\/wp-json\/wp\/v2\/pages\/567\/revisions"}],"predecessor-version":[{"id":3274,"href":"https:\/\/agora.xtec.cat\/ies-gorgs\/wp-json\/wp\/v2\/pages\/567\/revisions\/3274"}],"up":[{"embeddable":true,"href":"https:\/\/agora.xtec.cat\/ies-gorgs\/wp-json\/wp\/v2\/pages\/57"}],"wp:attachment":[{"href":"https:\/\/agora.xtec.cat\/ies-gorgs\/wp-json\/wp\/v2\/media?parent=567"}],"curies":[{"name":"wp","href":"https:\/\/api.w.org\/{rel}","templated":true}]}}