{"id":564,"date":"2016-11-01T16:09:33","date_gmt":"2016-11-01T15:09:33","guid":{"rendered":"http:\/\/agora.xtec.cat\/ies-gorgs\/?page_id=564"},"modified":"2019-03-18T22:40:16","modified_gmt":"2019-03-18T21:40:16","slug":"camps-daprenentatge-i-estades-daventura","status":"publish","type":"page","link":"https:\/\/agora.xtec.cat\/ies-gorgs\/projecte\/camps-daprenentatge-i-estades-daventura\/","title":{"rendered":"Cr\u00e8dits de s\u00edntesi als CdA i a Cala Montjoi"},"content":{"rendered":"<p><img loading=\"lazy\" decoding=\"async\" class=\"irc_mi aligncenter\" src=\"http:\/\/www.obagues.cat\/wp-content\/uploads\/2014\/11\/vistageneral2.jpg\" alt=\"Imagen relacionada\" width=\"471\" height=\"314\" \/><\/p>\n<h5>\u00a0&#8212;&#8212;&#8212;&#8212;&#8212;&#8212;&#8212;&#8212;&#8212;&#8212;&#8212;&#8212;&#8212;&#8212;&#8212;&#8212;&#8212;&#8212;&#8212;&#8212;&#8212;&#8212;&#8212;<\/h5>\n<h5>\u00a0Publicaci\u00f3 <em>Lucidpress<\/em> amb els treballs del curs 2018-19<\/h5>\n<p>Seguiu <a href=\"http:\/\/pub.lucidpress.com\/e1cf92a4-8000-42ee-9bbb-44cf780f9349\/\" target=\"_blank\" rel=\"noopener\"><strong>aquest enlla\u00e7<\/strong><\/a> per accedir a la publicaci\u00f3 elaborada per l&#8217;alumnat de 1r d&#8217;ESO durant la seva estada de l&#8217;1 al 5 d&#8217;abril de 2019 .<\/p>\n<h5>\u00a0&#8212;&#8212;&#8212;&#8212;&#8212;&#8212;&#8212;&#8212;&#8212;&#8212;&#8212;&#8212;&#8212;&#8212;&#8212;&#8212;&#8212;&#8212;&#8212;&#8212;&#8212;&#8212;&#8212;<\/h5>\n<h5><\/h5>\n<h5>Qu\u00e8 s\u00f3n els cr\u00e8dits de s\u00edntesi?<\/h5>\n<p>Durant el cr\u00e8dit de s\u00edntesi es fusionen totes les assignatures en un projecte. Enguany s&#8217;ha decidit compaginar-ho amb les sortides als camps d&#8217;aprenetatge i amb les estades d&#8217;aventura. Els alumnes de 1r i 3r d&#8217;ESO realitzen el projecte de s\u00edntesis als CdA de Juneda i Tarragona respectivament.<\/p>\n<h5>Qu\u00e8 s\u00f3n els camps d&#8217;aprenentatge?<\/h5>\n<p>Els Camps d&#8217;Aprenentatge s\u00f3n serveis educatius que treballen conjuntament amb els centres educatius per promoure l\u2019aprenentatge de l\u2019alumnat a trav\u00e9s d\u2019oferir activitats did\u00e0ctiques innovadores realitzades en un medi natural o cultural singular de Catalunya i contribuir a l\u2019aprofundiment de la formaci\u00f3 competencial de l\u2019alumne.<\/p>\n<p>Ofereixen activitats did\u00e0ctiques innovadores que poden ser de m\u00e9s d\u2019un dia o d\u2019un dia. Les activitats de m\u00e9s d\u2019un dia promouen la consolidaci\u00f3 dels aprenentatges dels alumnes. Per tal d\u2019assolir els objectius d\u2019aprenentatge.<\/p>\n<h5>Quins cursos hi participen?<\/h5>\n<p>Enguany hi participen els cursos de 1r i 3r d&#8217;ESO<\/p>\n<p>Consulteu les dates en el <a href=\"http:\/\/agora.xtec.cat\/ies-gorgs\/linstitut\/calendari-del-curs\/\">calendari<\/a><\/p>\n<h5>On puc trobar m\u00e9s informaci\u00f3?<\/h5>\n<p>Seguin aquests links podreu trobar tota la informaci\u00f3: <a href=\"https:\/\/www.google.es\/url?sa=t&amp;rct=j&amp;q=&amp;esrc=s&amp;source=web&amp;cd=1&amp;cad=rja&amp;uact=8&amp;ved=0ahUKEwj59pzpqufZAhVBWBQKHbXhCYsQFgguMAA&amp;url=http%3A%2F%2Fwww.xtec.cat%2Fcda-juneda%2F&amp;usg=AOvVaw1Ov6-90NNtgwi1KSa6zOsg\">CdA Juneda<\/a>, <a href=\"https:\/\/www.google.es\/url?sa=t&amp;rct=j&amp;q=&amp;esrc=s&amp;source=web&amp;cd=1&amp;cad=rja&amp;uact=8&amp;ved=0ahUKEwjg0fTnq-fZAhXC1xQKHaxKA5EQFgguMAA&amp;url=http%3A%2F%2Fcdatarragona.net%2F&amp;usg=AOvVaw2TdxY0RyhaHKCeIwKGjY7J\">CdA Tarragona<\/a><\/p>\n<hr \/>\n<h3>Estades d&#8217;aventura a Cala Montjoi<img loading=\"lazy\" decoding=\"async\" class=\"irc_mi ixJvfpV0lpuo-pQOPx8XEepE alignright\" src=\"http:\/\/camping.campingsonline.com\/camping\/calamontjoi\/i\/logonou.jpg\" alt=\"Resultado de imagen de cala montjoi\" width=\"350\" height=\"262\" \/><\/h3>\n<h5>Qu\u00e8 s\u00f3n les estades d&#8217;aventura?<\/h5>\n<p>S\u00f3n estades que es fan des de fa molts anys promogudes pel departament d&#8217;Educaci\u00f3 F\u00edsica on l&#8217;esport i la conviv\u00e8ncia \u00e9s l&#8217;eix vertebrador de l&#8217;estada. Durant tres dies els alumnes realitzen uns seguit d&#8217;activitats (cayac, excursions, orientaci\u00f3, tir amb arc, tirolina&#8230;) en un marc incomparable com \u00e9s la Cala Montjoi.<\/p>\n<h5>Quins cursos hi participen?<\/h5>\n<p>\u00c9s una activitat pensada pels alumnes de 2n d&#8217;ESO<\/p>\n<p>Consulteu les dates en el <a href=\"http:\/\/agora.xtec.cat\/ies-gorgs\/linstitut\/calendari-del-curs\/\">calendari<\/a><\/p>\n<h5>On puc trobar m\u00e9s informaci\u00f3?<\/h5>\n<p>Podeu accedir a m\u00e9s informaci\u00f3 visitant la seva <a href=\"http:\/\/www.montjoi.com\/es\/index.html\">p\u00e0gina oficial<\/a>.<\/p>\n<p style=\"text-align: left;\">Aqui teniu un v\u00eddeo resum de l&#8217;estada dels alumnes de 2n d&#8217;ESO el curs 2011-12:<\/p>\n<div class=\"ast-oembed-container \" style=\"height: 100%;\"><iframe loading=\"lazy\" title=\"Cala Montjoi 2012 Gorgs.m4v\" width=\"500\" height=\"281\" src=\"https:\/\/www.youtube.com\/embed\/AKUUzyAo-cQ?feature=oembed\" frameborder=\"0\" allow=\"accelerometer; autoplay; clipboard-write; encrypted-media; gyroscope; picture-in-picture; web-share\" referrerpolicy=\"strict-origin-when-cross-origin\" allowfullscreen><\/iframe><\/div>\n","protected":false},"excerpt":{"rendered":"<p>\u00a0&#8212;&#8212;&#8212;&#8212;&#8212;&#8212;&#8212;&#8212;&#8212;&#8212;&#8212;&#8212;&#8212;&#8212;&#8212;&#8212;&#8212;&#8212;&#8212;&#8212;&#8212;&#8212;&#8212; \u00a0Publicaci\u00f3 Lucidpress amb els treballs del curs 2018-19 Seguiu aquest enlla\u00e7 per accedir a la publicaci\u00f3 elaborada per l&#8217;alumnat de 1r d&#8217;ESO durant la seva estada de l&#8217;1 al 5 d&#8217;abril de 2019 . \u00a0&#8212;&#8212;&#8212;&#8212;&#8212;&#8212;&#8212;&#8212;&#8212;&#8212;&#8212;&#8212;&#8212;&#8212;&#8212;&#8212;&#8212;&#8212;&#8212;&#8212;&#8212;&#8212;&#8212; Qu\u00e8 s\u00f3n els cr\u00e8dits de s\u00edntesi? Durant el cr\u00e8dit de s\u00edntesi es fusionen totes les assignatures en un projecte. [&hellip;]<\/p>\n","protected":false},"author":1,"featured_media":0,"parent":57,"menu_order":0,"comment_status":"closed","ping_status":"closed","template":"page-templates\/side-menu.php","meta":{"_bbp_topic_count":0,"_bbp_reply_count":0,"_bbp_total_topic_count":0,"_bbp_total_reply_count":0,"_bbp_voice_count":0,"_bbp_anonymous_reply_count":0,"_bbp_topic_count_hidden":0,"_bbp_reply_count_hidden":0,"_bbp_forum_subforum_count":0,"site-sidebar-layout":"default","site-content-layout":"","ast-site-content-layout":"","site-content-style":"default","site-sidebar-style":"default","ast-global-header-display":"","ast-banner-title-visibility":"","ast-main-header-display":"","ast-hfb-above-header-display":"","ast-hfb-below-header-display":"","ast-hfb-mobile-header-display":"","site-post-title":"","ast-breadcrumbs-content":"","ast-featured-img":"","footer-sml-layout":"","theme-transparent-header-meta":"","adv-header-id-meta":"","stick-header-meta":"","header-above-stick-meta":"","header-main-stick-meta":"","header-below-stick-meta":"","astra-migrate-meta-layouts":"default","ast-page-background-enabled":"default","ast-page-background-meta":{"desktop":{"background-color":"var(--ast-global-color-4)","background-image":"","background-repeat":"repeat","background-position":"center center","background-size":"auto","background-attachment":"scroll","background-type":"","background-media":"","overlay-type":"","overlay-color":"","overlay-opacity":"","overlay-gradient":""},"tablet":{"background-color":"","background-image":"","background-repeat":"repeat","background-position":"center center","background-size":"auto","background-attachment":"scroll","background-type":"","background-media":"","overlay-type":"","overlay-color":"","overlay-opacity":"","overlay-gradient":""},"mobile":{"background-color":"","background-image":"","background-repeat":"repeat","background-position":"center center","background-size":"auto","background-attachment":"scroll","background-type":"","background-media":"","overlay-type":"","overlay-color":"","overlay-opacity":"","overlay-gradient":""}},"ast-content-background-meta":{"desktop":{"background-color":"var(--ast-global-color-5)","background-image":"","background-repeat":"repeat","background-position":"center center","background-size":"auto","background-attachment":"scroll","background-type":"","background-media":"","overlay-type":"","overlay-color":"","overlay-opacity":"","overlay-gradient":""},"tablet":{"background-color":"var(--ast-global-color-5)","background-image":"","background-repeat":"repeat","background-position":"center center","background-size":"auto","background-attachment":"scroll","background-type":"","background-media":"","overlay-type":"","overlay-color":"","overlay-opacity":"","overlay-gradient":""},"mobile":{"background-color":"var(--ast-global-color-5)","background-image":"","background-repeat":"repeat","background-position":"center center","background-size":"auto","background-attachment":"scroll","background-type":"","background-media":"","overlay-type":"","overlay-color":"","overlay-opacity":"","overlay-gradient":""}},"footnotes":""},"class_list":["post-564","page","type-page","status-publish","hentry"],"post_mailing_queue_ids":[],"_links":{"self":[{"href":"https:\/\/agora.xtec.cat\/ies-gorgs\/wp-json\/wp\/v2\/pages\/564","targetHints":{"allow":["GET"]}}],"collection":[{"href":"https:\/\/agora.xtec.cat\/ies-gorgs\/wp-json\/wp\/v2\/pages"}],"about":[{"href":"https:\/\/agora.xtec.cat\/ies-gorgs\/wp-json\/wp\/v2\/types\/page"}],"author":[{"embeddable":true,"href":"https:\/\/agora.xtec.cat\/ies-gorgs\/wp-json\/wp\/v2\/users\/1"}],"replies":[{"embeddable":true,"href":"https:\/\/agora.xtec.cat\/ies-gorgs\/wp-json\/wp\/v2\/comments?post=564"}],"version-history":[{"count":4,"href":"https:\/\/agora.xtec.cat\/ies-gorgs\/wp-json\/wp\/v2\/pages\/564\/revisions"}],"predecessor-version":[{"id":4065,"href":"https:\/\/agora.xtec.cat\/ies-gorgs\/wp-json\/wp\/v2\/pages\/564\/revisions\/4065"}],"up":[{"embeddable":true,"href":"https:\/\/agora.xtec.cat\/ies-gorgs\/wp-json\/wp\/v2\/pages\/57"}],"wp:attachment":[{"href":"https:\/\/agora.xtec.cat\/ies-gorgs\/wp-json\/wp\/v2\/media?parent=564"}],"curies":[{"name":"wp","href":"https:\/\/api.w.org\/{rel}","templated":true}]}}