{"id":49,"date":"2021-09-15T16:55:55","date_gmt":"2021-09-15T14:55:55","guid":{"rendered":"http:\/\/agora.xtec.cat\/ies-gorgs\/?page_id=49"},"modified":"2024-10-25T10:43:28","modified_gmt":"2024-10-25T08:43:28","slug":"normes-dorganitzacio-i-funcionament","status":"publish","type":"page","link":"https:\/\/agora.xtec.cat\/ies-gorgs\/curs-2024-2025\/normes-dorganitzacio-i-funcionament\/","title":{"rendered":"Documents de centre"},"content":{"rendered":"<p><a href=\"http:\/\/agora.xtec.cat\/ies-gorgs\/wp-content\/uploads\/usu1501\/2016\/11\/baas-arquitectura-els-gorgs-thumbnail-1.jpg\"><img loading=\"lazy\" decoding=\"async\" class=\"wp-image-534 aligncenter\" src=\"http:\/\/agora.xtec.cat\/ies-gorgs\/wp-content\/uploads\/usu1501\/2016\/11\/baas-arquitectura-els-gorgs-thumbnail-1.jpg\" alt=\"baas-arquitectura-els-gorgs-thumbnail-1\" width=\"673\" height=\"387\" srcset=\"https:\/\/agora.xtec.cat\/ies-gorgs\/wp-content\/uploads\/usu1501\/2016\/11\/baas-arquitectura-els-gorgs-thumbnail-1.jpg 870w, https:\/\/agora.xtec.cat\/ies-gorgs\/wp-content\/uploads\/usu1501\/2016\/11\/baas-arquitectura-els-gorgs-thumbnail-1-300x172.jpg 300w, https:\/\/agora.xtec.cat\/ies-gorgs\/wp-content\/uploads\/usu1501\/2016\/11\/baas-arquitectura-els-gorgs-thumbnail-1-768x441.jpg 768w\" sizes=\"auto, (max-width: 673px) 100vw, 673px\" \/><\/a><\/p>\n<ul>\n<li><a href=\"https:\/\/agora.xtec.cat\/ies-gorgs\/wp-content\/uploads\/usu1501\/2021\/01\/PEC-Gorgs-2016.pdf\" target=\"_blank\" rel=\"noopener\">Projecte educatiu de centre (PEC) &#8211; Gorgs 2016<\/a><\/li>\n<li><a href=\"https:\/\/agora.xtec.cat\/ies-gorgs\/wp-content\/uploads\/usu1501\/2024\/08\/NOFC-Gorgs_TOT_2024.pdf\">Normes d&#8217;Organitzaci\u00f3 i Funcionament de Centre (NOFC) &#8211; Gorgs 2024<\/a><\/li>\n<li><a href=\"https:\/\/agora.xtec.cat\/ies-gorgs\/wp-content\/uploads\/usu1501\/2024\/09\/Pla-dobertura-de-centre-POC-2024-251.pdf\">Pla d&#8221;obertura de centre 2024-25<\/a><\/li>\n<li><a href=\"https:\/\/agora.xtec.cat\/ies-gorgs\/wp-content\/uploads\/usu1501\/2023\/10\/EDC-Gorgs-2023.pdf\" target=\"_blank\" rel=\"noopener\">Estrat\u00e8gia Digital de Centre (EDC) &#8211; Gorgs 2023<\/a><\/li>\n<li><a href=\"https:\/\/agora.xtec.cat\/ies-gorgs\/wp-content\/uploads\/usu1501\/2024\/07\/Projecte-de-Convivencia-INS-Gorgs-2024.pdf\">Projecte de Conviv\u00e8ncia &#8211; Gorgs 2024<\/a><\/li>\n<li><a href=\"https:\/\/agora.xtec.cat\/ies-gorgs\/wp-content\/uploads\/usu1501\/2024\/07\/PLC-INS-Gorgs_2024.pdf\">Pla Ling\u00fc\u00edstic de Centre (PLC) &#8211; Gorgs 2024<\/a><\/li>\n<li><a href=\"https:\/\/agora.xtec.cat\/ies-gorgs\/wp-content\/uploads\/usu1501\/2024\/07\/PAT-INS-Gorgs_2024.pdf\">Pla d&#8217;Acci\u00f3 Tutorial (PAT) &#8211; Gorgs 2024<\/a><\/li>\n<li><a href=\"https:\/\/agora.xtec.cat\/ies-gorgs\/wp-content\/uploads\/usu1501\/2024\/10\/PLA-DE-COMUNICACIO-DE-CENTRE_GORGS-1-1.pdf\">Pla de comunicaci\u00f3 de centre_Gorgs<\/a><\/li>\n<\/ul>\n","protected":false},"excerpt":{"rendered":"<p>Projecte educatiu de centre (PEC) &#8211; Gorgs 2016 Normes d&#8217;Organitzaci\u00f3 i Funcionament de Centre (NOFC) &#8211; Gorgs 2024 Pla d&#8221;obertura de centre 2024-25 Estrat\u00e8gia Digital de Centre (EDC) &#8211; Gorgs 2023 Projecte de Conviv\u00e8ncia &#8211; Gorgs 2024 Pla Ling\u00fc\u00edstic de Centre (PLC) &#8211; Gorgs 2024 Pla d&#8217;Acci\u00f3 Tutorial (PAT) &#8211; Gorgs 2024 Pla de comunicaci\u00f3 [&hellip;]<\/p>\n","protected":false},"author":1,"featured_media":0,"parent":8468,"menu_order":0,"comment_status":"closed","ping_status":"closed","template":"","meta":{"_bbp_topic_count":0,"_bbp_reply_count":0,"_bbp_total_topic_count":0,"_bbp_total_reply_count":0,"_bbp_voice_count":0,"_bbp_anonymous_reply_count":0,"_bbp_topic_count_hidden":0,"_bbp_reply_count_hidden":0,"_bbp_forum_subforum_count":0,"site-sidebar-layout":"default","site-content-layout":"","ast-site-content-layout":"","site-content-style":"default","site-sidebar-style":"default","ast-global-header-display":"","ast-banner-title-visibility":"","ast-main-header-display":"","ast-hfb-above-header-display":"","ast-hfb-below-header-display":"","ast-hfb-mobile-header-display":"","site-post-title":"","ast-breadcrumbs-content":"","ast-featured-img":"","footer-sml-layout":"","theme-transparent-header-meta":"","adv-header-id-meta":"","stick-header-meta":"","header-above-stick-meta":"","header-main-stick-meta":"","header-below-stick-meta":"","astra-migrate-meta-layouts":"default","ast-page-background-enabled":"default","ast-page-background-meta":{"desktop":{"background-color":"var(--ast-global-color-4)","background-image":"","background-repeat":"repeat","background-position":"center center","background-size":"auto","background-attachment":"scroll","background-type":"","background-media":"","overlay-type":"","overlay-color":"","overlay-opacity":"","overlay-gradient":""},"tablet":{"background-color":"","background-image":"","background-repeat":"repeat","background-position":"center center","background-size":"auto","background-attachment":"scroll","background-type":"","background-media":"","overlay-type":"","overlay-color":"","overlay-opacity":"","overlay-gradient":""},"mobile":{"background-color":"","background-image":"","background-repeat":"repeat","background-position":"center center","background-size":"auto","background-attachment":"scroll","background-type":"","background-media":"","overlay-type":"","overlay-color":"","overlay-opacity":"","overlay-gradient":""}},"ast-content-background-meta":{"desktop":{"background-color":"var(--ast-global-color-5)","background-image":"","background-repeat":"repeat","background-position":"center center","background-size":"auto","background-attachment":"scroll","background-type":"","background-media":"","overlay-type":"","overlay-color":"","overlay-opacity":"","overlay-gradient":""},"tablet":{"background-color":"var(--ast-global-color-5)","background-image":"","background-repeat":"repeat","background-position":"center center","background-size":"auto","background-attachment":"scroll","background-type":"","background-media":"","overlay-type":"","overlay-color":"","overlay-opacity":"","overlay-gradient":""},"mobile":{"background-color":"var(--ast-global-color-5)","background-image":"","background-repeat":"repeat","background-position":"center center","background-size":"auto","background-attachment":"scroll","background-type":"","background-media":"","overlay-type":"","overlay-color":"","overlay-opacity":"","overlay-gradient":""}},"footnotes":""},"class_list":["post-49","page","type-page","status-publish","hentry"],"post_mailing_queue_ids":[],"_links":{"self":[{"href":"https:\/\/agora.xtec.cat\/ies-gorgs\/wp-json\/wp\/v2\/pages\/49","targetHints":{"allow":["GET"]}}],"collection":[{"href":"https:\/\/agora.xtec.cat\/ies-gorgs\/wp-json\/wp\/v2\/pages"}],"about":[{"href":"https:\/\/agora.xtec.cat\/ies-gorgs\/wp-json\/wp\/v2\/types\/page"}],"author":[{"embeddable":true,"href":"https:\/\/agora.xtec.cat\/ies-gorgs\/wp-json\/wp\/v2\/users\/1"}],"replies":[{"embeddable":true,"href":"https:\/\/agora.xtec.cat\/ies-gorgs\/wp-json\/wp\/v2\/comments?post=49"}],"version-history":[{"count":8,"href":"https:\/\/agora.xtec.cat\/ies-gorgs\/wp-json\/wp\/v2\/pages\/49\/revisions"}],"predecessor-version":[{"id":8632,"href":"https:\/\/agora.xtec.cat\/ies-gorgs\/wp-json\/wp\/v2\/pages\/49\/revisions\/8632"}],"up":[{"embeddable":true,"href":"https:\/\/agora.xtec.cat\/ies-gorgs\/wp-json\/wp\/v2\/pages\/8468"}],"wp:attachment":[{"href":"https:\/\/agora.xtec.cat\/ies-gorgs\/wp-json\/wp\/v2\/media?parent=49"}],"curies":[{"name":"wp","href":"https:\/\/api.w.org\/{rel}","templated":true}]}}