{"id":46,"date":"2014-09-17T16:53:45","date_gmt":"2014-09-17T16:53:45","guid":{"rendered":"http:\/\/agora.xtec.cat\/ies-gorgs\/?page_id=46"},"modified":"2024-09-26T08:29:05","modified_gmt":"2024-09-26T06:29:05","slug":"organigrama","status":"publish","type":"page","link":"https:\/\/agora.xtec.cat\/ies-gorgs\/curs-2024-2025\/organigrama\/","title":{"rendered":"Organigrama"},"content":{"rendered":"<h3>Equip directiu<\/h3>\n<table style=\"width: 559px;\" width=\"567\">\n<tbody>\n<tr>\n<td width=\"158\">Patricia Galiana<\/td>\n<td width=\"409\">DIRECTORA<\/td>\n<\/tr>\n<tr>\n<td width=\"158\">Cinta Paris<\/td>\n<td width=\"409\">CAP D&#8217;ESTUDIS<\/td>\n<\/tr>\n<tr>\n<td>Marisa Hern\u00e1ndez<\/td>\n<td width=\"409\">COORDINADORA PEDAG\u00d2GICA<\/td>\n<\/tr>\n<tr>\n<td width=\"158\">Carme Pascual<\/td>\n<td width=\"409\">SECRET\u00c0RIA<\/td>\n<\/tr>\n<\/tbody>\n<\/table>\n<p>&nbsp;<\/p>\n<h3>Caps de departament<\/h3>\n<p>&nbsp;<\/p>\n<table style=\"width: 76.392%;\" width=\"567\">\n<tbody>\n<tr>\n<td>Oscar Garc\u00eda<\/td>\n<td>CI\u00c8NCIES DE LA NATURALESA<\/td>\n<\/tr>\n<tr>\n<td>Encarna Ortiz<\/td>\n<td>CI\u00c8NCIES SOCIALS<\/td>\n<\/tr>\n<tr>\n<td>Rafael Carreras<\/td>\n<td>EXPRESSI\u00d3 ART\u00cdSTICA<\/td>\n<\/tr>\n<tr>\n<td>Marta Jim\u00e9nez<\/td>\n<td>EDUCACI\u00d3 F\u00cdSICA<\/td>\n<\/tr>\n<tr>\n<td>Merc\u00e8 Crespi<\/td>\n<td>LLENGUA CASTELLANA i LITERATURA<\/td>\n<\/tr>\n<tr>\n<td>Marta Rodr\u00edguez<\/td>\n<td>LLENGUA CATALANA i LITERATURA<\/td>\n<\/tr>\n<tr>\n<td>Cristina Garc\u00eda-Verdugo<\/td>\n<td>LLENG\u00dcES ESTRANGERES<\/td>\n<\/tr>\n<tr>\n<td>Sonia G\u00f3mez<\/td>\n<td>MATEM\u00c0TIQUES<\/td>\n<\/tr>\n<tr>\n<td>Marta Vidallet<\/td>\n<td>TECNOLOGIA<\/td>\n<\/tr>\n<tr>\n<td>Gema Fuentes<\/td>\n<td>ORIENTACI\u00d3<\/td>\n<\/tr>\n<\/tbody>\n<\/table>\n<p>&nbsp;<\/p>\n<h3>C\u00e0rrecs de coordinaci\u00f3 pedag\u00f2gica<\/h3>\n<table style=\"width: 77.3101%;\" width=\"567\">\n<tbody>\n<tr>\n<td width=\"158\">Jordi Abanc\u00f3<\/td>\n<td width=\"409\">COORDINACI\u00d3 DE 1r d\u2019ESO<\/td>\n<\/tr>\n<tr>\n<td width=\"158\">M\u00f3nica L\u00f3pez<\/td>\n<td width=\"409\">COORDINACI\u00d3 DE 2n d\u2019ESO<\/td>\n<\/tr>\n<tr>\n<td width=\"158\">Xavi Carvajal<\/td>\n<td width=\"409\">COORDINACI\u00d3 DE 3r d\u2019ESO<\/td>\n<\/tr>\n<tr>\n<td width=\"158\">Mart\u00ed Riba<\/td>\n<td width=\"409\">COORDINACI\u00d3 DE 4t d\u2019ESO<\/td>\n<\/tr>\n<tr>\n<td width=\"158\">Hansi Vel\u00e1zquez<br \/>\nPatricia Luque<\/td>\n<td width=\"409\">COORDINACI\u00d3 DE BATXILLERAT<\/td>\n<\/tr>\n<\/tbody>\n<\/table>\n<p>&nbsp;<\/p>\n<h3>C\u00e0rrecs de coordinaci\u00f3 t\u00e8cnica<\/h3>\n<table style=\"height: 60px; width: 93.4644%;\" width=\"567\">\n<tbody>\n<tr style=\"height: 10px;\">\n<td>Norbert Riquelme\/Sonia Gabald\u00f3n<\/td>\n<td>COORDINADORS ALUMNES I CONVIV\u00c8NCIA<\/td>\n<\/tr>\n<tr style=\"height: 10px;\">\n<td>Cati Olmo<\/td>\n<td>COORDINACI\u00d3 D&#8217;ACTIVITATS I SERVEIS I PROMOCI\u00d3<\/td>\n<\/tr>\n<tr style=\"height: 10px;\">\n<td>Xavi Carvajal<\/td>\n<td>COORDINADOR PLA CATAL\u00c0 DE L&#8217;ESPORT<\/td>\n<\/tr>\n<tr style=\"height: 10px;\">\n<td>Andrea Morral\/Marta Vidallet<\/td>\n<td>COORDINACI\u00d3 D&#8217;INFORM\u00c0TICA I DIGITAL<\/td>\n<\/tr>\n<tr style=\"height: 10px;\">\n<td>Inma Jurado<\/td>\n<td>COORDINACI\u00d3 DE PREVENCI\u00d3 DE RISCOS LABORALS<\/td>\n<\/tr>\n<tr style=\"height: 10px;\">\n<td style=\"width: 40.1674%; height: 10px;\">Lidia Villena<\/td>\n<td style=\"width: 79.2132%; height: 10px;\">COORDINACI\u00d3 LING\u00dc\u00cdSTICA<\/td>\n<\/tr>\n<\/tbody>\n<\/table>\n<p>&nbsp;<\/p>\n<h2>Tutories<\/h2>\n<p>&nbsp;<\/p>\n<table style=\"width: 76.3923%; height: 670px;\" width=\"567\">\n<tbody>\n<tr style=\"height: 10px;\">\n<td style=\"width: 52.7434%;\" width=\"275\">Larisa D\u00e1vila<\/td>\n<td style=\"width: 46.0177%;\" width=\"292\">1r ESO A<\/td>\n<\/tr>\n<tr style=\"height: 33px;\">\n<td style=\"width: 52.7434%;\" width=\"275\">Rafael Carreras<\/td>\n<td style=\"width: 46.0177%;\" width=\"292\">1r ESO B<\/td>\n<\/tr>\n<tr style=\"height: 33px;\">\n<td style=\"width: 52.7434%;\" width=\"275\">Laia Navas<\/td>\n<td style=\"width: 46.0177%;\" width=\"292\">1r ESO C<\/td>\n<\/tr>\n<tr style=\"height: 33px;\">\n<td style=\"width: 52.7434%;\" width=\"275\">Marta Vidallet \/ Oscar Garc\u00eda<\/td>\n<td style=\"width: 46.0177%;\" width=\"292\">2n ESO A<\/td>\n<\/tr>\n<tr style=\"height: 33px;\">\n<td style=\"width: 52.7434%;\" width=\"275\">Andrea Zamora<\/td>\n<td style=\"width: 46.0177%;\" width=\"292\">2n ESO B<\/td>\n<\/tr>\n<tr style=\"height: 33px;\">\n<td style=\"width: 52.7434%;\" width=\"275\">Omar \u00c1lvarez<\/td>\n<td style=\"width: 46.0177%;\" width=\"292\">2n ESO C<\/td>\n<\/tr>\n<tr style=\"height: 33px;\">\n<td style=\"width: 52.7434%;\" width=\"275\">Oriol Castillo<\/td>\n<td style=\"width: 46.0177%;\" width=\"292\">3r ESO A<\/td>\n<\/tr>\n<tr style=\"height: 33px;\">\n<td style=\"width: 52.7434%;\" width=\"275\">Sergi Sol\u00e0<\/td>\n<td style=\"width: 46.0177%;\" width=\"292\">3r ESO B<\/td>\n<\/tr>\n<tr style=\"height: 33px;\">\n<td style=\"width: 52.7434%;\" width=\"275\">Josefa Mart\u00ednez<\/td>\n<td style=\"width: 46.0177%;\" width=\"292\">3r ESO C<\/td>\n<\/tr>\n<tr style=\"height: 33px;\">\n<td style=\"width: 52.7434%;\" width=\"275\">Carme Espunya<\/td>\n<td style=\"width: 46.0177%;\" width=\"292\">3r ESO D<\/td>\n<\/tr>\n<tr style=\"height: 33px;\">\n<td style=\"width: 52.7434%;\" width=\"275\">Aida Mart\u00ednez<\/td>\n<td style=\"width: 46.0177%;\" width=\"292\">4t ESO A<\/td>\n<\/tr>\n<tr style=\"height: 33px;\">\n<td style=\"width: 52.7434%;\" width=\"275\">Dani Campos<\/td>\n<td style=\"width: 46.0177%;\" width=\"292\">4t ESO B<\/td>\n<\/tr>\n<tr style=\"height: 33px;\">\n<td style=\"width: 52.7434%;\" width=\"275\">Agust\u00edn Manzanas<\/td>\n<td style=\"width: 46.0177%;\" width=\"292\">4t ESO C<\/td>\n<\/tr>\n<tr style=\"height: 33px;\">\n<td style=\"width: 52.7434%;\" width=\"275\">Alex Mart\u00edn<\/td>\n<td style=\"width: 46.0177%;\" width=\"292\">4t ESO D<\/td>\n<\/tr>\n<tr style=\"height: 33px;\">\n<td style=\"width: 52.7434%;\" width=\"275\">Xevi Perea<\/td>\n<td style=\"width: 46.0177%;\" width=\"292\">1r BAT A<\/td>\n<\/tr>\n<tr>\n<td style=\"width: 52.7434%;\">Marta Jim\u00e9nez<\/td>\n<td style=\"width: 46.0177%;\" width=\"292\">1r BAT B<\/td>\n<\/tr>\n<tr>\n<td style=\"width: 52.7434%;\">N\u00faria Gonz\u00e1lez<\/td>\n<td style=\"width: 46.0177%;\">1r BAT C<\/td>\n<\/tr>\n<tr style=\"height: 33px;\">\n<td style=\"width: 52.7434%;\" width=\"275\">Patr\u00edcia Galiana \/ M Carmen Alcolea<\/td>\n<td style=\"width: 46.0177%;\" width=\"292\">2n BAT A<\/td>\n<\/tr>\n<tr style=\"height: 33px;\">\n<td style=\"width: 52.7434%;\" width=\"275\">Patr\u00edcia Galiana \/ L\u00eddia Villena<\/td>\n<td style=\"width: 46.0177%;\" width=\"292\">2n BAT B<\/td>\n<\/tr>\n<tr style=\"height: 33px;\">\n<td style=\"width: 52.7434%;\" width=\"275\">Patr\u00edcia Galiana \/ L\u00eddia Villena \/ M Carmen Alcolea<\/td>\n<td style=\"width: 46.0177%;\" width=\"292\">2n BAT C<\/td>\n<\/tr>\n<\/tbody>\n<\/table>\n<p>&nbsp;<\/p>\n<h2>Composici\u00f3 dels departaments<\/h2>\n<table style=\"width: 91.8967%; height: 776px;\" width=\"567\">\n<tbody>\n<tr style=\"height: 31px;\">\n<td style=\"height: 26px;\" rowspan=\"2\">CI\u00c8NCIES DE LA NATURALESA<\/td>\n<td style=\"height: 16px;\"><span dir=\"ltr\" role=\"presentation\">M\u00aa Carme Espunya (Biologia)<\/span><br role=\"presentation\" \/><span dir=\"ltr\" role=\"presentation\">Xavier Perea (Biologia)<\/span><br role=\"presentation\" \/><span dir=\"ltr\" role=\"presentation\">Norbert Riquelme<\/span> (Biologia)<\/td>\n<\/tr>\n<tr style=\"height: 31px;\">\n<td style=\"height: 10px;\"><span dir=\"ltr\" role=\"presentation\">\u00d2scar Garcia (F\u00edsica i Qu\u00edmica)<\/span><br role=\"presentation\" \/><span dir=\"ltr\" role=\"presentation\">Marisa Hern\u00e1ndez (F\u00edsica i Qu\u00edmica)<br \/>\n<\/span><span dir=\"ltr\" role=\"presentation\">Hansi Vel\u00e1zquez (F\u00edsica i Qu\u00edmica)<br \/>\n<\/span><\/td>\n<\/tr>\n<tr style=\"height: 31px;\">\n<td style=\"height: 179px;\" rowspan=\"4\">CI\u00c8NCIES SOCIALS<\/td>\n<td style=\"height: 64px;\"><span dir=\"ltr\" role=\"presentation\">Inma Jurado (Socials)<\/span><br role=\"presentation\" \/><span dir=\"ltr\" role=\"presentation\">Agust\u00ed Manzanas (Socials)<\/span><br role=\"presentation\" \/><span dir=\"ltr\" role=\"presentation\">Encarna Ortiz (Socials)<br \/>\n<\/span><\/td>\n<\/tr>\n<tr style=\"height: 31px;\">\n<td style=\"height: 49px;\"><span dir=\"ltr\" role=\"presentation\">Patricia Luque (Economia)<\/span><br role=\"presentation\" \/><span dir=\"ltr\" role=\"presentation\">Carme Pascual (Economia)<br \/>\n<\/span><\/td>\n<\/tr>\n<tr style=\"height: 31px;\">\n<td style=\"height: 33px;\">Anna Enrich (Filosofia)<\/td>\n<\/tr>\n<tr style=\"height: 31px;\">\n<td style=\"height: 33px;\">Larisa D\u00e1vila (Religi\u00f3)<\/td>\n<\/tr>\n<tr style=\"height: 31px;\">\n<td style=\"height: 81px;\" rowspan=\"2\">EXPRESSI\u00d3 ART\u00cdSTICA<\/td>\n<td style=\"height: 33px;\">Rafael Carreras (M\u00fasica)<\/td>\n<\/tr>\n<tr style=\"height: 31px;\">\n<td style=\"height: 48px;\"><span dir=\"ltr\" role=\"presentation\">Jordi Abanc\u00f3 (Visual i pl\u00e0stica)<br \/>\nOriol Castillo (Visual i pl\u00e0stica)<\/span><span dir=\"ltr\" role=\"presentation\"><br \/>\n<\/span><\/td>\n<\/tr>\n<tr style=\"height: 31px;\">\n<td style=\"height: 64px;\">EDUCACI\u00d3 F\u00cdSICA<\/td>\n<td style=\"height: 64px;\"><span dir=\"ltr\" role=\"presentation\">Xavi Carvajal<br \/>\n<\/span><span dir=\"ltr\" role=\"presentation\">Marta Jim\u00e9nez<\/span><\/td>\n<\/tr>\n<tr style=\"height: 31px;\">\n<td style=\"height: 80px;\">LLENGUA CASTELLANA I LITERATURA<\/td>\n<td style=\"height: 80px;\"><span dir=\"ltr\" role=\"presentation\">M\u00aa Carmen Alcolea<\/span><br role=\"presentation\" \/><span dir=\"ltr\" role=\"presentation\">Dani Campos<br \/>\nMerc\u00e8 Cresp\u00ed<\/span><br role=\"presentation\" \/><span dir=\"ltr\" role=\"presentation\">N\u00faria Gonz\u00e1lez<\/span><\/td>\n<\/tr>\n<tr style=\"height: 31px;\">\n<td style=\"height: 80px;\">LLENGUA CATALANA I LITERATURA<\/td>\n<td style=\"height: 80px;\"><span dir=\"ltr\" role=\"presentation\">Laia Navas<\/span><br role=\"presentation\" \/><span dir=\"ltr\" role=\"presentation\">Mart\u00ed Riba<\/span><br role=\"presentation\" \/><span dir=\"ltr\" role=\"presentation\">Marta Rodr\u00edguez<\/span><br role=\"presentation\" \/><span dir=\"ltr\" role=\"presentation\">Eul\u00e0lia Solsona<\/span><\/td>\n<\/tr>\n<tr style=\"height: 31px;\">\n<td style=\"height: 53px;\" rowspan=\"3\">LLENG\u00dcES ESTRANGERES I CL\u00c0SSIQUES<\/td>\n<td style=\"height: 10px;\"><span dir=\"ltr\" role=\"presentation\">Cristina Garc\u00eda-Verdugo (Angl\u00e8s)<\/span><br role=\"presentation\" \/><span dir=\"ltr\" role=\"presentation\">M\u00f3nica L\u00f3pez<\/span> (Angl\u00e8s)<br role=\"presentation\" \/><span dir=\"ltr\" role=\"presentation\">Cinta Par\u00eds (Angl\u00e8s)<br role=\"presentation\" \/>Sergi Sol\u00e0 (Angl\u00e8s)<br role=\"presentation\" \/>L\u00eddia Villena (Angl\u00e8s)<\/span><br \/>\nAlex Mart\u00edn (Angl\u00e8s)<\/td>\n<\/tr>\n<tr style=\"height: 31px;\">\n<td style=\"height: 33px;\">Anna Brendem\u00fchl (Alemany)<\/td>\n<\/tr>\n<tr style=\"height: 31px;\">\n<td style=\"height: 10px;\">Sonia Gabald\u00f3n (Cl\u00e0ssiques)<\/td>\n<\/tr>\n<tr style=\"height: 31px;\">\n<td style=\"height: 96px;\">MATEM\u00c0TIQUES<\/td>\n<td style=\"height: 96px;\"><span dir=\"ltr\" role=\"presentation\">Sonia G\u00f3mez<br \/>\n<\/span>Andrea Zamora<br role=\"presentation\" \/><span dir=\"ltr\" role=\"presentation\">A\u00efda Mart\u00ednez<\/span><br role=\"presentation\" \/><span dir=\"ltr\" role=\"presentation\">Pepi Mart\u00ednez<\/span><br role=\"presentation\" \/><span dir=\"ltr\" role=\"presentation\">Cati Olmo<\/span><\/td>\n<\/tr>\n<tr style=\"height: 31px;\">\n<td style=\"height: 53px;\" rowspan=\"3\">ORIENTACI\u00d3<\/td>\n<td style=\"height: 10px;\">Cinta Par\u00eds<br \/>\n<span dir=\"ltr\" role=\"presentation\">Gema Fuentes (Psicopedagoga)<br \/>\nHelena Glar\u00eda (Psicopedagoga)<\/span><\/td>\n<\/tr>\n<tr style=\"height: 31px;\">\n<td style=\"height: 33px;\"><span dir=\"ltr\" role=\"presentation\">Carla Ricart (SIEI)<br \/>\n<\/span><\/td>\n<\/tr>\n<tr style=\"height: 31px;\">\n<td style=\"height: 10px;\">L\u00eddia G\u00fceto (Educadora EE)<\/td>\n<\/tr>\n<tr style=\"height: 31px;\">\n<td style=\"height: 64px;\">TECNOLOGIA<\/td>\n<td style=\"height: 64px;\"><span dir=\"ltr\" role=\"presentation\">Patr\u00edcia Galiana<\/span><br role=\"presentation\" \/><span dir=\"ltr\" role=\"presentation\">Andrea Morral<br \/>\nOmar \u00c1lvarez<br \/>\nMarta Vidallet<\/span><\/td>\n<\/tr>\n<\/tbody>\n<\/table>\n<h2>Personal d\u2019administraci\u00f3 i serveis<\/h2>\n<table style=\"width: 77.3098%; height: 132px;\" width=\"567\">\n<tbody>\n<tr style=\"height: 33px;\">\n<td style=\"height: 66px;\" rowspan=\"2\" width=\"275\">ADMINISTRATIVES<\/td>\n<td style=\"height: 33px;\" width=\"292\">Neus Rodriguez<\/td>\n<\/tr>\n<tr style=\"height: 33px;\">\n<td style=\"height: 33px;\" width=\"292\">Laura Gallegos<\/td>\n<\/tr>\n<tr style=\"height: 33px;\">\n<td style=\"height: 66px;\" rowspan=\"2\" width=\"275\">SUBALTERNES<\/td>\n<td style=\"height: 33px;\" width=\"292\">Marta Ostos \/ Pau Martin<\/td>\n<\/tr>\n<tr style=\"height: 33px;\">\n<td style=\"height: 33px;\" width=\"292\">Cristina Serra<\/td>\n<\/tr>\n<\/tbody>\n<\/table>\n<p>&nbsp;<\/p>\n","protected":false},"excerpt":{"rendered":"<p>Equip directiu Patricia Galiana DIRECTORA Cinta Paris CAP D&#8217;ESTUDIS Marisa Hern\u00e1ndez COORDINADORA PEDAG\u00d2GICA Carme Pascual SECRET\u00c0RIA &nbsp; Caps de departament &nbsp; Oscar Garc\u00eda CI\u00c8NCIES DE LA NATURALESA Encarna Ortiz CI\u00c8NCIES SOCIALS Rafael Carreras EXPRESSI\u00d3 ART\u00cdSTICA Marta Jim\u00e9nez EDUCACI\u00d3 F\u00cdSICA Merc\u00e8 Crespi LLENGUA CASTELLANA i LITERATURA Marta Rodr\u00edguez LLENGUA CATALANA i LITERATURA Cristina Garc\u00eda-Verdugo LLENG\u00dcES ESTRANGERES [&hellip;]<\/p>\n","protected":false},"author":1,"featured_media":0,"parent":8468,"menu_order":1,"comment_status":"closed","ping_status":"closed","template":"page-templates\/side-menu.php","meta":{"_bbp_topic_count":0,"_bbp_reply_count":0,"_bbp_total_topic_count":0,"_bbp_total_reply_count":0,"_bbp_voice_count":0,"_bbp_anonymous_reply_count":0,"_bbp_topic_count_hidden":0,"_bbp_reply_count_hidden":0,"_bbp_forum_subforum_count":0,"site-sidebar-layout":"default","site-content-layout":"","ast-site-content-layout":"","site-content-style":"default","site-sidebar-style":"default","ast-global-header-display":"","ast-banner-title-visibility":"","ast-main-header-display":"","ast-hfb-above-header-display":"","ast-hfb-below-header-display":"","ast-hfb-mobile-header-display":"","site-post-title":"","ast-breadcrumbs-content":"","ast-featured-img":"","footer-sml-layout":"","theme-transparent-header-meta":"","adv-header-id-meta":"","stick-header-meta":"","header-above-stick-meta":"","header-main-stick-meta":"","header-below-stick-meta":"","astra-migrate-meta-layouts":"default","ast-page-background-enabled":"default","ast-page-background-meta":{"desktop":{"background-color":"var(--ast-global-color-4)","background-image":"","background-repeat":"repeat","background-position":"center center","background-size":"auto","background-attachment":"scroll","background-type":"","background-media":"","overlay-type":"","overlay-color":"","overlay-opacity":"","overlay-gradient":""},"tablet":{"background-color":"","background-image":"","background-repeat":"repeat","background-position":"center center","background-size":"auto","background-attachment":"scroll","background-type":"","background-media":"","overlay-type":"","overlay-color":"","overlay-opacity":"","overlay-gradient":""},"mobile":{"background-color":"","background-image":"","background-repeat":"repeat","background-position":"center center","background-size":"auto","background-attachment":"scroll","background-type":"","background-media":"","overlay-type":"","overlay-color":"","overlay-opacity":"","overlay-gradient":""}},"ast-content-background-meta":{"desktop":{"background-color":"var(--ast-global-color-5)","background-image":"","background-repeat":"repeat","background-position":"center center","background-size":"auto","background-attachment":"scroll","background-type":"","background-media":"","overlay-type":"","overlay-color":"","overlay-opacity":"","overlay-gradient":""},"tablet":{"background-color":"var(--ast-global-color-5)","background-image":"","background-repeat":"repeat","background-position":"center center","background-size":"auto","background-attachment":"scroll","background-type":"","background-media":"","overlay-type":"","overlay-color":"","overlay-opacity":"","overlay-gradient":""},"mobile":{"background-color":"var(--ast-global-color-5)","background-image":"","background-repeat":"repeat","background-position":"center center","background-size":"auto","background-attachment":"scroll","background-type":"","background-media":"","overlay-type":"","overlay-color":"","overlay-opacity":"","overlay-gradient":""}},"footnotes":""},"class_list":["post-46","page","type-page","status-publish","hentry"],"post_mailing_queue_ids":[],"_links":{"self":[{"href":"https:\/\/agora.xtec.cat\/ies-gorgs\/wp-json\/wp\/v2\/pages\/46","targetHints":{"allow":["GET"]}}],"collection":[{"href":"https:\/\/agora.xtec.cat\/ies-gorgs\/wp-json\/wp\/v2\/pages"}],"about":[{"href":"https:\/\/agora.xtec.cat\/ies-gorgs\/wp-json\/wp\/v2\/types\/page"}],"author":[{"embeddable":true,"href":"https:\/\/agora.xtec.cat\/ies-gorgs\/wp-json\/wp\/v2\/users\/1"}],"replies":[{"embeddable":true,"href":"https:\/\/agora.xtec.cat\/ies-gorgs\/wp-json\/wp\/v2\/comments?post=46"}],"version-history":[{"count":8,"href":"https:\/\/agora.xtec.cat\/ies-gorgs\/wp-json\/wp\/v2\/pages\/46\/revisions"}],"predecessor-version":[{"id":8611,"href":"https:\/\/agora.xtec.cat\/ies-gorgs\/wp-json\/wp\/v2\/pages\/46\/revisions\/8611"}],"up":[{"embeddable":true,"href":"https:\/\/agora.xtec.cat\/ies-gorgs\/wp-json\/wp\/v2\/pages\/8468"}],"wp:attachment":[{"href":"https:\/\/agora.xtec.cat\/ies-gorgs\/wp-json\/wp\/v2\/media?parent=46"}],"curies":[{"name":"wp","href":"https:\/\/api.w.org\/{rel}","templated":true}]}}