{"id":21,"date":"2014-09-17T16:14:14","date_gmt":"2014-09-17T16:14:14","guid":{"rendered":"http:\/\/agora.xtec.cat\/ies-gorgs\/?page_id=21"},"modified":"2021-10-21T18:29:23","modified_gmt":"2021-10-21T16:29:23","slug":"on-som","status":"publish","type":"page","link":"https:\/\/agora.xtec.cat\/ies-gorgs\/historia\/on-som\/","title":{"rendered":"On som"},"content":{"rendered":"<p style=\"color: #666666;\"><strong>Institut Gorgs<\/strong><br \/>\nCarrer de l&#8217;\u00c0liga, 65<br \/>\n08205 Cerdanyola del Vall\u00e8s<\/p>\n<p><iframe loading=\"lazy\" style=\"border: 0;\" src=\"https:\/\/www.google.com\/maps\/embed?pb=!1m18!1m12!1m3!1d2988.777583967833!2d2.128153615690828!3d41.48742139775017!2m3!1f0!2f0!3f0!3m2!1i1024!2i768!4f13.1!3m3!1m2!1s0x12a49613ef4d2611%3A0x4f762fcea2fca79f!2sInstitut+Gorgs!5e0!3m2!1sca!2ses!4v1475919179470\" width=\"600\" height=\"450\" frameborder=\"0\" allowfullscreen=\"allowfullscreen\"><\/iframe><\/p>\n<p><strong>Com arribar-hi:<br \/>\n<\/strong><\/p>\n<ul>\n<li>Per bus: SU1, SU2, A4<\/li>\n<\/ul>\n<p><strong>Escoles adscrites a l&#8217;institut:<\/strong><\/p>\n<p>Escola <a href=\"http:\/\/turodeguiera.cat\/bloc\/\">Tur\u00f3 de Guiera<\/a>, Escola <a href=\"http:\/\/www.escolacollserola.com\/\">Collserola<\/a>, Escola <a href=\"http:\/\/agora.xtec.cat\/ceipsantmarti-cerdanyola\/\">Sant Mart\u00ed<\/a>, Escola <a href=\"http:\/\/saltells.com\/\">Saltells<\/a>, Escola <a href=\"http:\/\/agora.xtec.cat\/ceipcarlesbuigas\/\">Carles Buigas<\/a><\/p>\n<p><strong>Correu electr\u00f2nics de contacte<\/strong><\/p>\n<p><span style=\"font-size: medium;\">\u00a0<a href=\"mailto:ies-gorgs@xtec.cat\">ies-gorgs@xtec.cat<\/a><\/span><\/p>\n","protected":false},"excerpt":{"rendered":"<p>Institut Gorgs Carrer de l&#8217;\u00c0liga, 65 08205 Cerdanyola del Vall\u00e8s Com arribar-hi: Per bus: SU1, SU2, A4 Escoles adscrites a l&#8217;institut: Escola Tur\u00f3 de Guiera, Escola Collserola, Escola Sant Mart\u00ed, Escola Saltells, Escola Carles Buigas Correu electr\u00f2nics de contacte \u00a0ies-gorgs@xtec.cat<\/p>\n","protected":false},"author":1,"featured_media":0,"parent":27,"menu_order":3,"comment_status":"closed","ping_status":"closed","template":"page-templates\/side-menu.php","meta":{"_bbp_topic_count":0,"_bbp_reply_count":0,"_bbp_total_topic_count":0,"_bbp_total_reply_count":0,"_bbp_voice_count":0,"_bbp_anonymous_reply_count":0,"_bbp_topic_count_hidden":0,"_bbp_reply_count_hidden":0,"_bbp_forum_subforum_count":0,"site-sidebar-layout":"default","site-content-layout":"","ast-site-content-layout":"","site-content-style":"default","site-sidebar-style":"default","ast-global-header-display":"","ast-banner-title-visibility":"","ast-main-header-display":"","ast-hfb-above-header-display":"","ast-hfb-below-header-display":"","ast-hfb-mobile-header-display":"","site-post-title":"","ast-breadcrumbs-content":"","ast-featured-img":"","footer-sml-layout":"","theme-transparent-header-meta":"","adv-header-id-meta":"","stick-header-meta":"","header-above-stick-meta":"","header-main-stick-meta":"","header-below-stick-meta":"","astra-migrate-meta-layouts":"default","ast-page-background-enabled":"default","ast-page-background-meta":{"desktop":{"background-color":"var(--ast-global-color-4)","background-image":"","background-repeat":"repeat","background-position":"center center","background-size":"auto","background-attachment":"scroll","background-type":"","background-media":"","overlay-type":"","overlay-color":"","overlay-opacity":"","overlay-gradient":""},"tablet":{"background-color":"","background-image":"","background-repeat":"repeat","background-position":"center center","background-size":"auto","background-attachment":"scroll","background-type":"","background-media":"","overlay-type":"","overlay-color":"","overlay-opacity":"","overlay-gradient":""},"mobile":{"background-color":"","background-image":"","background-repeat":"repeat","background-position":"center center","background-size":"auto","background-attachment":"scroll","background-type":"","background-media":"","overlay-type":"","overlay-color":"","overlay-opacity":"","overlay-gradient":""}},"ast-content-background-meta":{"desktop":{"background-color":"var(--ast-global-color-5)","background-image":"","background-repeat":"repeat","background-position":"center center","background-size":"auto","background-attachment":"scroll","background-type":"","background-media":"","overlay-type":"","overlay-color":"","overlay-opacity":"","overlay-gradient":""},"tablet":{"background-color":"var(--ast-global-color-5)","background-image":"","background-repeat":"repeat","background-position":"center center","background-size":"auto","background-attachment":"scroll","background-type":"","background-media":"","overlay-type":"","overlay-color":"","overlay-opacity":"","overlay-gradient":""},"mobile":{"background-color":"var(--ast-global-color-5)","background-image":"","background-repeat":"repeat","background-position":"center center","background-size":"auto","background-attachment":"scroll","background-type":"","background-media":"","overlay-type":"","overlay-color":"","overlay-opacity":"","overlay-gradient":""}},"footnotes":""},"class_list":["post-21","page","type-page","status-publish","hentry"],"post_mailing_queue_ids":[],"_links":{"self":[{"href":"https:\/\/agora.xtec.cat\/ies-gorgs\/wp-json\/wp\/v2\/pages\/21","targetHints":{"allow":["GET"]}}],"collection":[{"href":"https:\/\/agora.xtec.cat\/ies-gorgs\/wp-json\/wp\/v2\/pages"}],"about":[{"href":"https:\/\/agora.xtec.cat\/ies-gorgs\/wp-json\/wp\/v2\/types\/page"}],"author":[{"embeddable":true,"href":"https:\/\/agora.xtec.cat\/ies-gorgs\/wp-json\/wp\/v2\/users\/1"}],"replies":[{"embeddable":true,"href":"https:\/\/agora.xtec.cat\/ies-gorgs\/wp-json\/wp\/v2\/comments?post=21"}],"version-history":[{"count":4,"href":"https:\/\/agora.xtec.cat\/ies-gorgs\/wp-json\/wp\/v2\/pages\/21\/revisions"}],"predecessor-version":[{"id":5774,"href":"https:\/\/agora.xtec.cat\/ies-gorgs\/wp-json\/wp\/v2\/pages\/21\/revisions\/5774"}],"up":[{"embeddable":true,"href":"https:\/\/agora.xtec.cat\/ies-gorgs\/wp-json\/wp\/v2\/pages\/27"}],"wp:attachment":[{"href":"https:\/\/agora.xtec.cat\/ies-gorgs\/wp-json\/wp\/v2\/media?parent=21"}],"curies":[{"name":"wp","href":"https:\/\/api.w.org\/{rel}","templated":true}]}}