{"id":75,"date":"2014-09-18T10:21:02","date_gmt":"2014-09-18T09:21:02","guid":{"rendered":"http:\/\/agora.xtec.cat\/ies-eugenidors-lhospitalet\/?page_id=75"},"modified":"2021-07-16T11:43:55","modified_gmt":"2021-07-16T09:43:55","slug":"activitats-extraescolars","status":"publish","type":"page","link":"https:\/\/agora.xtec.cat\/ies-eugenidors-lhospitalet\/serveis\/activitats-extraescolars\/","title":{"rendered":"Activitats extraescolars"},"content":{"rendered":"<h3><span style=\"--darkreader-inline-color: #337dff; color: #339966;\" data-darkreader-inline-color=\"\"><strong>Normativa general<\/strong><\/span><\/h3>\n<ul>\n<li>La programaci\u00f3 general d&#8217;aquelles activitats escolars que es portin a terme fora del recinte del centre o que interrompin l&#8217;horari lectiu habitual, s&#8217;haur\u00e0 de fer a<br \/>\ncomen\u00e7ament de curs o amb prou antelaci\u00f3, i haur\u00e0 de ser aprovada pel consell<br \/>\nescolar.<\/li>\n<li><span style=\"font-weight: 400;\">En el marc d&#8217;aquesta programaci\u00f3, les activitats concretes les autoritzar\u00e0 el director\/a <\/span><span style=\"font-weight: 400;\">i les comunicar\u00e0 al consell escolar en <\/span>la primera reuni\u00f3 d&#8217;aquest.<\/li>\n<li>Les activitats que directament o indirectament afectin tot el centre, s&#8217;hauran de comunicar a la delegaci\u00f3 territorial corresponent en un termini de 15 dies d&#8217;antelaci\u00f3.<\/li>\n<li>L&#8217;horari d&#8217;activitats escolars programades i aprovades pel consell escolar respectar\u00e0 l&#8217;horari setmanal general establert per al professorat, i tindr\u00e0 per al professorat la mateixa obligatorietat que l&#8217;horari habitual de treball.<\/li>\n<li>L&#8217;alumnat menor d&#8217;edat que participi en activitats fora del centre, li caldr\u00e5l&#8217;autoritzaci6 escrita del pare, de la mare o del tutor\/a legal.<\/li>\n<li>Quan en una activitat fora del centre, programada per a un col\u00b7lectiu d&#8217;alumnes, hi hagi alumnes d&#8217;aquest col\u00b7lectiu que no hi participin, el centre organitzar\u00e0 l&#8217;atenci\u00f3 educativa d&#8217;aquests darrers mitjan\u00e7ant els professors\/es que quedin alliberats d&#8217;obligacions docents per abs\u00e8ncia d&#8217;alumnes del centre i el professorat de gu\u00e0rdia.<\/li>\n<li>Es recorda que, perqu\u00e8 els viatges escolars siguin coberts per I &#8216;asseguran\u00e7a escolar, cal trametre pr\u00e8viament a la corresponent oficina de I&#8217;Institut Nacional de la Seguretat Social (INNS) la relaci\u00f3 d&#8217;alumnes, les dates i I&#8217;itinerari.<\/li>\n<li>En les sortides, la relaci\u00f3 d&#8217;alumnes\/professorat-acompanyant ser\u00e0 de 20\/1 en l&#8217; ESO i de 25\/1 en els ensenyaments postobligatoris. El consell escolar del centre, justificant-ho adequadament per a una activitat concreta, podr\u00e0 acordar el canvi d&#8217;aquesta relaci\u00f3. Sense aquest acord expl\u00edcit i justificat per a una activitat concreta, s&#8217;haur\u00e0 d&#8217;aplicar la relaci\u00f3 establerta amb car\u00e0cter general. En cas d&#8217;alumnes amb necessitats educatives especials es conformar\u00e0 a les seves caracter\u00edstiques.<\/li>\n<li>No es podran fer sortides amb menys de dos acompanyants, un dels quals haur\u00e0 de ser necess\u00e0riament un professor o professora, Ilevat d&#8217;aquelles situacions en que el consell escolar pugui determinar altres condicions.<\/li>\n<\/ul>\n<p>&nbsp;<\/p>\n<h3><span style=\"--darkreader-inline-color: #337dff; color: #339966;\" data-darkreader-inline-color=\"\"><strong>Normativa espec\u00edfica del centre<\/strong><\/span><\/h3>\n<ul>\n<li>Es consideren activitats extraescolars les seg\u00fcents:\n<ul>\n<li>Les incloses en les programacions de les \u00e0rees. Aquestes sortides s\u00f3n obligat\u00f2ries per <span style=\"font-family: inherit; font-size: 1em;\">als alumnes de l&#8217;assignatura organitzadora. Precisament per aix\u00f2, s&#8217;haur\u00e0 de procurar <\/span><span style=\"font-family: inherit; font-size: 1em;\">que les despeses no siguin excessivament elevades.<\/span><\/li>\n<li>Les de conviv\u00e8ncia: tutoria, final de curs&#8230; Els tutors\/es procuraran organitzar-ne una cada any.<\/li>\n<li>Les sortides de fi de cicle: 2n i 4t d&#8217;ESO. En el cas de batxillerat, en la primera reuni\u00f3 del tutor o la tutora amb les fam\u00edlies se sondejar\u00e0 l&#8217;opini\u00f3 dels pares i mares respecte a fer un viatge durant el batxillerat i, en cas afirmatiu, si realitzar-lo a Ir o a 2n. Es recorda que en qualsevol cas aquesta sortida haur\u00e0 de complir tots els requisits necessaris: professorat acompanyant, no ha d&#8217;afectar les activitats habituals i ha de participar- hi m\u00e9s del 50% de l&#8217;alumnat.<\/li>\n<li>Les activitats generals i de participaci\u00f3 a nivell de tot el centre: Fira d&#8217;Hivern, Carnaval, festa de fi de curs, Jornada Cultural (Sant Jordi)&#8230; Impliquen la participaci\u00f3 de tot l&#8217;alumnat i professorat del centre. El\/La cap d&#8217;estudis confeccionar\u00e0 un horari especial per a aquell dia.<\/li>\n<\/ul>\n<\/li>\n<\/ul>\n<ul>\n<li>Es tindran en compte els seg\u00fcents aspectes generals:\n<ul>\n<li>A principi de curs, a proposta de la direcci\u00f3 i en funci\u00f3 del calendari escolar vigent, el claustre establir\u00e0 les dates m\u00e9s adients per celebrar, si s&#8217;escau, les activitats generals a nivell de tot el centre (Fira d&#8217;Hivern, Carnaval, Sant Jordi, fi de curs&#8230;).<\/li>\n<li>Paral\u00b7lelament, cada \u00e0rea elaborar\u00e0 el calendari d&#8217;activitats per a tot el curs, a ser possible desglossat per trimestres i indicant les dates corresponents.<\/li>\n<li>El\/La coordinador\/a d&#8217; activitats i serveis, recollint les propostes dels diferents departaments i tutors\/es, elaborar\u00e0 la programaci\u00f3 anual d&#8217;activitats extraescolars que haur\u00e0 de ser aprovada en el primer consell escolar que se celebri.<\/li>\n<li>En el cas que un professor\/a o tutor\/a no hagi establert pr\u00e8viament les dates d&#8217;una activitat concreta, o no hagi previst a principi de curs l&#8217;activitat, caldr\u00e0 que, amb antelaci\u00f3, comuniqui la intenci\u00f3 al coordinador\/a d&#8217;activitats. Aquestes activitats, no concretades ni previstes a principi de curs, hauran de ser aprovades en el consell escolar o en la Permanent.<\/li>\n<li>Tamb\u00e9, amb suficient antelaci\u00f3, es passar\u00e0 a cada alumne\/a una circular indicant el lloc de visita, el cost i l&#8217;horari. En qualsevol cas, els alumnes hauran de tornar degudament signat l&#8217;impr\u00e8s d&#8217;autoritzaci\u00f3 familiar.<\/li>\n<li>L&#8217;ordre de prefer\u00e8ncia a l&#8217;hora d&#8217;escollir el professorat acompanyant ser\u00e0 el seg\u00fcent:\n<ul>\n<li>Professorat de l&#8217;assignatura\/es implicada\/es.<\/li>\n<li>Tutors i tutores.<\/li>\n<li>Altres professors\/es que no ocasionin un problema important en l&#8217;horari de classes del centre.<\/li>\n<\/ul>\n<\/li>\n<\/ul>\n<\/li>\n<\/ul>\n<ul>\n<li style=\"list-style-type: none;\">\n<ul>\n<li>Quan la sortida sigui dins la ciutat i el nombre d&#8217;alumnes sigui igual o inferior a 10, hi podr\u00e0 anar un sol professor\/a acompanyant.<\/li>\n<li>Les despeses de transport i manutenci\u00f3 del professorat seran cobertes per l&#8217;alumnat. En \u00faltim cas, l&#8217;institut haur\u00e0 de cobrir les despeses del professorat.<\/li>\n<li>Preferentment, en el cas de sortides de tot el grup classe, es recomana que els alumnes del curs corresponent que no hi assisteixin es quedin a casa. De tota manera, el centre restar\u00e0 obert per als alumnes que no hi vagin. Aquests seran atesos pel professorat que hauria de fer classe a l&#8217;alumnat de la sortida.<\/li>\n<li>El professorat organitzador o el tutor\/a podran preveure la possibilitat de la no assist\u00e8ncia d&#8217;un alumne\/a que, pel seu comportament durant el curs, hagi demostrat una actitud negativa. En aquest cas, s&#8217;ha de comunicar per escrit a la fam\u00edlia d&#8217;acord amb el model que es troba a la sala del professorat.<\/li>\n<li>En la sortida de final de curs i d&#8217;etapa no hi podr\u00e0 anar aquell alumne\/a que ha estat motiu d&#8217;obertura d&#8217;expedient.<\/li>\n<li>En les sortides de m\u00e9s d&#8217;un dia de durada s&#8217;haur\u00e0 d&#8217;organitzar una sessi\u00f3 informativa pr\u00e8via per a les fam\u00edlies de l&#8217;alumnat autoritzat a la sortida.<\/li>\n<li>L&#8217;Associaci\u00f3 de Mares i Pares d&#8217;Alumnes (AMPA), mitjan\u00e7ant els seus representants espec\u00edfics, podr\u00e0 col\u00b7laborar i participar en les activitats organitzades pel centre.<\/li>\n<li>No es podr\u00e0 realitzar cap sortida on no s&#8217;inscrigui com a m\u00ednim el 50% de l&#8217;alumnat.<\/li>\n<li>S&#8217;ha d&#8217;omplir el full de sortida (els fulls son a la sala del professorat). Cal incloure el professorat acompanyant per preveure les gu\u00e0rdies. El coordinador\/a d&#8217;activitats extraescolars \u00e9s l&#8217;encarregat d&#8217;avisar el\/la cap d&#8217;estudis i a secretaria. Tamb\u00e9 s&#8217;encarregar\u00e0 d&#8217;apuntar-ho a la pissarra de la sala del professorat.<\/li>\n<li>Cal preveure el tipus de transport necessari per a la sortida:\n<ul>\n<li>Si \u00e9s amb autocar, cal avisar el coordinador\/a d&#8217;activitats tan aviat com sigui possible per reservar-lo.<\/li>\n<li>Si \u00e9s amb transport p\u00fablic, es pot utilitzar la targeta que permet un descompte (El tiquet \u00e9s individual, amb un viatge d&#8217;anada i un de tornada). Per aix\u00f2, cal demanar al coordinador\/a d&#8217;activitats un full especial, preveure el nombre d&#8217;alumnes i la data. El professorat que organitza la sortida cal que vagi al Punt de Servei de Transports de BCN per comprar les targetes individuals.<\/li>\n<\/ul>\n<\/li>\n<\/ul>\n<\/li>\n<\/ul>\n<ul>\n<li style=\"list-style-type: none;\">\n<ul>\n<li>El professorat organitzador de la sortida controlar\u00e0 els comprovants de pagament i les autoritzacions de les fam\u00edlies.<\/li>\n<li>Quan s&#8217;hagin reunit tots els comprovants, el professor\/a organitzador de la sortida els lliurar\u00e0 al coordinador\/a d&#8217;activitats i aquest far\u00e0 el xec que correspon al pagament de la sortida.<\/li>\n<\/ul>\n<\/li>\n<\/ul>\n","protected":false},"excerpt":{"rendered":"<p>Normativa general<\/p>\n<ul>\n<li>La programaci\u00f3 general d&#8217;aquelles activitats escolars que es portin a terme fora del recinte del centre o que interrompin l&#8217;horari lectiu habitual, s&#8217;haur\u00e0 de fer a<br \/>\ncomen\u00e7ament de curs o amb prou antelaci\u00f3, i haur\u00e0 de ser aprovada pel consell<br \/>\nescolar.<\/li>\n<li>En el marc d&#8217;aquesta programaci\u00f3, les&hellip;  <a href=\"https:\/\/agora.xtec.cat\/ies-eugenidors-lhospitalet\/serveis\/activitats-extraescolars\/\" title=\"Read Activitats extraescolars\">Llegeix m\u00e9s\u00bb<\/a><br \/>\n","protected":false},"author":1,"featured_media":0,"parent":63,"menu_order":40,"comment_status":"closed","ping_status":"closed","template":"page-templates\/side-menu.php","meta":{"_bbp_topic_count":0,"_bbp_reply_count":0,"_bbp_total_topic_count":0,"_bbp_total_reply_count":0,"_bbp_voice_count":0,"_bbp_anonymous_reply_count":0,"_bbp_topic_count_hidden":0,"_bbp_reply_count_hidden":0,"_bbp_forum_subforum_count":0,"footnotes":""},"class_list":["post-75","page","type-page","status-publish","hentry"],"post_mailing_queue_ids":[],"_links":{"self":[{"href":"https:\/\/agora.xtec.cat\/ies-eugenidors-lhospitalet\/wp-json\/wp\/v2\/pages\/75","targetHints":{"allow":["GET"]}}],"collection":[{"href":"https:\/\/agora.xtec.cat\/ies-eugenidors-lhospitalet\/wp-json\/wp\/v2\/pages"}],"about":[{"href":"https:\/\/agora.xtec.cat\/ies-eugenidors-lhospitalet\/wp-json\/wp\/v2\/types\/page"}],"author":[{"embeddable":true,"href":"https:\/\/agora.xtec.cat\/ies-eugenidors-lhospitalet\/wp-json\/wp\/v2\/users\/1"}],"replies":[{"embeddable":true,"href":"https:\/\/agora.xtec.cat\/ies-eugenidors-lhospitalet\/wp-json\/wp\/v2\/comments?post=75"}],"version-history":[{"count":3,"href":"https:\/\/agora.xtec.cat\/ies-eugenidors-lhospitalet\/wp-json\/wp\/v2\/pages\/75\/revisions"}],"predecessor-version":[{"id":2639,"href":"https:\/\/agora.xtec.cat\/ies-eugenidors-lhospitalet\/wp-json\/wp\/v2\/pages\/75\/revisions\/2639"}],"up":[{"embeddable":true,"href":"https:\/\/agora.xtec.cat\/ies-eugenidors-lhospitalet\/wp-json\/wp\/v2\/pages\/63"}],"wp:attachment":[{"href":"https:\/\/agora.xtec.cat\/ies-eugenidors-lhospitalet\/wp-json\/wp\/v2\/media?parent=75"}],"curies":[{"name":"wp","href":"https:\/\/api.w.org\/{rel}","templated":true}]}}