{"id":43,"date":"2014-09-17T16:45:07","date_gmt":"2014-09-17T16:45:07","guid":{"rendered":"http:\/\/agora.xtec.cat\/ies-eugenidors-lhospitalet\/?page_id=43"},"modified":"2023-06-25T20:15:31","modified_gmt":"2023-06-25T18:15:31","slug":"consell-escolar","status":"publish","type":"page","link":"https:\/\/agora.xtec.cat\/ies-eugenidors-lhospitalet\/linstitut\/consell-escolar\/","title":{"rendered":"Consell escolar"},"content":{"rendered":"<p>El <strong>consell escolar<\/strong> del centre \u00e9s l&#8217;\u00f2rgan de participaci\u00f3 de la comunitat educativa en el govern dels instituts d&#8217;educaci\u00f3 secund\u00e0ria i l&#8217;\u00f2rgan de programaci\u00f3, seguiment i avaluaci\u00f3 general de les seves activitats.<\/p>\n<h3><span style=\"color: #999999;\"><strong>Composici\u00f3:<\/strong><\/span><\/h3>\n<ul>\n<li>El\/la director\/a del centre, que n&#8217;\u00e9s el\/la president\/a.<\/li>\n<li>Cap d&#8217;estudis<\/li>\n<li>El\/la secretari\/a del centre amb veu i sense vot<\/li>\n<li>Un representant de l&#8217;Ajuntament<\/li>\n<li>Un\/a pare\/mare designat per l&#8217;AMPA<\/li>\n<li>6 professors\/es elegits pel Claustre<\/li>\n<li>3 pares\/mares d&#8217;alumnes<\/li>\n<li>3 alumnes<\/li>\n<li>un representant del personal d&#8217;administraci\u00f3 o serveis (PAS)<\/li>\n<\/ul>\n<p>&nbsp;<\/p>\n<p>Enlla\u00e7 al <a title=\"Definici\u00f3 de consell escolar (gencat)\" href=\"http:\/\/consellescolarcat.gencat.cat\/ca\/\" target=\"_blank\" rel=\"noopener noreferrer\">consell escolar (gencat)<\/a>.<\/p>\n<p>Enlla\u00e7 al <a title=\"Definici\u00f3 de consell escolar (gencat)\" href=\"http:\/\/www20.gencat.cat\/portal\/site\/ensenyament\/menuitem.75e1c94eb5dd9e184ed22010b0c0e1a0\/?vgnextoid=f6c263fddc7e9310VgnVCM1000008d0c1e0aRCRD&amp;vgnextchannel=f6c263fddc7e9310VgnVCM1000008d0c1e0aRCRD\" target=\"_blank\" rel=\"noopener noreferrer\">departament d&#8217;educaci\u00f3 (gencat)<\/a>.<\/p>\n","protected":false},"excerpt":{"rendered":"<p>El consell escolar del centre \u00e9s l&#8217;\u00f2rgan de participaci\u00f3 de la comunitat educativa en el govern dels instituts d&#8217;educaci\u00f3 secund\u00e0ria i l&#8217;\u00f2rgan de programaci\u00f3, seguiment i avaluaci\u00f3 general de les seves activitats.<br \/>\nComposici\u00f3:<\/p>\n<ul>\n<li>El\/la director\/a del centre, que n&#8217;\u00e9s el\/la president\/a.<\/li>\n<li>Cap d&#8217;estudis<\/li>\n<li>El\/la secretari\/a del centre amb veu&hellip;  <a href=\"https:\/\/agora.xtec.cat\/ies-eugenidors-lhospitalet\/linstitut\/consell-escolar\/\" title=\"Read Consell escolar\">Llegeix m\u00e9s\u00bb<\/a><br \/>\n","protected":false},"author":1,"featured_media":0,"parent":19,"menu_order":4,"comment_status":"closed","ping_status":"closed","template":"page-templates\/side-menu.php","meta":{"_bbp_topic_count":0,"_bbp_reply_count":0,"_bbp_total_topic_count":0,"_bbp_total_reply_count":0,"_bbp_voice_count":0,"_bbp_anonymous_reply_count":0,"_bbp_topic_count_hidden":0,"_bbp_reply_count_hidden":0,"_bbp_forum_subforum_count":0,"footnotes":""},"class_list":["post-43","page","type-page","status-publish","hentry"],"post_mailing_queue_ids":[],"_links":{"self":[{"href":"https:\/\/agora.xtec.cat\/ies-eugenidors-lhospitalet\/wp-json\/wp\/v2\/pages\/43","targetHints":{"allow":["GET"]}}],"collection":[{"href":"https:\/\/agora.xtec.cat\/ies-eugenidors-lhospitalet\/wp-json\/wp\/v2\/pages"}],"about":[{"href":"https:\/\/agora.xtec.cat\/ies-eugenidors-lhospitalet\/wp-json\/wp\/v2\/types\/page"}],"author":[{"embeddable":true,"href":"https:\/\/agora.xtec.cat\/ies-eugenidors-lhospitalet\/wp-json\/wp\/v2\/users\/1"}],"replies":[{"embeddable":true,"href":"https:\/\/agora.xtec.cat\/ies-eugenidors-lhospitalet\/wp-json\/wp\/v2\/comments?post=43"}],"version-history":[{"count":3,"href":"https:\/\/agora.xtec.cat\/ies-eugenidors-lhospitalet\/wp-json\/wp\/v2\/pages\/43\/revisions"}],"predecessor-version":[{"id":2624,"href":"https:\/\/agora.xtec.cat\/ies-eugenidors-lhospitalet\/wp-json\/wp\/v2\/pages\/43\/revisions\/2624"}],"up":[{"embeddable":true,"href":"https:\/\/agora.xtec.cat\/ies-eugenidors-lhospitalet\/wp-json\/wp\/v2\/pages\/19"}],"wp:attachment":[{"href":"https:\/\/agora.xtec.cat\/ies-eugenidors-lhospitalet\/wp-json\/wp\/v2\/media?parent=43"}],"curies":[{"name":"wp","href":"https:\/\/api.w.org\/{rel}","templated":true}]}}