{"id":27,"date":"2014-09-17T16:24:03","date_gmt":"2014-09-17T16:24:03","guid":{"rendered":"http:\/\/agora.xtec.cat\/ies-eugenidors-lhospitalet\/?page_id=27"},"modified":"2023-06-25T20:14:43","modified_gmt":"2023-06-25T18:14:43","slug":"historia","status":"publish","type":"page","link":"https:\/\/agora.xtec.cat\/ies-eugenidors-lhospitalet\/linstitut\/historia\/","title":{"rendered":"Hist\u00f2ria"},"content":{"rendered":"<p><img loading=\"lazy\" decoding=\"async\" class=\"alignleft\" src=\"https:\/\/agora.xtec.cat\/ies-eugenidors-lhospitalet\/wp-content\/uploads\/usu2092\/2021\/05\/frontal.png\" alt=\"\" width=\"173\" height=\"299\" \/><br \/>\nDes de la seva fundaci\u00f3, l&#8217;any 1996, el nostre centre ha anat consolidant un Projecte Educatiu de qualitat portat a terme per un excel\u00b7lent equip de professionals.<\/p>\n<p>El nostre principal objectiu \u00e9s potenciar al m\u00e0xim les capacitats de l&#8217;alumnat per fer-lo cr\u00e9ixer com a persona i com a ciutad\u00e0 i ciutadana.<\/p>\n<p>Oferim un Servei d\u2019Orientaci\u00f3 i Atenci\u00f3 individualitzada en els aspectes personal, acad\u00e8mic i professional.<\/p>\n<p>La nostra tasca educativa i docent es fonamenta en el di\u00e0leg, el treball i la responsabilitat.<\/p>\n<p><strong>OFERTA EDUCATIVA<\/strong><\/p>\n<ul>\n<li>ESO: 12-16 anys<\/li>\n<li>BATXILLERAT: (16-18 anys) En les modalitats:<\/li>\n<\/ul>\n<p>&#8211; Ci\u00e8ncies de la Naturalesa i de la Salut.<br \/>\n&#8211; Humanitats i Ci\u00e8ncies Socials.<br \/>\n&#8211; Tecnologia.<\/p>\n<p>Preparaci\u00f3 intensiva per a les Proves d\u2019Acc\u00e9s a la Universitat.<\/p>\n","protected":false},"excerpt":{"rendered":"<p>Des de la seva fundaci\u00f3, l&#8217;any 1996, el nostre centre ha anat consolidant un Projecte Educatiu de qualitat portat a terme per un excel\u00b7lent equip de professionals.<br \/>\nEl nostre principal objectiu \u00e9s potenciar al m\u00e0xim les capacitats de l&#8217;alumnat per fer-lo cr\u00e9ixer com a persona i&hellip;  <a href=\"https:\/\/agora.xtec.cat\/ies-eugenidors-lhospitalet\/linstitut\/historia\/\" title=\"Read Hist\u00f2ria\">Llegeix m\u00e9s\u00bb<\/a><\/p>\n","protected":false},"author":1,"featured_media":0,"parent":19,"menu_order":3,"comment_status":"closed","ping_status":"closed","template":"page-templates\/side-menu.php","meta":{"_bbp_topic_count":0,"_bbp_reply_count":0,"_bbp_total_topic_count":0,"_bbp_total_reply_count":0,"_bbp_voice_count":0,"_bbp_anonymous_reply_count":0,"_bbp_topic_count_hidden":0,"_bbp_reply_count_hidden":0,"_bbp_forum_subforum_count":0,"footnotes":""},"class_list":["post-27","page","type-page","status-publish","hentry"],"post_mailing_queue_ids":[],"_links":{"self":[{"href":"https:\/\/agora.xtec.cat\/ies-eugenidors-lhospitalet\/wp-json\/wp\/v2\/pages\/27","targetHints":{"allow":["GET"]}}],"collection":[{"href":"https:\/\/agora.xtec.cat\/ies-eugenidors-lhospitalet\/wp-json\/wp\/v2\/pages"}],"about":[{"href":"https:\/\/agora.xtec.cat\/ies-eugenidors-lhospitalet\/wp-json\/wp\/v2\/types\/page"}],"author":[{"embeddable":true,"href":"https:\/\/agora.xtec.cat\/ies-eugenidors-lhospitalet\/wp-json\/wp\/v2\/users\/1"}],"replies":[{"embeddable":true,"href":"https:\/\/agora.xtec.cat\/ies-eugenidors-lhospitalet\/wp-json\/wp\/v2\/comments?post=27"}],"version-history":[{"count":4,"href":"https:\/\/agora.xtec.cat\/ies-eugenidors-lhospitalet\/wp-json\/wp\/v2\/pages\/27\/revisions"}],"predecessor-version":[{"id":2438,"href":"https:\/\/agora.xtec.cat\/ies-eugenidors-lhospitalet\/wp-json\/wp\/v2\/pages\/27\/revisions\/2438"}],"up":[{"embeddable":true,"href":"https:\/\/agora.xtec.cat\/ies-eugenidors-lhospitalet\/wp-json\/wp\/v2\/pages\/19"}],"wp:attachment":[{"href":"https:\/\/agora.xtec.cat\/ies-eugenidors-lhospitalet\/wp-json\/wp\/v2\/media?parent=27"}],"curies":[{"name":"wp","href":"https:\/\/api.w.org\/{rel}","templated":true}]}}