{"id":2550,"date":"2021-07-13T10:05:36","date_gmt":"2021-07-13T08:05:36","guid":{"rendered":"https:\/\/agora.xtec.cat\/ies-eugenidors-lhospitalet\/?page_id=2550"},"modified":"2023-06-25T20:16:18","modified_gmt":"2023-06-25T18:16:18","slug":"contacte","status":"publish","type":"page","link":"https:\/\/agora.xtec.cat\/ies-eugenidors-lhospitalet\/linstitut\/contacte\/","title":{"rendered":"Contacte"},"content":{"rendered":"<h2><span style=\"color: #b0b0b0;\">Secretaria:<\/span><\/h2>\n<ul>\n<li>\ud83d\udcddConsultes i petici\u00f3 de documentaci\u00f3 a trav\u00e9s del correu <a href=\"mailto:secretaria@eugenidors.cat\">secretaria@eugenidors.cat<\/a><\/li>\n<li>\ud83d\udd51 Horari d&#8217;atenci\u00f3 presencial: de 10:00 a 13:00<\/li>\n<\/ul>\n<pre>\ud83d\udcde Tel\u00e8fon: 93 440 52 90\r\n\ud83d\udce0 Fax:     93 440 45 59\r\n\r\n\r\n\ud83d\udce9<strong>Ins Eugeni d'Ors<\/strong>\r\nCarrer Vallparda 32-42\r\n08904 L'Hospitalet de Llobregat\r\n\r\n\r\n<\/pre>\n<p>&nbsp;<\/p>\n<pre><\/pre>\n","protected":false},"excerpt":{"rendered":"<p>Secretaria:<\/p>\n<ul>\n<li>\ud83d\udcddConsultes i petici\u00f3 de documentaci\u00f3 a trav\u00e9s del correu <a href=\"mailto:secretaria@eugenidors.cat\">secretaria@eugenidors.cat<\/a><\/li>\n<li>\ud83d\udd51 Horari d&#8217;atenci\u00f3 presencial: de 10:00 a 13:00<\/li>\n<\/ul>\n<p>\ud83d\udcde Tel\u00e8fon: 93 440 52 90<br \/>\n\ud83d\udce0 Fax:     93 440 45 59<\/p>\n<p>\ud83d\udce9Ins Eugeni d&#8217;Ors<br \/>\nCarrer Vallparda 32-42<br \/>\n08904 L&#8217;Hospitalet de Llobregat<\/p>\n<p>&nbsp;<\/p>\n","protected":false},"author":1,"featured_media":0,"parent":19,"menu_order":6,"comment_status":"closed","ping_status":"closed","template":"page-templates\/side-menu.php","meta":{"_bbp_topic_count":0,"_bbp_reply_count":0,"_bbp_total_topic_count":0,"_bbp_total_reply_count":0,"_bbp_voice_count":0,"_bbp_anonymous_reply_count":0,"_bbp_topic_count_hidden":0,"_bbp_reply_count_hidden":0,"_bbp_forum_subforum_count":0,"footnotes":""},"class_list":["post-2550","page","type-page","status-publish","hentry"],"post_mailing_queue_ids":[],"_links":{"self":[{"href":"https:\/\/agora.xtec.cat\/ies-eugenidors-lhospitalet\/wp-json\/wp\/v2\/pages\/2550","targetHints":{"allow":["GET"]}}],"collection":[{"href":"https:\/\/agora.xtec.cat\/ies-eugenidors-lhospitalet\/wp-json\/wp\/v2\/pages"}],"about":[{"href":"https:\/\/agora.xtec.cat\/ies-eugenidors-lhospitalet\/wp-json\/wp\/v2\/types\/page"}],"author":[{"embeddable":true,"href":"https:\/\/agora.xtec.cat\/ies-eugenidors-lhospitalet\/wp-json\/wp\/v2\/users\/1"}],"replies":[{"embeddable":true,"href":"https:\/\/agora.xtec.cat\/ies-eugenidors-lhospitalet\/wp-json\/wp\/v2\/comments?post=2550"}],"version-history":[{"count":3,"href":"https:\/\/agora.xtec.cat\/ies-eugenidors-lhospitalet\/wp-json\/wp\/v2\/pages\/2550\/revisions"}],"predecessor-version":[{"id":2568,"href":"https:\/\/agora.xtec.cat\/ies-eugenidors-lhospitalet\/wp-json\/wp\/v2\/pages\/2550\/revisions\/2568"}],"up":[{"embeddable":true,"href":"https:\/\/agora.xtec.cat\/ies-eugenidors-lhospitalet\/wp-json\/wp\/v2\/pages\/19"}],"wp:attachment":[{"href":"https:\/\/agora.xtec.cat\/ies-eugenidors-lhospitalet\/wp-json\/wp\/v2\/media?parent=2550"}],"curies":[{"name":"wp","href":"https:\/\/api.w.org\/{rel}","templated":true}]}}